{"id":5645,"date":"2021-10-11T03:17:57","date_gmt":"2021-10-11T01:17:57","guid":{"rendered":"https:\/\/dev.darynchook.com\/?page_id=5645"},"modified":"2023-07-17T15:50:51","modified_gmt":"2023-07-17T13:50:51","slug":"ruecksendung-und-umtausch","status":"publish","type":"page","link":"https:\/\/dev.darynchook.com\/en\/ruecksendung-und-umtausch\/","title":{"rendered":"Return and exchange"},"content":{"rendered":"<div data-elementor-type=\"wp-page\" data-elementor-id=\"5645\" class=\"elementor elementor-5645\">\n\t\t\t\t\t\t\t\t\t<section class=\"elementor-section elementor-top-section elementor-element elementor-element-2d6f3e7b elementor-section-full_width elementor-section-height-default elementor-section-height-default\" data-id=\"2d6f3e7b\" data-element_type=\"section\">\n\t\t\t\t\t\t<div class=\"elementor-container elementor-column-gap-default\">\n\t\t\t\t\t<div class=\"elementor-column elementor-col-16 elementor-top-column elementor-element elementor-element-72ce1cbc\" data-id=\"72ce1cbc\" data-element_type=\"column\">\n\t\t\t<div class=\"elementor-widget-wrap elementor-element-populated\">\n\t\t\t\t\t\t\t\t<div class=\"elementor-element elementor-element-1c52d261 elementor-widget elementor-widget-text-editor\" data-id=\"1c52d261\" data-element_type=\"widget\" data-widget_type=\"text-editor.default\">\n\t\t\t\t<div class=\"elementor-widget-container\">\n\t\t\t\t\t\t\t<p>Return address: <br \/>DARYN CHOOK<br \/>B\u00f6cklinstr. 100\/26<br \/>1020 Vienna<br \/>Austria<\/p>\t\t\t\t\t\t<\/div>\n\t\t\t\t<\/div>\n\t\t\t\t\t<\/div>\n\t\t<\/div>\n\t\t\t\t<div class=\"elementor-column elementor-col-16 elementor-top-column elementor-element elementor-element-2a055a7d\" data-id=\"2a055a7d\" data-element_type=\"column\">\n\t\t\t<div class=\"elementor-widget-wrap elementor-element-populated\">\n\t\t\t\t\t\t\t\t<div class=\"elementor-element elementor-element-2ba61818 elementor-widget elementor-widget-text-editor\" data-id=\"2ba61818\" data-element_type=\"widget\" data-widget_type=\"text-editor.default\">\n\t\t\t\t<div class=\"elementor-widget-container\">\n\t\t\t\t\t\t\t\t\t\t\t\t\t<\/div>\n\t\t\t\t<\/div>\n\t\t\t\t\t<\/div>\n\t\t<\/div>\n\t\t\t\t<div class=\"elementor-column elementor-col-16 elementor-top-column elementor-element elementor-element-482a7e51\" data-id=\"482a7e51\" data-element_type=\"column\">\n\t\t\t<div class=\"elementor-widget-wrap elementor-element-populated\">\n\t\t\t\t\t\t\t\t<div class=\"elementor-element elementor-element-2ff74437 elementor-widget elementor-widget-text-editor\" data-id=\"2ff74437\" data-element_type=\"widget\" data-widget_type=\"text-editor.default\">\n\t\t\t\t<div class=\"elementor-widget-container\">\n\t\t\t\t\t\t\t<p>Return and exchange<\/p>\t\t\t\t\t\t<\/div>\n\t\t\t\t<\/div>\n\t\t\t\t\t<\/div>\n\t\t<\/div>\n\t\t\t\t<div class=\"elementor-column elementor-col-16 elementor-top-column elementor-element elementor-element-74de030\" data-id=\"74de030\" data-element_type=\"column\">\n\t\t\t<div class=\"elementor-widget-wrap elementor-element-populated\">\n\t\t\t\t\t\t\t\t<div class=\"elementor-element elementor-element-48ee91ed elementor-widget elementor-widget-text-editor\" data-id=\"48ee91ed\" data-element_type=\"widget\" data-widget_type=\"text-editor.default\">\n\t\t\t\t<div class=\"elementor-widget-container\">\n\t\t\t\t\t\t\t<p>SHIPPING &amp; RETURNS<\/p><p>For packing &amp; shipping we charge the following flat shipping rate per order:<br style=\"box-sizing: inherit;\" \/>Austria EUR 5,-<br style=\"box-sizing: inherit;\" \/>Germany EUR 10,-.<\/p><p>Please give notice of the return to our email address: <span style=\"text-decoration: underline;\"><a href=\"mailto:help@darynchook.com\">help@darynchook.com.<\/a><\/span><\/p><p>We offer a 14 day return policy.<br style=\"box-sizing: inherit;\" \/>Please send the unworn, unwashed and neatly folded returned goods in their original packaging to our return address.<\/p>\t\t\t\t\t\t<\/div>\n\t\t\t\t<\/div>\n\t\t\t\t\t<\/div>\n\t\t<\/div>\n\t\t\t\t<div class=\"elementor-column elementor-col-16 elementor-top-column elementor-element elementor-element-3e61b94a\" data-id=\"3e61b94a\" data-element_type=\"column\">\n\t\t\t<div class=\"elementor-widget-wrap elementor-element-populated\">\n\t\t\t\t\t\t\t\t<div class=\"elementor-element elementor-element-67d70641 elementor-widget elementor-widget-text-editor\" data-id=\"67d70641\" data-element_type=\"widget\" data-widget_type=\"text-editor.default\">\n\t\t\t\t<div class=\"elementor-widget-container\">\n\t\t\t\t\t\t\t<p>You bear the cost and risk of the return. Once we receive the returned merchandise, we will refund the amount to the original method of payment, minus the payment processor's percentage. Note that the original shipping costs are not refundable.<\/p><p>You can find more detailed information in our <u style=\"box-sizing: inherit; margin: 0px; padding: 0px; border: 0px; font: inherit; vertical-align: baseline;\"><a style=\"box-sizing: inherit; color: inherit; margin: 0px; padding: 0px; border: 0px; font: inherit; vertical-align: baseline; transition: color 0.25s ease-in-out 0s;\" href=\"https:\/\/dev.darynchook.com\/en\/agb\/\">General terms and conditions<\/a><\/u>.<\/p>\t\t\t\t\t\t<\/div>\n\t\t\t\t<\/div>\n\t\t\t\t\t<\/div>\n\t\t<\/div>\n\t\t\t\t<div class=\"elementor-column elementor-col-16 elementor-top-column elementor-element elementor-element-15542f01\" data-id=\"15542f01\" data-element_type=\"column\">\n\t\t\t<div class=\"elementor-widget-wrap elementor-element-populated\">\n\t\t\t\t\t\t\t\t<div class=\"elementor-element elementor-element-3bcdc6a1 elementor-widget elementor-widget-text-editor\" data-id=\"3bcdc6a1\" data-element_type=\"widget\" data-widget_type=\"text-editor.default\">\n\t\t\t\t<div class=\"elementor-widget-container\">\n\t\t\t\t\t\t\t\t\t\t\t\t\t<\/div>\n\t\t\t\t<\/div>\n\t\t\t\t\t<\/div>\n\t\t<\/div>\n\t\t\t\t\t\t\t<\/div>\n\t\t<\/section>\n\t\t\t\t\t\t\t<\/div>","protected":false},"excerpt":{"rendered":"<p>Return address: DARYN CHOOKB\u00f6cklinstr. 100\/261020 ViennaAustria Returns and Exchanges SHIPPING &amp; RETURNS We charge the following flat-rate shipping costs per order for packaging and shipping:Austria EUR 5,-Germany EUR 10,-. Please announce the return to our email address: help@darynchook.com. We offer a 14-day right of return, so please send us the unworn, unwashed and neatly folded return goods in their original packaging to our return address. [...]<\/p>","protected":false},"author":3,"featured_media":0,"parent":0,"menu_order":0,"comment_status":"closed","ping_status":"closed","template":"","meta":[],"acf":[],"yoast_head":"<!-- This site is optimized with the Yoast SEO plugin v21.8.1 - https:\/\/yoast.com\/wordpress\/plugins\/seo\/ -->\n<title>DARYN CHOOK | Made in Vienna R\u00fccksendung und Umtausch<\/title>\n<meta name=\"robots\" content=\"index, follow, max-snippet:-1, max-image-preview:large, max-video-preview:-1\" \/>\n<link rel=\"canonical\" href=\"https:\/\/darynchook.com\/ruecksendung-und-umtausch\/\" \/>\n<meta property=\"og:locale\" content=\"en_US\" \/>\n<meta property=\"og:type\" content=\"article\" \/>\n<meta property=\"og:title\" content=\"DARYN CHOOK | Made in Vienna R\u00fccksendung und Umtausch\" \/>\n<meta property=\"og:description\" content=\"R\u00fccksendeandresse: DARYN CHOOKB\u00f6cklinstr. 100\/261020 Wien\u00d6sterreich R\u00fccksendung und Umtausch VERSAND &amp; R\u00dcCKNAHME F\u00fcr Verpackung &amp; Versand berechnen wir folgende Versandkostenpauschale pro\u00a0Bestellung:\u00d6sterreich EUR 5,-Deutschland EUR 10,-. Bitte k\u00fcndige die R\u00fccksendung an unsere Emailadresse an: help@darynchook.com. Wir bieten ein 14 t\u00e4giges R\u00fcckgaberecht.Daf\u00fcr sende uns die ungetragene, ungewaschene und ordentlich zusammengefaltete Retourware in ihrer Originalverpackung bitte an unsere R\u00fccksendeadresse. [&hellip;]\" \/>\n<meta property=\"og:url\" content=\"https:\/\/darynchook.com\/ruecksendung-und-umtausch\/\" \/>\n<meta property=\"og:site_name\" content=\"DARYN CHOOK | Made in Vienna\" \/>\n<meta property=\"article:publisher\" content=\"https:\/\/www.facebook.com\/darynchook\" \/>\n<meta property=\"article:modified_time\" content=\"2023-07-17T13:50:51+00:00\" \/>\n<meta property=\"og:image\" content=\"https:\/\/dev.darynchook.com\/wordpress\/wp-content\/uploads\/2021\/10\/DARYNCHOOK_scoial.png\" \/>\n\t<meta property=\"og:image:width\" content=\"1200\" \/>\n\t<meta property=\"og:image:height\" content=\"628\" \/>\n\t<meta property=\"og:image:type\" content=\"image\/png\" \/>\n<meta name=\"twitter:card\" content=\"summary_large_image\" \/>\n<meta name=\"twitter:label1\" content=\"Est. reading time\" \/>\n\t<meta name=\"twitter:data1\" content=\"1 minute\" \/>\n<script type=\"application\/ld+json\" class=\"yoast-schema-graph\">{\"@context\":\"https:\/\/schema.org\",\"@graph\":[{\"@type\":\"WebPage\",\"@id\":\"https:\/\/darynchook.com\/ruecksendung-und-umtausch\/\",\"url\":\"https:\/\/darynchook.com\/ruecksendung-und-umtausch\/\",\"name\":\"DARYN CHOOK | Made in Vienna R\u00fccksendung und Umtausch\",\"isPartOf\":{\"@id\":\"https:\/\/darynchook.com\/#website\"},\"datePublished\":\"2021-10-11T01:17:57+00:00\",\"dateModified\":\"2023-07-17T13:50:51+00:00\",\"breadcrumb\":{\"@id\":\"https:\/\/darynchook.com\/ruecksendung-und-umtausch\/#breadcrumb\"},\"inLanguage\":\"en-US\",\"potentialAction\":[{\"@type\":\"ReadAction\",\"target\":[\"https:\/\/darynchook.com\/ruecksendung-und-umtausch\/\"]}]},{\"@type\":\"BreadcrumbList\",\"@id\":\"https:\/\/darynchook.com\/ruecksendung-und-umtausch\/#breadcrumb\",\"itemListElement\":[{\"@type\":\"ListItem\",\"position\":1,\"name\":\"Home\",\"item\":\"https:\/\/darynchook.com\/\"},{\"@type\":\"ListItem\",\"position\":2,\"name\":\"R\u00fccksendung und Umtausch\"}]},{\"@type\":\"WebSite\",\"@id\":\"https:\/\/darynchook.com\/#website\",\"url\":\"https:\/\/darynchook.com\/\",\"name\":\"DARYN CHOOK | Made in Vienna\",\"description\":\"DARYN CHOOK ist ein entschleunigtes, nachhaltiges und radikal transparentes Studio f\u00fcr Mode.\",\"publisher\":{\"@id\":\"https:\/\/darynchook.com\/#organization\"},\"potentialAction\":[{\"@type\":\"SearchAction\",\"target\":{\"@type\":\"EntryPoint\",\"urlTemplate\":\"https:\/\/darynchook.com\/?s={search_term_string}\"},\"query-input\":\"required name=search_term_string\"}],\"inLanguage\":\"en-US\"},{\"@type\":\"Organization\",\"@id\":\"https:\/\/darynchook.com\/#organization\",\"name\":\"DARYN CHOOK\",\"url\":\"https:\/\/darynchook.com\/\",\"logo\":{\"@type\":\"ImageObject\",\"inLanguage\":\"en-US\",\"@id\":\"https:\/\/darynchook.com\/#\/schema\/logo\/image\/\",\"url\":\"https:\/\/dev.darynchook.com\/wordpress\/wp-content\/uploads\/2021\/10\/DARYN-CHOOK-logo.png\",\"contentUrl\":\"https:\/\/dev.darynchook.com\/wordpress\/wp-content\/uploads\/2021\/10\/DARYN-CHOOK-logo.png\",\"width\":686,\"height\":171,\"caption\":\"DARYN CHOOK\"},\"image\":{\"@id\":\"https:\/\/darynchook.com\/#\/schema\/logo\/image\/\"},\"sameAs\":[\"https:\/\/www.facebook.com\/darynchook\",\"https:\/\/www.instagram.com\/darynchook\/\"]}]}<\/script>\n<!-- \/ Yoast SEO plugin. -->","yoast_head_json":{"title":"DARYN CHOOK | Made in Vienna R\u00fccksendung und Umtausch","robots":{"index":"index","follow":"follow","max-snippet":"max-snippet:-1","max-image-preview":"max-image-preview:large","max-video-preview":"max-video-preview:-1"},"canonical":"https:\/\/darynchook.com\/ruecksendung-und-umtausch\/","og_locale":"en_US","og_type":"article","og_title":"DARYN CHOOK | Made in Vienna R\u00fccksendung und Umtausch","og_description":"R\u00fccksendeandresse: DARYN CHOOKB\u00f6cklinstr. 100\/261020 Wien\u00d6sterreich R\u00fccksendung und Umtausch VERSAND &amp; R\u00dcCKNAHME F\u00fcr Verpackung &amp; Versand berechnen wir folgende Versandkostenpauschale pro\u00a0Bestellung:\u00d6sterreich EUR 5,-Deutschland EUR 10,-. Bitte k\u00fcndige die R\u00fccksendung an unsere Emailadresse an: help@darynchook.com. Wir bieten ein 14 t\u00e4giges R\u00fcckgaberecht.Daf\u00fcr sende uns die ungetragene, ungewaschene und ordentlich zusammengefaltete Retourware in ihrer Originalverpackung bitte an unsere R\u00fccksendeadresse. [&hellip;]","og_url":"https:\/\/darynchook.com\/ruecksendung-und-umtausch\/","og_site_name":"DARYN CHOOK | Made in Vienna","article_publisher":"https:\/\/www.facebook.com\/darynchook","article_modified_time":"2023-07-17T13:50:51+00:00","og_image":[{"width":1200,"height":628,"url":"https:\/\/dev.darynchook.com\/wordpress\/wp-content\/uploads\/2021\/10\/DARYNCHOOK_scoial.png","type":"image\/png"}],"twitter_card":"summary_large_image","twitter_misc":{"Est. reading time":"1 minute"},"schema":{"@context":"https:\/\/schema.org","@graph":[{"@type":"WebPage","@id":"https:\/\/darynchook.com\/ruecksendung-und-umtausch\/","url":"https:\/\/darynchook.com\/ruecksendung-und-umtausch\/","name":"DARYN CHOOK | Made in Vienna R\u00fccksendung und Umtausch","isPartOf":{"@id":"https:\/\/darynchook.com\/#website"},"datePublished":"2021-10-11T01:17:57+00:00","dateModified":"2023-07-17T13:50:51+00:00","breadcrumb":{"@id":"https:\/\/darynchook.com\/ruecksendung-und-umtausch\/#breadcrumb"},"inLanguage":"en-US","potentialAction":[{"@type":"ReadAction","target":["https:\/\/darynchook.com\/ruecksendung-und-umtausch\/"]}]},{"@type":"BreadcrumbList","@id":"https:\/\/darynchook.com\/ruecksendung-und-umtausch\/#breadcrumb","itemListElement":[{"@type":"ListItem","position":1,"name":"Home","item":"https:\/\/darynchook.com\/"},{"@type":"ListItem","position":2,"name":"R\u00fccksendung und Umtausch"}]},{"@type":"WebSite","@id":"https:\/\/darynchook.com\/#website","url":"https:\/\/darynchook.com\/","name":"DARYN CHOOK | Made in Vienna","description":"DARYN CHOOK ist ein entschleunigtes, nachhaltiges und radikal transparentes Studio f\u00fcr Mode.","publisher":{"@id":"https:\/\/darynchook.com\/#organization"},"potentialAction":[{"@type":"SearchAction","target":{"@type":"EntryPoint","urlTemplate":"https:\/\/darynchook.com\/?s={search_term_string}"},"query-input":"required name=search_term_string"}],"inLanguage":"en-US"},{"@type":"Organization","@id":"https:\/\/darynchook.com\/#organization","name":"DARYN CHOOK","url":"https:\/\/darynchook.com\/","logo":{"@type":"ImageObject","inLanguage":"en-US","@id":"https:\/\/darynchook.com\/#\/schema\/logo\/image\/","url":"https:\/\/dev.darynchook.com\/wordpress\/wp-content\/uploads\/2021\/10\/DARYN-CHOOK-logo.png","contentUrl":"https:\/\/dev.darynchook.com\/wordpress\/wp-content\/uploads\/2021\/10\/DARYN-CHOOK-logo.png","width":686,"height":171,"caption":"DARYN CHOOK"},"image":{"@id":"https:\/\/darynchook.com\/#\/schema\/logo\/image\/"},"sameAs":["https:\/\/www.facebook.com\/darynchook","https:\/\/www.instagram.com\/darynchook\/"]}]}},"_links":{"self":[{"href":"https:\/\/dev.darynchook.com\/en\/wp-json\/wp\/v2\/pages\/5645"}],"collection":[{"href":"https:\/\/dev.darynchook.com\/en\/wp-json\/wp\/v2\/pages"}],"about":[{"href":"https:\/\/dev.darynchook.com\/en\/wp-json\/wp\/v2\/types\/page"}],"author":[{"embeddable":true,"href":"https:\/\/dev.darynchook.com\/en\/wp-json\/wp\/v2\/users\/3"}],"replies":[{"embeddable":true,"href":"https:\/\/dev.darynchook.com\/en\/wp-json\/wp\/v2\/comments?post=5645"}],"version-history":[{"count":3,"href":"https:\/\/dev.darynchook.com\/en\/wp-json\/wp\/v2\/pages\/5645\/revisions"}],"predecessor-version":[{"id":14256,"href":"https:\/\/dev.darynchook.com\/en\/wp-json\/wp\/v2\/pages\/5645\/revisions\/14256"}],"wp:attachment":[{"href":"https:\/\/dev.darynchook.com\/en\/wp-json\/wp\/v2\/media?parent=5645"}],"curies":[{"name":"wp","href":"https:\/\/api.w.org\/{rel}","templated":true}]}}