{"id":5877,"date":"2021-10-11T12:15:41","date_gmt":"2021-10-11T10:15:41","guid":{"rendered":"https:\/\/dev.darynchook.com\/?page_id=5877"},"modified":"2022-01-11T14:38:49","modified_gmt":"2022-01-11T13:38:49","slug":"sizeguide","status":"publish","type":"page","link":"https:\/\/dev.darynchook.com\/en\/sizeguide\/","title":{"rendered":"Size guide"},"content":{"rendered":"<div data-elementor-type=\"wp-page\" data-elementor-id=\"5877\" class=\"elementor elementor-5877\">\n\t\t\t\t\t\t\t\t\t<section class=\"elementor-section elementor-top-section elementor-element elementor-element-74367457 elementor-section-full_width elementor-section-height-default elementor-section-height-default\" data-id=\"74367457\" data-element_type=\"section\" data-settings=\"{&quot;background_background&quot;:&quot;classic&quot;}\">\n\t\t\t\t\t\t<div class=\"elementor-container elementor-column-gap-default\">\n\t\t\t\t\t<div class=\"elementor-column elementor-col-100 elementor-top-column elementor-element elementor-element-42f8e5d4\" data-id=\"42f8e5d4\" data-element_type=\"column\">\n\t\t\t<div class=\"elementor-widget-wrap elementor-element-populated\">\n\t\t\t\t\t\t\t\t<div class=\"elementor-element elementor-element-38ad460f elementor-widget elementor-widget-text-editor\" data-id=\"38ad460f\" data-element_type=\"widget\" data-widget_type=\"text-editor.default\">\n\t\t\t\t<div class=\"elementor-widget-container\">\n\t\t\t\t\t\t\t<p><a name=\"decorator-ignored-entity-id-9\"><\/a><a name=\"decorator-ignored-entity-id-4\"><\/a><\/p><p>How does the DARYNCHOOK sizing system work?<\/p><p class=\"p1\">In the following tables you will find the body measurements that you can use as a guide when shopping with us. Of course, these are only recommendations, and you can choose freely depending on your personal preference. If you have any questions, please contact us:\u00a0<span style=\"text-decoration: underline\"><a href=\"mailto:help@darynchook.com\">help@darynchook.com<\/a><\/span><\/p>\t\t\t\t\t\t<\/div>\n\t\t\t\t<\/div>\n\t\t\t\t\t<\/div>\n\t\t<\/div>\n\t\t\t\t\t\t\t<\/div>\n\t\t<\/section>\n\t\t\t\t<section class=\"elementor-section elementor-top-section elementor-element elementor-element-6cc8ad06 elementor-section-full_width elementor-section-height-default elementor-section-height-default\" data-id=\"6cc8ad06\" data-element_type=\"section\">\n\t\t\t\t\t\t<div class=\"elementor-container elementor-column-gap-default\">\n\t\t\t\t\t<div class=\"elementor-column elementor-col-33 elementor-top-column elementor-element elementor-element-4cb2145b\" data-id=\"4cb2145b\" data-element_type=\"column\">\n\t\t\t<div class=\"elementor-widget-wrap\">\n\t\t\t\t\t\t\t\t\t<\/div>\n\t\t<\/div>\n\t\t\t\t<div class=\"elementor-column elementor-col-33 elementor-top-column elementor-element elementor-element-7acbb409\" data-id=\"7acbb409\" data-element_type=\"column\">\n\t\t\t<div class=\"elementor-widget-wrap elementor-element-populated\">\n\t\t\t\t\t\t\t\t<div class=\"elementor-element elementor-element-539776b9 elementor-widget elementor-widget-text-editor\" data-id=\"539776b9\" data-element_type=\"widget\" data-widget_type=\"text-editor.default\">\n\t\t\t\t<div class=\"elementor-widget-container\">\n\t\t\t\t\t\t\t<p><span style=\"text-transform: none\">SIZE GUIDE<\/span><\/p>\t\t\t\t\t\t<\/div>\n\t\t\t\t<\/div>\n\t\t\t\t\t<\/div>\n\t\t<\/div>\n\t\t\t\t<div class=\"elementor-column elementor-col-33 elementor-top-column elementor-element elementor-element-2e822e7f\" data-id=\"2e822e7f\" data-element_type=\"column\">\n\t\t\t<div class=\"elementor-widget-wrap\">\n\t\t\t\t\t\t\t\t\t<\/div>\n\t\t<\/div>\n\t\t\t\t\t\t\t<\/div>\n\t\t<\/section>\n\t\t\t\t<section class=\"elementor-section elementor-top-section elementor-element elementor-element-75583de0 elementor-section-full_width elementor-reverse-mobile elementor-section-height-default elementor-section-height-default\" data-id=\"75583de0\" data-element_type=\"section\">\n\t\t\t\t\t\t<div class=\"elementor-container elementor-column-gap-default\">\n\t\t\t\t\t<div class=\"elementor-column elementor-col-33 elementor-top-column elementor-element elementor-element-112233e2\" data-id=\"112233e2\" data-element_type=\"column\">\n\t\t\t<div class=\"elementor-widget-wrap elementor-element-populated\">\n\t\t\t\t\t\t\t\t<div class=\"elementor-element elementor-element-33d0a588 elementor-widget elementor-widget-text-editor\" data-id=\"33d0a588\" data-element_type=\"widget\" data-widget_type=\"text-editor.default\">\n\t\t\t\t<div class=\"elementor-widget-container\">\n\t\t\t\t\t\t\t<h2><span style=\"font-size: 18px;text-transform: none\">MEN<\/span><\/h2>\t\t\t\t\t\t<\/div>\n\t\t\t\t<\/div>\n\t\t\t\t\t<\/div>\n\t\t<\/div>\n\t\t\t\t<div class=\"elementor-column elementor-col-33 elementor-top-column elementor-element elementor-element-4612fef0\" data-id=\"4612fef0\" data-element_type=\"column\">\n\t\t\t<div class=\"elementor-widget-wrap elementor-element-populated\">\n\t\t\t\t\t\t\t\t<div class=\"elementor-element elementor-element-3148287a elementor-hidden-tablet elementor-hidden-mobile elementor-widget elementor-widget-text-editor\" data-id=\"3148287a\" data-element_type=\"widget\" data-widget_type=\"text-editor.default\">\n\t\t\t\t<div class=\"elementor-widget-container\">\n\t\t\t\t\t\t\t\t\t\t\t\t\t<\/div>\n\t\t\t\t<\/div>\n\t\t\t\t\t<\/div>\n\t\t<\/div>\n\t\t\t\t<div class=\"elementor-column elementor-col-33 elementor-top-column elementor-element elementor-element-4c2ca108\" data-id=\"4c2ca108\" data-element_type=\"column\">\n\t\t\t<div class=\"elementor-widget-wrap elementor-element-populated\">\n\t\t\t\t\t\t\t\t<div class=\"elementor-element elementor-element-475014cf elementor-widget elementor-widget-image\" data-id=\"475014cf\" data-element_type=\"widget\" data-widget_type=\"image.default\">\n\t\t\t\t<div class=\"elementor-widget-container\">\n\t\t\t\t\t\t\t\t\t\t\t\t\t\t\t<img decoding=\"async\" width=\"953\" height=\"538\" src=\"https:\/\/dev.darynchook.com\/wordpress\/wp-content\/uploads\/2021\/10\/DARYNCHOOK_sizes_men.jpg\" class=\"attachment-full size-full wp-image-6527 wvs-archive-product-image\" alt=\"\" loading=\"lazy\" srcset=\"https:\/\/dev.darynchook.com\/wordpress\/wp-content\/uploads\/2021\/10\/DARYNCHOOK_sizes_men.jpg 953w, https:\/\/dev.darynchook.com\/wordpress\/wp-content\/uploads\/2021\/10\/DARYNCHOOK_sizes_men-300x169.jpg 300w, https:\/\/dev.darynchook.com\/wordpress\/wp-content\/uploads\/2021\/10\/DARYNCHOOK_sizes_men-768x434.jpg 768w, https:\/\/dev.darynchook.com\/wordpress\/wp-content\/uploads\/2021\/10\/DARYNCHOOK_sizes_men-18x10.jpg 18w, https:\/\/dev.darynchook.com\/wordpress\/wp-content\/uploads\/2021\/10\/DARYNCHOOK_sizes_men-590x333.jpg 590w\" sizes=\"(max-width: 953px) 100vw, 953px\" \/>\t\t\t\t\t\t\t\t\t\t\t\t\t\t\t<\/div>\n\t\t\t\t<\/div>\n\t\t\t\t\t<\/div>\n\t\t<\/div>\n\t\t\t\t\t\t\t<\/div>\n\t\t<\/section>\n\t\t\t\t<section class=\"elementor-section elementor-top-section elementor-element elementor-element-ab0ec57 elementor-section-full_width elementor-reverse-mobile elementor-section-height-default elementor-section-height-default\" data-id=\"ab0ec57\" data-element_type=\"section\">\n\t\t\t\t\t\t<div class=\"elementor-container elementor-column-gap-narrow\">\n\t\t\t\t\t<div class=\"elementor-column elementor-col-33 elementor-top-column elementor-element elementor-element-4ff0667\" data-id=\"4ff0667\" data-element_type=\"column\">\n\t\t\t<div class=\"elementor-widget-wrap elementor-element-populated\">\n\t\t\t\t\t\t\t\t<div class=\"elementor-element elementor-element-52b27f6 elementor-widget elementor-widget-text-editor\" data-id=\"52b27f6\" data-element_type=\"widget\" data-widget_type=\"text-editor.default\">\n\t\t\t\t<div class=\"elementor-widget-container\">\n\t\t\t\t\t\t\t<h2 style=\"color: #000000\"><span style=\"font-size: 18px;text-transform: none\">WOMEN<\/span><\/h2>\t\t\t\t\t\t<\/div>\n\t\t\t\t<\/div>\n\t\t\t\t\t<\/div>\n\t\t<\/div>\n\t\t\t\t<div class=\"elementor-column elementor-col-33 elementor-top-column elementor-element elementor-element-45405eb\" data-id=\"45405eb\" data-element_type=\"column\">\n\t\t\t<div class=\"elementor-widget-wrap elementor-element-populated\">\n\t\t\t\t\t\t\t\t<div class=\"elementor-element elementor-element-f27f0bc elementor-hidden-tablet elementor-hidden-mobile elementor-widget elementor-widget-text-editor\" data-id=\"f27f0bc\" data-element_type=\"widget\" data-widget_type=\"text-editor.default\">\n\t\t\t\t<div class=\"elementor-widget-container\">\n\t\t\t\t\t\t\t\t\t\t\t\t\t<\/div>\n\t\t\t\t<\/div>\n\t\t\t\t\t<\/div>\n\t\t<\/div>\n\t\t\t\t<div class=\"elementor-column elementor-col-33 elementor-top-column elementor-element elementor-element-175bf14\" data-id=\"175bf14\" data-element_type=\"column\">\n\t\t\t<div class=\"elementor-widget-wrap elementor-element-populated\">\n\t\t\t\t\t\t\t\t<div class=\"elementor-element elementor-element-44a7ef4 elementor-widget elementor-widget-image\" data-id=\"44a7ef4\" data-element_type=\"widget\" data-widget_type=\"image.default\">\n\t\t\t\t<div class=\"elementor-widget-container\">\n\t\t\t\t\t\t\t\t\t\t\t\t\t\t\t<img decoding=\"async\" width=\"953\" height=\"538\" src=\"https:\/\/dev.darynchook.com\/wordpress\/wp-content\/uploads\/2021\/10\/DARYNCHOOK_sizes_women.jpg\" class=\"attachment-full size-full wp-image-6528 wvs-archive-product-image\" alt=\"\" loading=\"lazy\" srcset=\"https:\/\/dev.darynchook.com\/wordpress\/wp-content\/uploads\/2021\/10\/DARYNCHOOK_sizes_women.jpg 953w, https:\/\/dev.darynchook.com\/wordpress\/wp-content\/uploads\/2021\/10\/DARYNCHOOK_sizes_women-300x169.jpg 300w, https:\/\/dev.darynchook.com\/wordpress\/wp-content\/uploads\/2021\/10\/DARYNCHOOK_sizes_women-768x434.jpg 768w, https:\/\/dev.darynchook.com\/wordpress\/wp-content\/uploads\/2021\/10\/DARYNCHOOK_sizes_women-18x10.jpg 18w, https:\/\/dev.darynchook.com\/wordpress\/wp-content\/uploads\/2021\/10\/DARYNCHOOK_sizes_women-590x333.jpg 590w\" sizes=\"(max-width: 953px) 100vw, 953px\" \/>\t\t\t\t\t\t\t\t\t\t\t\t\t\t\t<\/div>\n\t\t\t\t<\/div>\n\t\t\t\t\t<\/div>\n\t\t<\/div>\n\t\t\t\t\t\t\t<\/div>\n\t\t<\/section>\n\t\t\t\t\t\t\t<\/div>","protected":false},"excerpt":{"rendered":"<p>How does the DARYNCHOOK sizing system work? In the following tables you will find the body measurements that you can use as a guide when shopping with us. Of course, these are only recommendations and you are free to choose according to your personal preference. If you have any questions, please write to us at: help@darynchook.com SIZE GUIDE MEN WOMEN<\/p>","protected":false},"author":3,"featured_media":0,"parent":0,"menu_order":0,"comment_status":"closed","ping_status":"closed","template":"","meta":[],"acf":[],"yoast_head":"<!-- This site is optimized with the Yoast SEO plugin v21.8.1 - https:\/\/yoast.com\/wordpress\/plugins\/seo\/ -->\n<title>DARYN CHOOK | Made in Vienna Size Guide<\/title>\n<meta name=\"robots\" content=\"index, follow, max-snippet:-1, max-image-preview:large, max-video-preview:-1\" \/>\n<link rel=\"canonical\" href=\"https:\/\/darynchook.com\/sizeguide\/\" \/>\n<meta property=\"og:locale\" content=\"en_US\" \/>\n<meta property=\"og:type\" content=\"article\" \/>\n<meta property=\"og:title\" content=\"DARYN CHOOK | Made in Vienna Size Guide\" \/>\n<meta property=\"og:description\" content=\"Wie funktioniert das DARYNCHOOK Gr\u00f6ssensystem? In den folgen Tabellen findest du die K\u00f6rperabmessungen, an die du dich beim Shoppen mit uns orientieren kannst. Hierbei handelt es sich nat\u00fcrlich nur um Empfehlungen, und es kann je nach pers\u00f6nlicher Vorliebe frei gew\u00e4hlt werden. Bei Fragen schreib uns bitte einfach an:\u00a0help@darynchook.com SIZE GUIDE MEN WOMEN\" \/>\n<meta property=\"og:url\" content=\"https:\/\/darynchook.com\/sizeguide\/\" \/>\n<meta property=\"og:site_name\" content=\"DARYN CHOOK | Made in Vienna\" \/>\n<meta property=\"article:publisher\" content=\"https:\/\/www.facebook.com\/darynchook\" \/>\n<meta property=\"article:modified_time\" content=\"2022-01-11T13:38:49+00:00\" \/>\n<meta property=\"og:image\" content=\"https:\/\/darynchook.com\/wordpress\/wp-content\/uploads\/2021\/10\/DARYNCHOOK_sizes_men.jpg\" \/>\n<meta name=\"twitter:card\" content=\"summary_large_image\" \/>\n<meta name=\"twitter:label1\" content=\"Est. reading time\" \/>\n\t<meta name=\"twitter:data1\" content=\"1 minute\" \/>\n<script type=\"application\/ld+json\" class=\"yoast-schema-graph\">{\"@context\":\"https:\/\/schema.org\",\"@graph\":[{\"@type\":\"WebPage\",\"@id\":\"https:\/\/darynchook.com\/sizeguide\/\",\"url\":\"https:\/\/darynchook.com\/sizeguide\/\",\"name\":\"DARYN CHOOK | Made in Vienna Size Guide\",\"isPartOf\":{\"@id\":\"https:\/\/darynchook.com\/#website\"},\"datePublished\":\"2021-10-11T10:15:41+00:00\",\"dateModified\":\"2022-01-11T13:38:49+00:00\",\"breadcrumb\":{\"@id\":\"https:\/\/darynchook.com\/sizeguide\/#breadcrumb\"},\"inLanguage\":\"en-US\",\"potentialAction\":[{\"@type\":\"ReadAction\",\"target\":[\"https:\/\/darynchook.com\/sizeguide\/\"]}]},{\"@type\":\"BreadcrumbList\",\"@id\":\"https:\/\/darynchook.com\/sizeguide\/#breadcrumb\",\"itemListElement\":[{\"@type\":\"ListItem\",\"position\":1,\"name\":\"Home\",\"item\":\"https:\/\/darynchook.com\/\"},{\"@type\":\"ListItem\",\"position\":2,\"name\":\"Size Guide\"}]},{\"@type\":\"WebSite\",\"@id\":\"https:\/\/darynchook.com\/#website\",\"url\":\"https:\/\/darynchook.com\/\",\"name\":\"DARYN CHOOK | Made in Vienna\",\"description\":\"DARYN CHOOK ist ein entschleunigtes, nachhaltiges und radikal transparentes Studio f\u00fcr Mode.\",\"publisher\":{\"@id\":\"https:\/\/darynchook.com\/#organization\"},\"potentialAction\":[{\"@type\":\"SearchAction\",\"target\":{\"@type\":\"EntryPoint\",\"urlTemplate\":\"https:\/\/darynchook.com\/?s={search_term_string}\"},\"query-input\":\"required name=search_term_string\"}],\"inLanguage\":\"en-US\"},{\"@type\":\"Organization\",\"@id\":\"https:\/\/darynchook.com\/#organization\",\"name\":\"DARYN CHOOK\",\"url\":\"https:\/\/darynchook.com\/\",\"logo\":{\"@type\":\"ImageObject\",\"inLanguage\":\"en-US\",\"@id\":\"https:\/\/darynchook.com\/#\/schema\/logo\/image\/\",\"url\":\"https:\/\/dev.darynchook.com\/wordpress\/wp-content\/uploads\/2021\/10\/DARYN-CHOOK-logo.png\",\"contentUrl\":\"https:\/\/dev.darynchook.com\/wordpress\/wp-content\/uploads\/2021\/10\/DARYN-CHOOK-logo.png\",\"width\":686,\"height\":171,\"caption\":\"DARYN CHOOK\"},\"image\":{\"@id\":\"https:\/\/darynchook.com\/#\/schema\/logo\/image\/\"},\"sameAs\":[\"https:\/\/www.facebook.com\/darynchook\",\"https:\/\/www.instagram.com\/darynchook\/\"]}]}<\/script>\n<!-- \/ Yoast SEO plugin. -->","yoast_head_json":{"title":"DARYN CHOOK | Made in Vienna Size Guide","robots":{"index":"index","follow":"follow","max-snippet":"max-snippet:-1","max-image-preview":"max-image-preview:large","max-video-preview":"max-video-preview:-1"},"canonical":"https:\/\/darynchook.com\/sizeguide\/","og_locale":"en_US","og_type":"article","og_title":"DARYN CHOOK | Made in Vienna Size Guide","og_description":"Wie funktioniert das DARYNCHOOK Gr\u00f6ssensystem? In den folgen Tabellen findest du die K\u00f6rperabmessungen, an die du dich beim Shoppen mit uns orientieren kannst. Hierbei handelt es sich nat\u00fcrlich nur um Empfehlungen, und es kann je nach pers\u00f6nlicher Vorliebe frei gew\u00e4hlt werden. Bei Fragen schreib uns bitte einfach an:\u00a0help@darynchook.com SIZE GUIDE MEN WOMEN","og_url":"https:\/\/darynchook.com\/sizeguide\/","og_site_name":"DARYN CHOOK | Made in Vienna","article_publisher":"https:\/\/www.facebook.com\/darynchook","article_modified_time":"2022-01-11T13:38:49+00:00","og_image":[{"url":"https:\/\/darynchook.com\/wordpress\/wp-content\/uploads\/2021\/10\/DARYNCHOOK_sizes_men.jpg"}],"twitter_card":"summary_large_image","twitter_misc":{"Est. reading time":"1 minute"},"schema":{"@context":"https:\/\/schema.org","@graph":[{"@type":"WebPage","@id":"https:\/\/darynchook.com\/sizeguide\/","url":"https:\/\/darynchook.com\/sizeguide\/","name":"DARYN CHOOK | Made in Vienna Size Guide","isPartOf":{"@id":"https:\/\/darynchook.com\/#website"},"datePublished":"2021-10-11T10:15:41+00:00","dateModified":"2022-01-11T13:38:49+00:00","breadcrumb":{"@id":"https:\/\/darynchook.com\/sizeguide\/#breadcrumb"},"inLanguage":"en-US","potentialAction":[{"@type":"ReadAction","target":["https:\/\/darynchook.com\/sizeguide\/"]}]},{"@type":"BreadcrumbList","@id":"https:\/\/darynchook.com\/sizeguide\/#breadcrumb","itemListElement":[{"@type":"ListItem","position":1,"name":"Home","item":"https:\/\/darynchook.com\/"},{"@type":"ListItem","position":2,"name":"Size Guide"}]},{"@type":"WebSite","@id":"https:\/\/darynchook.com\/#website","url":"https:\/\/darynchook.com\/","name":"DARYN CHOOK | Made in Vienna","description":"DARYN CHOOK ist ein entschleunigtes, nachhaltiges und radikal transparentes Studio f\u00fcr Mode.","publisher":{"@id":"https:\/\/darynchook.com\/#organization"},"potentialAction":[{"@type":"SearchAction","target":{"@type":"EntryPoint","urlTemplate":"https:\/\/darynchook.com\/?s={search_term_string}"},"query-input":"required name=search_term_string"}],"inLanguage":"en-US"},{"@type":"Organization","@id":"https:\/\/darynchook.com\/#organization","name":"DARYN CHOOK","url":"https:\/\/darynchook.com\/","logo":{"@type":"ImageObject","inLanguage":"en-US","@id":"https:\/\/darynchook.com\/#\/schema\/logo\/image\/","url":"https:\/\/dev.darynchook.com\/wordpress\/wp-content\/uploads\/2021\/10\/DARYN-CHOOK-logo.png","contentUrl":"https:\/\/dev.darynchook.com\/wordpress\/wp-content\/uploads\/2021\/10\/DARYN-CHOOK-logo.png","width":686,"height":171,"caption":"DARYN CHOOK"},"image":{"@id":"https:\/\/darynchook.com\/#\/schema\/logo\/image\/"},"sameAs":["https:\/\/www.facebook.com\/darynchook","https:\/\/www.instagram.com\/darynchook\/"]}]}},"_links":{"self":[{"href":"https:\/\/dev.darynchook.com\/en\/wp-json\/wp\/v2\/pages\/5877"}],"collection":[{"href":"https:\/\/dev.darynchook.com\/en\/wp-json\/wp\/v2\/pages"}],"about":[{"href":"https:\/\/dev.darynchook.com\/en\/wp-json\/wp\/v2\/types\/page"}],"author":[{"embeddable":true,"href":"https:\/\/dev.darynchook.com\/en\/wp-json\/wp\/v2\/users\/3"}],"replies":[{"embeddable":true,"href":"https:\/\/dev.darynchook.com\/en\/wp-json\/wp\/v2\/comments?post=5877"}],"version-history":[{"count":0,"href":"https:\/\/dev.darynchook.com\/en\/wp-json\/wp\/v2\/pages\/5877\/revisions"}],"wp:attachment":[{"href":"https:\/\/dev.darynchook.com\/en\/wp-json\/wp\/v2\/media?parent=5877"}],"curies":[{"name":"wp","href":"https:\/\/api.w.org\/{rel}","templated":true}]}}