{"id":6221,"date":"2021-10-12T01:43:19","date_gmt":"2021-10-11T23:43:19","guid":{"rendered":"https:\/\/dev.darynchook.com\/?page_id=6221"},"modified":"2023-02-07T20:00:17","modified_gmt":"2023-02-07T19:00:17","slug":"allgemeine-geschaeftsbedingungen","status":"publish","type":"page","link":"https:\/\/dev.darynchook.com\/en\/allgemeine-geschaeftsbedingungen\/","title":{"rendered":"AGB"},"content":{"rendered":"<div data-elementor-type=\"wp-page\" data-elementor-id=\"6221\" class=\"elementor elementor-6221\">\n\t\t\t\t\t\t\t\t\t<section class=\"elementor-section elementor-top-section elementor-element elementor-element-28460159 elementor-section-full_width elementor-section-height-default elementor-section-height-default\" data-id=\"28460159\" data-element_type=\"section\" data-settings=\"{&quot;background_background&quot;:&quot;classic&quot;}\">\n\t\t\t\t\t\t<div class=\"elementor-container elementor-column-gap-default\">\n\t\t\t\t\t<div class=\"elementor-column elementor-col-100 elementor-top-column elementor-element elementor-element-69560710\" data-id=\"69560710\" data-element_type=\"column\">\n\t\t\t<div class=\"elementor-widget-wrap elementor-element-populated\">\n\t\t\t\t\t\t\t\t<div class=\"elementor-element elementor-element-4c90b633 elementor-widget elementor-widget-text-editor\" data-id=\"4c90b633\" data-element_type=\"widget\" data-widget_type=\"text-editor.default\">\n\t\t\t\t<div class=\"elementor-widget-container\">\n\t\t\t\t\t\t\t<p>These general terms and conditions apply to all current and future business relations between the customer and DARYN CHOOK e.U., hereinafter referred to as \"supplier\". Deviating, conflicting or supplementary terms and conditions, even if known, will not become part of the contract, unless their validity is expressly agreed.<\/p>\t\t\t\t\t\t<\/div>\n\t\t\t\t<\/div>\n\t\t\t\t\t<\/div>\n\t\t<\/div>\n\t\t\t\t\t\t\t<\/div>\n\t\t<\/section>\n\t\t\t\t<section class=\"elementor-section elementor-top-section elementor-element elementor-element-7c0f91d6 elementor-section-full_width elementor-section-height-default elementor-section-height-default\" data-id=\"7c0f91d6\" data-element_type=\"section\">\n\t\t\t\t\t\t<div class=\"elementor-container elementor-column-gap-default\">\n\t\t\t\t\t<div class=\"elementor-column elementor-col-16 elementor-top-column elementor-element elementor-element-db99f2a\" data-id=\"db99f2a\" data-element_type=\"column\">\n\t\t\t<div class=\"elementor-widget-wrap elementor-element-populated\">\n\t\t\t\t\t\t\t\t<div class=\"elementor-element elementor-element-3c6adaad elementor-widget elementor-widget-text-editor\" data-id=\"3c6adaad\" data-element_type=\"widget\" data-widget_type=\"text-editor.default\">\n\t\t\t\t<div class=\"elementor-widget-container\">\n\t\t\t\t\t\t\t<p>Headquarters:<br \/>DARYN CHOOK e.U.<br \/>B\u00f6cklinstr. 100\/26<br \/>1020 Vienna<br \/>Austria<\/p><p>\u00a0<\/p><p>Tel: +43 699 102 46 025<\/p><p>Vienna Commercial Court\u00a0<br \/>VAT ID No.: ATU69289218<\/p><p>Management: Daryna Eder<\/p>\t\t\t\t\t\t<\/div>\n\t\t\t\t<\/div>\n\t\t\t\t\t<\/div>\n\t\t<\/div>\n\t\t\t\t<div class=\"elementor-column elementor-col-16 elementor-top-column elementor-element elementor-element-7d2a0b1b\" data-id=\"7d2a0b1b\" data-element_type=\"column\">\n\t\t\t<div class=\"elementor-widget-wrap elementor-element-populated\">\n\t\t\t\t\t\t\t\t<div class=\"elementor-element elementor-element-14edf178 elementor-widget elementor-widget-text-editor\" data-id=\"14edf178\" data-element_type=\"widget\" data-widget_type=\"text-editor.default\">\n\t\t\t\t<div class=\"elementor-widget-container\">\n\t\t\t\t\t\t\t\t\t\t\t\t\t<\/div>\n\t\t\t\t<\/div>\n\t\t\t\t\t<\/div>\n\t\t<\/div>\n\t\t\t\t<div class=\"elementor-column elementor-col-16 elementor-top-column elementor-element elementor-element-54570d9\" data-id=\"54570d9\" data-element_type=\"column\">\n\t\t\t<div class=\"elementor-widget-wrap elementor-element-populated\">\n\t\t\t\t\t\t\t\t<div class=\"elementor-element elementor-element-38840fe4 elementor-widget elementor-widget-text-editor\" data-id=\"38840fe4\" data-element_type=\"widget\" data-widget_type=\"text-editor.default\">\n\t\t\t\t<div class=\"elementor-widget-container\">\n\t\t\t\t\t\t\t<p>AGB<\/p>\t\t\t\t\t\t<\/div>\n\t\t\t\t<\/div>\n\t\t\t\t\t<\/div>\n\t\t<\/div>\n\t\t\t\t<div class=\"elementor-column elementor-col-16 elementor-top-column elementor-element elementor-element-1b7d3143\" data-id=\"1b7d3143\" data-element_type=\"column\">\n\t\t\t<div class=\"elementor-widget-wrap elementor-element-populated\">\n\t\t\t\t\t\t\t\t<div class=\"elementor-element elementor-element-2ae15ccf elementor-widget elementor-widget-text-editor\" data-id=\"2ae15ccf\" data-element_type=\"widget\" data-widget_type=\"text-editor.default\">\n\t\t\t\t<div class=\"elementor-widget-container\">\n\t\t\t\t\t\t\t<p>Offer, order and conclusion of contract<\/p><p>The offers on www.darynchook.com do not represent binding offers in the legal sense, they are for information purposes only and represent requests for offers by the customer. With his order, the customer makes a binding offer, which can be accepted by the provider through actual compliance or expressly.<\/p><p>Availability \/ Scope of delivery<\/p><p>If goods ordered by the customer are not in stock after conclusion of the contract, the supplier reserves the right to restore availability within a period of maximum 8 weeks without consequences of default. If availability cannot be restored within this period, the customer may withdraw from the contract in writing. In the event of withdrawal, payments already received by the customer will be refunded immediately.<\/p><p>Or if for legal reasons (insolvency of the product manufacturer) the ordered goods are not delivered, the provider reserves the right to withdraw from the contract. In case of withdrawal, payments already received from the customer will be refunded immediately.<\/p><p>The scope of delivery always refers to the product description in the text, but not to accessories which may be shown in product illustrations (see also point 4.).<\/p><p>Prices<\/p><p>All prices shown on www.darynchook.com are final prices including Austrian VAT (currently 20%) in EURO. Shipping costs are not included. The stated prices always refer to the product description in the text, but not to accessories shown on product images. The current prices at the time of ordering apply, no liability is assumed for printing errors in the price information.<\/p><p>\u00a0<\/p><p>Payment and payment method<\/p><p>Austria and Germany<\/p><p>Payment for the goods can be made by credit card, by PayPal or by instant bank transfer:<\/p><p>a) by credit card: You pay with your credit card during the checkout process in the webshop. The supplier receives a real-time confirmation of the payment made and can ship the goods immediately.<\/p><p>b) via PayPal: You pay during the checkout process in the webshop with your PayPal account. The supplier receives a real-time confirmation of the payment and can ship the goods immediately.<\/p><p>c) by instant bank transfer: You pay during the checkout process in the webshop via your online banking account. The provider receives a real-time confirmation of the payment and can ship the goods immediately.<\/p><p>The provider reserves the right to not or no longer offer certain payment methods or to offer other payment methods.<\/p><p>Other EU Member States<\/p><p>Payment for the goods can be made in the same way as in point 5.1.<\/p><p>Third countries<\/p><p>Payment for the goods can be made in the same way as in point 5.1.<\/p>\t\t\t\t\t\t<\/div>\n\t\t\t\t<\/div>\n\t\t\t\t\t<\/div>\n\t\t<\/div>\n\t\t\t\t<div class=\"elementor-column elementor-col-16 elementor-top-column elementor-element elementor-element-5fdb9d82\" data-id=\"5fdb9d82\" data-element_type=\"column\">\n\t\t\t<div class=\"elementor-widget-wrap elementor-element-populated\">\n\t\t\t\t\t\t\t\t<div class=\"elementor-element elementor-element-724cf743 elementor-widget elementor-widget-text-editor\" data-id=\"724cf743\" data-element_type=\"widget\" data-widget_type=\"text-editor.default\">\n\t\t\t\t<div class=\"elementor-widget-container\">\n\t\t\t\t\t\t\t<p>Delivery and shipping costs<\/p><p>The delivery of the goods takes place within 14 working days at the expense and risk of the customer. Delays in delivery may occur in individual cases, in such cases the supplier may execute the customer's order in partial deliveries. Incomplete deliveries or damage to the goods must be reported to the relevant post office within 24 hours. The presentation of the postal confirmation is a prerequisite for a replacement delivery.<\/p><p>Shipping costs Austria<\/p><p>For packing &amp; shipping we charge the following flat shipping rate per order:<\/p><p>Austria EUR 5,-<\/p><p>Germany EUR 10,-.<\/p><p>\u00a0<\/p><p>Right of revocation \/ Right of withdrawal \/ Right of return<\/p><p>Right of withdrawal<br \/>The customer may withdraw from the concluded contract without giving any reason. The declaration of withdrawal can be made in any form and must be received by the provider within a period of 14 days (weekdays). In the case of written declarations of withdrawal (mail, e-mail, fax, etc.), it is sufficient if the declaration of withdrawal is sent within the 14 days (the date of the outgoing postmark is decisive).<br \/>The period for withdrawal begins<br \/>1. with the day on which the customer or a third party named by him (in case of a different delivery address) has received the goods;<br \/>2. in the event that the Provider fulfills a uniform order in partial deliveries, on the day on which the Customer or a third party designated by the Customer (in the event of a different delivery address) has received the last goods delivered;<br \/>The declaration of withdrawal is to be addressed to:<br \/>DARYN CHOOK<br \/>B\u00f6cklinstr. 100\/26<br \/>1020 Vienna<br \/>Austria<br \/>E-mail: help@darynchook.com<br \/>Mobile: +43 669 102 46 025<\/p><p>Retention of title<br \/>Each item remains the property of the provider until full payment of the purchase price. The supplier has the right to assert his rights from the retention of title in case of default of payment. The assertion of the rights from the property does not constitute a withdrawal from the contract, unless the provider at the same time expressly declares the withdrawal from the contract.<\/p><p>Warranty<br \/>In principle, only the manufacturer's product description shall be deemed agreed as the quality of the goods. At the time of handover, the goods are not defective in any way that would nullify or diminish their value or suitability for normal use. Properties shall only be deemed to be warranted if they are expressly identified as such on www.darynchook.com. Defects that are due to improper use or above-average stress on the goods by the customer are not guaranteed.<\/p>\t\t\t\t\t\t<\/div>\n\t\t\t\t<\/div>\n\t\t\t\t\t<\/div>\n\t\t<\/div>\n\t\t\t\t<div class=\"elementor-column elementor-col-16 elementor-top-column elementor-element elementor-element-15898b9\" data-id=\"15898b9\" data-element_type=\"column\">\n\t\t\t<div class=\"elementor-widget-wrap elementor-element-populated\">\n\t\t\t\t\t\t\t\t<div class=\"elementor-element elementor-element-2d4692e4 elementor-widget elementor-widget-text-editor\" data-id=\"2d4692e4\" data-element_type=\"widget\" data-widget_type=\"text-editor.default\">\n\t\t\t\t<div class=\"elementor-widget-container\">\n\t\t\t\t\t\t\t<p>Liability<\/p><p>General liability<br \/>The provider is liable for positive breach of contract, culpa in contrahendo, delay, impossibility, as well as for all other legal reasons only if he is guilty of intent or gross negligence.<\/p><p>2 Liability for links<br \/>The provider assumes no liability for content found on linked pages.<\/p><p>\u00a0<\/p><p>Choice of law<br \/>Austrian law shall apply to all legal relationships between the supplier and the customer. The contractual, ordering, settlement and business language is exclusively German.<\/p><p>Copyright<br \/>All offers, including the associated images, text descriptions and graphic designs, as well as the design of the homepage itself, are subject to the copyright of the provider. The linking or use for own purposes is only permitted after prior written consent by the provider.<\/p><p>Other<br \/>The place of performance for services of the provider and consideration of the customer is the registered office of the provider. The court at the registered office of the Provider (Commercial Court Vienna, Austria) shall have local jurisdiction for all actions brought against the Provider.<\/p>\t\t\t\t\t\t<\/div>\n\t\t\t\t<\/div>\n\t\t\t\t\t<\/div>\n\t\t<\/div>\n\t\t\t\t\t\t\t<\/div>\n\t\t<\/section>\n\t\t\t\t\t\t\t<\/div>","protected":false},"excerpt":{"rendered":"<p>Die vorliegenden allgemeinen Gesch\u00e4ftsbedingungen gelten f\u00fcr alle gegenw\u00e4rtigen und zuk\u00fcnftigen Gesch\u00e4ftsbeziehungen zwischen dem Kunden und DARYN CHOOK e.U., im Folgenden kurz \u201eAnbieter\u201c genannt. Abweichende, entgegenstehende oder erg\u00e4nzende Gesch\u00e4ftsbedingungen werden, selbst bei Kenntnis, nicht Vertragsbestandteil, es sei denn, ihrer Geltung wird ausdr\u00fccklich zugestimmt. Firmensitz: DARYN CHOOK e.U. B\u00f6cklinstr. 100\/26 1020 Wien \u00d6sterreich Tel: +43 699 102 [&hellip;]<\/p>","protected":false},"author":3,"featured_media":0,"parent":0,"menu_order":0,"comment_status":"closed","ping_status":"closed","template":"","meta":[],"acf":[],"yoast_head":"<!-- This site is optimized with the Yoast SEO plugin v21.8.1 - https:\/\/yoast.com\/wordpress\/plugins\/seo\/ -->\n<title>AGB<\/title>\n<meta name=\"description\" content=\"Die vorliegenden allgemeinen Gesch\u00e4ftsbedingungen gelten f\u00fcr alle Gesch\u00e4ftsbeziehungen zwischen dem Kunden und DARYN CHOOK.\" \/>\n<meta name=\"robots\" content=\"index, follow, max-snippet:-1, max-image-preview:large, max-video-preview:-1\" \/>\n<link rel=\"canonical\" href=\"https:\/\/darynchook.com\/allgemeine-geschaeftsbedingungen\/\" \/>\n<meta property=\"og:locale\" content=\"en_US\" \/>\n<meta property=\"og:type\" content=\"article\" \/>\n<meta property=\"og:title\" content=\"AGB\" \/>\n<meta property=\"og:description\" content=\"Die vorliegenden allgemeinen Gesch\u00e4ftsbedingungen gelten f\u00fcr alle Gesch\u00e4ftsbeziehungen zwischen dem Kunden und DARYN CHOOK.\" \/>\n<meta property=\"og:url\" content=\"https:\/\/darynchook.com\/allgemeine-geschaeftsbedingungen\/\" \/>\n<meta property=\"og:site_name\" content=\"DARYN CHOOK | Made in Vienna\" \/>\n<meta property=\"article:publisher\" content=\"https:\/\/www.facebook.com\/darynchook\" \/>\n<meta property=\"article:modified_time\" content=\"2023-02-07T19:00:17+00:00\" \/>\n<meta property=\"og:image\" content=\"https:\/\/dev.darynchook.com\/wordpress\/wp-content\/uploads\/2021\/10\/DARYNCHOOK_scoial.png\" \/>\n\t<meta property=\"og:image:width\" content=\"1200\" \/>\n\t<meta property=\"og:image:height\" content=\"628\" \/>\n\t<meta property=\"og:image:type\" content=\"image\/png\" \/>\n<meta name=\"twitter:card\" content=\"summary_large_image\" \/>\n<meta name=\"twitter:label1\" content=\"Est. reading time\" \/>\n\t<meta name=\"twitter:data1\" content=\"6 minutes\" \/>\n<script type=\"application\/ld+json\" class=\"yoast-schema-graph\">{\"@context\":\"https:\/\/schema.org\",\"@graph\":[{\"@type\":\"WebPage\",\"@id\":\"https:\/\/darynchook.com\/allgemeine-geschaeftsbedingungen\/\",\"url\":\"https:\/\/darynchook.com\/allgemeine-geschaeftsbedingungen\/\",\"name\":\"AGB\",\"isPartOf\":{\"@id\":\"https:\/\/darynchook.com\/#website\"},\"datePublished\":\"2021-10-11T23:43:19+00:00\",\"dateModified\":\"2023-02-07T19:00:17+00:00\",\"description\":\"Die vorliegenden allgemeinen Gesch\u00e4ftsbedingungen gelten f\u00fcr alle Gesch\u00e4ftsbeziehungen zwischen dem Kunden und DARYN CHOOK.\",\"breadcrumb\":{\"@id\":\"https:\/\/darynchook.com\/allgemeine-geschaeftsbedingungen\/#breadcrumb\"},\"inLanguage\":\"en-US\",\"potentialAction\":[{\"@type\":\"ReadAction\",\"target\":[\"https:\/\/darynchook.com\/allgemeine-geschaeftsbedingungen\/\"]}]},{\"@type\":\"BreadcrumbList\",\"@id\":\"https:\/\/darynchook.com\/allgemeine-geschaeftsbedingungen\/#breadcrumb\",\"itemListElement\":[{\"@type\":\"ListItem\",\"position\":1,\"name\":\"Home\",\"item\":\"https:\/\/darynchook.com\/\"},{\"@type\":\"ListItem\",\"position\":2,\"name\":\"AGB\"}]},{\"@type\":\"WebSite\",\"@id\":\"https:\/\/darynchook.com\/#website\",\"url\":\"https:\/\/darynchook.com\/\",\"name\":\"DARYN CHOOK | Made in Vienna\",\"description\":\"DARYN CHOOK ist ein entschleunigtes, nachhaltiges und radikal transparentes Studio f\u00fcr Mode.\",\"publisher\":{\"@id\":\"https:\/\/darynchook.com\/#organization\"},\"potentialAction\":[{\"@type\":\"SearchAction\",\"target\":{\"@type\":\"EntryPoint\",\"urlTemplate\":\"https:\/\/darynchook.com\/?s={search_term_string}\"},\"query-input\":\"required name=search_term_string\"}],\"inLanguage\":\"en-US\"},{\"@type\":\"Organization\",\"@id\":\"https:\/\/darynchook.com\/#organization\",\"name\":\"DARYN CHOOK\",\"url\":\"https:\/\/darynchook.com\/\",\"logo\":{\"@type\":\"ImageObject\",\"inLanguage\":\"en-US\",\"@id\":\"https:\/\/darynchook.com\/#\/schema\/logo\/image\/\",\"url\":\"https:\/\/dev.darynchook.com\/wordpress\/wp-content\/uploads\/2021\/10\/DARYN-CHOOK-logo.png\",\"contentUrl\":\"https:\/\/dev.darynchook.com\/wordpress\/wp-content\/uploads\/2021\/10\/DARYN-CHOOK-logo.png\",\"width\":686,\"height\":171,\"caption\":\"DARYN CHOOK\"},\"image\":{\"@id\":\"https:\/\/darynchook.com\/#\/schema\/logo\/image\/\"},\"sameAs\":[\"https:\/\/www.facebook.com\/darynchook\",\"https:\/\/www.instagram.com\/darynchook\/\"]}]}<\/script>\n<!-- \/ Yoast SEO plugin. -->","yoast_head_json":{"title":"AGB","description":"Die vorliegenden allgemeinen Gesch\u00e4ftsbedingungen gelten f\u00fcr alle Gesch\u00e4ftsbeziehungen zwischen dem Kunden und DARYN CHOOK.","robots":{"index":"index","follow":"follow","max-snippet":"max-snippet:-1","max-image-preview":"max-image-preview:large","max-video-preview":"max-video-preview:-1"},"canonical":"https:\/\/darynchook.com\/allgemeine-geschaeftsbedingungen\/","og_locale":"en_US","og_type":"article","og_title":"AGB","og_description":"Die vorliegenden allgemeinen Gesch\u00e4ftsbedingungen gelten f\u00fcr alle Gesch\u00e4ftsbeziehungen zwischen dem Kunden und DARYN CHOOK.","og_url":"https:\/\/darynchook.com\/allgemeine-geschaeftsbedingungen\/","og_site_name":"DARYN CHOOK | Made in Vienna","article_publisher":"https:\/\/www.facebook.com\/darynchook","article_modified_time":"2023-02-07T19:00:17+00:00","og_image":[{"width":1200,"height":628,"url":"https:\/\/dev.darynchook.com\/wordpress\/wp-content\/uploads\/2021\/10\/DARYNCHOOK_scoial.png","type":"image\/png"}],"twitter_card":"summary_large_image","twitter_misc":{"Est. reading time":"6 minutes"},"schema":{"@context":"https:\/\/schema.org","@graph":[{"@type":"WebPage","@id":"https:\/\/darynchook.com\/allgemeine-geschaeftsbedingungen\/","url":"https:\/\/darynchook.com\/allgemeine-geschaeftsbedingungen\/","name":"AGB","isPartOf":{"@id":"https:\/\/darynchook.com\/#website"},"datePublished":"2021-10-11T23:43:19+00:00","dateModified":"2023-02-07T19:00:17+00:00","description":"Die vorliegenden allgemeinen Gesch\u00e4ftsbedingungen gelten f\u00fcr alle Gesch\u00e4ftsbeziehungen zwischen dem Kunden und DARYN CHOOK.","breadcrumb":{"@id":"https:\/\/darynchook.com\/allgemeine-geschaeftsbedingungen\/#breadcrumb"},"inLanguage":"en-US","potentialAction":[{"@type":"ReadAction","target":["https:\/\/darynchook.com\/allgemeine-geschaeftsbedingungen\/"]}]},{"@type":"BreadcrumbList","@id":"https:\/\/darynchook.com\/allgemeine-geschaeftsbedingungen\/#breadcrumb","itemListElement":[{"@type":"ListItem","position":1,"name":"Home","item":"https:\/\/darynchook.com\/"},{"@type":"ListItem","position":2,"name":"AGB"}]},{"@type":"WebSite","@id":"https:\/\/darynchook.com\/#website","url":"https:\/\/darynchook.com\/","name":"DARYN CHOOK | Made in Vienna","description":"DARYN CHOOK ist ein entschleunigtes, nachhaltiges und radikal transparentes Studio f\u00fcr Mode.","publisher":{"@id":"https:\/\/darynchook.com\/#organization"},"potentialAction":[{"@type":"SearchAction","target":{"@type":"EntryPoint","urlTemplate":"https:\/\/darynchook.com\/?s={search_term_string}"},"query-input":"required name=search_term_string"}],"inLanguage":"en-US"},{"@type":"Organization","@id":"https:\/\/darynchook.com\/#organization","name":"DARYN CHOOK","url":"https:\/\/darynchook.com\/","logo":{"@type":"ImageObject","inLanguage":"en-US","@id":"https:\/\/darynchook.com\/#\/schema\/logo\/image\/","url":"https:\/\/dev.darynchook.com\/wordpress\/wp-content\/uploads\/2021\/10\/DARYN-CHOOK-logo.png","contentUrl":"https:\/\/dev.darynchook.com\/wordpress\/wp-content\/uploads\/2021\/10\/DARYN-CHOOK-logo.png","width":686,"height":171,"caption":"DARYN CHOOK"},"image":{"@id":"https:\/\/darynchook.com\/#\/schema\/logo\/image\/"},"sameAs":["https:\/\/www.facebook.com\/darynchook","https:\/\/www.instagram.com\/darynchook\/"]}]}},"_links":{"self":[{"href":"https:\/\/dev.darynchook.com\/en\/wp-json\/wp\/v2\/pages\/6221"}],"collection":[{"href":"https:\/\/dev.darynchook.com\/en\/wp-json\/wp\/v2\/pages"}],"about":[{"href":"https:\/\/dev.darynchook.com\/en\/wp-json\/wp\/v2\/types\/page"}],"author":[{"embeddable":true,"href":"https:\/\/dev.darynchook.com\/en\/wp-json\/wp\/v2\/users\/3"}],"replies":[{"embeddable":true,"href":"https:\/\/dev.darynchook.com\/en\/wp-json\/wp\/v2\/comments?post=6221"}],"version-history":[{"count":0,"href":"https:\/\/dev.darynchook.com\/en\/wp-json\/wp\/v2\/pages\/6221\/revisions"}],"wp:attachment":[{"href":"https:\/\/dev.darynchook.com\/en\/wp-json\/wp\/v2\/media?parent=6221"}],"curies":[{"name":"wp","href":"https:\/\/api.w.org\/{rel}","templated":true}]}}