{"id":5527,"date":"2021-10-11T02:27:23","date_gmt":"2021-10-11T00:27:23","guid":{"rendered":"https:\/\/dev.darynchook.com\/?post_type=product&#038;p=5527"},"modified":"2023-11-23T19:58:21","modified_gmt":"2023-11-23T18:58:21","slug":"handgestrickte-pixelmuetze-kbt-merinowolle","status":"publish","type":"product","link":"https:\/\/dev.darynchook.com\/en\/product\/handgestrickte-pixelmuetze-kbt-merinowolle\/","title":{"rendered":"Hand-knitted pixel beanie, kbT merino wool"},"content":{"rendered":"","protected":false},"excerpt":{"rendered":"<p class=\"p1\">001.U.1004<\/p>\n<p class=\"p1\">The naturally moisture-wicking properties of merino wool make the hand-knitted pixel beanie a good choice all year round. Despite the shortened knit version, the hat will keep you warm and stylish even in the colder seasons. Naturally dyed yarn ensures that your skin does not come into contact with any toxins.<\/p>","protected":false},"featured_media":5563,"template":"","meta":[],"product_cat":[106,90,85,42,54],"product_tag":[250,240,229,242,232,248,254,247,246,97],"yoast_head":"<!-- This site is optimized with the Yoast SEO plugin v21.8.1 - https:\/\/yoast.com\/wordpress\/plugins\/seo\/ -->\n<title>Handgestrickte Pixelm\u00fctze, kbT Merinowolle<\/title>\n<meta name=\"description\" content=\"Handgestrickte Pixelhaube aus pflanzlich gef\u00e4rbter kbT mulesingfreier Merinowolle f\u00fcr kalte Jahreszeiten.\" \/>\n<meta name=\"robots\" content=\"index, follow, max-snippet:-1, max-image-preview:large, max-video-preview:-1\" \/>\n<link rel=\"canonical\" href=\"https:\/\/darynchook.com\/product\/handgestrickte-pixelmuetze-kbt-merinowolle\/\" \/>\n<meta property=\"og:locale\" content=\"en_US\" \/>\n<meta property=\"og:type\" content=\"article\" \/>\n<meta property=\"og:title\" content=\"Handgestrickte Pixelm\u00fctze, kbT Merinowolle\" \/>\n<meta property=\"og:description\" content=\"Handgestrickte Pixelhaube aus pflanzlich gef\u00e4rbter kbT mulesingfreier Merinowolle f\u00fcr kalte Jahreszeiten.\" \/>\n<meta property=\"og:url\" content=\"https:\/\/darynchook.com\/product\/handgestrickte-pixelmuetze-kbt-merinowolle\/\" \/>\n<meta property=\"og:site_name\" content=\"DARYN CHOOK | Made in Vienna\" \/>\n<meta property=\"article:publisher\" content=\"https:\/\/www.facebook.com\/darynchook\" \/>\n<meta property=\"article:modified_time\" content=\"2023-11-23T18:58:21+00:00\" \/>\n<meta property=\"og:image\" content=\"https:\/\/darynchook.com\/wordpress\/wp-content\/uploads\/2021\/10\/DARYNCHOOK-UNIFROM-001U1004-hat-unisex-chilired3.jpg\" \/>\n\t<meta property=\"og:image:width\" content=\"590\" \/>\n\t<meta property=\"og:image:height\" content=\"885\" \/>\n\t<meta property=\"og:image:type\" content=\"image\/jpeg\" \/>\n<meta name=\"twitter:card\" content=\"summary_large_image\" \/>\n<script type=\"application\/ld+json\" class=\"yoast-schema-graph\">{\"@context\":\"https:\/\/schema.org\",\"@graph\":[{\"@type\":\"WebPage\",\"@id\":\"https:\/\/darynchook.com\/product\/handgestrickte-pixelmuetze-kbt-merinowolle\/\",\"url\":\"https:\/\/darynchook.com\/product\/handgestrickte-pixelmuetze-kbt-merinowolle\/\",\"name\":\"Handgestrickte Pixelm\u00fctze, kbT Merinowolle\",\"isPartOf\":{\"@id\":\"https:\/\/darynchook.com\/#website\"},\"datePublished\":\"2021-10-11T00:27:23+00:00\",\"dateModified\":\"2023-11-23T18:58:21+00:00\",\"description\":\"Handgestrickte Pixelhaube aus pflanzlich gef\u00e4rbter kbT mulesingfreier Merinowolle f\u00fcr kalte Jahreszeiten.\",\"breadcrumb\":{\"@id\":\"https:\/\/darynchook.com\/product\/handgestrickte-pixelmuetze-kbt-merinowolle\/#breadcrumb\"},\"inLanguage\":\"en-US\",\"potentialAction\":[{\"@type\":\"ReadAction\",\"target\":[\"https:\/\/darynchook.com\/product\/handgestrickte-pixelmuetze-kbt-merinowolle\/\"]}]},{\"@type\":\"BreadcrumbList\",\"@id\":\"https:\/\/darynchook.com\/product\/handgestrickte-pixelmuetze-kbt-merinowolle\/#breadcrumb\",\"itemListElement\":[{\"@type\":\"ListItem\",\"position\":1,\"name\":\"Home\",\"item\":\"https:\/\/darynchook.com\/\"},{\"@type\":\"ListItem\",\"position\":2,\"name\":\"Shop\",\"item\":\"https:\/\/darynchook.com\/?page_id=6\"},{\"@type\":\"ListItem\",\"position\":3,\"name\":\"Handgestrickte Pixelm\u00fctze, kbT Merinowolle\"}]},{\"@type\":\"WebSite\",\"@id\":\"https:\/\/darynchook.com\/#website\",\"url\":\"https:\/\/darynchook.com\/\",\"name\":\"DARYN CHOOK | Made in Vienna\",\"description\":\"DARYN CHOOK ist ein entschleunigtes, nachhaltiges und radikal transparentes Studio f\u00fcr Mode.\",\"publisher\":{\"@id\":\"https:\/\/darynchook.com\/#organization\"},\"potentialAction\":[{\"@type\":\"SearchAction\",\"target\":{\"@type\":\"EntryPoint\",\"urlTemplate\":\"https:\/\/darynchook.com\/?s={search_term_string}\"},\"query-input\":\"required name=search_term_string\"}],\"inLanguage\":\"en-US\"},{\"@type\":\"Organization\",\"@id\":\"https:\/\/darynchook.com\/#organization\",\"name\":\"DARYN CHOOK\",\"url\":\"https:\/\/darynchook.com\/\",\"logo\":{\"@type\":\"ImageObject\",\"inLanguage\":\"en-US\",\"@id\":\"https:\/\/darynchook.com\/#\/schema\/logo\/image\/\",\"url\":\"https:\/\/dev.darynchook.com\/wordpress\/wp-content\/uploads\/2021\/10\/DARYN-CHOOK-logo.png\",\"contentUrl\":\"https:\/\/dev.darynchook.com\/wordpress\/wp-content\/uploads\/2021\/10\/DARYN-CHOOK-logo.png\",\"width\":686,\"height\":171,\"caption\":\"DARYN CHOOK\"},\"image\":{\"@id\":\"https:\/\/darynchook.com\/#\/schema\/logo\/image\/\"},\"sameAs\":[\"https:\/\/www.facebook.com\/darynchook\",\"https:\/\/www.instagram.com\/darynchook\/\"]}]}<\/script>\n<!-- \/ Yoast SEO plugin. -->","yoast_head_json":{"title":"Handgestrickte Pixelm\u00fctze, kbT Merinowolle","description":"Handgestrickte Pixelhaube aus pflanzlich gef\u00e4rbter kbT mulesingfreier Merinowolle f\u00fcr kalte Jahreszeiten.","robots":{"index":"index","follow":"follow","max-snippet":"max-snippet:-1","max-image-preview":"max-image-preview:large","max-video-preview":"max-video-preview:-1"},"canonical":"https:\/\/darynchook.com\/product\/handgestrickte-pixelmuetze-kbt-merinowolle\/","og_locale":"en_US","og_type":"article","og_title":"Handgestrickte Pixelm\u00fctze, kbT Merinowolle","og_description":"Handgestrickte Pixelhaube aus pflanzlich gef\u00e4rbter kbT mulesingfreier Merinowolle f\u00fcr kalte Jahreszeiten.","og_url":"https:\/\/darynchook.com\/product\/handgestrickte-pixelmuetze-kbt-merinowolle\/","og_site_name":"DARYN CHOOK | Made in Vienna","article_publisher":"https:\/\/www.facebook.com\/darynchook","article_modified_time":"2023-11-23T18:58:21+00:00","og_image":[{"width":590,"height":885,"url":"https:\/\/darynchook.com\/wordpress\/wp-content\/uploads\/2021\/10\/DARYNCHOOK-UNIFROM-001U1004-hat-unisex-chilired3.jpg","type":"image\/jpeg"}],"twitter_card":"summary_large_image","schema":{"@context":"https:\/\/schema.org","@graph":[{"@type":"WebPage","@id":"https:\/\/darynchook.com\/product\/handgestrickte-pixelmuetze-kbt-merinowolle\/","url":"https:\/\/darynchook.com\/product\/handgestrickte-pixelmuetze-kbt-merinowolle\/","name":"Handgestrickte Pixelm\u00fctze, kbT Merinowolle","isPartOf":{"@id":"https:\/\/darynchook.com\/#website"},"datePublished":"2021-10-11T00:27:23+00:00","dateModified":"2023-11-23T18:58:21+00:00","description":"Handgestrickte Pixelhaube aus pflanzlich gef\u00e4rbter kbT mulesingfreier Merinowolle f\u00fcr kalte Jahreszeiten.","breadcrumb":{"@id":"https:\/\/darynchook.com\/product\/handgestrickte-pixelmuetze-kbt-merinowolle\/#breadcrumb"},"inLanguage":"en-US","potentialAction":[{"@type":"ReadAction","target":["https:\/\/darynchook.com\/product\/handgestrickte-pixelmuetze-kbt-merinowolle\/"]}]},{"@type":"BreadcrumbList","@id":"https:\/\/darynchook.com\/product\/handgestrickte-pixelmuetze-kbt-merinowolle\/#breadcrumb","itemListElement":[{"@type":"ListItem","position":1,"name":"Home","item":"https:\/\/darynchook.com\/"},{"@type":"ListItem","position":2,"name":"Shop","item":"https:\/\/darynchook.com\/?page_id=6"},{"@type":"ListItem","position":3,"name":"Handgestrickte Pixelm\u00fctze, kbT Merinowolle"}]},{"@type":"WebSite","@id":"https:\/\/darynchook.com\/#website","url":"https:\/\/darynchook.com\/","name":"DARYN CHOOK | Made in Vienna","description":"DARYN CHOOK ist ein entschleunigtes, nachhaltiges und radikal transparentes Studio f\u00fcr Mode.","publisher":{"@id":"https:\/\/darynchook.com\/#organization"},"potentialAction":[{"@type":"SearchAction","target":{"@type":"EntryPoint","urlTemplate":"https:\/\/darynchook.com\/?s={search_term_string}"},"query-input":"required name=search_term_string"}],"inLanguage":"en-US"},{"@type":"Organization","@id":"https:\/\/darynchook.com\/#organization","name":"DARYN CHOOK","url":"https:\/\/darynchook.com\/","logo":{"@type":"ImageObject","inLanguage":"en-US","@id":"https:\/\/darynchook.com\/#\/schema\/logo\/image\/","url":"https:\/\/dev.darynchook.com\/wordpress\/wp-content\/uploads\/2021\/10\/DARYN-CHOOK-logo.png","contentUrl":"https:\/\/dev.darynchook.com\/wordpress\/wp-content\/uploads\/2021\/10\/DARYN-CHOOK-logo.png","width":686,"height":171,"caption":"DARYN CHOOK"},"image":{"@id":"https:\/\/darynchook.com\/#\/schema\/logo\/image\/"},"sameAs":["https:\/\/www.facebook.com\/darynchook","https:\/\/www.instagram.com\/darynchook\/"]}]}},"_links":{"self":[{"href":"https:\/\/dev.darynchook.com\/en\/wp-json\/wp\/v3\/product\/5527"}],"collection":[{"href":"https:\/\/dev.darynchook.com\/en\/wp-json\/wp\/v3\/product"}],"about":[{"href":"https:\/\/dev.darynchook.com\/en\/wp-json\/wp\/v2\/types\/product"}],"version-history":[{"count":3,"href":"https:\/\/dev.darynchook.com\/en\/wp-json\/wp\/v3\/product\/5527\/revisions"}],"predecessor-version":[{"id":14245,"href":"https:\/\/dev.darynchook.com\/en\/wp-json\/wp\/v3\/product\/5527\/revisions\/14245"}],"wp:featuredmedia":[{"embeddable":true,"href":"https:\/\/dev.darynchook.com\/en\/wp-json\/wp\/v2\/media\/5563"}],"wp:attachment":[{"href":"https:\/\/dev.darynchook.com\/en\/wp-json\/wp\/v2\/media?parent=5527"}],"wp:term":[{"taxonomy":"product_cat","embeddable":true,"href":"https:\/\/dev.darynchook.com\/en\/wp-json\/wp\/v2\/product_cat?post=5527"},{"taxonomy":"product_tag","embeddable":true,"href":"https:\/\/dev.darynchook.com\/en\/wp-json\/wp\/v2\/product_tag?post=5527"}],"curies":[{"name":"wp","href":"https:\/\/api.w.org\/{rel}","templated":true}]}}