{"id":10746,"date":"2022-09-28T20:11:37","date_gmt":"2022-09-28T18:11:37","guid":{"rendered":"https:\/\/dev.darynchook.com\/?page_id=10746"},"modified":"2023-07-17T15:49:06","modified_gmt":"2023-07-17T13:49:06","slug":"stores","status":"publish","type":"page","link":"https:\/\/dev.darynchook.com\/fr\/stores\/","title":{"rendered":"Stores"},"content":{"rendered":"<div data-elementor-type=\"wp-page\" data-elementor-id=\"10746\" class=\"elementor elementor-10746\">\n\t\t\t\t\t\t\t\t\t<section class=\"elementor-section elementor-top-section elementor-element elementor-element-5af29747 elementor-section-full_width elementor-section-height-default elementor-section-height-default\" data-id=\"5af29747\" data-element_type=\"section\" data-settings=\"{&quot;background_background&quot;:&quot;classic&quot;}\">\n\t\t\t\t\t\t<div class=\"elementor-container elementor-column-gap-default\">\n\t\t\t\t\t<div class=\"elementor-column elementor-col-100 elementor-top-column elementor-element elementor-element-8c574d7\" data-id=\"8c574d7\" data-element_type=\"column\">\n\t\t\t<div class=\"elementor-widget-wrap elementor-element-populated\">\n\t\t\t\t\t\t\t\t<div class=\"elementor-element elementor-element-9081e77 elementor-widget elementor-widget-text-editor\" data-id=\"9081e77\" data-element_type=\"widget\" data-widget_type=\"text-editor.default\">\n\t\t\t\t<div class=\"elementor-widget-container\">\n\t\t\t\t\t\t\t<p>Actuellement, nous vendons exclusivement dans des magasins soigneusement s\u00e9lectionn\u00e9s et nous les consid\u00e9rons comme des partenaires et des ambassadeurs de notre marque et de notre philosophie.<\/p>\t\t\t\t\t\t<\/div>\n\t\t\t\t<\/div>\n\t\t\t\t\t<\/div>\n\t\t<\/div>\n\t\t\t\t\t\t\t<\/div>\n\t\t<\/section>\n\t\t\t\t<section class=\"elementor-section elementor-top-section elementor-element elementor-element-13d6577 elementor-section-boxed elementor-section-height-default elementor-section-height-default\" data-id=\"13d6577\" data-element_type=\"section\">\n\t\t\t\t\t\t<div class=\"elementor-container elementor-column-gap-default\">\n\t\t\t\t\t<div class=\"elementor-column elementor-col-100 elementor-top-column elementor-element elementor-element-108b55c\" data-id=\"108b55c\" data-element_type=\"column\">\n\t\t\t<div class=\"elementor-widget-wrap elementor-element-populated\">\n\t\t\t\t\t\t\t\t<div class=\"elementor-element elementor-element-c6139b8 elementor-widget elementor-widget-spacer\" data-id=\"c6139b8\" data-element_type=\"widget\" data-widget_type=\"spacer.default\">\n\t\t\t\t<div class=\"elementor-widget-container\">\n\t\t\t\t\t<div class=\"elementor-spacer\">\n\t\t\t<div class=\"elementor-spacer-inner\"><\/div>\n\t\t<\/div>\n\t\t\t\t<\/div>\n\t\t\t\t<\/div>\n\t\t\t\t\t<\/div>\n\t\t<\/div>\n\t\t\t\t\t\t\t<\/div>\n\t\t<\/section>\n\t\t\t\t<section class=\"elementor-section elementor-top-section elementor-element elementor-element-26bcede elementor-section-full_width elementor-section-height-default elementor-section-height-default\" data-id=\"26bcede\" data-element_type=\"section\">\n\t\t\t\t\t\t<div class=\"elementor-container elementor-column-gap-default\">\n\t\t\t\t\t<div class=\"elementor-column elementor-col-33 elementor-top-column elementor-element elementor-element-28c9c45\" data-id=\"28c9c45\" data-element_type=\"column\">\n\t\t\t<div class=\"elementor-widget-wrap elementor-element-populated\">\n\t\t\t\t\t\t\t\t<div class=\"elementor-element elementor-element-afb0ef4 elementor-widget elementor-widget-text-editor\" data-id=\"afb0ef4\" data-element_type=\"widget\" data-widget_type=\"text-editor.default\">\n\t\t\t\t<div class=\"elementor-widget-container\">\n\t\t\t\t\t\t\t<h2>Pop-up store\u00a0<\/h2>\t\t\t\t\t\t<\/div>\n\t\t\t\t<\/div>\n\t\t\t\t\t<\/div>\n\t\t<\/div>\n\t\t\t\t<div class=\"elementor-column elementor-col-33 elementor-top-column elementor-element elementor-element-a133fa4\" data-id=\"a133fa4\" data-element_type=\"column\">\n\t\t\t<div class=\"elementor-widget-wrap elementor-element-populated\">\n\t\t\t\t\t\t\t\t<div class=\"elementor-element elementor-element-c2efa79 elementor-widget elementor-widget-text-editor\" data-id=\"c2efa79\" data-element_type=\"widget\" data-widget_type=\"text-editor.default\">\n\t\t\t\t<div class=\"elementor-widget-container\">\n\t\t\t\t\t\t\t<p>Notre pop-up store a beaucoup voyag\u00e9 et a d\u00e9j\u00e0 vu des endroits fantastiques.<\/p><p>Du salon annuel du design Blickfang au Prater de Vienne et autres happenings temporaires.<\/p><p>Si vous \u00eates int\u00e9ress\u00e9(e) par une collaboration, veuillez contacter<br \/><a href=\"mailto:office@darynchook.com\"><span style=\"text-decoration: underline;\">Courrier \u00e9lectronique<\/span><\/a> signaler.<\/p>\t\t\t\t\t\t<\/div>\n\t\t\t\t<\/div>\n\t\t\t\t\t<\/div>\n\t\t<\/div>\n\t\t\t\t<div class=\"elementor-column elementor-col-33 elementor-top-column elementor-element elementor-element-dd417d7\" data-id=\"dd417d7\" data-element_type=\"column\">\n\t\t\t<div class=\"elementor-widget-wrap elementor-element-populated\">\n\t\t\t\t\t\t\t\t<div class=\"elementor-element elementor-element-b55fdf5 elementor-widget elementor-widget-image\" data-id=\"b55fdf5\" data-element_type=\"widget\" data-widget_type=\"image.default\">\n\t\t\t\t<div class=\"elementor-widget-container\">\n\t\t\t\t\t\t\t\t\t\t\t\t\t\t\t<img decoding=\"async\" width=\"953\" height=\"538\" src=\"https:\/\/dev.darynchook.com\/wordpress\/wp-content\/uploads\/2022\/09\/DARYN_CHOOK_Popup_outdoor2.jpg\" class=\"attachment-full size-full wp-image-10830 wvs-archive-product-image\" alt=\"\" loading=\"lazy\" srcset=\"https:\/\/dev.darynchook.com\/wordpress\/wp-content\/uploads\/2022\/09\/DARYN_CHOOK_Popup_outdoor2.jpg 953w, https:\/\/dev.darynchook.com\/wordpress\/wp-content\/uploads\/2022\/09\/DARYN_CHOOK_Popup_outdoor2-300x169.jpg 300w, https:\/\/dev.darynchook.com\/wordpress\/wp-content\/uploads\/2022\/09\/DARYN_CHOOK_Popup_outdoor2-768x434.jpg 768w, https:\/\/dev.darynchook.com\/wordpress\/wp-content\/uploads\/2022\/09\/DARYN_CHOOK_Popup_outdoor2-18x10.jpg 18w, https:\/\/dev.darynchook.com\/wordpress\/wp-content\/uploads\/2022\/09\/DARYN_CHOOK_Popup_outdoor2-590x333.jpg 590w\" sizes=\"(max-width: 953px) 100vw, 953px\" \/>\t\t\t\t\t\t\t\t\t\t\t\t\t\t\t<\/div>\n\t\t\t\t<\/div>\n\t\t\t\t\t<\/div>\n\t\t<\/div>\n\t\t\t\t\t\t\t<\/div>\n\t\t<\/section>\n\t\t\t\t<section class=\"elementor-section elementor-top-section elementor-element elementor-element-6fbe9f9 elementor-section-boxed elementor-section-height-default elementor-section-height-default\" data-id=\"6fbe9f9\" data-element_type=\"section\">\n\t\t\t\t\t\t<div class=\"elementor-container elementor-column-gap-default\">\n\t\t\t\t\t<div class=\"elementor-column elementor-col-100 elementor-top-column elementor-element elementor-element-df80f37\" data-id=\"df80f37\" data-element_type=\"column\">\n\t\t\t<div class=\"elementor-widget-wrap elementor-element-populated\">\n\t\t\t\t\t\t\t\t<div class=\"elementor-element elementor-element-4423d7e elementor-widget elementor-widget-spacer\" data-id=\"4423d7e\" data-element_type=\"widget\" data-widget_type=\"spacer.default\">\n\t\t\t\t<div class=\"elementor-widget-container\">\n\t\t\t\t\t<div class=\"elementor-spacer\">\n\t\t\t<div class=\"elementor-spacer-inner\"><\/div>\n\t\t<\/div>\n\t\t\t\t<\/div>\n\t\t\t\t<\/div>\n\t\t\t\t\t<\/div>\n\t\t<\/div>\n\t\t\t\t\t\t\t<\/div>\n\t\t<\/section>\n\t\t\t\t<section class=\"elementor-section elementor-top-section elementor-element elementor-element-35f77361 elementor-section-full_width elementor-section-height-default elementor-section-height-default\" data-id=\"35f77361\" data-element_type=\"section\" id=\"3_col_container\">\n\t\t\t\t\t\t<div class=\"elementor-container elementor-column-gap-default\">\n\t\t\t\t\t<div class=\"elementor-column elementor-col-33 elementor-top-column elementor-element elementor-element-756efc35\" data-id=\"756efc35\" data-element_type=\"column\">\n\t\t\t<div class=\"elementor-widget-wrap elementor-element-populated\">\n\t\t\t\t\t\t\t\t<div class=\"elementor-element elementor-element-2b1c802b elementor-widget elementor-widget-text-editor\" data-id=\"2b1c802b\" data-element_type=\"widget\" data-widget_type=\"text-editor.default\">\n\t\t\t\t<div class=\"elementor-widget-container\">\n\t\t\t\t\t\t\t<h2>Vienne\u00a0<br \/>Domus Vivendi<\/h2>\t\t\t\t\t\t<\/div>\n\t\t\t\t<\/div>\n\t\t\t\t\t<\/div>\n\t\t<\/div>\n\t\t\t\t<div class=\"elementor-column elementor-col-33 elementor-top-column elementor-element elementor-element-42ac306c\" data-id=\"42ac306c\" data-element_type=\"column\">\n\t\t\t<div class=\"elementor-widget-wrap elementor-element-populated\">\n\t\t\t\t\t\t\t\t<div class=\"elementor-element elementor-element-5db1ab9b elementor-widget elementor-widget-text-editor\" data-id=\"5db1ab9b\" data-element_type=\"widget\" data-widget_type=\"text-editor.default\">\n\t\t\t\t<div class=\"elementor-widget-container\">\n\t\t\t\t\t\t\t<p>5a, rue Westbahn<br \/>1070 Vienne<\/p><p>lun-ven 11h-19h<br \/>sam 12h-17h<\/p><p><a href=\"https:\/\/www.domusvivendi.store\/\" target=\"_blank\" rel=\"noopener\"><span style=\"text-decoration: underline;\">Site web<\/span><\/a><\/p>\t\t\t\t\t\t<\/div>\n\t\t\t\t<\/div>\n\t\t\t\t\t<\/div>\n\t\t<\/div>\n\t\t\t\t<div class=\"elementor-column elementor-col-33 elementor-top-column elementor-element elementor-element-7a72133\" data-id=\"7a72133\" data-element_type=\"column\">\n\t\t\t<div class=\"elementor-widget-wrap elementor-element-populated\">\n\t\t\t\t\t\t\t\t<div class=\"elementor-element elementor-element-b34b241 elementor-widget elementor-widget-image\" data-id=\"b34b241\" data-element_type=\"widget\" data-widget_type=\"image.default\">\n\t\t\t\t<div class=\"elementor-widget-container\">\n\t\t\t\t\t\t\t\t\t\t\t\t\t\t\t<img decoding=\"async\" width=\"953\" height=\"538\" src=\"https:\/\/dev.darynchook.com\/wordpress\/wp-content\/uploads\/2022\/09\/domus_vivendi.jpeg\" class=\"attachment-full size-full wp-image-10756 wvs-archive-product-image\" alt=\"\" loading=\"lazy\" srcset=\"https:\/\/dev.darynchook.com\/wordpress\/wp-content\/uploads\/2022\/09\/domus_vivendi.jpeg 953w, https:\/\/dev.darynchook.com\/wordpress\/wp-content\/uploads\/2022\/09\/domus_vivendi-300x169.jpeg 300w, https:\/\/dev.darynchook.com\/wordpress\/wp-content\/uploads\/2022\/09\/domus_vivendi-768x434.jpeg 768w, https:\/\/dev.darynchook.com\/wordpress\/wp-content\/uploads\/2022\/09\/domus_vivendi-18x10.jpeg 18w, https:\/\/dev.darynchook.com\/wordpress\/wp-content\/uploads\/2022\/09\/domus_vivendi-590x333.jpeg 590w\" sizes=\"(max-width: 953px) 100vw, 953px\" \/>\t\t\t\t\t\t\t\t\t\t\t\t\t\t\t<\/div>\n\t\t\t\t<\/div>\n\t\t\t\t\t<\/div>\n\t\t<\/div>\n\t\t\t\t\t\t\t<\/div>\n\t\t<\/section>\n\t\t\t\t<section class=\"elementor-section elementor-top-section elementor-element elementor-element-570ad0c elementor-section-boxed elementor-section-height-default elementor-section-height-default\" data-id=\"570ad0c\" data-element_type=\"section\">\n\t\t\t\t\t\t<div class=\"elementor-container elementor-column-gap-default\">\n\t\t\t\t\t<div class=\"elementor-column elementor-col-100 elementor-top-column elementor-element elementor-element-ff685e5\" data-id=\"ff685e5\" data-element_type=\"column\">\n\t\t\t<div class=\"elementor-widget-wrap elementor-element-populated\">\n\t\t\t\t\t\t\t\t<div class=\"elementor-element elementor-element-0822af4 elementor-widget elementor-widget-spacer\" data-id=\"0822af4\" data-element_type=\"widget\" data-widget_type=\"spacer.default\">\n\t\t\t\t<div class=\"elementor-widget-container\">\n\t\t\t\t\t<div class=\"elementor-spacer\">\n\t\t\t<div class=\"elementor-spacer-inner\"><\/div>\n\t\t<\/div>\n\t\t\t\t<\/div>\n\t\t\t\t<\/div>\n\t\t\t\t\t<\/div>\n\t\t<\/div>\n\t\t\t\t\t\t\t<\/div>\n\t\t<\/section>\n\t\t\t\t<section class=\"elementor-section elementor-top-section elementor-element elementor-element-8cb0f79 elementor-section-full_width elementor-section-height-default elementor-section-height-default\" data-id=\"8cb0f79\" data-element_type=\"section\">\n\t\t\t\t\t\t<div class=\"elementor-container elementor-column-gap-default\">\n\t\t\t\t\t<div class=\"elementor-column elementor-col-33 elementor-top-column elementor-element elementor-element-97ab45d\" data-id=\"97ab45d\" data-element_type=\"column\">\n\t\t\t<div class=\"elementor-widget-wrap elementor-element-populated\">\n\t\t\t\t\t\t\t\t<div class=\"elementor-element elementor-element-eaf041e elementor-widget elementor-widget-text-editor\" data-id=\"eaf041e\" data-element_type=\"widget\" data-widget_type=\"text-editor.default\">\n\t\t\t\t<div class=\"elementor-widget-container\">\n\t\t\t\t\t\t\t<h2>Graz<br \/>Sunsetstar<\/h2>\t\t\t\t\t\t<\/div>\n\t\t\t\t<\/div>\n\t\t\t\t\t<\/div>\n\t\t<\/div>\n\t\t\t\t<div class=\"elementor-column elementor-col-33 elementor-top-column elementor-element elementor-element-0971b0e\" data-id=\"0971b0e\" data-element_type=\"column\">\n\t\t\t<div class=\"elementor-widget-wrap elementor-element-populated\">\n\t\t\t\t\t\t\t\t<div class=\"elementor-element elementor-element-8ff0f0d elementor-widget elementor-widget-text-editor\" data-id=\"8ff0f0d\" data-element_type=\"widget\" data-widget_type=\"text-editor.default\">\n\t\t\t\t<div class=\"elementor-widget-container\">\n\t\t\t\t\t\t\t<p>10, rue de la Cour<br \/>8010 Graz<\/p><p>Lu-Di ferm\u00e9<br \/>du mercredi au vendredi de 11h \u00e0 19h<br \/>sam 10h-17h<\/p><p><a href=\"https:\/\/sunsetstar.com\/\" target=\"_blank\" rel=\"noopener\"><span style=\"text-decoration: underline;\">Site web<\/span><\/a><\/p>\t\t\t\t\t\t<\/div>\n\t\t\t\t<\/div>\n\t\t\t\t\t<\/div>\n\t\t<\/div>\n\t\t\t\t<div class=\"elementor-column elementor-col-33 elementor-top-column elementor-element elementor-element-71cdb3e\" data-id=\"71cdb3e\" data-element_type=\"column\">\n\t\t\t<div class=\"elementor-widget-wrap elementor-element-populated\">\n\t\t\t\t\t\t\t\t<div class=\"elementor-element elementor-element-1e1687c elementor-widget elementor-widget-image\" data-id=\"1e1687c\" data-element_type=\"widget\" data-widget_type=\"image.default\">\n\t\t\t\t<div class=\"elementor-widget-container\">\n\t\t\t\t\t\t\t\t\t\t\t\t\t\t\t<img decoding=\"async\" width=\"953\" height=\"538\" src=\"https:\/\/dev.darynchook.com\/wordpress\/wp-content\/uploads\/2022\/10\/sunsetstar_c_Stefan_Leitner_cropped.jpg\" class=\"attachment-full size-full wp-image-10979 wvs-archive-product-image\" alt=\"\" loading=\"lazy\" srcset=\"https:\/\/dev.darynchook.com\/wordpress\/wp-content\/uploads\/2022\/10\/sunsetstar_c_Stefan_Leitner_cropped.jpg 953w, https:\/\/dev.darynchook.com\/wordpress\/wp-content\/uploads\/2022\/10\/sunsetstar_c_Stefan_Leitner_cropped-300x169.jpg 300w, https:\/\/dev.darynchook.com\/wordpress\/wp-content\/uploads\/2022\/10\/sunsetstar_c_Stefan_Leitner_cropped-768x434.jpg 768w, https:\/\/dev.darynchook.com\/wordpress\/wp-content\/uploads\/2022\/10\/sunsetstar_c_Stefan_Leitner_cropped-18x10.jpg 18w, https:\/\/dev.darynchook.com\/wordpress\/wp-content\/uploads\/2022\/10\/sunsetstar_c_Stefan_Leitner_cropped-590x333.jpg 590w\" sizes=\"(max-width: 953px) 100vw, 953px\" \/>\t\t\t\t\t\t\t\t\t\t\t\t\t\t\t<\/div>\n\t\t\t\t<\/div>\n\t\t\t\t\t<\/div>\n\t\t<\/div>\n\t\t\t\t\t\t\t<\/div>\n\t\t<\/section>\n\t\t\t\t<section class=\"elementor-section elementor-top-section elementor-element elementor-element-72bde7f elementor-section-boxed elementor-section-height-default elementor-section-height-default\" data-id=\"72bde7f\" data-element_type=\"section\">\n\t\t\t\t\t\t<div class=\"elementor-container elementor-column-gap-default\">\n\t\t\t\t\t<div class=\"elementor-column elementor-col-100 elementor-top-column elementor-element elementor-element-ea33102\" data-id=\"ea33102\" data-element_type=\"column\">\n\t\t\t<div class=\"elementor-widget-wrap elementor-element-populated\">\n\t\t\t\t\t\t\t\t<div class=\"elementor-element elementor-element-4569ffb elementor-widget elementor-widget-spacer\" data-id=\"4569ffb\" data-element_type=\"widget\" data-widget_type=\"spacer.default\">\n\t\t\t\t<div class=\"elementor-widget-container\">\n\t\t\t\t\t<div class=\"elementor-spacer\">\n\t\t\t<div class=\"elementor-spacer-inner\"><\/div>\n\t\t<\/div>\n\t\t\t\t<\/div>\n\t\t\t\t<\/div>\n\t\t\t\t\t<\/div>\n\t\t<\/div>\n\t\t\t\t\t\t\t<\/div>\n\t\t<\/section>\n\t\t\t\t\t\t\t<\/div>","protected":false},"excerpt":{"rendered":"<p>Wir verkaufen derzeit ausschlie\u00dflich in sorgf\u00e4ltig ausgew\u00e4hlten Stores und sehen diese als Partner und Botschafter unserer Marke und Philosophie. Pop-up Store\u00a0 Unser Pop-up Store ist weit gereist und hat schon fantastische Orte gesehen. Von der j\u00e4hrlichen Design Messe Blickfang zum Wiener Prater und anderen tempor\u00e4ren Happenings. Bei Interesse einer Kollaboration bitte unterE-Mail melden. Wien\u00a0Domus Vivendi [&hellip;]<\/p>","protected":false},"author":3,"featured_media":0,"parent":0,"menu_order":0,"comment_status":"closed","ping_status":"closed","template":"","meta":[],"acf":[],"yoast_head":"<!-- This site is optimized with the Yoast SEO plugin v21.8.1 - https:\/\/yoast.com\/wordpress\/plugins\/seo\/ -->\n<title>DARYN CHOOK | Made in Vienna Stores<\/title>\n<meta name=\"description\" content=\"Unsere Auswahl bewegt sich in den Bereichen der biologisch abbaubaren, chemikalienfreien und umweltschonenden Materialien.\" \/>\n<meta name=\"robots\" content=\"index, follow, max-snippet:-1, max-image-preview:large, max-video-preview:-1\" \/>\n<link rel=\"canonical\" href=\"https:\/\/darynchook.com\/stores\/\" \/>\n<meta property=\"og:locale\" content=\"fr_FR\" \/>\n<meta property=\"og:type\" content=\"article\" \/>\n<meta property=\"og:title\" content=\"DARYN CHOOK | Made in Vienna Stores\" \/>\n<meta property=\"og:description\" content=\"Unsere Auswahl bewegt sich in den Bereichen der biologisch abbaubaren, chemikalienfreien und umweltschonenden Materialien.\" \/>\n<meta property=\"og:url\" content=\"https:\/\/darynchook.com\/stores\/\" \/>\n<meta property=\"og:site_name\" content=\"DARYN CHOOK | Made in Vienna\" \/>\n<meta property=\"article:publisher\" content=\"https:\/\/www.facebook.com\/darynchook\" \/>\n<meta property=\"article:modified_time\" content=\"2023-07-17T13:49:06+00:00\" \/>\n<meta property=\"og:image\" content=\"https:\/\/darynchook.com\/wordpress\/wp-content\/uploads\/2022\/09\/DARYN_CHOOK_Popup_outdoor2.jpg\" \/>\n<meta name=\"twitter:card\" content=\"summary_large_image\" \/>\n<meta name=\"twitter:label1\" content=\"Dur\u00e9e de lecture estim\u00e9e\" \/>\n\t<meta name=\"twitter:data1\" content=\"2 minutes\" \/>\n<script type=\"application\/ld+json\" class=\"yoast-schema-graph\">{\"@context\":\"https:\/\/schema.org\",\"@graph\":[{\"@type\":\"WebPage\",\"@id\":\"https:\/\/darynchook.com\/stores\/\",\"url\":\"https:\/\/darynchook.com\/stores\/\",\"name\":\"DARYN CHOOK | Made in Vienna Stores\",\"isPartOf\":{\"@id\":\"https:\/\/darynchook.com\/#website\"},\"datePublished\":\"2022-09-28T18:11:37+00:00\",\"dateModified\":\"2023-07-17T13:49:06+00:00\",\"description\":\"Unsere Auswahl bewegt sich in den Bereichen der biologisch abbaubaren, chemikalienfreien und umweltschonenden Materialien.\",\"breadcrumb\":{\"@id\":\"https:\/\/darynchook.com\/stores\/#breadcrumb\"},\"inLanguage\":\"fr-FR\",\"potentialAction\":[{\"@type\":\"ReadAction\",\"target\":[\"https:\/\/darynchook.com\/stores\/\"]}]},{\"@type\":\"BreadcrumbList\",\"@id\":\"https:\/\/darynchook.com\/stores\/#breadcrumb\",\"itemListElement\":[{\"@type\":\"ListItem\",\"position\":1,\"name\":\"Home\",\"item\":\"https:\/\/darynchook.com\/\"},{\"@type\":\"ListItem\",\"position\":2,\"name\":\"Materialien\"}]},{\"@type\":\"WebSite\",\"@id\":\"https:\/\/darynchook.com\/#website\",\"url\":\"https:\/\/darynchook.com\/\",\"name\":\"DARYN CHOOK | Made in Vienna\",\"description\":\"DARYN CHOOK ist ein entschleunigtes, nachhaltiges und radikal transparentes Studio f\u00fcr Mode.\",\"publisher\":{\"@id\":\"https:\/\/darynchook.com\/#organization\"},\"potentialAction\":[{\"@type\":\"SearchAction\",\"target\":{\"@type\":\"EntryPoint\",\"urlTemplate\":\"https:\/\/darynchook.com\/?s={search_term_string}\"},\"query-input\":\"required name=search_term_string\"}],\"inLanguage\":\"fr-FR\"},{\"@type\":\"Organization\",\"@id\":\"https:\/\/darynchook.com\/#organization\",\"name\":\"DARYN CHOOK\",\"url\":\"https:\/\/darynchook.com\/\",\"logo\":{\"@type\":\"ImageObject\",\"inLanguage\":\"fr-FR\",\"@id\":\"https:\/\/darynchook.com\/#\/schema\/logo\/image\/\",\"url\":\"https:\/\/dev.darynchook.com\/wordpress\/wp-content\/uploads\/2021\/10\/DARYN-CHOOK-logo.png\",\"contentUrl\":\"https:\/\/dev.darynchook.com\/wordpress\/wp-content\/uploads\/2021\/10\/DARYN-CHOOK-logo.png\",\"width\":686,\"height\":171,\"caption\":\"DARYN CHOOK\"},\"image\":{\"@id\":\"https:\/\/darynchook.com\/#\/schema\/logo\/image\/\"},\"sameAs\":[\"https:\/\/www.facebook.com\/darynchook\",\"https:\/\/www.instagram.com\/darynchook\/\"]}]}<\/script>\n<!-- \/ Yoast SEO plugin. -->","yoast_head_json":{"title":"DARYN CHOOK | Made in Vienna Stores","description":"Unsere Auswahl bewegt sich in den Bereichen der biologisch abbaubaren, chemikalienfreien und umweltschonenden Materialien.","robots":{"index":"index","follow":"follow","max-snippet":"max-snippet:-1","max-image-preview":"max-image-preview:large","max-video-preview":"max-video-preview:-1"},"canonical":"https:\/\/darynchook.com\/stores\/","og_locale":"fr_FR","og_type":"article","og_title":"DARYN CHOOK | Made in Vienna Stores","og_description":"Unsere Auswahl bewegt sich in den Bereichen der biologisch abbaubaren, chemikalienfreien und umweltschonenden Materialien.","og_url":"https:\/\/darynchook.com\/stores\/","og_site_name":"DARYN CHOOK | Made in Vienna","article_publisher":"https:\/\/www.facebook.com\/darynchook","article_modified_time":"2023-07-17T13:49:06+00:00","og_image":[{"url":"https:\/\/darynchook.com\/wordpress\/wp-content\/uploads\/2022\/09\/DARYN_CHOOK_Popup_outdoor2.jpg"}],"twitter_card":"summary_large_image","twitter_misc":{"Dur\u00e9e de lecture estim\u00e9e":"2 minutes"},"schema":{"@context":"https:\/\/schema.org","@graph":[{"@type":"WebPage","@id":"https:\/\/darynchook.com\/stores\/","url":"https:\/\/darynchook.com\/stores\/","name":"DARYN CHOOK | Made in Vienna Stores","isPartOf":{"@id":"https:\/\/darynchook.com\/#website"},"datePublished":"2022-09-28T18:11:37+00:00","dateModified":"2023-07-17T13:49:06+00:00","description":"Unsere Auswahl bewegt sich in den Bereichen der biologisch abbaubaren, chemikalienfreien und umweltschonenden Materialien.","breadcrumb":{"@id":"https:\/\/darynchook.com\/stores\/#breadcrumb"},"inLanguage":"fr-FR","potentialAction":[{"@type":"ReadAction","target":["https:\/\/darynchook.com\/stores\/"]}]},{"@type":"BreadcrumbList","@id":"https:\/\/darynchook.com\/stores\/#breadcrumb","itemListElement":[{"@type":"ListItem","position":1,"name":"Home","item":"https:\/\/darynchook.com\/"},{"@type":"ListItem","position":2,"name":"Materialien"}]},{"@type":"WebSite","@id":"https:\/\/darynchook.com\/#website","url":"https:\/\/darynchook.com\/","name":"DARYN CHOOK | Made in Vienna","description":"DARYN CHOOK ist ein entschleunigtes, nachhaltiges und radikal transparentes Studio f\u00fcr Mode.","publisher":{"@id":"https:\/\/darynchook.com\/#organization"},"potentialAction":[{"@type":"SearchAction","target":{"@type":"EntryPoint","urlTemplate":"https:\/\/darynchook.com\/?s={search_term_string}"},"query-input":"required name=search_term_string"}],"inLanguage":"fr-FR"},{"@type":"Organization","@id":"https:\/\/darynchook.com\/#organization","name":"DARYN CHOOK","url":"https:\/\/darynchook.com\/","logo":{"@type":"ImageObject","inLanguage":"fr-FR","@id":"https:\/\/darynchook.com\/#\/schema\/logo\/image\/","url":"https:\/\/dev.darynchook.com\/wordpress\/wp-content\/uploads\/2021\/10\/DARYN-CHOOK-logo.png","contentUrl":"https:\/\/dev.darynchook.com\/wordpress\/wp-content\/uploads\/2021\/10\/DARYN-CHOOK-logo.png","width":686,"height":171,"caption":"DARYN CHOOK"},"image":{"@id":"https:\/\/darynchook.com\/#\/schema\/logo\/image\/"},"sameAs":["https:\/\/www.facebook.com\/darynchook","https:\/\/www.instagram.com\/darynchook\/"]}]}},"_links":{"self":[{"href":"https:\/\/dev.darynchook.com\/fr\/wp-json\/wp\/v2\/pages\/10746"}],"collection":[{"href":"https:\/\/dev.darynchook.com\/fr\/wp-json\/wp\/v2\/pages"}],"about":[{"href":"https:\/\/dev.darynchook.com\/fr\/wp-json\/wp\/v2\/types\/page"}],"author":[{"embeddable":true,"href":"https:\/\/dev.darynchook.com\/fr\/wp-json\/wp\/v2\/users\/3"}],"replies":[{"embeddable":true,"href":"https:\/\/dev.darynchook.com\/fr\/wp-json\/wp\/v2\/comments?post=10746"}],"version-history":[{"count":6,"href":"https:\/\/dev.darynchook.com\/fr\/wp-json\/wp\/v2\/pages\/10746\/revisions"}],"predecessor-version":[{"id":14253,"href":"https:\/\/dev.darynchook.com\/fr\/wp-json\/wp\/v2\/pages\/10746\/revisions\/14253"}],"wp:attachment":[{"href":"https:\/\/dev.darynchook.com\/fr\/wp-json\/wp\/v2\/media?parent=10746"}],"curies":[{"name":"wp","href":"https:\/\/api.w.org\/{rel}","templated":true}]}}