{"id":18,"date":"2021-07-01T18:41:17","date_gmt":"2021-07-01T16:41:17","guid":{"rendered":"https:\/\/dev.darynchook.com\/wordpress\/?page_id=18"},"modified":"2023-02-07T19:57:48","modified_gmt":"2023-02-07T18:57:48","slug":"about","status":"publish","type":"page","link":"https:\/\/dev.darynchook.com\/fr\/about\/","title":{"rendered":"\u00c0 propos de"},"content":{"rendered":"<div data-elementor-type=\"wp-page\" data-elementor-id=\"18\" class=\"elementor elementor-18\">\n\t\t\t\t\t\t\t\t\t<section class=\"elementor-section elementor-top-section elementor-element elementor-element-5af29747 elementor-section-full_width elementor-section-height-default elementor-section-height-default\" data-id=\"5af29747\" data-element_type=\"section\" data-settings=\"{&quot;background_background&quot;:&quot;classic&quot;}\">\n\t\t\t\t\t\t<div class=\"elementor-container elementor-column-gap-default\">\n\t\t\t\t\t<div class=\"elementor-column elementor-col-100 elementor-top-column elementor-element elementor-element-8c574d7\" data-id=\"8c574d7\" data-element_type=\"column\">\n\t\t\t<div class=\"elementor-widget-wrap elementor-element-populated\">\n\t\t\t\t\t\t\t\t<div class=\"elementor-element elementor-element-9081e77 elementor-widget elementor-widget-text-editor\" data-id=\"9081e77\" data-element_type=\"widget\" data-widget_type=\"text-editor.default\">\n\t\t\t\t<div class=\"elementor-widget-container\">\n\t\t\t\t\t\t\t<p>Nous sommes un studio de mode et de design d\u00e9c\u00e9l\u00e9r\u00e9, durable et radicalement transparent bas\u00e9 \u00e0 Vienne. Dans notre travail, nous combinons une esth\u00e9tique intemporelle, un design ergonomique et des finitions de qualit\u00e9, afin que nous puissions profiter de notre libert\u00e9 de mouvement au quotidien.<\/p>\t\t\t\t\t\t<\/div>\n\t\t\t\t<\/div>\n\t\t\t\t\t<\/div>\n\t\t<\/div>\n\t\t\t\t\t\t\t<\/div>\n\t\t<\/section>\n\t\t\t\t<section class=\"elementor-section elementor-top-section elementor-element elementor-element-08926ad elementor-section-full_width elementor-section-height-default elementor-section-height-default\" data-id=\"08926ad\" data-element_type=\"section\">\n\t\t\t\t\t\t<div class=\"elementor-container elementor-column-gap-default\">\n\t\t\t\t\t<div class=\"elementor-column elementor-col-33 elementor-top-column elementor-element elementor-element-60ebd4b\" data-id=\"60ebd4b\" data-element_type=\"column\">\n\t\t\t<div class=\"elementor-widget-wrap\">\n\t\t\t\t\t\t\t\t\t<\/div>\n\t\t<\/div>\n\t\t\t\t<div class=\"elementor-column elementor-col-33 elementor-top-column elementor-element elementor-element-b052b5b\" data-id=\"b052b5b\" data-element_type=\"column\">\n\t\t\t<div class=\"elementor-widget-wrap elementor-element-populated\">\n\t\t\t\t\t\t\t\t<div class=\"elementor-element elementor-element-53c8335 elementor-widget elementor-widget-text-editor\" data-id=\"53c8335\" data-element_type=\"widget\" data-widget_type=\"text-editor.default\">\n\t\t\t\t<div class=\"elementor-widget-container\">\n\t\t\t\t\t\t\t<p>\u00c0 propos de<\/p>\t\t\t\t\t\t<\/div>\n\t\t\t\t<\/div>\n\t\t\t\t\t<\/div>\n\t\t<\/div>\n\t\t\t\t<div class=\"elementor-column elementor-col-33 elementor-top-column elementor-element elementor-element-1b4b1f9\" data-id=\"1b4b1f9\" data-element_type=\"column\">\n\t\t\t<div class=\"elementor-widget-wrap\">\n\t\t\t\t\t\t\t\t\t<\/div>\n\t\t<\/div>\n\t\t\t\t\t\t\t<\/div>\n\t\t<\/section>\n\t\t\t\t<section class=\"elementor-section elementor-top-section elementor-element elementor-element-08784f7 elementor-section-full_width elementor-section-height-default elementor-section-height-default\" data-id=\"08784f7\" data-element_type=\"section\" id=\"3_col_container\">\n\t\t\t\t\t\t<div class=\"elementor-container elementor-column-gap-default\">\n\t\t\t\t\t<div class=\"elementor-column elementor-col-33 elementor-top-column elementor-element elementor-element-edac9e3\" data-id=\"edac9e3\" data-element_type=\"column\">\n\t\t\t<div class=\"elementor-widget-wrap elementor-element-populated\">\n\t\t\t\t\t\t\t\t<div class=\"elementor-element elementor-element-023161c elementor-widget elementor-widget-text-editor\" data-id=\"023161c\" data-element_type=\"widget\" data-widget_type=\"text-editor.default\">\n\t\t\t\t<div class=\"elementor-widget-container\">\n\t\t\t\t\t\t\t<p>Fabriqu\u00e9 \u00e0 Vienne<\/p>\t\t\t\t\t\t<\/div>\n\t\t\t\t<\/div>\n\t\t\t\t\t<\/div>\n\t\t<\/div>\n\t\t\t\t<div class=\"elementor-column elementor-col-33 elementor-top-column elementor-element elementor-element-6c1b870\" data-id=\"6c1b870\" data-element_type=\"column\">\n\t\t\t<div class=\"elementor-widget-wrap elementor-element-populated\">\n\t\t\t\t\t\t\t\t<div class=\"elementor-element elementor-element-9d569de elementor-widget elementor-widget-text-editor\" data-id=\"9d569de\" data-element_type=\"widget\" data-widget_type=\"text-editor.default\">\n\t\t\t\t<div class=\"elementor-widget-container\">\n\t\t\t\t\t\t\t<p>Nous ne suivons pas les tendances et voulons que les v\u00eatements soient port\u00e9s pendant de nombreuses ann\u00e9es. D'o\u00f9 l'exigence syst\u00e9matique d'une esth\u00e9tique intemporelle et d'un design ergonomique. Production uniquement sur commande, ce qui nous permet de garder le contr\u00f4le sur l'ensemble du processus de production. Nous \u00e9vitons ainsi la surproduction et r\u00e9duisons les d\u00e9chets. Une transparence radicale, des mat\u00e9riaux \u00e0 la fixation des prix.<br \/><br \/>Nous misons sur des v\u00eatements \u00e9l\u00e9gants et fonctionnels qui s'adaptent \u00e0 tous les temps et \u00e0 toutes les situations, sans pour autant n\u00e9gliger l'aspect mode. Notre objectif principal est de c\u00e9l\u00e9brer le mouvement, la libert\u00e9 et l'individualit\u00e9 de l'\u00eatre humain.<\/p><div>\u00a0<\/div>\t\t\t\t\t\t<\/div>\n\t\t\t\t<\/div>\n\t\t\t\t\t<\/div>\n\t\t<\/div>\n\t\t\t\t<div class=\"elementor-column elementor-col-33 elementor-top-column elementor-element elementor-element-9207eac\" data-id=\"9207eac\" data-element_type=\"column\">\n\t\t\t<div class=\"elementor-widget-wrap elementor-element-populated\">\n\t\t\t\t\t\t\t\t<div class=\"elementor-element elementor-element-3cfca26 elementor-widget elementor-widget-image\" data-id=\"3cfca26\" data-element_type=\"widget\" data-widget_type=\"image.default\">\n\t\t\t\t<div class=\"elementor-widget-container\">\n\t\t\t\t\t\t\t\t\t\t\t\t\t\t\t<img decoding=\"async\" width=\"953\" height=\"538\" src=\"https:\/\/dev.darynchook.com\/wordpress\/wp-content\/uploads\/2021\/10\/Darynchook-About-1.png\" class=\"attachment-full size-full wp-image-6393 wvs-archive-product-image\" alt=\"\" loading=\"lazy\" srcset=\"https:\/\/dev.darynchook.com\/wordpress\/wp-content\/uploads\/2021\/10\/Darynchook-About-1.png 953w, https:\/\/dev.darynchook.com\/wordpress\/wp-content\/uploads\/2021\/10\/Darynchook-About-1-300x169.png 300w, https:\/\/dev.darynchook.com\/wordpress\/wp-content\/uploads\/2021\/10\/Darynchook-About-1-768x434.png 768w, https:\/\/dev.darynchook.com\/wordpress\/wp-content\/uploads\/2021\/10\/Darynchook-About-1-18x10.png 18w, https:\/\/dev.darynchook.com\/wordpress\/wp-content\/uploads\/2021\/10\/Darynchook-About-1-590x333.png 590w\" sizes=\"(max-width: 953px) 100vw, 953px\" \/>\t\t\t\t\t\t\t\t\t\t\t\t\t\t\t<\/div>\n\t\t\t\t<\/div>\n\t\t\t\t\t<\/div>\n\t\t<\/div>\n\t\t\t\t\t\t\t<\/div>\n\t\t<\/section>\n\t\t\t\t\t\t\t<\/div>","protected":false},"excerpt":{"rendered":"<p>Wir sind ein entschleunigtes, nachhaltiges und radikal transparentes Studio f\u00fcr Mode und Design aus Wien. In unserer Arbeit vereinen wir zeitlose \u00c4sthetik, ergonomisches Design und qualitative Verarbeitung, damit wir unsere Bewegungsfreiheit im Alltag genie\u00dfen k\u00f6nnen. About Made in Vienna Wir orientieren uns nicht an Trends und wollen, dass die Kleidung viele Jahre getragen wird. Daher [&hellip;]<\/p>","protected":false},"author":3,"featured_media":0,"parent":0,"menu_order":0,"comment_status":"closed","ping_status":"closed","template":"","meta":[],"acf":[],"yoast_head":"<!-- This site is optimized with the Yoast SEO plugin v21.8.1 - https:\/\/yoast.com\/wordpress\/plugins\/seo\/ -->\n<title>About<\/title>\n<meta name=\"description\" content=\"Wir wollen das unsere Kleidung viele Jahre getragen wird. Daher auch der konsequente Anspruch an zeitloser \u00c4sthetik und ergonomischem Design.\" \/>\n<meta name=\"robots\" content=\"index, follow, max-snippet:-1, max-image-preview:large, max-video-preview:-1\" \/>\n<link rel=\"canonical\" href=\"https:\/\/darynchook.com\/about\/\" \/>\n<meta property=\"og:locale\" content=\"fr_FR\" \/>\n<meta property=\"og:type\" content=\"article\" \/>\n<meta property=\"og:title\" content=\"About\" \/>\n<meta property=\"og:description\" content=\"Wir wollen das unsere Kleidung viele Jahre getragen wird. Daher auch der konsequente Anspruch an zeitloser \u00c4sthetik und ergonomischem Design.\" \/>\n<meta property=\"og:url\" content=\"https:\/\/darynchook.com\/about\/\" \/>\n<meta property=\"og:site_name\" content=\"DARYN CHOOK | Made in Vienna\" \/>\n<meta property=\"article:publisher\" content=\"https:\/\/www.facebook.com\/darynchook\" \/>\n<meta property=\"article:modified_time\" content=\"2023-02-07T18:57:48+00:00\" \/>\n<meta property=\"og:image\" content=\"https:\/\/darynchook.com\/wordpress\/wp-content\/uploads\/2021\/10\/Darynchook-About-1.png\" \/>\n<meta name=\"twitter:card\" content=\"summary_large_image\" \/>\n<meta name=\"twitter:label1\" content=\"Dur\u00e9e de lecture estim\u00e9e\" \/>\n\t<meta name=\"twitter:data1\" content=\"1 minute\" \/>\n<script type=\"application\/ld+json\" class=\"yoast-schema-graph\">{\"@context\":\"https:\/\/schema.org\",\"@graph\":[{\"@type\":\"WebPage\",\"@id\":\"https:\/\/darynchook.com\/about\/\",\"url\":\"https:\/\/darynchook.com\/about\/\",\"name\":\"About\",\"isPartOf\":{\"@id\":\"https:\/\/darynchook.com\/#website\"},\"datePublished\":\"2021-07-01T16:41:17+00:00\",\"dateModified\":\"2023-02-07T18:57:48+00:00\",\"description\":\"Wir wollen das unsere Kleidung viele Jahre getragen wird. Daher auch der konsequente Anspruch an zeitloser \u00c4sthetik und ergonomischem Design.\",\"breadcrumb\":{\"@id\":\"https:\/\/darynchook.com\/about\/#breadcrumb\"},\"inLanguage\":\"fr-FR\",\"potentialAction\":[{\"@type\":\"ReadAction\",\"target\":[\"https:\/\/darynchook.com\/about\/\"]}]},{\"@type\":\"BreadcrumbList\",\"@id\":\"https:\/\/darynchook.com\/about\/#breadcrumb\",\"itemListElement\":[{\"@type\":\"ListItem\",\"position\":1,\"name\":\"Home\",\"item\":\"https:\/\/darynchook.com\/\"},{\"@type\":\"ListItem\",\"position\":2,\"name\":\"About\"}]},{\"@type\":\"WebSite\",\"@id\":\"https:\/\/darynchook.com\/#website\",\"url\":\"https:\/\/darynchook.com\/\",\"name\":\"DARYN CHOOK | Made in Vienna\",\"description\":\"DARYN CHOOK ist ein entschleunigtes, nachhaltiges und radikal transparentes Studio f\u00fcr Mode.\",\"publisher\":{\"@id\":\"https:\/\/darynchook.com\/#organization\"},\"potentialAction\":[{\"@type\":\"SearchAction\",\"target\":{\"@type\":\"EntryPoint\",\"urlTemplate\":\"https:\/\/darynchook.com\/?s={search_term_string}\"},\"query-input\":\"required name=search_term_string\"}],\"inLanguage\":\"fr-FR\"},{\"@type\":\"Organization\",\"@id\":\"https:\/\/darynchook.com\/#organization\",\"name\":\"DARYN CHOOK\",\"url\":\"https:\/\/darynchook.com\/\",\"logo\":{\"@type\":\"ImageObject\",\"inLanguage\":\"fr-FR\",\"@id\":\"https:\/\/darynchook.com\/#\/schema\/logo\/image\/\",\"url\":\"https:\/\/dev.darynchook.com\/wordpress\/wp-content\/uploads\/2021\/10\/DARYN-CHOOK-logo.png\",\"contentUrl\":\"https:\/\/dev.darynchook.com\/wordpress\/wp-content\/uploads\/2021\/10\/DARYN-CHOOK-logo.png\",\"width\":686,\"height\":171,\"caption\":\"DARYN CHOOK\"},\"image\":{\"@id\":\"https:\/\/darynchook.com\/#\/schema\/logo\/image\/\"},\"sameAs\":[\"https:\/\/www.facebook.com\/darynchook\",\"https:\/\/www.instagram.com\/darynchook\/\"]}]}<\/script>\n<!-- \/ Yoast SEO plugin. -->","yoast_head_json":{"title":"About","description":"Wir wollen das unsere Kleidung viele Jahre getragen wird. Daher auch der konsequente Anspruch an zeitloser \u00c4sthetik und ergonomischem Design.","robots":{"index":"index","follow":"follow","max-snippet":"max-snippet:-1","max-image-preview":"max-image-preview:large","max-video-preview":"max-video-preview:-1"},"canonical":"https:\/\/darynchook.com\/about\/","og_locale":"fr_FR","og_type":"article","og_title":"About","og_description":"Wir wollen das unsere Kleidung viele Jahre getragen wird. Daher auch der konsequente Anspruch an zeitloser \u00c4sthetik und ergonomischem Design.","og_url":"https:\/\/darynchook.com\/about\/","og_site_name":"DARYN CHOOK | Made in Vienna","article_publisher":"https:\/\/www.facebook.com\/darynchook","article_modified_time":"2023-02-07T18:57:48+00:00","og_image":[{"url":"https:\/\/darynchook.com\/wordpress\/wp-content\/uploads\/2021\/10\/Darynchook-About-1.png"}],"twitter_card":"summary_large_image","twitter_misc":{"Dur\u00e9e de lecture estim\u00e9e":"1 minute"},"schema":{"@context":"https:\/\/schema.org","@graph":[{"@type":"WebPage","@id":"https:\/\/darynchook.com\/about\/","url":"https:\/\/darynchook.com\/about\/","name":"About","isPartOf":{"@id":"https:\/\/darynchook.com\/#website"},"datePublished":"2021-07-01T16:41:17+00:00","dateModified":"2023-02-07T18:57:48+00:00","description":"Wir wollen das unsere Kleidung viele Jahre getragen wird. Daher auch der konsequente Anspruch an zeitloser \u00c4sthetik und ergonomischem Design.","breadcrumb":{"@id":"https:\/\/darynchook.com\/about\/#breadcrumb"},"inLanguage":"fr-FR","potentialAction":[{"@type":"ReadAction","target":["https:\/\/darynchook.com\/about\/"]}]},{"@type":"BreadcrumbList","@id":"https:\/\/darynchook.com\/about\/#breadcrumb","itemListElement":[{"@type":"ListItem","position":1,"name":"Home","item":"https:\/\/darynchook.com\/"},{"@type":"ListItem","position":2,"name":"About"}]},{"@type":"WebSite","@id":"https:\/\/darynchook.com\/#website","url":"https:\/\/darynchook.com\/","name":"DARYN CHOOK | Made in Vienna","description":"DARYN CHOOK ist ein entschleunigtes, nachhaltiges und radikal transparentes Studio f\u00fcr Mode.","publisher":{"@id":"https:\/\/darynchook.com\/#organization"},"potentialAction":[{"@type":"SearchAction","target":{"@type":"EntryPoint","urlTemplate":"https:\/\/darynchook.com\/?s={search_term_string}"},"query-input":"required name=search_term_string"}],"inLanguage":"fr-FR"},{"@type":"Organization","@id":"https:\/\/darynchook.com\/#organization","name":"DARYN CHOOK","url":"https:\/\/darynchook.com\/","logo":{"@type":"ImageObject","inLanguage":"fr-FR","@id":"https:\/\/darynchook.com\/#\/schema\/logo\/image\/","url":"https:\/\/dev.darynchook.com\/wordpress\/wp-content\/uploads\/2021\/10\/DARYN-CHOOK-logo.png","contentUrl":"https:\/\/dev.darynchook.com\/wordpress\/wp-content\/uploads\/2021\/10\/DARYN-CHOOK-logo.png","width":686,"height":171,"caption":"DARYN CHOOK"},"image":{"@id":"https:\/\/darynchook.com\/#\/schema\/logo\/image\/"},"sameAs":["https:\/\/www.facebook.com\/darynchook","https:\/\/www.instagram.com\/darynchook\/"]}]}},"_links":{"self":[{"href":"https:\/\/dev.darynchook.com\/fr\/wp-json\/wp\/v2\/pages\/18"}],"collection":[{"href":"https:\/\/dev.darynchook.com\/fr\/wp-json\/wp\/v2\/pages"}],"about":[{"href":"https:\/\/dev.darynchook.com\/fr\/wp-json\/wp\/v2\/types\/page"}],"author":[{"embeddable":true,"href":"https:\/\/dev.darynchook.com\/fr\/wp-json\/wp\/v2\/users\/3"}],"replies":[{"embeddable":true,"href":"https:\/\/dev.darynchook.com\/fr\/wp-json\/wp\/v2\/comments?post=18"}],"version-history":[{"count":0,"href":"https:\/\/dev.darynchook.com\/fr\/wp-json\/wp\/v2\/pages\/18\/revisions"}],"wp:attachment":[{"href":"https:\/\/dev.darynchook.com\/fr\/wp-json\/wp\/v2\/media?parent=18"}],"curies":[{"name":"wp","href":"https:\/\/api.w.org\/{rel}","templated":true}]}}