{"id":3493,"date":"2021-09-27T16:37:23","date_gmt":"2021-09-27T14:37:23","guid":{"rendered":"https:\/\/dev.darynchook.com\/wordpress\/?page_id=3493"},"modified":"2023-02-08T01:12:51","modified_gmt":"2023-02-08T00:12:51","slug":"datenschutz","status":"publish","type":"page","link":"https:\/\/dev.darynchook.com\/fr\/datenschutz\/","title":{"rendered":"Protection des donn\u00e9es"},"content":{"rendered":"<div data-elementor-type=\"wp-page\" data-elementor-id=\"3493\" class=\"elementor elementor-3493\">\n\t\t\t\t\t\t\t\t\t<section class=\"elementor-section elementor-top-section elementor-element elementor-element-74367457 elementor-section-full_width elementor-section-height-default elementor-section-height-default\" data-id=\"74367457\" data-element_type=\"section\" data-settings=\"{&quot;background_background&quot;:&quot;classic&quot;}\">\n\t\t\t\t\t\t<div class=\"elementor-container elementor-column-gap-default\">\n\t\t\t\t\t<div class=\"elementor-column elementor-col-100 elementor-top-column elementor-element elementor-element-42f8e5d4\" data-id=\"42f8e5d4\" data-element_type=\"column\">\n\t\t\t<div class=\"elementor-widget-wrap elementor-element-populated\">\n\t\t\t\t\t\t\t\t<div class=\"elementor-element elementor-element-38ad460f elementor-widget elementor-widget-text-editor\" data-id=\"38ad460f\" data-element_type=\"widget\" data-widget_type=\"text-editor.default\">\n\t\t\t\t<div class=\"elementor-widget-container\">\n\t\t\t\t\t\t\t<p><a name=\"decorator-ignored-entity-id-9\"><\/a><a name=\"decorator-ignored-entity-id-4\"><\/a> Nous sommes DARYN CHOOK, une entreprise bas\u00e9e \u00e0 Vienne, en Autriche. Lorsque tu ach\u00e8tes chez nous, ces conditions s'appliquent. Elles sont importantes pour nous deux, car elles expliquent ce que nous attendons les uns des autres, et elles te donnent \u00e9galement des informations utiles. Si tu as encore besoin de quelque chose, n'h\u00e9site pas \u00e0 nous contacter, nous serons ravis de t'accueillir !<\/p>\t\t\t\t\t\t<\/div>\n\t\t\t\t<\/div>\n\t\t\t\t\t<\/div>\n\t\t<\/div>\n\t\t\t\t\t\t\t<\/div>\n\t\t<\/section>\n\t\t\t\t<section class=\"elementor-section elementor-top-section elementor-element elementor-element-55e7d209 elementor-section-full_width elementor-section-height-default elementor-section-height-default\" data-id=\"55e7d209\" data-element_type=\"section\">\n\t\t\t\t\t\t<div class=\"elementor-container elementor-column-gap-default\">\n\t\t\t\t\t<div class=\"elementor-column elementor-col-16 elementor-top-column elementor-element elementor-element-69dfaf48\" data-id=\"69dfaf48\" data-element_type=\"column\">\n\t\t\t<div class=\"elementor-widget-wrap elementor-element-populated\">\n\t\t\t\t\t\t\t\t<div class=\"elementor-element elementor-element-14165201 elementor-widget elementor-widget-text-editor\" data-id=\"14165201\" data-element_type=\"widget\" data-widget_type=\"text-editor.default\">\n\t\t\t\t<div class=\"elementor-widget-container\">\n\t\t\t\t\t\t\t<p>Si\u00e8ge de l'entreprise : <br \/>DARYN CHOOK e.U.<br \/>100\/26, rue B\u00f6cklin<br \/>1020 Vienne<br \/>Autriche<\/p><p>\u00a0<\/p><p>T\u00e9l : +43 699 102 46 025<\/p><p>Tribunal de commerce de Vienne\u00a0<br \/>Num\u00e9ro de TVA : ATU69289218<\/p><p>Direction : Daryna Eder<\/p>\t\t\t\t\t\t<\/div>\n\t\t\t\t<\/div>\n\t\t\t\t\t<\/div>\n\t\t<\/div>\n\t\t\t\t<div class=\"elementor-column elementor-col-16 elementor-top-column elementor-element elementor-element-578f02ea\" data-id=\"578f02ea\" data-element_type=\"column\">\n\t\t\t<div class=\"elementor-widget-wrap elementor-element-populated\">\n\t\t\t\t\t\t\t\t<div class=\"elementor-element elementor-element-1b5e4e36 elementor-widget elementor-widget-text-editor\" data-id=\"1b5e4e36\" data-element_type=\"widget\" data-widget_type=\"text-editor.default\">\n\t\t\t\t<div class=\"elementor-widget-container\">\n\t\t\t\t\t\t\t\t\t\t\t\t\t<\/div>\n\t\t\t\t<\/div>\n\t\t\t\t\t<\/div>\n\t\t<\/div>\n\t\t\t\t<div class=\"elementor-column elementor-col-16 elementor-top-column elementor-element elementor-element-4787a396\" data-id=\"4787a396\" data-element_type=\"column\">\n\t\t\t<div class=\"elementor-widget-wrap elementor-element-populated\">\n\t\t\t\t\t\t\t\t<div class=\"elementor-element elementor-element-6d249b43 elementor-widget elementor-widget-text-editor\" data-id=\"6d249b43\" data-element_type=\"widget\" data-widget_type=\"text-editor.default\">\n\t\t\t\t<div class=\"elementor-widget-container\">\n\t\t\t\t\t\t\t<p>PROTECTION DE LA VIE PRIV\u00c9E<\/p>\t\t\t\t\t\t<\/div>\n\t\t\t\t<\/div>\n\t\t\t\t\t<\/div>\n\t\t<\/div>\n\t\t\t\t<div class=\"elementor-column elementor-col-16 elementor-top-column elementor-element elementor-element-794a082d\" data-id=\"794a082d\" data-element_type=\"column\">\n\t\t\t<div class=\"elementor-widget-wrap elementor-element-populated\">\n\t\t\t\t\t\t\t\t<div class=\"elementor-element elementor-element-59cfdae9 elementor-widget elementor-widget-text-editor\" data-id=\"59cfdae9\" data-element_type=\"widget\" data-widget_type=\"text-editor.default\">\n\t\t\t\t<div class=\"elementor-widget-container\">\n\t\t\t\t\t\t\t<p>OBLIGATIONS D'INFORMATION CONFORM\u00c9MENT \u00c0 L'ART. ART.13 RGPD<\/p><p>La protection de tes donn\u00e9es personnelles nous tient particuli\u00e8rement \u00e0 c\u0153ur. C'est pourquoi nous traitons tes donn\u00e9es personnelles (en abr\u00e9g\u00e9 \"donn\u00e9es\") exclusivement sur la base des dispositions l\u00e9gales. Avec cette d\u00e9claration de protection des donn\u00e9es, nous souhaitons t'informer de mani\u00e8re exhaustive sur le traitement de tes donn\u00e9es dans notre entreprise et sur les droits et pr\u00e9tentions dont tu disposes en mati\u00e8re de protection des donn\u00e9es, au sens de l'article 13 du R\u00e8glement g\u00e9n\u00e9ral europ\u00e9en sur la protection des donn\u00e9es (RGPD).<\/p><p>La protection de votre vie priv\u00e9e lors du traitement de vos donn\u00e9es personnelles est pour nous une pr\u00e9occupation majeure. Lorsque vous visitez notre site web, nos serveurs web enregistrent par d\u00e9faut l'IP de votre fournisseur d'acc\u00e8s Internet, le site web \u00e0 partir duquel vous nous visitez, les pages web que vous visitez chez nous ainsi que la date et la dur\u00e9e de votre visite. Ces informations sont imp\u00e9rativement n\u00e9cessaires \u00e0 la transmission technique des pages web et au fonctionnement s\u00e9curis\u00e9 du serveur. Nous ne proc\u00e9dons pas \u00e0 une \u00e9valuation personnalis\u00e9e de ces donn\u00e9es.<\/p><p>Si vous nous envoyez des donn\u00e9es via le formulaire de contact, ces donn\u00e9es sont enregistr\u00e9es sur nos serveurs dans le cadre de la sauvegarde des donn\u00e9es. Nous n'utiliserons vos donn\u00e9es que pour traiter votre demande. Vos donn\u00e9es sont trait\u00e9es de mani\u00e8re strictement confidentielle. Elles ne sont pas transmises \u00e0 des tiers.<\/p>\t\t\t\t\t\t<\/div>\n\t\t\t\t<\/div>\n\t\t\t\t\t<\/div>\n\t\t<\/div>\n\t\t\t\t<div class=\"elementor-column elementor-col-16 elementor-top-column elementor-element elementor-element-12682b30\" data-id=\"12682b30\" data-element_type=\"column\">\n\t\t\t<div class=\"elementor-widget-wrap elementor-element-populated\">\n\t\t\t\t\t\t\t\t<div class=\"elementor-element elementor-element-2c49614c elementor-widget elementor-widget-text-editor\" data-id=\"2c49614c\" data-element_type=\"widget\" data-widget_type=\"text-editor.default\">\n\t\t\t\t<div class=\"elementor-widget-container\">\n\t\t\t\t\t\t\t<p>COOKIES<\/p><p><br \/>DARYN CHOOK collecte des informations sur le comportement des clients sur le site web gr\u00e2ce \u00e0 l'utilisation de cookies. Les cookies sont de petits fichiers transmis par un serveur Internet \u00e0 votre navigateur et stock\u00e9s sur son disque dur. La base juridique de l'utilisation des cookies est l'article 6, paragraphe 1, point f du RGPD. Seule l'adresse de protocole Internet est enregistr\u00e9e - aucune autre donn\u00e9e personnelle. Cette information, qui est enregistr\u00e9e dans les cookies, permet de vous reconna\u00eetre automatiquement lors de votre prochaine visite sur notre site Internet, ce qui facilite votre utilisation.<\/p><p>Les cookies sont utilis\u00e9s pour personnaliser l'exp\u00e9rience d'achat en ligne des clients. Les cookies sont des fichiers fiables qui peuvent ex\u00e9cuter du code programm\u00e9, qui ne peuvent pas transmettre de virus et qui ne peuvent pas collecter des informations sur les clients en dehors du site. DARYN CHOOK n'utilise pas de cookies qui collectent ou stockent des informations priv\u00e9es. Le client a le choix de ne pas accepter les cookies. La plupart des navigateurs web te permettent de supprimer ou de bloquer les cookies et demandent l'accord du client avant d'enregistrer un cookie. Les cookies peuvent \u00eatre g\u00e9r\u00e9s dans les param\u00e8tres du navigateur web. N'oublie pas que le refus des cookies lors de la visite de darynchook.com peut avoir une influence sur la qualit\u00e9 de ton exp\u00e9rience d'achat.<\/p>\t\t\t\t\t\t<\/div>\n\t\t\t\t<\/div>\n\t\t\t\t\t<\/div>\n\t\t<\/div>\n\t\t\t\t<div class=\"elementor-column elementor-col-16 elementor-top-column elementor-element elementor-element-1d077118\" data-id=\"1d077118\" data-element_type=\"column\">\n\t\t\t<div class=\"elementor-widget-wrap elementor-element-populated\">\n\t\t\t\t\t\t\t\t<div class=\"elementor-element elementor-element-522a1873 elementor-widget elementor-widget-text-editor\" data-id=\"522a1873\" data-element_type=\"widget\" data-widget_type=\"text-editor.default\">\n\t\t\t\t<div class=\"elementor-widget-container\">\n\t\t\t\t\t\t\t<p>DARYN CHOOK utilise des cookies pour mettre \u00e0 jour le panier du client et des cookies sont \u00e9galement utilis\u00e9s dans le processus de paiement. Darynchook.com utilise g\u00e9n\u00e9ralement des cookies aux fins suivantes : fonctionnalit\u00e9 de l'utilisateur, statistiques, vente et publicit\u00e9. Les cookies fonctionnels sont utilis\u00e9s pour garantir que darynchook.com fonctionne comme pr\u00e9vu, ce qui, entre autres choses, permet \u00e0 nos clients d'ajouter des articles \u00e0 leur panier, de passer des commandes, etc. Aucune donn\u00e9e personnelle n'est enregistr\u00e9e et les cookies sont automatiquement supprim\u00e9s \u00e0 la fermeture du navigateur. Nous utilisons les services de Google (Google Analytics) pour collecter des statistiques web. Les cookies de ce fournisseur offrent la possibilit\u00e9 de voir quelles pages sont visit\u00e9es, les mod\u00e8les de trafic, etc. Ces informations sont utilis\u00e9es pour enregistrer et am\u00e9liorer l'exp\u00e9rience du client, ainsi que pour analyser le comportement d'achat et les campagnes publicitaires.<\/p>\t\t\t\t\t\t<\/div>\n\t\t\t\t<\/div>\n\t\t\t\t\t<\/div>\n\t\t<\/div>\n\t\t\t\t\t\t\t<\/div>\n\t\t<\/section>\n\t\t\t\t\t\t\t<\/div>","protected":false},"excerpt":{"rendered":"<p>Nous sommes DARYN CHOOK, une entreprise bas\u00e9e \u00e0 Vienne, en Autriche. Lorsque tu ach\u00e8tes chez nous, ces conditions s'appliquent. Elles sont importantes pour nous deux, car elles expliquent ce que nous attendons les uns des autres, et elles te donnent \u00e9galement des informations utiles. Si tu as encore besoin de quelque chose, contacte-nous, nous serons ravis de t'accueillir ! [...]<\/p>","protected":false},"author":3,"featured_media":0,"parent":0,"menu_order":0,"comment_status":"closed","ping_status":"closed","template":"","meta":[],"acf":[],"yoast_head":"<!-- This site is optimized with the Yoast SEO plugin v21.8.1 - https:\/\/yoast.com\/wordpress\/plugins\/seo\/ -->\n<title>Datenschutz<\/title>\n<meta name=\"robots\" content=\"index, follow, max-snippet:-1, max-image-preview:large, max-video-preview:-1\" \/>\n<link rel=\"canonical\" href=\"https:\/\/darynchook.com\/datenschutz\/\" \/>\n<meta property=\"og:locale\" content=\"fr_FR\" \/>\n<meta property=\"og:type\" content=\"article\" \/>\n<meta property=\"og:title\" content=\"Datenschutz\" \/>\n<meta property=\"og:description\" content=\"Wir sind DARYN CHOOK, ein Unternehmen mit Sitz in Wien, \u00d6sterreich. Wenn du bei uns einkaufst, gelten diese Bedingungen. Sie sind f\u00fcr uns beide wichtig, da sie darlegen, was wir voneinander erwarten, und sie geben Ihnen auch hilfreiche Informationen. Solltest du noch etwas ben\u00f6tigen, setze dich mit uns in Verbindung, wir freuen uns auf dich! [&hellip;]\" \/>\n<meta property=\"og:url\" content=\"https:\/\/darynchook.com\/datenschutz\/\" \/>\n<meta property=\"og:site_name\" content=\"DARYN CHOOK | Made in Vienna\" \/>\n<meta property=\"article:publisher\" content=\"https:\/\/www.facebook.com\/darynchook\" \/>\n<meta property=\"article:modified_time\" content=\"2023-02-08T00:12:51+00:00\" \/>\n<meta property=\"og:image\" content=\"https:\/\/dev.darynchook.com\/wordpress\/wp-content\/uploads\/2021\/10\/DARYNCHOOK_scoial.png\" \/>\n\t<meta property=\"og:image:width\" content=\"1200\" \/>\n\t<meta property=\"og:image:height\" content=\"628\" \/>\n\t<meta property=\"og:image:type\" content=\"image\/png\" \/>\n<meta name=\"twitter:card\" content=\"summary_large_image\" \/>\n<meta name=\"twitter:label1\" content=\"Dur\u00e9e de lecture estim\u00e9e\" \/>\n\t<meta name=\"twitter:data1\" content=\"4 minutes\" \/>\n<script type=\"application\/ld+json\" class=\"yoast-schema-graph\">{\"@context\":\"https:\/\/schema.org\",\"@graph\":[{\"@type\":\"WebPage\",\"@id\":\"https:\/\/darynchook.com\/datenschutz\/\",\"url\":\"https:\/\/darynchook.com\/datenschutz\/\",\"name\":\"Datenschutz\",\"isPartOf\":{\"@id\":\"https:\/\/darynchook.com\/#website\"},\"datePublished\":\"2021-09-27T14:37:23+00:00\",\"dateModified\":\"2023-02-08T00:12:51+00:00\",\"breadcrumb\":{\"@id\":\"https:\/\/darynchook.com\/datenschutz\/#breadcrumb\"},\"inLanguage\":\"fr-FR\",\"potentialAction\":[{\"@type\":\"ReadAction\",\"target\":[\"https:\/\/darynchook.com\/datenschutz\/\"]}]},{\"@type\":\"BreadcrumbList\",\"@id\":\"https:\/\/darynchook.com\/datenschutz\/#breadcrumb\",\"itemListElement\":[{\"@type\":\"ListItem\",\"position\":1,\"name\":\"Home\",\"item\":\"https:\/\/darynchook.com\/\"},{\"@type\":\"ListItem\",\"position\":2,\"name\":\"Datenschutz\"}]},{\"@type\":\"WebSite\",\"@id\":\"https:\/\/darynchook.com\/#website\",\"url\":\"https:\/\/darynchook.com\/\",\"name\":\"DARYN CHOOK | Made in Vienna\",\"description\":\"DARYN CHOOK ist ein entschleunigtes, nachhaltiges und radikal transparentes Studio f\u00fcr Mode.\",\"publisher\":{\"@id\":\"https:\/\/darynchook.com\/#organization\"},\"potentialAction\":[{\"@type\":\"SearchAction\",\"target\":{\"@type\":\"EntryPoint\",\"urlTemplate\":\"https:\/\/darynchook.com\/?s={search_term_string}\"},\"query-input\":\"required name=search_term_string\"}],\"inLanguage\":\"fr-FR\"},{\"@type\":\"Organization\",\"@id\":\"https:\/\/darynchook.com\/#organization\",\"name\":\"DARYN CHOOK\",\"url\":\"https:\/\/darynchook.com\/\",\"logo\":{\"@type\":\"ImageObject\",\"inLanguage\":\"fr-FR\",\"@id\":\"https:\/\/darynchook.com\/#\/schema\/logo\/image\/\",\"url\":\"https:\/\/dev.darynchook.com\/wordpress\/wp-content\/uploads\/2021\/10\/DARYN-CHOOK-logo.png\",\"contentUrl\":\"https:\/\/dev.darynchook.com\/wordpress\/wp-content\/uploads\/2021\/10\/DARYN-CHOOK-logo.png\",\"width\":686,\"height\":171,\"caption\":\"DARYN CHOOK\"},\"image\":{\"@id\":\"https:\/\/darynchook.com\/#\/schema\/logo\/image\/\"},\"sameAs\":[\"https:\/\/www.facebook.com\/darynchook\",\"https:\/\/www.instagram.com\/darynchook\/\"]}]}<\/script>\n<!-- \/ Yoast SEO plugin. -->","yoast_head_json":{"title":"Datenschutz","robots":{"index":"index","follow":"follow","max-snippet":"max-snippet:-1","max-image-preview":"max-image-preview:large","max-video-preview":"max-video-preview:-1"},"canonical":"https:\/\/darynchook.com\/datenschutz\/","og_locale":"fr_FR","og_type":"article","og_title":"Datenschutz","og_description":"Wir sind DARYN CHOOK, ein Unternehmen mit Sitz in Wien, \u00d6sterreich. Wenn du bei uns einkaufst, gelten diese Bedingungen. Sie sind f\u00fcr uns beide wichtig, da sie darlegen, was wir voneinander erwarten, und sie geben Ihnen auch hilfreiche Informationen. Solltest du noch etwas ben\u00f6tigen, setze dich mit uns in Verbindung, wir freuen uns auf dich! [&hellip;]","og_url":"https:\/\/darynchook.com\/datenschutz\/","og_site_name":"DARYN CHOOK | Made in Vienna","article_publisher":"https:\/\/www.facebook.com\/darynchook","article_modified_time":"2023-02-08T00:12:51+00:00","og_image":[{"width":1200,"height":628,"url":"https:\/\/dev.darynchook.com\/wordpress\/wp-content\/uploads\/2021\/10\/DARYNCHOOK_scoial.png","type":"image\/png"}],"twitter_card":"summary_large_image","twitter_misc":{"Dur\u00e9e de lecture estim\u00e9e":"4 minutes"},"schema":{"@context":"https:\/\/schema.org","@graph":[{"@type":"WebPage","@id":"https:\/\/darynchook.com\/datenschutz\/","url":"https:\/\/darynchook.com\/datenschutz\/","name":"Datenschutz","isPartOf":{"@id":"https:\/\/darynchook.com\/#website"},"datePublished":"2021-09-27T14:37:23+00:00","dateModified":"2023-02-08T00:12:51+00:00","breadcrumb":{"@id":"https:\/\/darynchook.com\/datenschutz\/#breadcrumb"},"inLanguage":"fr-FR","potentialAction":[{"@type":"ReadAction","target":["https:\/\/darynchook.com\/datenschutz\/"]}]},{"@type":"BreadcrumbList","@id":"https:\/\/darynchook.com\/datenschutz\/#breadcrumb","itemListElement":[{"@type":"ListItem","position":1,"name":"Home","item":"https:\/\/darynchook.com\/"},{"@type":"ListItem","position":2,"name":"Datenschutz"}]},{"@type":"WebSite","@id":"https:\/\/darynchook.com\/#website","url":"https:\/\/darynchook.com\/","name":"DARYN CHOOK | Made in Vienna","description":"DARYN CHOOK ist ein entschleunigtes, nachhaltiges und radikal transparentes Studio f\u00fcr Mode.","publisher":{"@id":"https:\/\/darynchook.com\/#organization"},"potentialAction":[{"@type":"SearchAction","target":{"@type":"EntryPoint","urlTemplate":"https:\/\/darynchook.com\/?s={search_term_string}"},"query-input":"required name=search_term_string"}],"inLanguage":"fr-FR"},{"@type":"Organization","@id":"https:\/\/darynchook.com\/#organization","name":"DARYN CHOOK","url":"https:\/\/darynchook.com\/","logo":{"@type":"ImageObject","inLanguage":"fr-FR","@id":"https:\/\/darynchook.com\/#\/schema\/logo\/image\/","url":"https:\/\/dev.darynchook.com\/wordpress\/wp-content\/uploads\/2021\/10\/DARYN-CHOOK-logo.png","contentUrl":"https:\/\/dev.darynchook.com\/wordpress\/wp-content\/uploads\/2021\/10\/DARYN-CHOOK-logo.png","width":686,"height":171,"caption":"DARYN CHOOK"},"image":{"@id":"https:\/\/darynchook.com\/#\/schema\/logo\/image\/"},"sameAs":["https:\/\/www.facebook.com\/darynchook","https:\/\/www.instagram.com\/darynchook\/"]}]}},"_links":{"self":[{"href":"https:\/\/dev.darynchook.com\/fr\/wp-json\/wp\/v2\/pages\/3493"}],"collection":[{"href":"https:\/\/dev.darynchook.com\/fr\/wp-json\/wp\/v2\/pages"}],"about":[{"href":"https:\/\/dev.darynchook.com\/fr\/wp-json\/wp\/v2\/types\/page"}],"author":[{"embeddable":true,"href":"https:\/\/dev.darynchook.com\/fr\/wp-json\/wp\/v2\/users\/3"}],"replies":[{"embeddable":true,"href":"https:\/\/dev.darynchook.com\/fr\/wp-json\/wp\/v2\/comments?post=3493"}],"version-history":[{"count":0,"href":"https:\/\/dev.darynchook.com\/fr\/wp-json\/wp\/v2\/pages\/3493\/revisions"}],"wp:attachment":[{"href":"https:\/\/dev.darynchook.com\/fr\/wp-json\/wp\/v2\/media?parent=3493"}],"curies":[{"name":"wp","href":"https:\/\/api.w.org\/{rel}","templated":true}]}}