{"id":5689,"date":"2021-10-11T03:28:25","date_gmt":"2021-10-11T01:28:25","guid":{"rendered":"https:\/\/dev.darynchook.com\/?page_id=5689"},"modified":"2023-07-17T16:07:41","modified_gmt":"2023-07-17T14:07:41","slug":"faq","status":"publish","type":"page","link":"https:\/\/dev.darynchook.com\/fr\/faq\/","title":{"rendered":"FAQ"},"content":{"rendered":"<div data-elementor-type=\"wp-page\" data-elementor-id=\"5689\" class=\"elementor elementor-5689\">\n\t\t\t\t\t\t\t\t\t<section class=\"elementor-section elementor-top-section elementor-element elementor-element-b6444ff elementor-section-full_width elementor-section-height-default elementor-section-height-default\" data-id=\"b6444ff\" data-element_type=\"section\">\n\t\t\t\t\t\t<div class=\"elementor-container elementor-column-gap-default\">\n\t\t\t\t\t<div class=\"elementor-column elementor-col-16 elementor-top-column elementor-element elementor-element-425b3702\" data-id=\"425b3702\" data-element_type=\"column\">\n\t\t\t<div class=\"elementor-widget-wrap elementor-element-populated\">\n\t\t\t\t\t\t\t\t<div class=\"elementor-element elementor-element-7fda1f01 elementor-widget elementor-widget-text-editor\" data-id=\"7fda1f01\" data-element_type=\"widget\" data-widget_type=\"text-editor.default\">\n\t\t\t\t<div class=\"elementor-widget-container\">\n\t\t\t\t\t\t\t\t\t\t\t\t\t<\/div>\n\t\t\t\t<\/div>\n\t\t\t\t\t<\/div>\n\t\t<\/div>\n\t\t\t\t<div class=\"elementor-column elementor-col-16 elementor-top-column elementor-element elementor-element-574809de\" data-id=\"574809de\" data-element_type=\"column\">\n\t\t\t<div class=\"elementor-widget-wrap elementor-element-populated\">\n\t\t\t\t\t\t\t\t<div class=\"elementor-element elementor-element-5da7ba46 elementor-widget elementor-widget-text-editor\" data-id=\"5da7ba46\" data-element_type=\"widget\" data-widget_type=\"text-editor.default\">\n\t\t\t\t<div class=\"elementor-widget-container\">\n\t\t\t\t\t\t\t\t\t\t\t\t\t<\/div>\n\t\t\t\t<\/div>\n\t\t\t\t\t<\/div>\n\t\t<\/div>\n\t\t\t\t<div class=\"elementor-column elementor-col-16 elementor-top-column elementor-element elementor-element-5d31e836\" data-id=\"5d31e836\" data-element_type=\"column\">\n\t\t\t<div class=\"elementor-widget-wrap elementor-element-populated\">\n\t\t\t\t\t\t\t\t<div class=\"elementor-element elementor-element-16b56f94 elementor-widget elementor-widget-text-editor\" data-id=\"16b56f94\" data-element_type=\"widget\" data-widget_type=\"text-editor.default\">\n\t\t\t\t<div class=\"elementor-widget-container\">\n\t\t\t\t\t\t\t<p>FAQ<\/p>\t\t\t\t\t\t<\/div>\n\t\t\t\t<\/div>\n\t\t\t\t\t<\/div>\n\t\t<\/div>\n\t\t\t\t<div class=\"elementor-column elementor-col-16 elementor-top-column elementor-element elementor-element-559cad25\" data-id=\"559cad25\" data-element_type=\"column\">\n\t\t\t<div class=\"elementor-widget-wrap elementor-element-populated\">\n\t\t\t\t\t\t\t\t<div class=\"elementor-element elementor-element-282637c2 elementor-widget elementor-widget-text-editor\" data-id=\"282637c2\" data-element_type=\"widget\" data-widget_type=\"text-editor.default\">\n\t\t\t\t<div class=\"elementor-widget-container\">\n\t\t\t\t\t\t\t<p>Y A-T-IL UNE GARANTIE ?<\/p><p>\u00a0<\/p><p>Nous avons l'ambition de fabriquer des produits de haute qualit\u00e9 dans le respect des normes sociales et \u00e9cologiques les plus strictes. Comme chacun de nos produits est fabriqu\u00e9 \u00e0 la main, il peut arriver qu'une erreur se produise. C'est pourquoi il est tr\u00e8s important pour nous d'\u00eatre au courant de toutes les imperfections et insatisfactions possibles afin de pouvoir continuer \u00e0 am\u00e9liorer nos produits et nos processus. Si tu d\u00e9couvres un d\u00e9faut sur un produit ou si tu n'es pas satisfait de la qualit\u00e9 d'une mani\u00e8re ou d'une autre, envoie-nous des photos par e-mail : <a href=\"mailto:help@darynchook.com\">help@darynchook.com<\/a><\/p><p>\u00a0<\/p><p>Beaucoup de nos produits incluent un service de r\u00e9paration gratuit dans notre atelier \u00e0 Vienne.<\/p>\t\t\t\t\t\t<\/div>\n\t\t\t\t<\/div>\n\t\t\t\t\t<\/div>\n\t\t<\/div>\n\t\t\t\t<div class=\"elementor-column elementor-col-16 elementor-top-column elementor-element elementor-element-2ba0604f\" data-id=\"2ba0604f\" data-element_type=\"column\">\n\t\t\t<div class=\"elementor-widget-wrap elementor-element-populated\">\n\t\t\t\t\t\t\t\t<div class=\"elementor-element elementor-element-70a5fe14 elementor-widget elementor-widget-text-editor\" data-id=\"70a5fe14\" data-element_type=\"widget\" data-widget_type=\"text-editor.default\">\n\t\t\t\t<div class=\"elementor-widget-container\">\n\t\t\t\t\t\t\t<p>O\u00d9 SONT FABRIQU\u00c9S LES PRODUITS ?<\/p><p>Nous fabriquons exclusivement en collaboration avec des entreprises familiales en Autriche, en Slovaquie et en Hongrie. Nous attachons une grande importance \u00e0 une longue expertise dans leur domaine et \u00e0 une atmosph\u00e8re de travail agr\u00e9able. Nous sommes en contact personnel avec nos partenaires de production* et visitons les ateliers plusieurs fois par an.<\/p><p>Nous achetons \u00e9galement nos mati\u00e8res premi\u00e8res dans la r\u00e9gion et travaillons avec des transformateurs* dans toute l'Europe. Pour certaines mati\u00e8res premi\u00e8res, comme le coton bio ou le TENCEL, nous ne pouvons pas nous approvisionner localement. Dans ce cas, nous travaillons avec des fournisseurs qui nous garantissent les normes sociales et \u00e9cologiques les plus \u00e9lev\u00e9es en mati\u00e8re de culture.<\/p>\t\t\t\t\t\t<\/div>\n\t\t\t\t<\/div>\n\t\t\t\t\t<\/div>\n\t\t<\/div>\n\t\t\t\t<div class=\"elementor-column elementor-col-16 elementor-top-column elementor-element elementor-element-67c73eba\" data-id=\"67c73eba\" data-element_type=\"column\">\n\t\t\t<div class=\"elementor-widget-wrap elementor-element-populated\">\n\t\t\t\t\t\t\t\t<div class=\"elementor-element elementor-element-8e66e6b elementor-widget elementor-widget-text-editor\" data-id=\"8e66e6b\" data-element_type=\"widget\" data-widget_type=\"text-editor.default\">\n\t\t\t\t<div class=\"elementor-widget-container\">\n\t\t\t\t\t\t\t\t\t\t\t\t\t<\/div>\n\t\t\t\t<\/div>\n\t\t\t\t\t<\/div>\n\t\t<\/div>\n\t\t\t\t\t\t\t<\/div>\n\t\t<\/section>\n\t\t\t\t\t\t\t<\/div>","protected":false},"excerpt":{"rendered":"<p>FAQ GIBT ES EINE GARANTIE? \u00a0 Wir haben den Anspruch hoch qualitative Produkte unter h\u00f6chsten sozialen und \u00f6kologischen Standards herzustellen. Da jedes unserer Produkte in Handarbeit hergestellt wird, kann mal ein Fehler unterlaufen. Deshalb ist es f\u00fcr uns sehr wichtig \u00fcber alle m\u00f6glichen Macken und Unzufriedenheiten Bescheid zu wissen um unsere Produkte und Prozesse immer [&hellip;]<\/p>","protected":false},"author":3,"featured_media":0,"parent":0,"menu_order":0,"comment_status":"closed","ping_status":"closed","template":"","meta":[],"acf":[],"yoast_head":"<!-- This site is optimized with the Yoast SEO plugin v21.8.1 - https:\/\/yoast.com\/wordpress\/plugins\/seo\/ -->\n<title>DARYN CHOOK | Made in Vienna | FAQ<\/title>\n<meta name=\"robots\" content=\"index, follow, max-snippet:-1, max-image-preview:large, max-video-preview:-1\" \/>\n<link rel=\"canonical\" href=\"https:\/\/darynchook.com\/faq\/\" \/>\n<meta property=\"og:locale\" content=\"fr_FR\" \/>\n<meta property=\"og:type\" content=\"article\" \/>\n<meta property=\"og:title\" content=\"DARYN CHOOK | Made in Vienna | FAQ\" \/>\n<meta property=\"og:description\" content=\"FAQ GIBT ES EINE GARANTIE? \u00a0 Wir haben den Anspruch hoch qualitative Produkte unter h\u00f6chsten sozialen und \u00f6kologischen Standards herzustellen. Da jedes unserer Produkte in Handarbeit hergestellt wird, kann mal ein Fehler unterlaufen. Deshalb ist es f\u00fcr uns sehr wichtig \u00fcber alle m\u00f6glichen Macken und Unzufriedenheiten Bescheid zu wissen um unsere Produkte und Prozesse immer [&hellip;]\" \/>\n<meta property=\"og:url\" content=\"https:\/\/darynchook.com\/faq\/\" \/>\n<meta property=\"og:site_name\" content=\"DARYN CHOOK | Made in Vienna\" \/>\n<meta property=\"article:publisher\" content=\"https:\/\/www.facebook.com\/darynchook\" \/>\n<meta property=\"article:modified_time\" content=\"2023-07-17T14:07:41+00:00\" \/>\n<meta property=\"og:image\" content=\"https:\/\/dev.darynchook.com\/wordpress\/wp-content\/uploads\/2021\/10\/DARYNCHOOK_scoial.png\" \/>\n\t<meta property=\"og:image:width\" content=\"1200\" \/>\n\t<meta property=\"og:image:height\" content=\"628\" \/>\n\t<meta property=\"og:image:type\" content=\"image\/png\" \/>\n<meta name=\"twitter:card\" content=\"summary_large_image\" \/>\n<meta name=\"twitter:label1\" content=\"Dur\u00e9e de lecture estim\u00e9e\" \/>\n\t<meta name=\"twitter:data1\" content=\"2 minutes\" \/>\n<script type=\"application\/ld+json\" class=\"yoast-schema-graph\">{\"@context\":\"https:\/\/schema.org\",\"@graph\":[{\"@type\":\"WebPage\",\"@id\":\"https:\/\/darynchook.com\/faq\/\",\"url\":\"https:\/\/darynchook.com\/faq\/\",\"name\":\"DARYN CHOOK | Made in Vienna | FAQ\",\"isPartOf\":{\"@id\":\"https:\/\/darynchook.com\/#website\"},\"datePublished\":\"2021-10-11T01:28:25+00:00\",\"dateModified\":\"2023-07-17T14:07:41+00:00\",\"breadcrumb\":{\"@id\":\"https:\/\/darynchook.com\/faq\/#breadcrumb\"},\"inLanguage\":\"fr-FR\",\"potentialAction\":[{\"@type\":\"ReadAction\",\"target\":[\"https:\/\/darynchook.com\/faq\/\"]}]},{\"@type\":\"BreadcrumbList\",\"@id\":\"https:\/\/darynchook.com\/faq\/#breadcrumb\",\"itemListElement\":[{\"@type\":\"ListItem\",\"position\":1,\"name\":\"Home\",\"item\":\"https:\/\/darynchook.com\/\"},{\"@type\":\"ListItem\",\"position\":2,\"name\":\"FAQ\"}]},{\"@type\":\"WebSite\",\"@id\":\"https:\/\/darynchook.com\/#website\",\"url\":\"https:\/\/darynchook.com\/\",\"name\":\"DARYN CHOOK | Made in Vienna\",\"description\":\"DARYN CHOOK ist ein entschleunigtes, nachhaltiges und radikal transparentes Studio f\u00fcr Mode.\",\"publisher\":{\"@id\":\"https:\/\/darynchook.com\/#organization\"},\"potentialAction\":[{\"@type\":\"SearchAction\",\"target\":{\"@type\":\"EntryPoint\",\"urlTemplate\":\"https:\/\/darynchook.com\/?s={search_term_string}\"},\"query-input\":\"required name=search_term_string\"}],\"inLanguage\":\"fr-FR\"},{\"@type\":\"Organization\",\"@id\":\"https:\/\/darynchook.com\/#organization\",\"name\":\"DARYN CHOOK\",\"url\":\"https:\/\/darynchook.com\/\",\"logo\":{\"@type\":\"ImageObject\",\"inLanguage\":\"fr-FR\",\"@id\":\"https:\/\/darynchook.com\/#\/schema\/logo\/image\/\",\"url\":\"https:\/\/dev.darynchook.com\/wordpress\/wp-content\/uploads\/2021\/10\/DARYN-CHOOK-logo.png\",\"contentUrl\":\"https:\/\/dev.darynchook.com\/wordpress\/wp-content\/uploads\/2021\/10\/DARYN-CHOOK-logo.png\",\"width\":686,\"height\":171,\"caption\":\"DARYN CHOOK\"},\"image\":{\"@id\":\"https:\/\/darynchook.com\/#\/schema\/logo\/image\/\"},\"sameAs\":[\"https:\/\/www.facebook.com\/darynchook\",\"https:\/\/www.instagram.com\/darynchook\/\"]}]}<\/script>\n<!-- \/ Yoast SEO plugin. -->","yoast_head_json":{"title":"DARYN CHOOK | Made in Vienna | FAQ","robots":{"index":"index","follow":"follow","max-snippet":"max-snippet:-1","max-image-preview":"max-image-preview:large","max-video-preview":"max-video-preview:-1"},"canonical":"https:\/\/darynchook.com\/faq\/","og_locale":"fr_FR","og_type":"article","og_title":"DARYN CHOOK | Made in Vienna | FAQ","og_description":"FAQ GIBT ES EINE GARANTIE? \u00a0 Wir haben den Anspruch hoch qualitative Produkte unter h\u00f6chsten sozialen und \u00f6kologischen Standards herzustellen. Da jedes unserer Produkte in Handarbeit hergestellt wird, kann mal ein Fehler unterlaufen. Deshalb ist es f\u00fcr uns sehr wichtig \u00fcber alle m\u00f6glichen Macken und Unzufriedenheiten Bescheid zu wissen um unsere Produkte und Prozesse immer [&hellip;]","og_url":"https:\/\/darynchook.com\/faq\/","og_site_name":"DARYN CHOOK | Made in Vienna","article_publisher":"https:\/\/www.facebook.com\/darynchook","article_modified_time":"2023-07-17T14:07:41+00:00","og_image":[{"width":1200,"height":628,"url":"https:\/\/dev.darynchook.com\/wordpress\/wp-content\/uploads\/2021\/10\/DARYNCHOOK_scoial.png","type":"image\/png"}],"twitter_card":"summary_large_image","twitter_misc":{"Dur\u00e9e de lecture estim\u00e9e":"2 minutes"},"schema":{"@context":"https:\/\/schema.org","@graph":[{"@type":"WebPage","@id":"https:\/\/darynchook.com\/faq\/","url":"https:\/\/darynchook.com\/faq\/","name":"DARYN CHOOK | Made in Vienna | FAQ","isPartOf":{"@id":"https:\/\/darynchook.com\/#website"},"datePublished":"2021-10-11T01:28:25+00:00","dateModified":"2023-07-17T14:07:41+00:00","breadcrumb":{"@id":"https:\/\/darynchook.com\/faq\/#breadcrumb"},"inLanguage":"fr-FR","potentialAction":[{"@type":"ReadAction","target":["https:\/\/darynchook.com\/faq\/"]}]},{"@type":"BreadcrumbList","@id":"https:\/\/darynchook.com\/faq\/#breadcrumb","itemListElement":[{"@type":"ListItem","position":1,"name":"Home","item":"https:\/\/darynchook.com\/"},{"@type":"ListItem","position":2,"name":"FAQ"}]},{"@type":"WebSite","@id":"https:\/\/darynchook.com\/#website","url":"https:\/\/darynchook.com\/","name":"DARYN CHOOK | Made in Vienna","description":"DARYN CHOOK ist ein entschleunigtes, nachhaltiges und radikal transparentes Studio f\u00fcr Mode.","publisher":{"@id":"https:\/\/darynchook.com\/#organization"},"potentialAction":[{"@type":"SearchAction","target":{"@type":"EntryPoint","urlTemplate":"https:\/\/darynchook.com\/?s={search_term_string}"},"query-input":"required name=search_term_string"}],"inLanguage":"fr-FR"},{"@type":"Organization","@id":"https:\/\/darynchook.com\/#organization","name":"DARYN CHOOK","url":"https:\/\/darynchook.com\/","logo":{"@type":"ImageObject","inLanguage":"fr-FR","@id":"https:\/\/darynchook.com\/#\/schema\/logo\/image\/","url":"https:\/\/dev.darynchook.com\/wordpress\/wp-content\/uploads\/2021\/10\/DARYN-CHOOK-logo.png","contentUrl":"https:\/\/dev.darynchook.com\/wordpress\/wp-content\/uploads\/2021\/10\/DARYN-CHOOK-logo.png","width":686,"height":171,"caption":"DARYN CHOOK"},"image":{"@id":"https:\/\/darynchook.com\/#\/schema\/logo\/image\/"},"sameAs":["https:\/\/www.facebook.com\/darynchook","https:\/\/www.instagram.com\/darynchook\/"]}]}},"_links":{"self":[{"href":"https:\/\/dev.darynchook.com\/fr\/wp-json\/wp\/v2\/pages\/5689"}],"collection":[{"href":"https:\/\/dev.darynchook.com\/fr\/wp-json\/wp\/v2\/pages"}],"about":[{"href":"https:\/\/dev.darynchook.com\/fr\/wp-json\/wp\/v2\/types\/page"}],"author":[{"embeddable":true,"href":"https:\/\/dev.darynchook.com\/fr\/wp-json\/wp\/v2\/users\/3"}],"replies":[{"embeddable":true,"href":"https:\/\/dev.darynchook.com\/fr\/wp-json\/wp\/v2\/comments?post=5689"}],"version-history":[{"count":3,"href":"https:\/\/dev.darynchook.com\/fr\/wp-json\/wp\/v2\/pages\/5689\/revisions"}],"predecessor-version":[{"id":14259,"href":"https:\/\/dev.darynchook.com\/fr\/wp-json\/wp\/v2\/pages\/5689\/revisions\/14259"}],"wp:attachment":[{"href":"https:\/\/dev.darynchook.com\/fr\/wp-json\/wp\/v2\/media?parent=5689"}],"curies":[{"name":"wp","href":"https:\/\/api.w.org\/{rel}","templated":true}]}}