{"id":6068,"date":"2021-10-11T14:50:45","date_gmt":"2021-10-11T12:50:45","guid":{"rendered":"https:\/\/dev.darynchook.com\/?page_id=6068"},"modified":"2023-02-08T01:19:43","modified_gmt":"2023-02-08T00:19:43","slug":"manifesto","status":"publish","type":"page","link":"https:\/\/dev.darynchook.com\/fr\/manifesto\/","title":{"rendered":"Manifesto"},"content":{"rendered":"<div data-elementor-type=\"wp-page\" data-elementor-id=\"6068\" class=\"elementor elementor-6068\">\n\t\t\t\t\t\t\t\t\t<section class=\"elementor-section elementor-top-section elementor-element elementor-element-5af29747 elementor-section-full_width elementor-section-height-default elementor-section-height-default\" data-id=\"5af29747\" data-element_type=\"section\" data-settings=\"{&quot;background_background&quot;:&quot;classic&quot;}\">\n\t\t\t\t\t\t<div class=\"elementor-container elementor-column-gap-default\">\n\t\t\t\t\t<div class=\"elementor-column elementor-col-100 elementor-top-column elementor-element elementor-element-8c574d7\" data-id=\"8c574d7\" data-element_type=\"column\">\n\t\t\t<div class=\"elementor-widget-wrap elementor-element-populated\">\n\t\t\t\t\t\t\t\t<div class=\"elementor-element elementor-element-9081e77 elementor-widget elementor-widget-text-editor\" data-id=\"9081e77\" data-element_type=\"widget\" data-widget_type=\"text-editor.default\">\n\t\t\t\t<div class=\"elementor-widget-container\">\n\t\t\t\t\t\t\t<div title=\"Page 2\"><div><div><p>Nous sommes clairs et r\u00e9duits. Nous faisons des v\u00eatements, pas de la mode. Nous ne suivons pas les tendances, nous r\u00e9pondons \u00e0 des besoins. Nous r\u00e9duisons le superflu et ne produisons que sur demande. Nous travaillons exclusivement avec des mat\u00e9riaux durables et dans des conditions transparentes.\u00a0<\/p><\/div><\/div><\/div>\t\t\t\t\t\t<\/div>\n\t\t\t\t<\/div>\n\t\t\t\t\t<\/div>\n\t\t<\/div>\n\t\t\t\t\t\t\t<\/div>\n\t\t<\/section>\n\t\t\t\t<section class=\"elementor-section elementor-top-section elementor-element elementor-element-d0b1894 elementor-section-boxed elementor-section-height-default elementor-section-height-default\" data-id=\"d0b1894\" data-element_type=\"section\">\n\t\t\t\t\t\t<div class=\"elementor-container elementor-column-gap-default\">\n\t\t\t\t\t<div class=\"elementor-column elementor-col-100 elementor-top-column elementor-element elementor-element-28d481a\" data-id=\"28d481a\" data-element_type=\"column\">\n\t\t\t<div class=\"elementor-widget-wrap elementor-element-populated\">\n\t\t\t\t\t\t\t\t<div class=\"elementor-element elementor-element-c2d10c7 elementor-widget elementor-widget-spacer\" data-id=\"c2d10c7\" data-element_type=\"widget\" data-widget_type=\"spacer.default\">\n\t\t\t\t<div class=\"elementor-widget-container\">\n\t\t\t\t\t<div class=\"elementor-spacer\">\n\t\t\t<div class=\"elementor-spacer-inner\"><\/div>\n\t\t<\/div>\n\t\t\t\t<\/div>\n\t\t\t\t<\/div>\n\t\t\t\t\t<\/div>\n\t\t<\/div>\n\t\t\t\t\t\t\t<\/div>\n\t\t<\/section>\n\t\t\t\t\t\t\t<\/div>","protected":false},"excerpt":{"rendered":"<p>Nous sommes clairs et r\u00e9duits. Nous faisons des v\u00eatements, pas de la mode. Nous ne suivons pas les tendances, nous r\u00e9pondons \u00e0 des besoins. Nous r\u00e9duisons le superflu et ne produisons que sur demande. Nous travaillons exclusivement avec des mat\u00e9riaux durables et dans des conditions transparentes.&nbsp;<\/p>","protected":false},"author":3,"featured_media":0,"parent":0,"menu_order":0,"comment_status":"closed","ping_status":"closed","template":"","meta":[],"acf":[],"yoast_head":"<!-- This site is optimized with the Yoast SEO plugin v21.8.1 - https:\/\/yoast.com\/wordpress\/plugins\/seo\/ -->\n<title>Manifesto<\/title>\n<meta name=\"description\" content=\"Wir sind klar und reduziert. Wir machen Kleidung, nicht Fashion. Wir verfolgen keine Trends, sondern befriedigen Bed\u00fcrfnisse.\" \/>\n<meta name=\"robots\" content=\"index, follow, max-snippet:-1, max-image-preview:large, max-video-preview:-1\" \/>\n<link rel=\"canonical\" href=\"https:\/\/darynchook.com\/manifesto\/\" \/>\n<meta property=\"og:locale\" content=\"fr_FR\" \/>\n<meta property=\"og:type\" content=\"article\" \/>\n<meta property=\"og:title\" content=\"Manifesto\" \/>\n<meta property=\"og:description\" content=\"Wir sind klar und reduziert. Wir machen Kleidung, nicht Fashion. Wir verfolgen keine Trends, sondern befriedigen Bed\u00fcrfnisse.\" \/>\n<meta property=\"og:url\" content=\"https:\/\/darynchook.com\/manifesto\/\" \/>\n<meta property=\"og:site_name\" content=\"DARYN CHOOK | Made in Vienna\" \/>\n<meta property=\"article:publisher\" content=\"https:\/\/www.facebook.com\/darynchook\" \/>\n<meta property=\"article:modified_time\" content=\"2023-02-08T00:19:43+00:00\" \/>\n<meta property=\"og:image\" content=\"https:\/\/dev.darynchook.com\/wordpress\/wp-content\/uploads\/2021\/10\/DARYNCHOOK_scoial.png\" \/>\n\t<meta property=\"og:image:width\" content=\"1200\" \/>\n\t<meta property=\"og:image:height\" content=\"628\" \/>\n\t<meta property=\"og:image:type\" content=\"image\/png\" \/>\n<meta name=\"twitter:card\" content=\"summary_large_image\" \/>\n<meta name=\"twitter:label1\" content=\"Dur\u00e9e de lecture estim\u00e9e\" \/>\n\t<meta name=\"twitter:data1\" content=\"1 minute\" \/>\n<script type=\"application\/ld+json\" class=\"yoast-schema-graph\">{\"@context\":\"https:\/\/schema.org\",\"@graph\":[{\"@type\":\"WebPage\",\"@id\":\"https:\/\/darynchook.com\/manifesto\/\",\"url\":\"https:\/\/darynchook.com\/manifesto\/\",\"name\":\"Manifesto\",\"isPartOf\":{\"@id\":\"https:\/\/darynchook.com\/#website\"},\"datePublished\":\"2021-10-11T12:50:45+00:00\",\"dateModified\":\"2023-02-08T00:19:43+00:00\",\"description\":\"Wir sind klar und reduziert. Wir machen Kleidung, nicht Fashion. Wir verfolgen keine Trends, sondern befriedigen Bed\u00fcrfnisse.\",\"breadcrumb\":{\"@id\":\"https:\/\/darynchook.com\/manifesto\/#breadcrumb\"},\"inLanguage\":\"fr-FR\",\"potentialAction\":[{\"@type\":\"ReadAction\",\"target\":[\"https:\/\/darynchook.com\/manifesto\/\"]}]},{\"@type\":\"BreadcrumbList\",\"@id\":\"https:\/\/darynchook.com\/manifesto\/#breadcrumb\",\"itemListElement\":[{\"@type\":\"ListItem\",\"position\":1,\"name\":\"Home\",\"item\":\"https:\/\/darynchook.com\/\"},{\"@type\":\"ListItem\",\"position\":2,\"name\":\"Manifesto\"}]},{\"@type\":\"WebSite\",\"@id\":\"https:\/\/darynchook.com\/#website\",\"url\":\"https:\/\/darynchook.com\/\",\"name\":\"DARYN CHOOK | Made in Vienna\",\"description\":\"DARYN CHOOK ist ein entschleunigtes, nachhaltiges und radikal transparentes Studio f\u00fcr Mode.\",\"publisher\":{\"@id\":\"https:\/\/darynchook.com\/#organization\"},\"potentialAction\":[{\"@type\":\"SearchAction\",\"target\":{\"@type\":\"EntryPoint\",\"urlTemplate\":\"https:\/\/darynchook.com\/?s={search_term_string}\"},\"query-input\":\"required name=search_term_string\"}],\"inLanguage\":\"fr-FR\"},{\"@type\":\"Organization\",\"@id\":\"https:\/\/darynchook.com\/#organization\",\"name\":\"DARYN CHOOK\",\"url\":\"https:\/\/darynchook.com\/\",\"logo\":{\"@type\":\"ImageObject\",\"inLanguage\":\"fr-FR\",\"@id\":\"https:\/\/darynchook.com\/#\/schema\/logo\/image\/\",\"url\":\"https:\/\/dev.darynchook.com\/wordpress\/wp-content\/uploads\/2021\/10\/DARYN-CHOOK-logo.png\",\"contentUrl\":\"https:\/\/dev.darynchook.com\/wordpress\/wp-content\/uploads\/2021\/10\/DARYN-CHOOK-logo.png\",\"width\":686,\"height\":171,\"caption\":\"DARYN CHOOK\"},\"image\":{\"@id\":\"https:\/\/darynchook.com\/#\/schema\/logo\/image\/\"},\"sameAs\":[\"https:\/\/www.facebook.com\/darynchook\",\"https:\/\/www.instagram.com\/darynchook\/\"]}]}<\/script>\n<!-- \/ Yoast SEO plugin. -->","yoast_head_json":{"title":"Manifesto","description":"Wir sind klar und reduziert. Wir machen Kleidung, nicht Fashion. Wir verfolgen keine Trends, sondern befriedigen Bed\u00fcrfnisse.","robots":{"index":"index","follow":"follow","max-snippet":"max-snippet:-1","max-image-preview":"max-image-preview:large","max-video-preview":"max-video-preview:-1"},"canonical":"https:\/\/darynchook.com\/manifesto\/","og_locale":"fr_FR","og_type":"article","og_title":"Manifesto","og_description":"Wir sind klar und reduziert. Wir machen Kleidung, nicht Fashion. Wir verfolgen keine Trends, sondern befriedigen Bed\u00fcrfnisse.","og_url":"https:\/\/darynchook.com\/manifesto\/","og_site_name":"DARYN CHOOK | Made in Vienna","article_publisher":"https:\/\/www.facebook.com\/darynchook","article_modified_time":"2023-02-08T00:19:43+00:00","og_image":[{"width":1200,"height":628,"url":"https:\/\/dev.darynchook.com\/wordpress\/wp-content\/uploads\/2021\/10\/DARYNCHOOK_scoial.png","type":"image\/png"}],"twitter_card":"summary_large_image","twitter_misc":{"Dur\u00e9e de lecture estim\u00e9e":"1 minute"},"schema":{"@context":"https:\/\/schema.org","@graph":[{"@type":"WebPage","@id":"https:\/\/darynchook.com\/manifesto\/","url":"https:\/\/darynchook.com\/manifesto\/","name":"Manifesto","isPartOf":{"@id":"https:\/\/darynchook.com\/#website"},"datePublished":"2021-10-11T12:50:45+00:00","dateModified":"2023-02-08T00:19:43+00:00","description":"Wir sind klar und reduziert. Wir machen Kleidung, nicht Fashion. Wir verfolgen keine Trends, sondern befriedigen Bed\u00fcrfnisse.","breadcrumb":{"@id":"https:\/\/darynchook.com\/manifesto\/#breadcrumb"},"inLanguage":"fr-FR","potentialAction":[{"@type":"ReadAction","target":["https:\/\/darynchook.com\/manifesto\/"]}]},{"@type":"BreadcrumbList","@id":"https:\/\/darynchook.com\/manifesto\/#breadcrumb","itemListElement":[{"@type":"ListItem","position":1,"name":"Home","item":"https:\/\/darynchook.com\/"},{"@type":"ListItem","position":2,"name":"Manifesto"}]},{"@type":"WebSite","@id":"https:\/\/darynchook.com\/#website","url":"https:\/\/darynchook.com\/","name":"DARYN CHOOK | Made in Vienna","description":"DARYN CHOOK ist ein entschleunigtes, nachhaltiges und radikal transparentes Studio f\u00fcr Mode.","publisher":{"@id":"https:\/\/darynchook.com\/#organization"},"potentialAction":[{"@type":"SearchAction","target":{"@type":"EntryPoint","urlTemplate":"https:\/\/darynchook.com\/?s={search_term_string}"},"query-input":"required name=search_term_string"}],"inLanguage":"fr-FR"},{"@type":"Organization","@id":"https:\/\/darynchook.com\/#organization","name":"DARYN CHOOK","url":"https:\/\/darynchook.com\/","logo":{"@type":"ImageObject","inLanguage":"fr-FR","@id":"https:\/\/darynchook.com\/#\/schema\/logo\/image\/","url":"https:\/\/dev.darynchook.com\/wordpress\/wp-content\/uploads\/2021\/10\/DARYN-CHOOK-logo.png","contentUrl":"https:\/\/dev.darynchook.com\/wordpress\/wp-content\/uploads\/2021\/10\/DARYN-CHOOK-logo.png","width":686,"height":171,"caption":"DARYN CHOOK"},"image":{"@id":"https:\/\/darynchook.com\/#\/schema\/logo\/image\/"},"sameAs":["https:\/\/www.facebook.com\/darynchook","https:\/\/www.instagram.com\/darynchook\/"]}]}},"_links":{"self":[{"href":"https:\/\/dev.darynchook.com\/fr\/wp-json\/wp\/v2\/pages\/6068"}],"collection":[{"href":"https:\/\/dev.darynchook.com\/fr\/wp-json\/wp\/v2\/pages"}],"about":[{"href":"https:\/\/dev.darynchook.com\/fr\/wp-json\/wp\/v2\/types\/page"}],"author":[{"embeddable":true,"href":"https:\/\/dev.darynchook.com\/fr\/wp-json\/wp\/v2\/users\/3"}],"replies":[{"embeddable":true,"href":"https:\/\/dev.darynchook.com\/fr\/wp-json\/wp\/v2\/comments?post=6068"}],"version-history":[{"count":0,"href":"https:\/\/dev.darynchook.com\/fr\/wp-json\/wp\/v2\/pages\/6068\/revisions"}],"wp:attachment":[{"href":"https:\/\/dev.darynchook.com\/fr\/wp-json\/wp\/v2\/media?parent=6068"}],"curies":[{"name":"wp","href":"https:\/\/api.w.org\/{rel}","templated":true}]}}