{"id":6221,"date":"2021-10-12T01:43:19","date_gmt":"2021-10-11T23:43:19","guid":{"rendered":"https:\/\/dev.darynchook.com\/?page_id=6221"},"modified":"2023-02-07T20:00:17","modified_gmt":"2023-02-07T19:00:17","slug":"allgemeine-geschaeftsbedingungen","status":"publish","type":"page","link":"https:\/\/dev.darynchook.com\/fr\/allgemeine-geschaeftsbedingungen\/","title":{"rendered":"CONDITIONS G\u00c9N\u00c9RALES DE VENTE"},"content":{"rendered":"<div data-elementor-type=\"wp-page\" data-elementor-id=\"6221\" class=\"elementor elementor-6221\">\n\t\t\t\t\t\t\t\t\t<section class=\"elementor-section elementor-top-section elementor-element elementor-element-28460159 elementor-section-full_width elementor-section-height-default elementor-section-height-default\" data-id=\"28460159\" data-element_type=\"section\" data-settings=\"{&quot;background_background&quot;:&quot;classic&quot;}\">\n\t\t\t\t\t\t<div class=\"elementor-container elementor-column-gap-default\">\n\t\t\t\t\t<div class=\"elementor-column elementor-col-100 elementor-top-column elementor-element elementor-element-69560710\" data-id=\"69560710\" data-element_type=\"column\">\n\t\t\t<div class=\"elementor-widget-wrap elementor-element-populated\">\n\t\t\t\t\t\t\t\t<div class=\"elementor-element elementor-element-4c90b633 elementor-widget elementor-widget-text-editor\" data-id=\"4c90b633\" data-element_type=\"widget\" data-widget_type=\"text-editor.default\">\n\t\t\t\t<div class=\"elementor-widget-container\">\n\t\t\t\t\t\t\t<p>Les pr\u00e9sentes conditions g\u00e9n\u00e9rales de vente s'appliquent \u00e0 toutes les relations commerciales pr\u00e9sentes et futures entre le client et DARYN CHOOK e.U., ci-apr\u00e8s d\u00e9nomm\u00e9 \" le fournisseur \". Des conditions g\u00e9n\u00e9rales de vente diff\u00e9rentes, contraires ou compl\u00e9mentaires ne font pas partie du contrat, m\u00eame si elles sont connues, \u00e0 moins que leur validit\u00e9 ne soit express\u00e9ment accept\u00e9e.<\/p>\t\t\t\t\t\t<\/div>\n\t\t\t\t<\/div>\n\t\t\t\t\t<\/div>\n\t\t<\/div>\n\t\t\t\t\t\t\t<\/div>\n\t\t<\/section>\n\t\t\t\t<section class=\"elementor-section elementor-top-section elementor-element elementor-element-7c0f91d6 elementor-section-full_width elementor-section-height-default elementor-section-height-default\" data-id=\"7c0f91d6\" data-element_type=\"section\">\n\t\t\t\t\t\t<div class=\"elementor-container elementor-column-gap-default\">\n\t\t\t\t\t<div class=\"elementor-column elementor-col-16 elementor-top-column elementor-element elementor-element-db99f2a\" data-id=\"db99f2a\" data-element_type=\"column\">\n\t\t\t<div class=\"elementor-widget-wrap elementor-element-populated\">\n\t\t\t\t\t\t\t\t<div class=\"elementor-element elementor-element-3c6adaad elementor-widget elementor-widget-text-editor\" data-id=\"3c6adaad\" data-element_type=\"widget\" data-widget_type=\"text-editor.default\">\n\t\t\t\t<div class=\"elementor-widget-container\">\n\t\t\t\t\t\t\t<p>Si\u00e8ge de l'entreprise :<br \/>DARYN CHOOK e.U.<br \/>100\/26, rue B\u00f6cklin<br \/>1020 Vienne<br \/>Autriche<\/p><p>\u00a0<\/p><p>T\u00e9l : +43 699 102 46 025<\/p><p>Tribunal de commerce de Vienne\u00a0<br \/>Num\u00e9ro de TVA : ATU69289218<\/p><p>Direction : Daryna Eder<\/p>\t\t\t\t\t\t<\/div>\n\t\t\t\t<\/div>\n\t\t\t\t\t<\/div>\n\t\t<\/div>\n\t\t\t\t<div class=\"elementor-column elementor-col-16 elementor-top-column elementor-element elementor-element-7d2a0b1b\" data-id=\"7d2a0b1b\" data-element_type=\"column\">\n\t\t\t<div class=\"elementor-widget-wrap elementor-element-populated\">\n\t\t\t\t\t\t\t\t<div class=\"elementor-element elementor-element-14edf178 elementor-widget elementor-widget-text-editor\" data-id=\"14edf178\" data-element_type=\"widget\" data-widget_type=\"text-editor.default\">\n\t\t\t\t<div class=\"elementor-widget-container\">\n\t\t\t\t\t\t\t\t\t\t\t\t\t<\/div>\n\t\t\t\t<\/div>\n\t\t\t\t\t<\/div>\n\t\t<\/div>\n\t\t\t\t<div class=\"elementor-column elementor-col-16 elementor-top-column elementor-element elementor-element-54570d9\" data-id=\"54570d9\" data-element_type=\"column\">\n\t\t\t<div class=\"elementor-widget-wrap elementor-element-populated\">\n\t\t\t\t\t\t\t\t<div class=\"elementor-element elementor-element-38840fe4 elementor-widget elementor-widget-text-editor\" data-id=\"38840fe4\" data-element_type=\"widget\" data-widget_type=\"text-editor.default\">\n\t\t\t\t<div class=\"elementor-widget-container\">\n\t\t\t\t\t\t\t<p>CONDITIONS G\u00c9N\u00c9RALES DE VENTE<\/p>\t\t\t\t\t\t<\/div>\n\t\t\t\t<\/div>\n\t\t\t\t\t<\/div>\n\t\t<\/div>\n\t\t\t\t<div class=\"elementor-column elementor-col-16 elementor-top-column elementor-element elementor-element-1b7d3143\" data-id=\"1b7d3143\" data-element_type=\"column\">\n\t\t\t<div class=\"elementor-widget-wrap elementor-element-populated\">\n\t\t\t\t\t\t\t\t<div class=\"elementor-element elementor-element-2ae15ccf elementor-widget elementor-widget-text-editor\" data-id=\"2ae15ccf\" data-element_type=\"widget\" data-widget_type=\"text-editor.default\">\n\t\t\t\t<div class=\"elementor-widget-container\">\n\t\t\t\t\t\t\t<p>Offre, commande et conclusion du contrat<\/p><p>Les offres pr\u00e9sent\u00e9es sur www.darynchook.com ne constituent pas des offres fermes au sens juridique du terme, elles ne servent qu'\u00e0 informer le client et constituent des invitations \u00e0 formuler une offre. Par sa commande, le client fait une offre ferme qui peut \u00eatre accept\u00e9e par le fournisseur en y r\u00e9pondant effectivement ou express\u00e9ment.<\/p><p>Disponibilit\u00e9 \/ Contenu de la livraison<\/p><p>Si les marchandises command\u00e9es par le client ne sont pas disponibles en stock apr\u00e8s la conclusion du contrat, le fournisseur se r\u00e9serve le droit de r\u00e9tablir la disponibilit\u00e9 dans un d\u00e9lai maximal de 8 semaines sans cons\u00e9quences de retard. Si la disponibilit\u00e9 ne peut \u00eatre r\u00e9tablie dans ce d\u00e9lai, le client peut r\u00e9silier le contrat par \u00e9crit. En cas de r\u00e9siliation, les paiements d\u00e9j\u00e0 re\u00e7us par le client lui seront imm\u00e9diatement rembours\u00e9s.<\/p><p>Ou si, pour des raisons juridiques (insolvabilit\u00e9 du fabricant du produit), la marchandise command\u00e9e ne devait pas \u00eatre livr\u00e9e, le fournisseur se r\u00e9serve le droit de r\u00e9silier le contrat. En cas de r\u00e9siliation, les paiements d\u00e9j\u00e0 re\u00e7us par le client seront imm\u00e9diatement rembours\u00e9s.<\/p><p>Le contenu de la livraison se r\u00e9f\u00e8re toujours \u00e0 la description du produit dans le texte, mais pas aux accessoires qui peuvent \u00eatre repr\u00e9sent\u00e9s sur les photos du produit (voir \u00e9galement le point 4).<\/p><p>Prix<\/p><p>Tous les prix indiqu\u00e9s sur www.darynchook.com sont des prix finaux incluant la TVA autrichienne (actuellement 20%) en EURO. Les frais d'exp\u00e9dition ne sont pas compris dans ces prix. Les prix indiqu\u00e9s se r\u00e9f\u00e8rent toujours \u00e0 la description du produit dans le texte, mais pas aux accessoires repr\u00e9sent\u00e9s sur les photos des produits. Les prix applicables sont ceux en vigueur au moment de la commande. Nous d\u00e9clinons toute responsabilit\u00e9 en cas d'erreur d'impression dans les prix indiqu\u00e9s.<\/p><p>\u00a0<\/p><p>Paiement et mode de paiement<\/p><p>Autriche et Allemagne<\/p><p>Le paiement de la marchandise peut \u00eatre effectu\u00e9 par carte de cr\u00e9dit, par PayPal ou par virement imm\u00e9diat :<\/p><p>a) par carte de cr\u00e9dit : vous payez avec votre carte de cr\u00e9dit pendant la proc\u00e9dure de paiement dans la boutique en ligne. Le fournisseur re\u00e7oit une confirmation en temps r\u00e9el du paiement effectu\u00e9 et peut envoyer imm\u00e9diatement les marchandises.<\/p><p>b) par PayPal : vous payez avec votre compte PayPal pendant la proc\u00e9dure de paiement dans la boutique en ligne. Le fournisseur re\u00e7oit une confirmation en temps r\u00e9el du paiement effectu\u00e9 et peut envoyer imm\u00e9diatement les marchandises.<\/p><p>c) par virement imm\u00e9diat : vous payez pendant la proc\u00e9dure de paiement dans la boutique en ligne via votre compte bancaire en ligne. Le fournisseur re\u00e7oit une confirmation en temps r\u00e9el du paiement effectu\u00e9 et peut envoyer les marchandises imm\u00e9diatement.<\/p><p>Le fournisseur se r\u00e9serve le droit de ne pas ou de ne plus proposer certains modes de paiement ou de proposer d'autres modes de paiement.<\/p><p>Autres \u00c9tats membres de l'UE<\/p><p>Le paiement des marchandises peut \u00eatre effectu\u00e9 de la m\u00eame mani\u00e8re qu'au point 5.1.<\/p><p>Pays tiers<\/p><p>Le paiement des marchandises peut \u00eatre effectu\u00e9 de la m\u00eame mani\u00e8re qu'au point 5.1.<\/p>\t\t\t\t\t\t<\/div>\n\t\t\t\t<\/div>\n\t\t\t\t\t<\/div>\n\t\t<\/div>\n\t\t\t\t<div class=\"elementor-column elementor-col-16 elementor-top-column elementor-element elementor-element-5fdb9d82\" data-id=\"5fdb9d82\" data-element_type=\"column\">\n\t\t\t<div class=\"elementor-widget-wrap elementor-element-populated\">\n\t\t\t\t\t\t\t\t<div class=\"elementor-element elementor-element-724cf743 elementor-widget elementor-widget-text-editor\" data-id=\"724cf743\" data-element_type=\"widget\" data-widget_type=\"text-editor.default\">\n\t\t\t\t<div class=\"elementor-widget-container\">\n\t\t\t\t\t\t\t<p>Livraison et frais de port<\/p><p>La livraison de la marchandise s'effectue dans un d\u00e9lai de 14 jours ouvrables, aux frais et aux risques du client. Des retards de livraison peuvent survenir dans des cas isol\u00e9s ; dans de tels cas, le fournisseur peut \u00e9galement ex\u00e9cuter la commande du client en livraisons partielles. Les livraisons incompl\u00e8tes ou les dommages \u00e0 la marchandise doivent \u00eatre signal\u00e9s dans les 24 heures au bureau de poste comp\u00e9tent. La pr\u00e9sentation de la confirmation de la poste est une condition pr\u00e9alable \u00e0 une livraison de remplacement.<\/p><p>Frais de port Autriche<\/p><p>Pour l'emballage &amp; l'exp\u00e9dition, nous facturons les frais d'exp\u00e9dition forfaitaires suivants par commande :<\/p><p>Autriche EUR 5,-<\/p><p>Allemagne EUR 10,-.<\/p><p>\u00a0<\/p><p>Droit de r\u00e9tractation \/ droit d'annulation \/ droit de retour<\/p><p>Droit de r\u00e9tractation<br \/>Le client peut r\u00e9silier le contrat conclu sans donner de raison. La d\u00e9claration de r\u00e9siliation peut se faire sous n'importe quelle forme et doit parvenir au fournisseur dans un d\u00e9lai de 14 jours (jours de la semaine). En cas de d\u00e9claration de r\u00e9siliation \u00e9crite (courrier, e-mail, fax, etc.), il suffit que la d\u00e9claration de r\u00e9siliation soit envoy\u00e9e dans les 14 jours (la date du cachet de d\u00e9part est d\u00e9terminante).<br \/>Le d\u00e9lai de r\u00e9tractation commence \u00e0 courir<br \/>1. \u00e0 partir du jour o\u00f9 le client ou un tiers d\u00e9sign\u00e9 par lui (en cas d'adresse de livraison diff\u00e9rente) a re\u00e7u la marchandise ;<br \/>2. dans le cas o\u00f9 le fournisseur ex\u00e9cute une commande unique en livraisons partielles, \u00e0 partir du jour o\u00f9 le client ou un tiers d\u00e9sign\u00e9 par lui (en cas d'adresse de livraison diff\u00e9rente) a re\u00e7u la derni\u00e8re marchandise livr\u00e9e ;<br \/>La d\u00e9claration de retrait doit \u00eatre adress\u00e9e \u00e0 :<br \/>DARYN CHOOK<br \/>100\/26, rue B\u00f6cklin<br \/>1020 Vienne<br \/>Autriche<br \/>Courrier \u00e9lectronique : help@darynchook.com<br \/>Portable : +43 669 102 46 025<\/p><p>R\u00e9serve de propri\u00e9t\u00e9<br \/>Chaque marchandise reste la propri\u00e9t\u00e9 du fournisseur jusqu'au paiement int\u00e9gral du prix d'achat. En cas de retard de paiement, l'offrant a le droit de faire valoir ses droits d\u00e9coulant de la r\u00e9serve de propri\u00e9t\u00e9. Le fait de faire valoir ses droits de propri\u00e9t\u00e9 ne constitue pas une r\u00e9siliation du contrat, \u00e0 moins que l'offrant ne d\u00e9clare en m\u00eame temps express\u00e9ment la r\u00e9siliation du contrat.<\/p><p>Garantie<br \/>En principe, seule la description du produit par le fabricant est consid\u00e9r\u00e9e comme convenue comme qualit\u00e9 de la marchandise. Au moment de la remise, la marchandise n'est pas affect\u00e9e de d\u00e9fauts qui annulent ou r\u00e9duisent sa valeur ou son aptitude \u00e0 l'usage habituel. Les propri\u00e9t\u00e9s ne sont consid\u00e9r\u00e9es comme garanties que si elles sont express\u00e9ment d\u00e9sign\u00e9es comme telles sur www.darynchook.com. Aucune garantie n'est accord\u00e9e pour les d\u00e9fauts dus \u00e0 une utilisation non conforme ou \u00e0 une sollicitation sup\u00e9rieure \u00e0 la moyenne de la marchandise par le client.<\/p>\t\t\t\t\t\t<\/div>\n\t\t\t\t<\/div>\n\t\t\t\t\t<\/div>\n\t\t<\/div>\n\t\t\t\t<div class=\"elementor-column elementor-col-16 elementor-top-column elementor-element elementor-element-15898b9\" data-id=\"15898b9\" data-element_type=\"column\">\n\t\t\t<div class=\"elementor-widget-wrap elementor-element-populated\">\n\t\t\t\t\t\t\t\t<div class=\"elementor-element elementor-element-2d4692e4 elementor-widget elementor-widget-text-editor\" data-id=\"2d4692e4\" data-element_type=\"widget\" data-widget_type=\"text-editor.default\">\n\t\t\t\t<div class=\"elementor-widget-container\">\n\t\t\t\t\t\t\t<p>Responsabilit\u00e9<\/p><p>Responsabilit\u00e9 g\u00e9n\u00e9rale<br \/>Le fournisseur n'est responsable en cas de violation positive du contrat, de faute lors de la conclusion du contrat, de retard, d'impossibilit\u00e9, ainsi que pour tout autre motif juridique, que s'il a commis une faute intentionnelle ou une n\u00e9gligence grave.<\/p><p>2 Responsabilit\u00e9 pour les liens<br \/>Le fournisseur n'assume aucune responsabilit\u00e9 pour les contenus qui se trouvent sur les pages li\u00e9es.<\/p><p>\u00a0<\/p><p>Choix de la loi<br \/>Le droit autrichien s'applique \u00e0 tous les rapports juridiques entre le fournisseur et le client. La langue du contrat, de la commande, de l'ex\u00e9cution et des affaires est exclusivement l'allemand.<\/p><p>Droit d'auteur<br \/>Toutes les offres, y compris les illustrations, les descriptions textuelles et les designs graphiques correspondants, ainsi que le design du site lui-m\u00eame, sont soumis au droit d'auteur du fournisseur. L'\u00e9tablissement de liens ou l'utilisation \u00e0 des fins personnelles ne sont autoris\u00e9s qu'avec l'accord \u00e9crit pr\u00e9alable du fournisseur.<\/p><p>Autres<br \/>Le lieu d'ex\u00e9cution des prestations du fournisseur et des contre-prestations du client est le si\u00e8ge du fournisseur. Le tribunal du si\u00e8ge du fournisseur (tribunal de commerce de Vienne, Autriche) est territorialement comp\u00e9tent pour toutes les actions intent\u00e9es contre le fournisseur.<\/p>\t\t\t\t\t\t<\/div>\n\t\t\t\t<\/div>\n\t\t\t\t\t<\/div>\n\t\t<\/div>\n\t\t\t\t\t\t\t<\/div>\n\t\t<\/section>\n\t\t\t\t\t\t\t<\/div>","protected":false},"excerpt":{"rendered":"<p>Die vorliegenden allgemeinen Gesch\u00e4ftsbedingungen gelten f\u00fcr alle gegenw\u00e4rtigen und zuk\u00fcnftigen Gesch\u00e4ftsbeziehungen zwischen dem Kunden und DARYN CHOOK e.U., im Folgenden kurz \u201eAnbieter\u201c genannt. Abweichende, entgegenstehende oder erg\u00e4nzende Gesch\u00e4ftsbedingungen werden, selbst bei Kenntnis, nicht Vertragsbestandteil, es sei denn, ihrer Geltung wird ausdr\u00fccklich zugestimmt. Firmensitz: DARYN CHOOK e.U. B\u00f6cklinstr. 100\/26 1020 Wien \u00d6sterreich Tel: +43 699 102 [&hellip;]<\/p>","protected":false},"author":3,"featured_media":0,"parent":0,"menu_order":0,"comment_status":"closed","ping_status":"closed","template":"","meta":[],"acf":[],"yoast_head":"<!-- This site is optimized with the Yoast SEO plugin v21.8.1 - https:\/\/yoast.com\/wordpress\/plugins\/seo\/ -->\n<title>AGB<\/title>\n<meta name=\"description\" content=\"Die vorliegenden allgemeinen Gesch\u00e4ftsbedingungen gelten f\u00fcr alle Gesch\u00e4ftsbeziehungen zwischen dem Kunden und DARYN CHOOK.\" \/>\n<meta name=\"robots\" content=\"index, follow, max-snippet:-1, max-image-preview:large, max-video-preview:-1\" \/>\n<link rel=\"canonical\" href=\"https:\/\/darynchook.com\/allgemeine-geschaeftsbedingungen\/\" \/>\n<meta property=\"og:locale\" content=\"fr_FR\" \/>\n<meta property=\"og:type\" content=\"article\" \/>\n<meta property=\"og:title\" content=\"AGB\" \/>\n<meta property=\"og:description\" content=\"Die vorliegenden allgemeinen Gesch\u00e4ftsbedingungen gelten f\u00fcr alle Gesch\u00e4ftsbeziehungen zwischen dem Kunden und DARYN CHOOK.\" \/>\n<meta property=\"og:url\" content=\"https:\/\/darynchook.com\/allgemeine-geschaeftsbedingungen\/\" \/>\n<meta property=\"og:site_name\" content=\"DARYN CHOOK | Made in Vienna\" \/>\n<meta property=\"article:publisher\" content=\"https:\/\/www.facebook.com\/darynchook\" \/>\n<meta property=\"article:modified_time\" content=\"2023-02-07T19:00:17+00:00\" \/>\n<meta property=\"og:image\" content=\"https:\/\/dev.darynchook.com\/wordpress\/wp-content\/uploads\/2021\/10\/DARYNCHOOK_scoial.png\" \/>\n\t<meta property=\"og:image:width\" content=\"1200\" \/>\n\t<meta property=\"og:image:height\" content=\"628\" \/>\n\t<meta property=\"og:image:type\" content=\"image\/png\" \/>\n<meta name=\"twitter:card\" content=\"summary_large_image\" \/>\n<meta name=\"twitter:label1\" content=\"Dur\u00e9e de lecture estim\u00e9e\" \/>\n\t<meta name=\"twitter:data1\" content=\"6 minutes\" \/>\n<script type=\"application\/ld+json\" class=\"yoast-schema-graph\">{\"@context\":\"https:\/\/schema.org\",\"@graph\":[{\"@type\":\"WebPage\",\"@id\":\"https:\/\/darynchook.com\/allgemeine-geschaeftsbedingungen\/\",\"url\":\"https:\/\/darynchook.com\/allgemeine-geschaeftsbedingungen\/\",\"name\":\"AGB\",\"isPartOf\":{\"@id\":\"https:\/\/darynchook.com\/#website\"},\"datePublished\":\"2021-10-11T23:43:19+00:00\",\"dateModified\":\"2023-02-07T19:00:17+00:00\",\"description\":\"Die vorliegenden allgemeinen Gesch\u00e4ftsbedingungen gelten f\u00fcr alle Gesch\u00e4ftsbeziehungen zwischen dem Kunden und DARYN CHOOK.\",\"breadcrumb\":{\"@id\":\"https:\/\/darynchook.com\/allgemeine-geschaeftsbedingungen\/#breadcrumb\"},\"inLanguage\":\"fr-FR\",\"potentialAction\":[{\"@type\":\"ReadAction\",\"target\":[\"https:\/\/darynchook.com\/allgemeine-geschaeftsbedingungen\/\"]}]},{\"@type\":\"BreadcrumbList\",\"@id\":\"https:\/\/darynchook.com\/allgemeine-geschaeftsbedingungen\/#breadcrumb\",\"itemListElement\":[{\"@type\":\"ListItem\",\"position\":1,\"name\":\"Home\",\"item\":\"https:\/\/darynchook.com\/\"},{\"@type\":\"ListItem\",\"position\":2,\"name\":\"AGB\"}]},{\"@type\":\"WebSite\",\"@id\":\"https:\/\/darynchook.com\/#website\",\"url\":\"https:\/\/darynchook.com\/\",\"name\":\"DARYN CHOOK | Made in Vienna\",\"description\":\"DARYN CHOOK ist ein entschleunigtes, nachhaltiges und radikal transparentes Studio f\u00fcr Mode.\",\"publisher\":{\"@id\":\"https:\/\/darynchook.com\/#organization\"},\"potentialAction\":[{\"@type\":\"SearchAction\",\"target\":{\"@type\":\"EntryPoint\",\"urlTemplate\":\"https:\/\/darynchook.com\/?s={search_term_string}\"},\"query-input\":\"required name=search_term_string\"}],\"inLanguage\":\"fr-FR\"},{\"@type\":\"Organization\",\"@id\":\"https:\/\/darynchook.com\/#organization\",\"name\":\"DARYN CHOOK\",\"url\":\"https:\/\/darynchook.com\/\",\"logo\":{\"@type\":\"ImageObject\",\"inLanguage\":\"fr-FR\",\"@id\":\"https:\/\/darynchook.com\/#\/schema\/logo\/image\/\",\"url\":\"https:\/\/dev.darynchook.com\/wordpress\/wp-content\/uploads\/2021\/10\/DARYN-CHOOK-logo.png\",\"contentUrl\":\"https:\/\/dev.darynchook.com\/wordpress\/wp-content\/uploads\/2021\/10\/DARYN-CHOOK-logo.png\",\"width\":686,\"height\":171,\"caption\":\"DARYN CHOOK\"},\"image\":{\"@id\":\"https:\/\/darynchook.com\/#\/schema\/logo\/image\/\"},\"sameAs\":[\"https:\/\/www.facebook.com\/darynchook\",\"https:\/\/www.instagram.com\/darynchook\/\"]}]}<\/script>\n<!-- \/ Yoast SEO plugin. -->","yoast_head_json":{"title":"AGB","description":"Die vorliegenden allgemeinen Gesch\u00e4ftsbedingungen gelten f\u00fcr alle Gesch\u00e4ftsbeziehungen zwischen dem Kunden und DARYN CHOOK.","robots":{"index":"index","follow":"follow","max-snippet":"max-snippet:-1","max-image-preview":"max-image-preview:large","max-video-preview":"max-video-preview:-1"},"canonical":"https:\/\/darynchook.com\/allgemeine-geschaeftsbedingungen\/","og_locale":"fr_FR","og_type":"article","og_title":"AGB","og_description":"Die vorliegenden allgemeinen Gesch\u00e4ftsbedingungen gelten f\u00fcr alle Gesch\u00e4ftsbeziehungen zwischen dem Kunden und DARYN CHOOK.","og_url":"https:\/\/darynchook.com\/allgemeine-geschaeftsbedingungen\/","og_site_name":"DARYN CHOOK | Made in Vienna","article_publisher":"https:\/\/www.facebook.com\/darynchook","article_modified_time":"2023-02-07T19:00:17+00:00","og_image":[{"width":1200,"height":628,"url":"https:\/\/dev.darynchook.com\/wordpress\/wp-content\/uploads\/2021\/10\/DARYNCHOOK_scoial.png","type":"image\/png"}],"twitter_card":"summary_large_image","twitter_misc":{"Dur\u00e9e de lecture estim\u00e9e":"6 minutes"},"schema":{"@context":"https:\/\/schema.org","@graph":[{"@type":"WebPage","@id":"https:\/\/darynchook.com\/allgemeine-geschaeftsbedingungen\/","url":"https:\/\/darynchook.com\/allgemeine-geschaeftsbedingungen\/","name":"AGB","isPartOf":{"@id":"https:\/\/darynchook.com\/#website"},"datePublished":"2021-10-11T23:43:19+00:00","dateModified":"2023-02-07T19:00:17+00:00","description":"Die vorliegenden allgemeinen Gesch\u00e4ftsbedingungen gelten f\u00fcr alle Gesch\u00e4ftsbeziehungen zwischen dem Kunden und DARYN CHOOK.","breadcrumb":{"@id":"https:\/\/darynchook.com\/allgemeine-geschaeftsbedingungen\/#breadcrumb"},"inLanguage":"fr-FR","potentialAction":[{"@type":"ReadAction","target":["https:\/\/darynchook.com\/allgemeine-geschaeftsbedingungen\/"]}]},{"@type":"BreadcrumbList","@id":"https:\/\/darynchook.com\/allgemeine-geschaeftsbedingungen\/#breadcrumb","itemListElement":[{"@type":"ListItem","position":1,"name":"Home","item":"https:\/\/darynchook.com\/"},{"@type":"ListItem","position":2,"name":"AGB"}]},{"@type":"WebSite","@id":"https:\/\/darynchook.com\/#website","url":"https:\/\/darynchook.com\/","name":"DARYN CHOOK | Made in Vienna","description":"DARYN CHOOK ist ein entschleunigtes, nachhaltiges und radikal transparentes Studio f\u00fcr Mode.","publisher":{"@id":"https:\/\/darynchook.com\/#organization"},"potentialAction":[{"@type":"SearchAction","target":{"@type":"EntryPoint","urlTemplate":"https:\/\/darynchook.com\/?s={search_term_string}"},"query-input":"required name=search_term_string"}],"inLanguage":"fr-FR"},{"@type":"Organization","@id":"https:\/\/darynchook.com\/#organization","name":"DARYN CHOOK","url":"https:\/\/darynchook.com\/","logo":{"@type":"ImageObject","inLanguage":"fr-FR","@id":"https:\/\/darynchook.com\/#\/schema\/logo\/image\/","url":"https:\/\/dev.darynchook.com\/wordpress\/wp-content\/uploads\/2021\/10\/DARYN-CHOOK-logo.png","contentUrl":"https:\/\/dev.darynchook.com\/wordpress\/wp-content\/uploads\/2021\/10\/DARYN-CHOOK-logo.png","width":686,"height":171,"caption":"DARYN CHOOK"},"image":{"@id":"https:\/\/darynchook.com\/#\/schema\/logo\/image\/"},"sameAs":["https:\/\/www.facebook.com\/darynchook","https:\/\/www.instagram.com\/darynchook\/"]}]}},"_links":{"self":[{"href":"https:\/\/dev.darynchook.com\/fr\/wp-json\/wp\/v2\/pages\/6221"}],"collection":[{"href":"https:\/\/dev.darynchook.com\/fr\/wp-json\/wp\/v2\/pages"}],"about":[{"href":"https:\/\/dev.darynchook.com\/fr\/wp-json\/wp\/v2\/types\/page"}],"author":[{"embeddable":true,"href":"https:\/\/dev.darynchook.com\/fr\/wp-json\/wp\/v2\/users\/3"}],"replies":[{"embeddable":true,"href":"https:\/\/dev.darynchook.com\/fr\/wp-json\/wp\/v2\/comments?post=6221"}],"version-history":[{"count":0,"href":"https:\/\/dev.darynchook.com\/fr\/wp-json\/wp\/v2\/pages\/6221\/revisions"}],"wp:attachment":[{"href":"https:\/\/dev.darynchook.com\/fr\/wp-json\/wp\/v2\/media?parent=6221"}],"curies":[{"name":"wp","href":"https:\/\/api.w.org\/{rel}","templated":true}]}}