{"id":10131,"date":"2022-01-17T01:03:12","date_gmt":"2022-01-17T00:03:12","guid":{"rendered":"https:\/\/dev.darynchook.com\/?post_type=product&#038;p=10131"},"modified":"2023-12-18T23:49:17","modified_gmt":"2023-12-18T22:49:17","slug":"regenmantel-mit-zipp-fleckenabweisendes-nylon-women","status":"publish","type":"product","link":"https:\/\/dev.darynchook.com\/fr\/product\/regenmantel-mit-zipp-fleckenabweisendes-nylon-women\/","title":{"rendered":"Manteau de pluie avec fermeture \u00e9clair, nylon anti-taches"},"content":{"rendered":"","protected":false},"excerpt":{"rendered":"<p class=\"p1\"><span class=\"s1\">001.U.0902<\/span><\/p>\n<p class=\"p1\">Un imperm\u00e9able d\u00e9perlant et coupe-vent avec une fermeture \u00e9clair \u00e9tanche, une capuche et des poches lat\u00e9rales est con\u00e7u pour les aventures urbaines en toute saison. Il a une coupe ample et peut \u00eatre port\u00e9 par-dessus un manteau d'hiver. Avec une longueur allong\u00e9e, il veille \u00e0 ce que les genoux soient couverts lorsque tu fais du v\u00e9lo. La patte de boutonnage cach\u00e9e prot\u00e8ge la poitrine en cas de pluie.<\/p>","protected":false},"featured_media":10157,"template":"","meta":[],"product_cat":[106,108,89,82,66,19],"product_tag":[240,229,252,101,70,245,248,254,265,247,246,263],"yoast_head":"<!-- This site is optimized with the Yoast SEO plugin v21.8.1 - https:\/\/yoast.com\/wordpress\/plugins\/seo\/ -->\n<title>Regenmantel mit Zipp, fleckenabweisendes Nylon<\/title>\n<meta name=\"description\" content=\"Ultraleichter, lockerer Regenschutz, der bequem \u00fcber mehrere Kleidungsschichten getragen werden kann.\" \/>\n<meta name=\"robots\" content=\"index, follow, max-snippet:-1, max-image-preview:large, max-video-preview:-1\" \/>\n<link rel=\"canonical\" href=\"https:\/\/darynchook.com\/product\/regenmantel-mit-zipp-fleckenabweisendes-nylon-women\/\" \/>\n<meta property=\"og:locale\" content=\"fr_FR\" \/>\n<meta property=\"og:type\" content=\"article\" \/>\n<meta property=\"og:title\" content=\"Regenmantel mit Zipp, fleckenabweisendes Nylon\" \/>\n<meta property=\"og:description\" content=\"Ultraleichter, lockerer Regenschutz, der bequem \u00fcber mehrere Kleidungsschichten getragen werden kann.\" \/>\n<meta property=\"og:url\" content=\"https:\/\/darynchook.com\/product\/regenmantel-mit-zipp-fleckenabweisendes-nylon-women\/\" \/>\n<meta property=\"og:site_name\" content=\"DARYN CHOOK | Made in Vienna\" \/>\n<meta property=\"article:publisher\" content=\"https:\/\/www.facebook.com\/darynchook\" \/>\n<meta property=\"article:modified_time\" content=\"2023-12-18T22:49:17+00:00\" \/>\n<meta property=\"og:image\" content=\"https:\/\/darynchook.com\/wordpress\/wp-content\/uploads\/2022\/01\/DARYNCHOOK-UNIFROM-001U0902-raincoat-unisex-snowwhite11.jpg\" \/>\n\t<meta property=\"og:image:width\" content=\"590\" \/>\n\t<meta property=\"og:image:height\" content=\"885\" \/>\n\t<meta property=\"og:image:type\" content=\"image\/jpeg\" \/>\n<meta name=\"twitter:card\" content=\"summary_large_image\" \/>\n<script type=\"application\/ld+json\" class=\"yoast-schema-graph\">{\"@context\":\"https:\/\/schema.org\",\"@graph\":[{\"@type\":\"WebPage\",\"@id\":\"https:\/\/darynchook.com\/product\/regenmantel-mit-zipp-fleckenabweisendes-nylon-women\/\",\"url\":\"https:\/\/darynchook.com\/product\/regenmantel-mit-zipp-fleckenabweisendes-nylon-women\/\",\"name\":\"Regenmantel mit Zipp, fleckenabweisendes Nylon\",\"isPartOf\":{\"@id\":\"https:\/\/darynchook.com\/#website\"},\"datePublished\":\"2022-01-17T00:03:12+00:00\",\"dateModified\":\"2023-12-18T22:49:17+00:00\",\"description\":\"Ultraleichter, lockerer Regenschutz, der bequem \u00fcber mehrere Kleidungsschichten getragen werden kann.\",\"breadcrumb\":{\"@id\":\"https:\/\/darynchook.com\/product\/regenmantel-mit-zipp-fleckenabweisendes-nylon-women\/#breadcrumb\"},\"inLanguage\":\"fr-FR\",\"potentialAction\":[{\"@type\":\"ReadAction\",\"target\":[\"https:\/\/darynchook.com\/product\/regenmantel-mit-zipp-fleckenabweisendes-nylon-women\/\"]}]},{\"@type\":\"BreadcrumbList\",\"@id\":\"https:\/\/darynchook.com\/product\/regenmantel-mit-zipp-fleckenabweisendes-nylon-women\/#breadcrumb\",\"itemListElement\":[{\"@type\":\"ListItem\",\"position\":1,\"name\":\"Home\",\"item\":\"https:\/\/darynchook.com\/\"},{\"@type\":\"ListItem\",\"position\":2,\"name\":\"Shop\",\"item\":\"https:\/\/darynchook.com\/?page_id=6\"},{\"@type\":\"ListItem\",\"position\":3,\"name\":\"Regenmantel mit Zipp, fleckenabweisendes Nylon\"}]},{\"@type\":\"WebSite\",\"@id\":\"https:\/\/darynchook.com\/#website\",\"url\":\"https:\/\/darynchook.com\/\",\"name\":\"DARYN CHOOK | Made in Vienna\",\"description\":\"DARYN CHOOK ist ein entschleunigtes, nachhaltiges und radikal transparentes Studio f\u00fcr Mode.\",\"publisher\":{\"@id\":\"https:\/\/darynchook.com\/#organization\"},\"potentialAction\":[{\"@type\":\"SearchAction\",\"target\":{\"@type\":\"EntryPoint\",\"urlTemplate\":\"https:\/\/darynchook.com\/?s={search_term_string}\"},\"query-input\":\"required name=search_term_string\"}],\"inLanguage\":\"fr-FR\"},{\"@type\":\"Organization\",\"@id\":\"https:\/\/darynchook.com\/#organization\",\"name\":\"DARYN CHOOK\",\"url\":\"https:\/\/darynchook.com\/\",\"logo\":{\"@type\":\"ImageObject\",\"inLanguage\":\"fr-FR\",\"@id\":\"https:\/\/darynchook.com\/#\/schema\/logo\/image\/\",\"url\":\"https:\/\/dev.darynchook.com\/wordpress\/wp-content\/uploads\/2021\/10\/DARYN-CHOOK-logo.png\",\"contentUrl\":\"https:\/\/dev.darynchook.com\/wordpress\/wp-content\/uploads\/2021\/10\/DARYN-CHOOK-logo.png\",\"width\":686,\"height\":171,\"caption\":\"DARYN CHOOK\"},\"image\":{\"@id\":\"https:\/\/darynchook.com\/#\/schema\/logo\/image\/\"},\"sameAs\":[\"https:\/\/www.facebook.com\/darynchook\",\"https:\/\/www.instagram.com\/darynchook\/\"]}]}<\/script>\n<!-- \/ Yoast SEO plugin. -->","yoast_head_json":{"title":"Regenmantel mit Zipp, fleckenabweisendes Nylon","description":"Ultraleichter, lockerer Regenschutz, der bequem \u00fcber mehrere Kleidungsschichten getragen werden kann.","robots":{"index":"index","follow":"follow","max-snippet":"max-snippet:-1","max-image-preview":"max-image-preview:large","max-video-preview":"max-video-preview:-1"},"canonical":"https:\/\/darynchook.com\/product\/regenmantel-mit-zipp-fleckenabweisendes-nylon-women\/","og_locale":"fr_FR","og_type":"article","og_title":"Regenmantel mit Zipp, fleckenabweisendes Nylon","og_description":"Ultraleichter, lockerer Regenschutz, der bequem \u00fcber mehrere Kleidungsschichten getragen werden kann.","og_url":"https:\/\/darynchook.com\/product\/regenmantel-mit-zipp-fleckenabweisendes-nylon-women\/","og_site_name":"DARYN CHOOK | Made in Vienna","article_publisher":"https:\/\/www.facebook.com\/darynchook","article_modified_time":"2023-12-18T22:49:17+00:00","og_image":[{"width":590,"height":885,"url":"https:\/\/darynchook.com\/wordpress\/wp-content\/uploads\/2022\/01\/DARYNCHOOK-UNIFROM-001U0902-raincoat-unisex-snowwhite11.jpg","type":"image\/jpeg"}],"twitter_card":"summary_large_image","schema":{"@context":"https:\/\/schema.org","@graph":[{"@type":"WebPage","@id":"https:\/\/darynchook.com\/product\/regenmantel-mit-zipp-fleckenabweisendes-nylon-women\/","url":"https:\/\/darynchook.com\/product\/regenmantel-mit-zipp-fleckenabweisendes-nylon-women\/","name":"Regenmantel mit Zipp, fleckenabweisendes Nylon","isPartOf":{"@id":"https:\/\/darynchook.com\/#website"},"datePublished":"2022-01-17T00:03:12+00:00","dateModified":"2023-12-18T22:49:17+00:00","description":"Ultraleichter, lockerer Regenschutz, der bequem \u00fcber mehrere Kleidungsschichten getragen werden kann.","breadcrumb":{"@id":"https:\/\/darynchook.com\/product\/regenmantel-mit-zipp-fleckenabweisendes-nylon-women\/#breadcrumb"},"inLanguage":"fr-FR","potentialAction":[{"@type":"ReadAction","target":["https:\/\/darynchook.com\/product\/regenmantel-mit-zipp-fleckenabweisendes-nylon-women\/"]}]},{"@type":"BreadcrumbList","@id":"https:\/\/darynchook.com\/product\/regenmantel-mit-zipp-fleckenabweisendes-nylon-women\/#breadcrumb","itemListElement":[{"@type":"ListItem","position":1,"name":"Home","item":"https:\/\/darynchook.com\/"},{"@type":"ListItem","position":2,"name":"Shop","item":"https:\/\/darynchook.com\/?page_id=6"},{"@type":"ListItem","position":3,"name":"Regenmantel mit Zipp, fleckenabweisendes Nylon"}]},{"@type":"WebSite","@id":"https:\/\/darynchook.com\/#website","url":"https:\/\/darynchook.com\/","name":"DARYN CHOOK | Made in Vienna","description":"DARYN CHOOK ist ein entschleunigtes, nachhaltiges und radikal transparentes Studio f\u00fcr Mode.","publisher":{"@id":"https:\/\/darynchook.com\/#organization"},"potentialAction":[{"@type":"SearchAction","target":{"@type":"EntryPoint","urlTemplate":"https:\/\/darynchook.com\/?s={search_term_string}"},"query-input":"required name=search_term_string"}],"inLanguage":"fr-FR"},{"@type":"Organization","@id":"https:\/\/darynchook.com\/#organization","name":"DARYN CHOOK","url":"https:\/\/darynchook.com\/","logo":{"@type":"ImageObject","inLanguage":"fr-FR","@id":"https:\/\/darynchook.com\/#\/schema\/logo\/image\/","url":"https:\/\/dev.darynchook.com\/wordpress\/wp-content\/uploads\/2021\/10\/DARYN-CHOOK-logo.png","contentUrl":"https:\/\/dev.darynchook.com\/wordpress\/wp-content\/uploads\/2021\/10\/DARYN-CHOOK-logo.png","width":686,"height":171,"caption":"DARYN CHOOK"},"image":{"@id":"https:\/\/darynchook.com\/#\/schema\/logo\/image\/"},"sameAs":["https:\/\/www.facebook.com\/darynchook","https:\/\/www.instagram.com\/darynchook\/"]}]}},"_links":{"self":[{"href":"https:\/\/dev.darynchook.com\/fr\/wp-json\/wp\/v3\/product\/10131"}],"collection":[{"href":"https:\/\/dev.darynchook.com\/fr\/wp-json\/wp\/v3\/product"}],"about":[{"href":"https:\/\/dev.darynchook.com\/fr\/wp-json\/wp\/v2\/types\/product"}],"version-history":[{"count":3,"href":"https:\/\/dev.darynchook.com\/fr\/wp-json\/wp\/v3\/product\/10131\/revisions"}],"predecessor-version":[{"id":15052,"href":"https:\/\/dev.darynchook.com\/fr\/wp-json\/wp\/v3\/product\/10131\/revisions\/15052"}],"wp:featuredmedia":[{"embeddable":true,"href":"https:\/\/dev.darynchook.com\/fr\/wp-json\/wp\/v2\/media\/10157"}],"wp:attachment":[{"href":"https:\/\/dev.darynchook.com\/fr\/wp-json\/wp\/v2\/media?parent=10131"}],"wp:term":[{"taxonomy":"product_cat","embeddable":true,"href":"https:\/\/dev.darynchook.com\/fr\/wp-json\/wp\/v2\/product_cat?post=10131"},{"taxonomy":"product_tag","embeddable":true,"href":"https:\/\/dev.darynchook.com\/fr\/wp-json\/wp\/v2\/product_tag?post=10131"}],"curies":[{"name":"wp","href":"https:\/\/api.w.org\/{rel}","templated":true}]}}