{"id":4037,"date":"2021-10-02T19:56:16","date_gmt":"2021-10-02T17:56:16","guid":{"rendered":"https:\/\/dev.darynchook.com\/wordpress\/?post_type=product&#038;p=4037"},"modified":"2023-11-23T15:42:26","modified_gmt":"2023-11-23T14:42:26","slug":"leichte-hose-mit-kordelzug-women","status":"publish","type":"product","link":"https:\/\/dev.darynchook.com\/fr\/product\/leichte-hose-mit-kordelzug-women\/","title":{"rendered":"Pantalon l\u00e9ger avec cordon de serrage, eucalyptus"},"content":{"rendered":"","protected":false},"excerpt":{"rendered":"<p class=\"p1\"><span class=\"s1\">001.W.0104<\/span><\/p>\n<p class=\"p1\"><span class=\"s1\">Ce pantalon d'\u00e9t\u00e9 styl\u00e9 en <\/span>l\u00e9ger et respirant est con\u00e7u pour les journ\u00e9es chaudes en ville et en d\u00e9placement. Le pantalon a une coupe d\u00e9contract\u00e9e et dispose d'une taille \u00e9lastique \u00e0 cordon de serrage. Une coupe optimis\u00e9e pour le v\u00e9lo avec r\u00e9glage de la largeur \u00e0 l'ourlet du pantalon assure en outre un confort de conduite sur le v\u00e9lo ou le scooter.<\/p>","protected":false},"featured_media":6042,"template":"","meta":[],"product_cat":[106,89,82,19,43],"product_tag":[244,250,253,256,240,229,237,243,248,254,73,265,247,263],"yoast_head":"<!-- This site is optimized with the Yoast SEO plugin v21.8.1 - https:\/\/yoast.com\/wordpress\/plugins\/seo\/ -->\n<title>Leichte Hose mit Kordelzug, Eukalyptus<\/title>\n<meta name=\"description\" content=\"Stylische Sommerhose aus einem leichten, atmungsaktiven TENCEL\u2122 Material ist f\u00fcr hei\u00dfe Tage in der Stadt und unterwegs konzipiert.\" \/>\n<meta name=\"robots\" content=\"index, follow, max-snippet:-1, max-image-preview:large, max-video-preview:-1\" \/>\n<link rel=\"canonical\" href=\"https:\/\/darynchook.com\/product\/leichte-hose-mit-kordelzug-women\/\" \/>\n<meta property=\"og:locale\" content=\"fr_FR\" \/>\n<meta property=\"og:type\" content=\"article\" \/>\n<meta property=\"og:title\" content=\"Leichte Hose mit Kordelzug, Eukalyptus\" \/>\n<meta property=\"og:description\" content=\"Stylische Sommerhose aus einem leichten, atmungsaktiven TENCEL\u2122 Material ist f\u00fcr hei\u00dfe Tage in der Stadt und unterwegs konzipiert.\" \/>\n<meta property=\"og:url\" content=\"https:\/\/darynchook.com\/product\/leichte-hose-mit-kordelzug-women\/\" \/>\n<meta property=\"og:site_name\" content=\"DARYN CHOOK | Made in Vienna\" \/>\n<meta property=\"article:publisher\" content=\"https:\/\/www.facebook.com\/darynchook\" \/>\n<meta property=\"article:modified_time\" content=\"2023-11-23T14:42:26+00:00\" \/>\n<meta property=\"og:image\" content=\"https:\/\/darynchook.com\/wordpress\/wp-content\/uploads\/2021\/10\/DARYNCHOOK-UNIFROM-001W0104-trousers-women-white2.jpg\" \/>\n\t<meta property=\"og:image:width\" content=\"590\" \/>\n\t<meta property=\"og:image:height\" content=\"885\" \/>\n\t<meta property=\"og:image:type\" content=\"image\/jpeg\" \/>\n<meta name=\"twitter:card\" content=\"summary_large_image\" \/>\n<script type=\"application\/ld+json\" class=\"yoast-schema-graph\">{\"@context\":\"https:\/\/schema.org\",\"@graph\":[{\"@type\":\"WebPage\",\"@id\":\"https:\/\/darynchook.com\/product\/leichte-hose-mit-kordelzug-women\/\",\"url\":\"https:\/\/darynchook.com\/product\/leichte-hose-mit-kordelzug-women\/\",\"name\":\"Leichte Hose mit Kordelzug, Eukalyptus\",\"isPartOf\":{\"@id\":\"https:\/\/darynchook.com\/#website\"},\"datePublished\":\"2021-10-02T17:56:16+00:00\",\"dateModified\":\"2023-11-23T14:42:26+00:00\",\"description\":\"Stylische Sommerhose aus einem leichten, atmungsaktiven TENCEL\u2122 Material ist f\u00fcr hei\u00dfe Tage in der Stadt und unterwegs konzipiert.\",\"breadcrumb\":{\"@id\":\"https:\/\/darynchook.com\/product\/leichte-hose-mit-kordelzug-women\/#breadcrumb\"},\"inLanguage\":\"fr-FR\",\"potentialAction\":[{\"@type\":\"ReadAction\",\"target\":[\"https:\/\/darynchook.com\/product\/leichte-hose-mit-kordelzug-women\/\"]}]},{\"@type\":\"BreadcrumbList\",\"@id\":\"https:\/\/darynchook.com\/product\/leichte-hose-mit-kordelzug-women\/#breadcrumb\",\"itemListElement\":[{\"@type\":\"ListItem\",\"position\":1,\"name\":\"Home\",\"item\":\"https:\/\/darynchook.com\/\"},{\"@type\":\"ListItem\",\"position\":2,\"name\":\"Shop\",\"item\":\"https:\/\/darynchook.com\/?page_id=6\"},{\"@type\":\"ListItem\",\"position\":3,\"name\":\"Leichte Hose mit Kordelzug, Eukalyptus\"}]},{\"@type\":\"WebSite\",\"@id\":\"https:\/\/darynchook.com\/#website\",\"url\":\"https:\/\/darynchook.com\/\",\"name\":\"DARYN CHOOK | Made in Vienna\",\"description\":\"DARYN CHOOK ist ein entschleunigtes, nachhaltiges und radikal transparentes Studio f\u00fcr Mode.\",\"publisher\":{\"@id\":\"https:\/\/darynchook.com\/#organization\"},\"potentialAction\":[{\"@type\":\"SearchAction\",\"target\":{\"@type\":\"EntryPoint\",\"urlTemplate\":\"https:\/\/darynchook.com\/?s={search_term_string}\"},\"query-input\":\"required name=search_term_string\"}],\"inLanguage\":\"fr-FR\"},{\"@type\":\"Organization\",\"@id\":\"https:\/\/darynchook.com\/#organization\",\"name\":\"DARYN CHOOK\",\"url\":\"https:\/\/darynchook.com\/\",\"logo\":{\"@type\":\"ImageObject\",\"inLanguage\":\"fr-FR\",\"@id\":\"https:\/\/darynchook.com\/#\/schema\/logo\/image\/\",\"url\":\"https:\/\/dev.darynchook.com\/wordpress\/wp-content\/uploads\/2021\/10\/DARYN-CHOOK-logo.png\",\"contentUrl\":\"https:\/\/dev.darynchook.com\/wordpress\/wp-content\/uploads\/2021\/10\/DARYN-CHOOK-logo.png\",\"width\":686,\"height\":171,\"caption\":\"DARYN CHOOK\"},\"image\":{\"@id\":\"https:\/\/darynchook.com\/#\/schema\/logo\/image\/\"},\"sameAs\":[\"https:\/\/www.facebook.com\/darynchook\",\"https:\/\/www.instagram.com\/darynchook\/\"]}]}<\/script>\n<!-- \/ Yoast SEO plugin. -->","yoast_head_json":{"title":"Leichte Hose mit Kordelzug, Eukalyptus","description":"Stylische Sommerhose aus einem leichten, atmungsaktiven TENCEL\u2122 Material ist f\u00fcr hei\u00dfe Tage in der Stadt und unterwegs konzipiert.","robots":{"index":"index","follow":"follow","max-snippet":"max-snippet:-1","max-image-preview":"max-image-preview:large","max-video-preview":"max-video-preview:-1"},"canonical":"https:\/\/darynchook.com\/product\/leichte-hose-mit-kordelzug-women\/","og_locale":"fr_FR","og_type":"article","og_title":"Leichte Hose mit Kordelzug, Eukalyptus","og_description":"Stylische Sommerhose aus einem leichten, atmungsaktiven TENCEL\u2122 Material ist f\u00fcr hei\u00dfe Tage in der Stadt und unterwegs konzipiert.","og_url":"https:\/\/darynchook.com\/product\/leichte-hose-mit-kordelzug-women\/","og_site_name":"DARYN CHOOK | Made in Vienna","article_publisher":"https:\/\/www.facebook.com\/darynchook","article_modified_time":"2023-11-23T14:42:26+00:00","og_image":[{"width":590,"height":885,"url":"https:\/\/darynchook.com\/wordpress\/wp-content\/uploads\/2021\/10\/DARYNCHOOK-UNIFROM-001W0104-trousers-women-white2.jpg","type":"image\/jpeg"}],"twitter_card":"summary_large_image","schema":{"@context":"https:\/\/schema.org","@graph":[{"@type":"WebPage","@id":"https:\/\/darynchook.com\/product\/leichte-hose-mit-kordelzug-women\/","url":"https:\/\/darynchook.com\/product\/leichte-hose-mit-kordelzug-women\/","name":"Leichte Hose mit Kordelzug, Eukalyptus","isPartOf":{"@id":"https:\/\/darynchook.com\/#website"},"datePublished":"2021-10-02T17:56:16+00:00","dateModified":"2023-11-23T14:42:26+00:00","description":"Stylische Sommerhose aus einem leichten, atmungsaktiven TENCEL\u2122 Material ist f\u00fcr hei\u00dfe Tage in der Stadt und unterwegs konzipiert.","breadcrumb":{"@id":"https:\/\/darynchook.com\/product\/leichte-hose-mit-kordelzug-women\/#breadcrumb"},"inLanguage":"fr-FR","potentialAction":[{"@type":"ReadAction","target":["https:\/\/darynchook.com\/product\/leichte-hose-mit-kordelzug-women\/"]}]},{"@type":"BreadcrumbList","@id":"https:\/\/darynchook.com\/product\/leichte-hose-mit-kordelzug-women\/#breadcrumb","itemListElement":[{"@type":"ListItem","position":1,"name":"Home","item":"https:\/\/darynchook.com\/"},{"@type":"ListItem","position":2,"name":"Shop","item":"https:\/\/darynchook.com\/?page_id=6"},{"@type":"ListItem","position":3,"name":"Leichte Hose mit Kordelzug, Eukalyptus"}]},{"@type":"WebSite","@id":"https:\/\/darynchook.com\/#website","url":"https:\/\/darynchook.com\/","name":"DARYN CHOOK | Made in Vienna","description":"DARYN CHOOK ist ein entschleunigtes, nachhaltiges und radikal transparentes Studio f\u00fcr Mode.","publisher":{"@id":"https:\/\/darynchook.com\/#organization"},"potentialAction":[{"@type":"SearchAction","target":{"@type":"EntryPoint","urlTemplate":"https:\/\/darynchook.com\/?s={search_term_string}"},"query-input":"required name=search_term_string"}],"inLanguage":"fr-FR"},{"@type":"Organization","@id":"https:\/\/darynchook.com\/#organization","name":"DARYN CHOOK","url":"https:\/\/darynchook.com\/","logo":{"@type":"ImageObject","inLanguage":"fr-FR","@id":"https:\/\/darynchook.com\/#\/schema\/logo\/image\/","url":"https:\/\/dev.darynchook.com\/wordpress\/wp-content\/uploads\/2021\/10\/DARYN-CHOOK-logo.png","contentUrl":"https:\/\/dev.darynchook.com\/wordpress\/wp-content\/uploads\/2021\/10\/DARYN-CHOOK-logo.png","width":686,"height":171,"caption":"DARYN CHOOK"},"image":{"@id":"https:\/\/darynchook.com\/#\/schema\/logo\/image\/"},"sameAs":["https:\/\/www.facebook.com\/darynchook","https:\/\/www.instagram.com\/darynchook\/"]}]}},"_links":{"self":[{"href":"https:\/\/dev.darynchook.com\/fr\/wp-json\/wp\/v3\/product\/4037"}],"collection":[{"href":"https:\/\/dev.darynchook.com\/fr\/wp-json\/wp\/v3\/product"}],"about":[{"href":"https:\/\/dev.darynchook.com\/fr\/wp-json\/wp\/v2\/types\/product"}],"version-history":[{"count":1,"href":"https:\/\/dev.darynchook.com\/fr\/wp-json\/wp\/v3\/product\/4037\/revisions"}],"predecessor-version":[{"id":14390,"href":"https:\/\/dev.darynchook.com\/fr\/wp-json\/wp\/v3\/product\/4037\/revisions\/14390"}],"wp:featuredmedia":[{"embeddable":true,"href":"https:\/\/dev.darynchook.com\/fr\/wp-json\/wp\/v2\/media\/6042"}],"wp:attachment":[{"href":"https:\/\/dev.darynchook.com\/fr\/wp-json\/wp\/v2\/media?parent=4037"}],"wp:term":[{"taxonomy":"product_cat","embeddable":true,"href":"https:\/\/dev.darynchook.com\/fr\/wp-json\/wp\/v2\/product_cat?post=4037"},{"taxonomy":"product_tag","embeddable":true,"href":"https:\/\/dev.darynchook.com\/fr\/wp-json\/wp\/v2\/product_tag?post=4037"}],"curies":[{"name":"wp","href":"https:\/\/api.w.org\/{rel}","templated":true}]}}