{"id":4508,"date":"2021-10-10T20:19:23","date_gmt":"2021-10-10T18:19:23","guid":{"rendered":"https:\/\/dev.darynchook.com\/?post_type=product&#038;p=4508"},"modified":"2023-12-18T23:55:42","modified_gmt":"2023-12-18T22:55:42","slug":"entspannte-robuste-hose-refibra-women","status":"publish","type":"product","link":"https:\/\/dev.darynchook.com\/fr\/product\/entspannte-robuste-hose-refibra-women\/","title":{"rendered":"Pantalon robuste avec zip, REFIBRA\u2122"},"content":{"rendered":"","protected":false},"excerpt":{"rendered":"<p class=\"p1\">001.W.0102<\/p>\n<p class=\"p1\">Pantalon robuste et d\u00e9contract\u00e9 avec beaucoup d'espace de rangement pour faire du v\u00e9lo en ville. Pour tous ceux qui vont au travail et ne veulent pas se changer. Gr\u00e2ce \u00e0 une zone de genoux ergonomiquement coup\u00e9e, les pantalons cr\u00e9ent un espace de mouvement maximal. La taille haute assure un meilleur maintien en position \u00e9tir\u00e9e sur le v\u00e9lo.<\/p>","protected":false},"featured_media":6053,"template":"","meta":[],"product_cat":[106,89,19,43],"product_tag":[244,250,94,256,240,241,229,237,70,69,248,254,265,247,263],"yoast_head":"<!-- This site is optimized with the Yoast SEO plugin v21.8.1 - https:\/\/yoast.com\/wordpress\/plugins\/seo\/ -->\n<title>Robuste Hose mit Zipp, REFIBRA\u2122<\/title>\n<meta name=\"description\" content=\"Nachhaltige Hose aus recyceltem Stretchmaterial f\u00fcr Bewegungsfreiheit. F\u00fcr alle, die ohne such umziehen zu m\u00fcssen, zur Arbeit fahren wollen.\" \/>\n<meta name=\"robots\" content=\"index, follow, max-snippet:-1, max-image-preview:large, max-video-preview:-1\" \/>\n<link rel=\"canonical\" href=\"https:\/\/darynchook.com\/product\/entspannte-robuste-hose-refibra-women\/\" \/>\n<meta property=\"og:locale\" content=\"fr_FR\" \/>\n<meta property=\"og:type\" content=\"article\" \/>\n<meta property=\"og:title\" content=\"Robuste Hose mit Zipp, REFIBRA\u2122\" \/>\n<meta property=\"og:description\" content=\"Nachhaltige Hose aus recyceltem Stretchmaterial f\u00fcr Bewegungsfreiheit. F\u00fcr alle, die ohne such umziehen zu m\u00fcssen, zur Arbeit fahren wollen.\" \/>\n<meta property=\"og:url\" content=\"https:\/\/darynchook.com\/product\/entspannte-robuste-hose-refibra-women\/\" \/>\n<meta property=\"og:site_name\" content=\"DARYN CHOOK | Made in Vienna\" \/>\n<meta property=\"article:publisher\" content=\"https:\/\/www.facebook.com\/darynchook\" \/>\n<meta property=\"article:modified_time\" content=\"2023-12-18T22:55:42+00:00\" \/>\n<meta property=\"og:image\" content=\"https:\/\/darynchook.com\/wordpress\/wp-content\/uploads\/2021\/10\/DARYNCHOOK-UNIFROM-001W0102-trousers-women-black1.jpg\" \/>\n\t<meta property=\"og:image:width\" content=\"590\" \/>\n\t<meta property=\"og:image:height\" content=\"885\" \/>\n\t<meta property=\"og:image:type\" content=\"image\/jpeg\" \/>\n<meta name=\"twitter:card\" content=\"summary_large_image\" \/>\n<meta name=\"twitter:label1\" content=\"Dur\u00e9e de lecture estim\u00e9e\" \/>\n\t<meta name=\"twitter:data1\" content=\"1 minute\" \/>\n<script type=\"application\/ld+json\" class=\"yoast-schema-graph\">{\"@context\":\"https:\/\/schema.org\",\"@graph\":[{\"@type\":\"WebPage\",\"@id\":\"https:\/\/darynchook.com\/product\/entspannte-robuste-hose-refibra-women\/\",\"url\":\"https:\/\/darynchook.com\/product\/entspannte-robuste-hose-refibra-women\/\",\"name\":\"Robuste Hose mit Zipp, REFIBRA\u2122\",\"isPartOf\":{\"@id\":\"https:\/\/darynchook.com\/#website\"},\"datePublished\":\"2021-10-10T18:19:23+00:00\",\"dateModified\":\"2023-12-18T22:55:42+00:00\",\"description\":\"Nachhaltige Hose aus recyceltem Stretchmaterial f\u00fcr Bewegungsfreiheit. F\u00fcr alle, die ohne such umziehen zu m\u00fcssen, zur Arbeit fahren wollen.\",\"breadcrumb\":{\"@id\":\"https:\/\/darynchook.com\/product\/entspannte-robuste-hose-refibra-women\/#breadcrumb\"},\"inLanguage\":\"fr-FR\",\"potentialAction\":[{\"@type\":\"ReadAction\",\"target\":[\"https:\/\/darynchook.com\/product\/entspannte-robuste-hose-refibra-women\/\"]}]},{\"@type\":\"BreadcrumbList\",\"@id\":\"https:\/\/darynchook.com\/product\/entspannte-robuste-hose-refibra-women\/#breadcrumb\",\"itemListElement\":[{\"@type\":\"ListItem\",\"position\":1,\"name\":\"Home\",\"item\":\"https:\/\/darynchook.com\/\"},{\"@type\":\"ListItem\",\"position\":2,\"name\":\"Shop\",\"item\":\"https:\/\/darynchook.com\/?page_id=6\"},{\"@type\":\"ListItem\",\"position\":3,\"name\":\"Robuste Hose mit Zipp, REFIBRA\u2122\"}]},{\"@type\":\"WebSite\",\"@id\":\"https:\/\/darynchook.com\/#website\",\"url\":\"https:\/\/darynchook.com\/\",\"name\":\"DARYN CHOOK | Made in Vienna\",\"description\":\"DARYN CHOOK ist ein entschleunigtes, nachhaltiges und radikal transparentes Studio f\u00fcr Mode.\",\"publisher\":{\"@id\":\"https:\/\/darynchook.com\/#organization\"},\"potentialAction\":[{\"@type\":\"SearchAction\",\"target\":{\"@type\":\"EntryPoint\",\"urlTemplate\":\"https:\/\/darynchook.com\/?s={search_term_string}\"},\"query-input\":\"required name=search_term_string\"}],\"inLanguage\":\"fr-FR\"},{\"@type\":\"Organization\",\"@id\":\"https:\/\/darynchook.com\/#organization\",\"name\":\"DARYN CHOOK\",\"url\":\"https:\/\/darynchook.com\/\",\"logo\":{\"@type\":\"ImageObject\",\"inLanguage\":\"fr-FR\",\"@id\":\"https:\/\/darynchook.com\/#\/schema\/logo\/image\/\",\"url\":\"https:\/\/dev.darynchook.com\/wordpress\/wp-content\/uploads\/2021\/10\/DARYN-CHOOK-logo.png\",\"contentUrl\":\"https:\/\/dev.darynchook.com\/wordpress\/wp-content\/uploads\/2021\/10\/DARYN-CHOOK-logo.png\",\"width\":686,\"height\":171,\"caption\":\"DARYN CHOOK\"},\"image\":{\"@id\":\"https:\/\/darynchook.com\/#\/schema\/logo\/image\/\"},\"sameAs\":[\"https:\/\/www.facebook.com\/darynchook\",\"https:\/\/www.instagram.com\/darynchook\/\"]}]}<\/script>\n<!-- \/ Yoast SEO plugin. -->","yoast_head_json":{"title":"Robuste Hose mit Zipp, REFIBRA\u2122","description":"Nachhaltige Hose aus recyceltem Stretchmaterial f\u00fcr Bewegungsfreiheit. F\u00fcr alle, die ohne such umziehen zu m\u00fcssen, zur Arbeit fahren wollen.","robots":{"index":"index","follow":"follow","max-snippet":"max-snippet:-1","max-image-preview":"max-image-preview:large","max-video-preview":"max-video-preview:-1"},"canonical":"https:\/\/darynchook.com\/product\/entspannte-robuste-hose-refibra-women\/","og_locale":"fr_FR","og_type":"article","og_title":"Robuste Hose mit Zipp, REFIBRA\u2122","og_description":"Nachhaltige Hose aus recyceltem Stretchmaterial f\u00fcr Bewegungsfreiheit. F\u00fcr alle, die ohne such umziehen zu m\u00fcssen, zur Arbeit fahren wollen.","og_url":"https:\/\/darynchook.com\/product\/entspannte-robuste-hose-refibra-women\/","og_site_name":"DARYN CHOOK | Made in Vienna","article_publisher":"https:\/\/www.facebook.com\/darynchook","article_modified_time":"2023-12-18T22:55:42+00:00","og_image":[{"width":590,"height":885,"url":"https:\/\/darynchook.com\/wordpress\/wp-content\/uploads\/2021\/10\/DARYNCHOOK-UNIFROM-001W0102-trousers-women-black1.jpg","type":"image\/jpeg"}],"twitter_card":"summary_large_image","twitter_misc":{"Dur\u00e9e de lecture estim\u00e9e":"1 minute"},"schema":{"@context":"https:\/\/schema.org","@graph":[{"@type":"WebPage","@id":"https:\/\/darynchook.com\/product\/entspannte-robuste-hose-refibra-women\/","url":"https:\/\/darynchook.com\/product\/entspannte-robuste-hose-refibra-women\/","name":"Robuste Hose mit Zipp, REFIBRA\u2122","isPartOf":{"@id":"https:\/\/darynchook.com\/#website"},"datePublished":"2021-10-10T18:19:23+00:00","dateModified":"2023-12-18T22:55:42+00:00","description":"Nachhaltige Hose aus recyceltem Stretchmaterial f\u00fcr Bewegungsfreiheit. F\u00fcr alle, die ohne such umziehen zu m\u00fcssen, zur Arbeit fahren wollen.","breadcrumb":{"@id":"https:\/\/darynchook.com\/product\/entspannte-robuste-hose-refibra-women\/#breadcrumb"},"inLanguage":"fr-FR","potentialAction":[{"@type":"ReadAction","target":["https:\/\/darynchook.com\/product\/entspannte-robuste-hose-refibra-women\/"]}]},{"@type":"BreadcrumbList","@id":"https:\/\/darynchook.com\/product\/entspannte-robuste-hose-refibra-women\/#breadcrumb","itemListElement":[{"@type":"ListItem","position":1,"name":"Home","item":"https:\/\/darynchook.com\/"},{"@type":"ListItem","position":2,"name":"Shop","item":"https:\/\/darynchook.com\/?page_id=6"},{"@type":"ListItem","position":3,"name":"Robuste Hose mit Zipp, REFIBRA\u2122"}]},{"@type":"WebSite","@id":"https:\/\/darynchook.com\/#website","url":"https:\/\/darynchook.com\/","name":"DARYN CHOOK | Made in Vienna","description":"DARYN CHOOK ist ein entschleunigtes, nachhaltiges und radikal transparentes Studio f\u00fcr Mode.","publisher":{"@id":"https:\/\/darynchook.com\/#organization"},"potentialAction":[{"@type":"SearchAction","target":{"@type":"EntryPoint","urlTemplate":"https:\/\/darynchook.com\/?s={search_term_string}"},"query-input":"required name=search_term_string"}],"inLanguage":"fr-FR"},{"@type":"Organization","@id":"https:\/\/darynchook.com\/#organization","name":"DARYN CHOOK","url":"https:\/\/darynchook.com\/","logo":{"@type":"ImageObject","inLanguage":"fr-FR","@id":"https:\/\/darynchook.com\/#\/schema\/logo\/image\/","url":"https:\/\/dev.darynchook.com\/wordpress\/wp-content\/uploads\/2021\/10\/DARYN-CHOOK-logo.png","contentUrl":"https:\/\/dev.darynchook.com\/wordpress\/wp-content\/uploads\/2021\/10\/DARYN-CHOOK-logo.png","width":686,"height":171,"caption":"DARYN CHOOK"},"image":{"@id":"https:\/\/darynchook.com\/#\/schema\/logo\/image\/"},"sameAs":["https:\/\/www.facebook.com\/darynchook","https:\/\/www.instagram.com\/darynchook\/"]}]}},"_links":{"self":[{"href":"https:\/\/dev.darynchook.com\/fr\/wp-json\/wp\/v3\/product\/4508"}],"collection":[{"href":"https:\/\/dev.darynchook.com\/fr\/wp-json\/wp\/v3\/product"}],"about":[{"href":"https:\/\/dev.darynchook.com\/fr\/wp-json\/wp\/v2\/types\/product"}],"version-history":[{"count":4,"href":"https:\/\/dev.darynchook.com\/fr\/wp-json\/wp\/v3\/product\/4508\/revisions"}],"predecessor-version":[{"id":14617,"href":"https:\/\/dev.darynchook.com\/fr\/wp-json\/wp\/v3\/product\/4508\/revisions\/14617"}],"wp:featuredmedia":[{"embeddable":true,"href":"https:\/\/dev.darynchook.com\/fr\/wp-json\/wp\/v2\/media\/6053"}],"wp:attachment":[{"href":"https:\/\/dev.darynchook.com\/fr\/wp-json\/wp\/v2\/media?parent=4508"}],"wp:term":[{"taxonomy":"product_cat","embeddable":true,"href":"https:\/\/dev.darynchook.com\/fr\/wp-json\/wp\/v2\/product_cat?post=4508"},{"taxonomy":"product_tag","embeddable":true,"href":"https:\/\/dev.darynchook.com\/fr\/wp-json\/wp\/v2\/product_tag?post=4508"}],"curies":[{"name":"wp","href":"https:\/\/api.w.org\/{rel}","templated":true}]}}