{"id":4515,"date":"2021-10-10T20:29:33","date_gmt":"2021-10-10T18:29:33","guid":{"rendered":"https:\/\/dev.darynchook.com\/?post_type=product&#038;p=4515"},"modified":"2023-12-18T21:14:23","modified_gmt":"2023-12-18T20:14:23","slug":"robuste-hose-mit-kordelzug-refibra-men","status":"publish","type":"product","link":"https:\/\/dev.darynchook.com\/fr\/product\/robuste-hose-mit-kordelzug-refibra-men\/","title":{"rendered":"Pantalon robuste avec cordon de serrage, REFIBRA\u2122"},"content":{"rendered":"","protected":false},"excerpt":{"rendered":"<p class=\"p1\"><span class=\"s1\">001.M.0103<\/span><\/p>\n<p class=\"p1\">Le pantalon robuste avec cordon de serrage est con\u00e7u pour passer de la maison au bureau. Son mat\u00e9riau naturel poss\u00e8de une excellente \u00e9lasticit\u00e9, ce qui rend ce pantalon parfait pour le travail et les loisirs. Avec sa taille \u00e9lastique, ce pantalon allie fonctionnalit\u00e9 et \u00e9l\u00e9gance.<\/p>","protected":false},"featured_media":6019,"template":"","meta":[],"product_cat":[106,90,42,48],"product_tag":[244,250,94,256,240,241,229,237,264,70,69,248,254,265,247],"yoast_head":"<!-- This site is optimized with the Yoast SEO plugin v21.8.1 - https:\/\/yoast.com\/wordpress\/plugins\/seo\/ -->\n<title>Robuste Hose mit Kordelzug, REFIBRA\u2122<\/title>\n<meta name=\"description\" content=\"Nachhaltige Herrenhose aus recyceltem Stretchmaterial. Mit dem elastischen Bund vereint die Hose Funktionalit\u00e4t mit Eleganz.\" \/>\n<meta name=\"robots\" content=\"index, follow, max-snippet:-1, max-image-preview:large, max-video-preview:-1\" \/>\n<link rel=\"canonical\" href=\"https:\/\/darynchook.com\/product\/robuste-hose-mit-kordelzug-refibra-men\/\" \/>\n<meta property=\"og:locale\" content=\"fr_FR\" \/>\n<meta property=\"og:type\" content=\"article\" \/>\n<meta property=\"og:title\" content=\"Robuste Hose mit Kordelzug, REFIBRA\u2122\" \/>\n<meta property=\"og:description\" content=\"Nachhaltige Herrenhose aus recyceltem Stretchmaterial. Mit dem elastischen Bund vereint die Hose Funktionalit\u00e4t mit Eleganz.\" \/>\n<meta property=\"og:url\" content=\"https:\/\/darynchook.com\/product\/robuste-hose-mit-kordelzug-refibra-men\/\" \/>\n<meta property=\"og:site_name\" content=\"DARYN CHOOK | Made in Vienna\" \/>\n<meta property=\"article:publisher\" content=\"https:\/\/www.facebook.com\/darynchook\" \/>\n<meta property=\"article:modified_time\" content=\"2023-12-18T20:14:23+00:00\" \/>\n<meta property=\"og:image\" content=\"https:\/\/darynchook.com\/wordpress\/wp-content\/uploads\/2021\/10\/DARYNCHOOK-UNIFROM-001M0103-trousers-man-black4.jpg\" \/>\n\t<meta property=\"og:image:width\" content=\"590\" \/>\n\t<meta property=\"og:image:height\" content=\"885\" \/>\n\t<meta property=\"og:image:type\" content=\"image\/jpeg\" \/>\n<meta name=\"twitter:card\" content=\"summary_large_image\" \/>\n<meta name=\"twitter:label1\" content=\"Dur\u00e9e de lecture estim\u00e9e\" \/>\n\t<meta name=\"twitter:data1\" content=\"1 minute\" \/>\n<script type=\"application\/ld+json\" class=\"yoast-schema-graph\">{\"@context\":\"https:\/\/schema.org\",\"@graph\":[{\"@type\":\"WebPage\",\"@id\":\"https:\/\/darynchook.com\/product\/robuste-hose-mit-kordelzug-refibra-men\/\",\"url\":\"https:\/\/darynchook.com\/product\/robuste-hose-mit-kordelzug-refibra-men\/\",\"name\":\"Robuste Hose mit Kordelzug, REFIBRA\u2122\",\"isPartOf\":{\"@id\":\"https:\/\/darynchook.com\/#website\"},\"datePublished\":\"2021-10-10T18:29:33+00:00\",\"dateModified\":\"2023-12-18T20:14:23+00:00\",\"description\":\"Nachhaltige Herrenhose aus recyceltem Stretchmaterial. Mit dem elastischen Bund vereint die Hose Funktionalit\u00e4t mit Eleganz.\",\"breadcrumb\":{\"@id\":\"https:\/\/darynchook.com\/product\/robuste-hose-mit-kordelzug-refibra-men\/#breadcrumb\"},\"inLanguage\":\"fr-FR\",\"potentialAction\":[{\"@type\":\"ReadAction\",\"target\":[\"https:\/\/darynchook.com\/product\/robuste-hose-mit-kordelzug-refibra-men\/\"]}]},{\"@type\":\"BreadcrumbList\",\"@id\":\"https:\/\/darynchook.com\/product\/robuste-hose-mit-kordelzug-refibra-men\/#breadcrumb\",\"itemListElement\":[{\"@type\":\"ListItem\",\"position\":1,\"name\":\"Home\",\"item\":\"https:\/\/darynchook.com\/\"},{\"@type\":\"ListItem\",\"position\":2,\"name\":\"Shop\",\"item\":\"https:\/\/darynchook.com\/?page_id=6\"},{\"@type\":\"ListItem\",\"position\":3,\"name\":\"Robuste Hose mit Kordelzug, REFIBRA\u2122\"}]},{\"@type\":\"WebSite\",\"@id\":\"https:\/\/darynchook.com\/#website\",\"url\":\"https:\/\/darynchook.com\/\",\"name\":\"DARYN CHOOK | Made in Vienna\",\"description\":\"DARYN CHOOK ist ein entschleunigtes, nachhaltiges und radikal transparentes Studio f\u00fcr Mode.\",\"publisher\":{\"@id\":\"https:\/\/darynchook.com\/#organization\"},\"potentialAction\":[{\"@type\":\"SearchAction\",\"target\":{\"@type\":\"EntryPoint\",\"urlTemplate\":\"https:\/\/darynchook.com\/?s={search_term_string}\"},\"query-input\":\"required name=search_term_string\"}],\"inLanguage\":\"fr-FR\"},{\"@type\":\"Organization\",\"@id\":\"https:\/\/darynchook.com\/#organization\",\"name\":\"DARYN CHOOK\",\"url\":\"https:\/\/darynchook.com\/\",\"logo\":{\"@type\":\"ImageObject\",\"inLanguage\":\"fr-FR\",\"@id\":\"https:\/\/darynchook.com\/#\/schema\/logo\/image\/\",\"url\":\"https:\/\/dev.darynchook.com\/wordpress\/wp-content\/uploads\/2021\/10\/DARYN-CHOOK-logo.png\",\"contentUrl\":\"https:\/\/dev.darynchook.com\/wordpress\/wp-content\/uploads\/2021\/10\/DARYN-CHOOK-logo.png\",\"width\":686,\"height\":171,\"caption\":\"DARYN CHOOK\"},\"image\":{\"@id\":\"https:\/\/darynchook.com\/#\/schema\/logo\/image\/\"},\"sameAs\":[\"https:\/\/www.facebook.com\/darynchook\",\"https:\/\/www.instagram.com\/darynchook\/\"]}]}<\/script>\n<!-- \/ Yoast SEO plugin. -->","yoast_head_json":{"title":"Robuste Hose mit Kordelzug, REFIBRA\u2122","description":"Nachhaltige Herrenhose aus recyceltem Stretchmaterial. Mit dem elastischen Bund vereint die Hose Funktionalit\u00e4t mit Eleganz.","robots":{"index":"index","follow":"follow","max-snippet":"max-snippet:-1","max-image-preview":"max-image-preview:large","max-video-preview":"max-video-preview:-1"},"canonical":"https:\/\/darynchook.com\/product\/robuste-hose-mit-kordelzug-refibra-men\/","og_locale":"fr_FR","og_type":"article","og_title":"Robuste Hose mit Kordelzug, REFIBRA\u2122","og_description":"Nachhaltige Herrenhose aus recyceltem Stretchmaterial. Mit dem elastischen Bund vereint die Hose Funktionalit\u00e4t mit Eleganz.","og_url":"https:\/\/darynchook.com\/product\/robuste-hose-mit-kordelzug-refibra-men\/","og_site_name":"DARYN CHOOK | Made in Vienna","article_publisher":"https:\/\/www.facebook.com\/darynchook","article_modified_time":"2023-12-18T20:14:23+00:00","og_image":[{"width":590,"height":885,"url":"https:\/\/darynchook.com\/wordpress\/wp-content\/uploads\/2021\/10\/DARYNCHOOK-UNIFROM-001M0103-trousers-man-black4.jpg","type":"image\/jpeg"}],"twitter_card":"summary_large_image","twitter_misc":{"Dur\u00e9e de lecture estim\u00e9e":"1 minute"},"schema":{"@context":"https:\/\/schema.org","@graph":[{"@type":"WebPage","@id":"https:\/\/darynchook.com\/product\/robuste-hose-mit-kordelzug-refibra-men\/","url":"https:\/\/darynchook.com\/product\/robuste-hose-mit-kordelzug-refibra-men\/","name":"Robuste Hose mit Kordelzug, REFIBRA\u2122","isPartOf":{"@id":"https:\/\/darynchook.com\/#website"},"datePublished":"2021-10-10T18:29:33+00:00","dateModified":"2023-12-18T20:14:23+00:00","description":"Nachhaltige Herrenhose aus recyceltem Stretchmaterial. Mit dem elastischen Bund vereint die Hose Funktionalit\u00e4t mit Eleganz.","breadcrumb":{"@id":"https:\/\/darynchook.com\/product\/robuste-hose-mit-kordelzug-refibra-men\/#breadcrumb"},"inLanguage":"fr-FR","potentialAction":[{"@type":"ReadAction","target":["https:\/\/darynchook.com\/product\/robuste-hose-mit-kordelzug-refibra-men\/"]}]},{"@type":"BreadcrumbList","@id":"https:\/\/darynchook.com\/product\/robuste-hose-mit-kordelzug-refibra-men\/#breadcrumb","itemListElement":[{"@type":"ListItem","position":1,"name":"Home","item":"https:\/\/darynchook.com\/"},{"@type":"ListItem","position":2,"name":"Shop","item":"https:\/\/darynchook.com\/?page_id=6"},{"@type":"ListItem","position":3,"name":"Robuste Hose mit Kordelzug, REFIBRA\u2122"}]},{"@type":"WebSite","@id":"https:\/\/darynchook.com\/#website","url":"https:\/\/darynchook.com\/","name":"DARYN CHOOK | Made in Vienna","description":"DARYN CHOOK ist ein entschleunigtes, nachhaltiges und radikal transparentes Studio f\u00fcr Mode.","publisher":{"@id":"https:\/\/darynchook.com\/#organization"},"potentialAction":[{"@type":"SearchAction","target":{"@type":"EntryPoint","urlTemplate":"https:\/\/darynchook.com\/?s={search_term_string}"},"query-input":"required name=search_term_string"}],"inLanguage":"fr-FR"},{"@type":"Organization","@id":"https:\/\/darynchook.com\/#organization","name":"DARYN CHOOK","url":"https:\/\/darynchook.com\/","logo":{"@type":"ImageObject","inLanguage":"fr-FR","@id":"https:\/\/darynchook.com\/#\/schema\/logo\/image\/","url":"https:\/\/dev.darynchook.com\/wordpress\/wp-content\/uploads\/2021\/10\/DARYN-CHOOK-logo.png","contentUrl":"https:\/\/dev.darynchook.com\/wordpress\/wp-content\/uploads\/2021\/10\/DARYN-CHOOK-logo.png","width":686,"height":171,"caption":"DARYN CHOOK"},"image":{"@id":"https:\/\/darynchook.com\/#\/schema\/logo\/image\/"},"sameAs":["https:\/\/www.facebook.com\/darynchook","https:\/\/www.instagram.com\/darynchook\/"]}]}},"_links":{"self":[{"href":"https:\/\/dev.darynchook.com\/fr\/wp-json\/wp\/v3\/product\/4515"}],"collection":[{"href":"https:\/\/dev.darynchook.com\/fr\/wp-json\/wp\/v3\/product"}],"about":[{"href":"https:\/\/dev.darynchook.com\/fr\/wp-json\/wp\/v2\/types\/product"}],"version-history":[{"count":3,"href":"https:\/\/dev.darynchook.com\/fr\/wp-json\/wp\/v3\/product\/4515\/revisions"}],"predecessor-version":[{"id":15046,"href":"https:\/\/dev.darynchook.com\/fr\/wp-json\/wp\/v3\/product\/4515\/revisions\/15046"}],"wp:featuredmedia":[{"embeddable":true,"href":"https:\/\/dev.darynchook.com\/fr\/wp-json\/wp\/v2\/media\/6019"}],"wp:attachment":[{"href":"https:\/\/dev.darynchook.com\/fr\/wp-json\/wp\/v2\/media?parent=4515"}],"wp:term":[{"taxonomy":"product_cat","embeddable":true,"href":"https:\/\/dev.darynchook.com\/fr\/wp-json\/wp\/v2\/product_cat?post=4515"},{"taxonomy":"product_tag","embeddable":true,"href":"https:\/\/dev.darynchook.com\/fr\/wp-json\/wp\/v2\/product_tag?post=4515"}],"curies":[{"name":"wp","href":"https:\/\/api.w.org\/{rel}","templated":true}]}}