{"id":4553,"date":"2021-10-10T20:52:57","date_gmt":"2021-10-10T18:52:57","guid":{"rendered":"https:\/\/dev.darynchook.com\/?post_type=product&#038;p=4553"},"modified":"2023-11-23T15:44:37","modified_gmt":"2023-11-23T14:44:37","slug":"lockere-shorts-mit-kordelzug-eukalyptus-men","status":"publish","type":"product","link":"https:\/\/dev.darynchook.com\/fr\/product\/lockere-shorts-mit-kordelzug-eukalyptus-men\/","title":{"rendered":"Short ample avec cordon de serrage, eucalyptus"},"content":{"rendered":"","protected":false},"excerpt":{"rendered":"<p class=\"p1\"><span class=\"s1\">001.M.0201<\/span><\/p>\n<p class=\"p1\">Le short ultime pour les journ\u00e9es chaudes. La mati\u00e8re a\u00e9r\u00e9e en eucalyptus te permet de te sentir toujours fra\u00eeche lors de tes aventures quotidiennes. La ceinture \u00e0 cordon de serrage te permet d'ajuster la coupe du short. Porte-le par-dessus tes leggings pour un confort tout au long de la journ\u00e9e.<\/p>","protected":false},"featured_media":5061,"template":"","meta":[],"product_cat":[106,90,83,87,110,42,48],"product_tag":[250,253,240,229,237,243,264,248,254,255,73,265,247],"yoast_head":"<!-- This site is optimized with the Yoast SEO plugin v21.8.1 - https:\/\/yoast.com\/wordpress\/plugins\/seo\/ -->\n<title>Lockere Shorts mit Kordelzug, Eukalyptus<\/title>\n<meta name=\"description\" content=\"Leichte nachhaltige Herrenshorts mit Kordelzug aus TENCEL\u2122. F\u00fcr hei\u00dfe Tage in der Stadt und unterwegs konzipiert.\" \/>\n<meta name=\"robots\" content=\"index, follow, max-snippet:-1, max-image-preview:large, max-video-preview:-1\" \/>\n<link rel=\"canonical\" href=\"https:\/\/darynchook.com\/product\/lockere-shorts-mit-kordelzug-eukalyptus-men\/\" \/>\n<meta property=\"og:locale\" content=\"fr_FR\" \/>\n<meta property=\"og:type\" content=\"article\" \/>\n<meta property=\"og:title\" content=\"Lockere Shorts mit Kordelzug, Eukalyptus\" \/>\n<meta property=\"og:description\" content=\"Leichte nachhaltige Herrenshorts mit Kordelzug aus TENCEL\u2122. F\u00fcr hei\u00dfe Tage in der Stadt und unterwegs konzipiert.\" \/>\n<meta property=\"og:url\" content=\"https:\/\/darynchook.com\/product\/lockere-shorts-mit-kordelzug-eukalyptus-men\/\" \/>\n<meta property=\"og:site_name\" content=\"DARYN CHOOK | Made in Vienna\" \/>\n<meta property=\"article:publisher\" content=\"https:\/\/www.facebook.com\/darynchook\" \/>\n<meta property=\"article:modified_time\" content=\"2023-11-23T14:44:37+00:00\" \/>\n<meta property=\"og:image\" content=\"https:\/\/darynchook.com\/wordpress\/wp-content\/uploads\/2021\/10\/DARYNCHOOK-UNIFROM-001M0201-shorts-man-black178.jpg\" \/>\n\t<meta property=\"og:image:width\" content=\"590\" \/>\n\t<meta property=\"og:image:height\" content=\"885\" \/>\n\t<meta property=\"og:image:type\" content=\"image\/jpeg\" \/>\n<meta name=\"twitter:card\" content=\"summary_large_image\" \/>\n<script type=\"application\/ld+json\" class=\"yoast-schema-graph\">{\"@context\":\"https:\/\/schema.org\",\"@graph\":[{\"@type\":\"WebPage\",\"@id\":\"https:\/\/darynchook.com\/product\/lockere-shorts-mit-kordelzug-eukalyptus-men\/\",\"url\":\"https:\/\/darynchook.com\/product\/lockere-shorts-mit-kordelzug-eukalyptus-men\/\",\"name\":\"Lockere Shorts mit Kordelzug, Eukalyptus\",\"isPartOf\":{\"@id\":\"https:\/\/darynchook.com\/#website\"},\"datePublished\":\"2021-10-10T18:52:57+00:00\",\"dateModified\":\"2023-11-23T14:44:37+00:00\",\"description\":\"Leichte nachhaltige Herrenshorts mit Kordelzug aus TENCEL\u2122. F\u00fcr hei\u00dfe Tage in der Stadt und unterwegs konzipiert.\",\"breadcrumb\":{\"@id\":\"https:\/\/darynchook.com\/product\/lockere-shorts-mit-kordelzug-eukalyptus-men\/#breadcrumb\"},\"inLanguage\":\"fr-FR\",\"potentialAction\":[{\"@type\":\"ReadAction\",\"target\":[\"https:\/\/darynchook.com\/product\/lockere-shorts-mit-kordelzug-eukalyptus-men\/\"]}]},{\"@type\":\"BreadcrumbList\",\"@id\":\"https:\/\/darynchook.com\/product\/lockere-shorts-mit-kordelzug-eukalyptus-men\/#breadcrumb\",\"itemListElement\":[{\"@type\":\"ListItem\",\"position\":1,\"name\":\"Home\",\"item\":\"https:\/\/darynchook.com\/\"},{\"@type\":\"ListItem\",\"position\":2,\"name\":\"Shop\",\"item\":\"https:\/\/darynchook.com\/?page_id=6\"},{\"@type\":\"ListItem\",\"position\":3,\"name\":\"Lockere Shorts mit Kordelzug, Eukalyptus\"}]},{\"@type\":\"WebSite\",\"@id\":\"https:\/\/darynchook.com\/#website\",\"url\":\"https:\/\/darynchook.com\/\",\"name\":\"DARYN CHOOK | Made in Vienna\",\"description\":\"DARYN CHOOK ist ein entschleunigtes, nachhaltiges und radikal transparentes Studio f\u00fcr Mode.\",\"publisher\":{\"@id\":\"https:\/\/darynchook.com\/#organization\"},\"potentialAction\":[{\"@type\":\"SearchAction\",\"target\":{\"@type\":\"EntryPoint\",\"urlTemplate\":\"https:\/\/darynchook.com\/?s={search_term_string}\"},\"query-input\":\"required name=search_term_string\"}],\"inLanguage\":\"fr-FR\"},{\"@type\":\"Organization\",\"@id\":\"https:\/\/darynchook.com\/#organization\",\"name\":\"DARYN CHOOK\",\"url\":\"https:\/\/darynchook.com\/\",\"logo\":{\"@type\":\"ImageObject\",\"inLanguage\":\"fr-FR\",\"@id\":\"https:\/\/darynchook.com\/#\/schema\/logo\/image\/\",\"url\":\"https:\/\/dev.darynchook.com\/wordpress\/wp-content\/uploads\/2021\/10\/DARYN-CHOOK-logo.png\",\"contentUrl\":\"https:\/\/dev.darynchook.com\/wordpress\/wp-content\/uploads\/2021\/10\/DARYN-CHOOK-logo.png\",\"width\":686,\"height\":171,\"caption\":\"DARYN CHOOK\"},\"image\":{\"@id\":\"https:\/\/darynchook.com\/#\/schema\/logo\/image\/\"},\"sameAs\":[\"https:\/\/www.facebook.com\/darynchook\",\"https:\/\/www.instagram.com\/darynchook\/\"]}]}<\/script>\n<!-- \/ Yoast SEO plugin. -->","yoast_head_json":{"title":"Lockere Shorts mit Kordelzug, Eukalyptus","description":"Leichte nachhaltige Herrenshorts mit Kordelzug aus TENCEL\u2122. F\u00fcr hei\u00dfe Tage in der Stadt und unterwegs konzipiert.","robots":{"index":"index","follow":"follow","max-snippet":"max-snippet:-1","max-image-preview":"max-image-preview:large","max-video-preview":"max-video-preview:-1"},"canonical":"https:\/\/darynchook.com\/product\/lockere-shorts-mit-kordelzug-eukalyptus-men\/","og_locale":"fr_FR","og_type":"article","og_title":"Lockere Shorts mit Kordelzug, Eukalyptus","og_description":"Leichte nachhaltige Herrenshorts mit Kordelzug aus TENCEL\u2122. F\u00fcr hei\u00dfe Tage in der Stadt und unterwegs konzipiert.","og_url":"https:\/\/darynchook.com\/product\/lockere-shorts-mit-kordelzug-eukalyptus-men\/","og_site_name":"DARYN CHOOK | Made in Vienna","article_publisher":"https:\/\/www.facebook.com\/darynchook","article_modified_time":"2023-11-23T14:44:37+00:00","og_image":[{"width":590,"height":885,"url":"https:\/\/darynchook.com\/wordpress\/wp-content\/uploads\/2021\/10\/DARYNCHOOK-UNIFROM-001M0201-shorts-man-black178.jpg","type":"image\/jpeg"}],"twitter_card":"summary_large_image","schema":{"@context":"https:\/\/schema.org","@graph":[{"@type":"WebPage","@id":"https:\/\/darynchook.com\/product\/lockere-shorts-mit-kordelzug-eukalyptus-men\/","url":"https:\/\/darynchook.com\/product\/lockere-shorts-mit-kordelzug-eukalyptus-men\/","name":"Lockere Shorts mit Kordelzug, Eukalyptus","isPartOf":{"@id":"https:\/\/darynchook.com\/#website"},"datePublished":"2021-10-10T18:52:57+00:00","dateModified":"2023-11-23T14:44:37+00:00","description":"Leichte nachhaltige Herrenshorts mit Kordelzug aus TENCEL\u2122. F\u00fcr hei\u00dfe Tage in der Stadt und unterwegs konzipiert.","breadcrumb":{"@id":"https:\/\/darynchook.com\/product\/lockere-shorts-mit-kordelzug-eukalyptus-men\/#breadcrumb"},"inLanguage":"fr-FR","potentialAction":[{"@type":"ReadAction","target":["https:\/\/darynchook.com\/product\/lockere-shorts-mit-kordelzug-eukalyptus-men\/"]}]},{"@type":"BreadcrumbList","@id":"https:\/\/darynchook.com\/product\/lockere-shorts-mit-kordelzug-eukalyptus-men\/#breadcrumb","itemListElement":[{"@type":"ListItem","position":1,"name":"Home","item":"https:\/\/darynchook.com\/"},{"@type":"ListItem","position":2,"name":"Shop","item":"https:\/\/darynchook.com\/?page_id=6"},{"@type":"ListItem","position":3,"name":"Lockere Shorts mit Kordelzug, Eukalyptus"}]},{"@type":"WebSite","@id":"https:\/\/darynchook.com\/#website","url":"https:\/\/darynchook.com\/","name":"DARYN CHOOK | Made in Vienna","description":"DARYN CHOOK ist ein entschleunigtes, nachhaltiges und radikal transparentes Studio f\u00fcr Mode.","publisher":{"@id":"https:\/\/darynchook.com\/#organization"},"potentialAction":[{"@type":"SearchAction","target":{"@type":"EntryPoint","urlTemplate":"https:\/\/darynchook.com\/?s={search_term_string}"},"query-input":"required name=search_term_string"}],"inLanguage":"fr-FR"},{"@type":"Organization","@id":"https:\/\/darynchook.com\/#organization","name":"DARYN CHOOK","url":"https:\/\/darynchook.com\/","logo":{"@type":"ImageObject","inLanguage":"fr-FR","@id":"https:\/\/darynchook.com\/#\/schema\/logo\/image\/","url":"https:\/\/dev.darynchook.com\/wordpress\/wp-content\/uploads\/2021\/10\/DARYN-CHOOK-logo.png","contentUrl":"https:\/\/dev.darynchook.com\/wordpress\/wp-content\/uploads\/2021\/10\/DARYN-CHOOK-logo.png","width":686,"height":171,"caption":"DARYN CHOOK"},"image":{"@id":"https:\/\/darynchook.com\/#\/schema\/logo\/image\/"},"sameAs":["https:\/\/www.facebook.com\/darynchook","https:\/\/www.instagram.com\/darynchook\/"]}]}},"_links":{"self":[{"href":"https:\/\/dev.darynchook.com\/fr\/wp-json\/wp\/v3\/product\/4553"}],"collection":[{"href":"https:\/\/dev.darynchook.com\/fr\/wp-json\/wp\/v3\/product"}],"about":[{"href":"https:\/\/dev.darynchook.com\/fr\/wp-json\/wp\/v2\/types\/product"}],"version-history":[{"count":1,"href":"https:\/\/dev.darynchook.com\/fr\/wp-json\/wp\/v3\/product\/4553\/revisions"}],"predecessor-version":[{"id":14208,"href":"https:\/\/dev.darynchook.com\/fr\/wp-json\/wp\/v3\/product\/4553\/revisions\/14208"}],"wp:featuredmedia":[{"embeddable":true,"href":"https:\/\/dev.darynchook.com\/fr\/wp-json\/wp\/v2\/media\/5061"}],"wp:attachment":[{"href":"https:\/\/dev.darynchook.com\/fr\/wp-json\/wp\/v2\/media?parent=4553"}],"wp:term":[{"taxonomy":"product_cat","embeddable":true,"href":"https:\/\/dev.darynchook.com\/fr\/wp-json\/wp\/v2\/product_cat?post=4553"},{"taxonomy":"product_tag","embeddable":true,"href":"https:\/\/dev.darynchook.com\/fr\/wp-json\/wp\/v2\/product_tag?post=4553"}],"curies":[{"name":"wp","href":"https:\/\/api.w.org\/{rel}","templated":true}]}}