{"id":4610,"date":"2021-10-10T22:07:07","date_gmt":"2021-10-10T20:07:07","guid":{"rendered":"https:\/\/dev.darynchook.com\/?post_type=product&#038;p=4610"},"modified":"2023-11-23T15:47:21","modified_gmt":"2023-11-23T14:47:21","slug":"luftige-huftleggings-eukalyptus-women","status":"publish","type":"product","link":"https:\/\/dev.darynchook.com\/fr\/product\/luftige-huftleggings-eukalyptus-women\/","title":{"rendered":"Leggings a\u00e9r\u00e9s, eucalyptus"},"content":{"rendered":"","protected":false},"excerpt":{"rendered":"<p class=\"p1\">001.W.1701<\/p>\n<p class=\"p1\">Nos leggings respirants sont parfaits pour toutes les activit\u00e9s, du layering avec un short \u00e0 l'ext\u00e9rieur aux cours de yoga. Gr\u00e2ce \u00e0 un tissu tr\u00e8s \u00e9lastique et \u00e0 leur design minimaliste, les leggings ont une coupe pr\u00e8s du corps. Une large taille \u00e9lastique souple assure un confort sur la peau.<\/p>","protected":false},"featured_media":5964,"template":"","meta":[],"product_cat":[106,110,89,79,82,88,19,43],"product_tag":[244,250,253,240,237,243,248,228,254,255,73,265,247,263],"yoast_head":"<!-- This site is optimized with the Yoast SEO plugin v21.8.1 - https:\/\/yoast.com\/wordpress\/plugins\/seo\/ -->\n<title>Luftige H\u00fcftleggings, Eukalyptus<\/title>\n<meta name=\"description\" content=\"Leichte Leggings aus TENCEL\u2122. Hergestellt in Wien, \u00d6sterreich. F\u00fcr hei\u00dfe Tage in der Stadt und unterwegs konzipiert.\" \/>\n<meta name=\"robots\" content=\"index, follow, max-snippet:-1, max-image-preview:large, max-video-preview:-1\" \/>\n<link rel=\"canonical\" href=\"https:\/\/darynchook.com\/product\/luftige-huftleggings-eukalyptus-women\/\" \/>\n<meta property=\"og:locale\" content=\"fr_FR\" \/>\n<meta property=\"og:type\" content=\"article\" \/>\n<meta property=\"og:title\" content=\"Luftige H\u00fcftleggings, Eukalyptus\" \/>\n<meta property=\"og:description\" content=\"Leichte Leggings aus TENCEL\u2122. Hergestellt in Wien, \u00d6sterreich. F\u00fcr hei\u00dfe Tage in der Stadt und unterwegs konzipiert.\" \/>\n<meta property=\"og:url\" content=\"https:\/\/darynchook.com\/product\/luftige-huftleggings-eukalyptus-women\/\" \/>\n<meta property=\"og:site_name\" content=\"DARYN CHOOK | Made in Vienna\" \/>\n<meta property=\"article:publisher\" content=\"https:\/\/www.facebook.com\/darynchook\" \/>\n<meta property=\"article:modified_time\" content=\"2023-11-23T14:47:21+00:00\" \/>\n<meta property=\"og:image\" content=\"https:\/\/darynchook.com\/wordpress\/wp-content\/uploads\/2021\/10\/DARYNCHOOK-UNIFROM-001W1701-leggings-woman-black2.jpg\" \/>\n\t<meta property=\"og:image:width\" content=\"590\" \/>\n\t<meta property=\"og:image:height\" content=\"885\" \/>\n\t<meta property=\"og:image:type\" content=\"image\/jpeg\" \/>\n<meta name=\"twitter:card\" content=\"summary_large_image\" \/>\n<script type=\"application\/ld+json\" class=\"yoast-schema-graph\">{\"@context\":\"https:\/\/schema.org\",\"@graph\":[{\"@type\":\"WebPage\",\"@id\":\"https:\/\/darynchook.com\/product\/luftige-huftleggings-eukalyptus-women\/\",\"url\":\"https:\/\/darynchook.com\/product\/luftige-huftleggings-eukalyptus-women\/\",\"name\":\"Luftige H\u00fcftleggings, Eukalyptus\",\"isPartOf\":{\"@id\":\"https:\/\/darynchook.com\/#website\"},\"datePublished\":\"2021-10-10T20:07:07+00:00\",\"dateModified\":\"2023-11-23T14:47:21+00:00\",\"description\":\"Leichte Leggings aus TENCEL\u2122. Hergestellt in Wien, \u00d6sterreich. F\u00fcr hei\u00dfe Tage in der Stadt und unterwegs konzipiert.\",\"breadcrumb\":{\"@id\":\"https:\/\/darynchook.com\/product\/luftige-huftleggings-eukalyptus-women\/#breadcrumb\"},\"inLanguage\":\"fr-FR\",\"potentialAction\":[{\"@type\":\"ReadAction\",\"target\":[\"https:\/\/darynchook.com\/product\/luftige-huftleggings-eukalyptus-women\/\"]}]},{\"@type\":\"BreadcrumbList\",\"@id\":\"https:\/\/darynchook.com\/product\/luftige-huftleggings-eukalyptus-women\/#breadcrumb\",\"itemListElement\":[{\"@type\":\"ListItem\",\"position\":1,\"name\":\"Home\",\"item\":\"https:\/\/darynchook.com\/\"},{\"@type\":\"ListItem\",\"position\":2,\"name\":\"Shop\",\"item\":\"https:\/\/darynchook.com\/?page_id=6\"},{\"@type\":\"ListItem\",\"position\":3,\"name\":\"Luftige H\u00fcftleggings, Eukalyptus\"}]},{\"@type\":\"WebSite\",\"@id\":\"https:\/\/darynchook.com\/#website\",\"url\":\"https:\/\/darynchook.com\/\",\"name\":\"DARYN CHOOK | Made in Vienna\",\"description\":\"DARYN CHOOK ist ein entschleunigtes, nachhaltiges und radikal transparentes Studio f\u00fcr Mode.\",\"publisher\":{\"@id\":\"https:\/\/darynchook.com\/#organization\"},\"potentialAction\":[{\"@type\":\"SearchAction\",\"target\":{\"@type\":\"EntryPoint\",\"urlTemplate\":\"https:\/\/darynchook.com\/?s={search_term_string}\"},\"query-input\":\"required name=search_term_string\"}],\"inLanguage\":\"fr-FR\"},{\"@type\":\"Organization\",\"@id\":\"https:\/\/darynchook.com\/#organization\",\"name\":\"DARYN CHOOK\",\"url\":\"https:\/\/darynchook.com\/\",\"logo\":{\"@type\":\"ImageObject\",\"inLanguage\":\"fr-FR\",\"@id\":\"https:\/\/darynchook.com\/#\/schema\/logo\/image\/\",\"url\":\"https:\/\/dev.darynchook.com\/wordpress\/wp-content\/uploads\/2021\/10\/DARYN-CHOOK-logo.png\",\"contentUrl\":\"https:\/\/dev.darynchook.com\/wordpress\/wp-content\/uploads\/2021\/10\/DARYN-CHOOK-logo.png\",\"width\":686,\"height\":171,\"caption\":\"DARYN CHOOK\"},\"image\":{\"@id\":\"https:\/\/darynchook.com\/#\/schema\/logo\/image\/\"},\"sameAs\":[\"https:\/\/www.facebook.com\/darynchook\",\"https:\/\/www.instagram.com\/darynchook\/\"]}]}<\/script>\n<!-- \/ Yoast SEO plugin. -->","yoast_head_json":{"title":"Luftige H\u00fcftleggings, Eukalyptus","description":"Leichte Leggings aus TENCEL\u2122. Hergestellt in Wien, \u00d6sterreich. F\u00fcr hei\u00dfe Tage in der Stadt und unterwegs konzipiert.","robots":{"index":"index","follow":"follow","max-snippet":"max-snippet:-1","max-image-preview":"max-image-preview:large","max-video-preview":"max-video-preview:-1"},"canonical":"https:\/\/darynchook.com\/product\/luftige-huftleggings-eukalyptus-women\/","og_locale":"fr_FR","og_type":"article","og_title":"Luftige H\u00fcftleggings, Eukalyptus","og_description":"Leichte Leggings aus TENCEL\u2122. Hergestellt in Wien, \u00d6sterreich. F\u00fcr hei\u00dfe Tage in der Stadt und unterwegs konzipiert.","og_url":"https:\/\/darynchook.com\/product\/luftige-huftleggings-eukalyptus-women\/","og_site_name":"DARYN CHOOK | Made in Vienna","article_publisher":"https:\/\/www.facebook.com\/darynchook","article_modified_time":"2023-11-23T14:47:21+00:00","og_image":[{"width":590,"height":885,"url":"https:\/\/darynchook.com\/wordpress\/wp-content\/uploads\/2021\/10\/DARYNCHOOK-UNIFROM-001W1701-leggings-woman-black2.jpg","type":"image\/jpeg"}],"twitter_card":"summary_large_image","schema":{"@context":"https:\/\/schema.org","@graph":[{"@type":"WebPage","@id":"https:\/\/darynchook.com\/product\/luftige-huftleggings-eukalyptus-women\/","url":"https:\/\/darynchook.com\/product\/luftige-huftleggings-eukalyptus-women\/","name":"Luftige H\u00fcftleggings, Eukalyptus","isPartOf":{"@id":"https:\/\/darynchook.com\/#website"},"datePublished":"2021-10-10T20:07:07+00:00","dateModified":"2023-11-23T14:47:21+00:00","description":"Leichte Leggings aus TENCEL\u2122. Hergestellt in Wien, \u00d6sterreich. F\u00fcr hei\u00dfe Tage in der Stadt und unterwegs konzipiert.","breadcrumb":{"@id":"https:\/\/darynchook.com\/product\/luftige-huftleggings-eukalyptus-women\/#breadcrumb"},"inLanguage":"fr-FR","potentialAction":[{"@type":"ReadAction","target":["https:\/\/darynchook.com\/product\/luftige-huftleggings-eukalyptus-women\/"]}]},{"@type":"BreadcrumbList","@id":"https:\/\/darynchook.com\/product\/luftige-huftleggings-eukalyptus-women\/#breadcrumb","itemListElement":[{"@type":"ListItem","position":1,"name":"Home","item":"https:\/\/darynchook.com\/"},{"@type":"ListItem","position":2,"name":"Shop","item":"https:\/\/darynchook.com\/?page_id=6"},{"@type":"ListItem","position":3,"name":"Luftige H\u00fcftleggings, Eukalyptus"}]},{"@type":"WebSite","@id":"https:\/\/darynchook.com\/#website","url":"https:\/\/darynchook.com\/","name":"DARYN CHOOK | Made in Vienna","description":"DARYN CHOOK ist ein entschleunigtes, nachhaltiges und radikal transparentes Studio f\u00fcr Mode.","publisher":{"@id":"https:\/\/darynchook.com\/#organization"},"potentialAction":[{"@type":"SearchAction","target":{"@type":"EntryPoint","urlTemplate":"https:\/\/darynchook.com\/?s={search_term_string}"},"query-input":"required name=search_term_string"}],"inLanguage":"fr-FR"},{"@type":"Organization","@id":"https:\/\/darynchook.com\/#organization","name":"DARYN CHOOK","url":"https:\/\/darynchook.com\/","logo":{"@type":"ImageObject","inLanguage":"fr-FR","@id":"https:\/\/darynchook.com\/#\/schema\/logo\/image\/","url":"https:\/\/dev.darynchook.com\/wordpress\/wp-content\/uploads\/2021\/10\/DARYN-CHOOK-logo.png","contentUrl":"https:\/\/dev.darynchook.com\/wordpress\/wp-content\/uploads\/2021\/10\/DARYN-CHOOK-logo.png","width":686,"height":171,"caption":"DARYN CHOOK"},"image":{"@id":"https:\/\/darynchook.com\/#\/schema\/logo\/image\/"},"sameAs":["https:\/\/www.facebook.com\/darynchook","https:\/\/www.instagram.com\/darynchook\/"]}]}},"_links":{"self":[{"href":"https:\/\/dev.darynchook.com\/fr\/wp-json\/wp\/v3\/product\/4610"}],"collection":[{"href":"https:\/\/dev.darynchook.com\/fr\/wp-json\/wp\/v3\/product"}],"about":[{"href":"https:\/\/dev.darynchook.com\/fr\/wp-json\/wp\/v2\/types\/product"}],"version-history":[{"count":3,"href":"https:\/\/dev.darynchook.com\/fr\/wp-json\/wp\/v3\/product\/4610\/revisions"}],"predecessor-version":[{"id":14616,"href":"https:\/\/dev.darynchook.com\/fr\/wp-json\/wp\/v3\/product\/4610\/revisions\/14616"}],"wp:featuredmedia":[{"embeddable":true,"href":"https:\/\/dev.darynchook.com\/fr\/wp-json\/wp\/v2\/media\/5964"}],"wp:attachment":[{"href":"https:\/\/dev.darynchook.com\/fr\/wp-json\/wp\/v2\/media?parent=4610"}],"wp:term":[{"taxonomy":"product_cat","embeddable":true,"href":"https:\/\/dev.darynchook.com\/fr\/wp-json\/wp\/v2\/product_cat?post=4610"},{"taxonomy":"product_tag","embeddable":true,"href":"https:\/\/dev.darynchook.com\/fr\/wp-json\/wp\/v2\/product_tag?post=4610"}],"curies":[{"name":"wp","href":"https:\/\/api.w.org\/{rel}","templated":true}]}}