{"id":4639,"date":"2021-10-10T22:13:15","date_gmt":"2021-10-10T20:13:15","guid":{"rendered":"https:\/\/dev.darynchook.com\/?post_type=product&#038;p=4639"},"modified":"2023-11-23T14:30:03","modified_gmt":"2023-11-23T13:30:03","slug":"slim-fit-burohemd-eukalyptus-men","status":"publish","type":"product","link":"https:\/\/dev.darynchook.com\/fr\/product\/slim-fit-burohemd-eukalyptus-men\/","title":{"rendered":"Chemise de bureau slim fit, eucalyptus"},"content":{"rendered":"","protected":false},"excerpt":{"rendered":"<p class=\"p1\">001.M.0301<\/p>\n<p class=\"p1\">Con\u00e7u pour \u00eatre port\u00e9 pendant des heures - que ce soit sur de nombreux kilom\u00e8tres \u00e0 v\u00e9lo ou lors d'une journ\u00e9e intensive au bureau. Une coupe \u00e9troite avec une fonctionnalit\u00e9 discr\u00e8te pour la vie en ville. La chemise de bureau slim fit s'adapte parfaitement au code vestimentaire du bureau. Une ligne d'\u00e9paule d\u00e9cal\u00e9e minimise les frottements lors du port du sac. Gr\u00e2ce aux manchettes \u00e0 double pli, tu peux allonger la longueur des manches de 4 cm suppl\u00e9mentaires.<\/p>","protected":false},"featured_media":5995,"template":"","meta":[],"product_cat":[106,90,109,42,15],"product_tag":[244,250,256,241,237,243,264,228,73,265,247],"yoast_head":"<!-- This site is optimized with the Yoast SEO plugin v21.8.1 - https:\/\/yoast.com\/wordpress\/plugins\/seo\/ -->\n<title>Slim fit B\u00fcrohemd, Eukalyptus<\/title>\n<meta name=\"description\" content=\"Slim fit B\u00fcrohemd aus TENCEL\u2122. Hergestellt in Wien, \u00d6sterreich.\" \/>\n<meta name=\"robots\" content=\"index, follow, max-snippet:-1, max-image-preview:large, max-video-preview:-1\" \/>\n<link rel=\"canonical\" href=\"https:\/\/darynchook.com\/product\/slim-fit-burohemd-eukalyptus-men\/\" \/>\n<meta property=\"og:locale\" content=\"fr_FR\" \/>\n<meta property=\"og:type\" content=\"article\" \/>\n<meta property=\"og:title\" content=\"Slim fit B\u00fcrohemd, Eukalyptus\" \/>\n<meta property=\"og:description\" content=\"Slim fit B\u00fcrohemd aus TENCEL\u2122. Hergestellt in Wien, \u00d6sterreich.\" \/>\n<meta property=\"og:url\" content=\"https:\/\/darynchook.com\/product\/slim-fit-burohemd-eukalyptus-men\/\" \/>\n<meta property=\"og:site_name\" content=\"DARYN CHOOK | Made in Vienna\" \/>\n<meta property=\"article:publisher\" content=\"https:\/\/www.facebook.com\/darynchook\" \/>\n<meta property=\"article:modified_time\" content=\"2023-11-23T13:30:03+00:00\" \/>\n<meta property=\"og:image\" content=\"https:\/\/darynchook.com\/wordpress\/wp-content\/uploads\/2021\/10\/DARYNCHOOK-UNIFROM-001M0301-shirts-man-white3-1.jpg\" \/>\n\t<meta property=\"og:image:width\" content=\"590\" \/>\n\t<meta property=\"og:image:height\" content=\"885\" \/>\n\t<meta property=\"og:image:type\" content=\"image\/jpeg\" \/>\n<meta name=\"twitter:card\" content=\"summary_large_image\" \/>\n<script type=\"application\/ld+json\" class=\"yoast-schema-graph\">{\"@context\":\"https:\/\/schema.org\",\"@graph\":[{\"@type\":\"WebPage\",\"@id\":\"https:\/\/darynchook.com\/product\/slim-fit-burohemd-eukalyptus-men\/\",\"url\":\"https:\/\/darynchook.com\/product\/slim-fit-burohemd-eukalyptus-men\/\",\"name\":\"Slim fit B\u00fcrohemd, Eukalyptus\",\"isPartOf\":{\"@id\":\"https:\/\/darynchook.com\/#website\"},\"datePublished\":\"2021-10-10T20:13:15+00:00\",\"dateModified\":\"2023-11-23T13:30:03+00:00\",\"description\":\"Slim fit B\u00fcrohemd aus TENCEL\u2122. Hergestellt in Wien, \u00d6sterreich.\",\"breadcrumb\":{\"@id\":\"https:\/\/darynchook.com\/product\/slim-fit-burohemd-eukalyptus-men\/#breadcrumb\"},\"inLanguage\":\"fr-FR\",\"potentialAction\":[{\"@type\":\"ReadAction\",\"target\":[\"https:\/\/darynchook.com\/product\/slim-fit-burohemd-eukalyptus-men\/\"]}]},{\"@type\":\"BreadcrumbList\",\"@id\":\"https:\/\/darynchook.com\/product\/slim-fit-burohemd-eukalyptus-men\/#breadcrumb\",\"itemListElement\":[{\"@type\":\"ListItem\",\"position\":1,\"name\":\"Home\",\"item\":\"https:\/\/darynchook.com\/\"},{\"@type\":\"ListItem\",\"position\":2,\"name\":\"Shop\",\"item\":\"https:\/\/darynchook.com\/?page_id=6\"},{\"@type\":\"ListItem\",\"position\":3,\"name\":\"Slim fit B\u00fcrohemd, Eukalyptus\"}]},{\"@type\":\"WebSite\",\"@id\":\"https:\/\/darynchook.com\/#website\",\"url\":\"https:\/\/darynchook.com\/\",\"name\":\"DARYN CHOOK | Made in Vienna\",\"description\":\"DARYN CHOOK ist ein entschleunigtes, nachhaltiges und radikal transparentes Studio f\u00fcr Mode.\",\"publisher\":{\"@id\":\"https:\/\/darynchook.com\/#organization\"},\"potentialAction\":[{\"@type\":\"SearchAction\",\"target\":{\"@type\":\"EntryPoint\",\"urlTemplate\":\"https:\/\/darynchook.com\/?s={search_term_string}\"},\"query-input\":\"required name=search_term_string\"}],\"inLanguage\":\"fr-FR\"},{\"@type\":\"Organization\",\"@id\":\"https:\/\/darynchook.com\/#organization\",\"name\":\"DARYN CHOOK\",\"url\":\"https:\/\/darynchook.com\/\",\"logo\":{\"@type\":\"ImageObject\",\"inLanguage\":\"fr-FR\",\"@id\":\"https:\/\/darynchook.com\/#\/schema\/logo\/image\/\",\"url\":\"https:\/\/dev.darynchook.com\/wordpress\/wp-content\/uploads\/2021\/10\/DARYN-CHOOK-logo.png\",\"contentUrl\":\"https:\/\/dev.darynchook.com\/wordpress\/wp-content\/uploads\/2021\/10\/DARYN-CHOOK-logo.png\",\"width\":686,\"height\":171,\"caption\":\"DARYN CHOOK\"},\"image\":{\"@id\":\"https:\/\/darynchook.com\/#\/schema\/logo\/image\/\"},\"sameAs\":[\"https:\/\/www.facebook.com\/darynchook\",\"https:\/\/www.instagram.com\/darynchook\/\"]}]}<\/script>\n<!-- \/ Yoast SEO plugin. -->","yoast_head_json":{"title":"Slim fit B\u00fcrohemd, Eukalyptus","description":"Slim fit B\u00fcrohemd aus TENCEL\u2122. Hergestellt in Wien, \u00d6sterreich.","robots":{"index":"index","follow":"follow","max-snippet":"max-snippet:-1","max-image-preview":"max-image-preview:large","max-video-preview":"max-video-preview:-1"},"canonical":"https:\/\/darynchook.com\/product\/slim-fit-burohemd-eukalyptus-men\/","og_locale":"fr_FR","og_type":"article","og_title":"Slim fit B\u00fcrohemd, Eukalyptus","og_description":"Slim fit B\u00fcrohemd aus TENCEL\u2122. Hergestellt in Wien, \u00d6sterreich.","og_url":"https:\/\/darynchook.com\/product\/slim-fit-burohemd-eukalyptus-men\/","og_site_name":"DARYN CHOOK | Made in Vienna","article_publisher":"https:\/\/www.facebook.com\/darynchook","article_modified_time":"2023-11-23T13:30:03+00:00","og_image":[{"width":590,"height":885,"url":"https:\/\/darynchook.com\/wordpress\/wp-content\/uploads\/2021\/10\/DARYNCHOOK-UNIFROM-001M0301-shirts-man-white3-1.jpg","type":"image\/jpeg"}],"twitter_card":"summary_large_image","schema":{"@context":"https:\/\/schema.org","@graph":[{"@type":"WebPage","@id":"https:\/\/darynchook.com\/product\/slim-fit-burohemd-eukalyptus-men\/","url":"https:\/\/darynchook.com\/product\/slim-fit-burohemd-eukalyptus-men\/","name":"Slim fit B\u00fcrohemd, Eukalyptus","isPartOf":{"@id":"https:\/\/darynchook.com\/#website"},"datePublished":"2021-10-10T20:13:15+00:00","dateModified":"2023-11-23T13:30:03+00:00","description":"Slim fit B\u00fcrohemd aus TENCEL\u2122. Hergestellt in Wien, \u00d6sterreich.","breadcrumb":{"@id":"https:\/\/darynchook.com\/product\/slim-fit-burohemd-eukalyptus-men\/#breadcrumb"},"inLanguage":"fr-FR","potentialAction":[{"@type":"ReadAction","target":["https:\/\/darynchook.com\/product\/slim-fit-burohemd-eukalyptus-men\/"]}]},{"@type":"BreadcrumbList","@id":"https:\/\/darynchook.com\/product\/slim-fit-burohemd-eukalyptus-men\/#breadcrumb","itemListElement":[{"@type":"ListItem","position":1,"name":"Home","item":"https:\/\/darynchook.com\/"},{"@type":"ListItem","position":2,"name":"Shop","item":"https:\/\/darynchook.com\/?page_id=6"},{"@type":"ListItem","position":3,"name":"Slim fit B\u00fcrohemd, Eukalyptus"}]},{"@type":"WebSite","@id":"https:\/\/darynchook.com\/#website","url":"https:\/\/darynchook.com\/","name":"DARYN CHOOK | Made in Vienna","description":"DARYN CHOOK ist ein entschleunigtes, nachhaltiges und radikal transparentes Studio f\u00fcr Mode.","publisher":{"@id":"https:\/\/darynchook.com\/#organization"},"potentialAction":[{"@type":"SearchAction","target":{"@type":"EntryPoint","urlTemplate":"https:\/\/darynchook.com\/?s={search_term_string}"},"query-input":"required name=search_term_string"}],"inLanguage":"fr-FR"},{"@type":"Organization","@id":"https:\/\/darynchook.com\/#organization","name":"DARYN CHOOK","url":"https:\/\/darynchook.com\/","logo":{"@type":"ImageObject","inLanguage":"fr-FR","@id":"https:\/\/darynchook.com\/#\/schema\/logo\/image\/","url":"https:\/\/dev.darynchook.com\/wordpress\/wp-content\/uploads\/2021\/10\/DARYN-CHOOK-logo.png","contentUrl":"https:\/\/dev.darynchook.com\/wordpress\/wp-content\/uploads\/2021\/10\/DARYN-CHOOK-logo.png","width":686,"height":171,"caption":"DARYN CHOOK"},"image":{"@id":"https:\/\/darynchook.com\/#\/schema\/logo\/image\/"},"sameAs":["https:\/\/www.facebook.com\/darynchook","https:\/\/www.instagram.com\/darynchook\/"]}]}},"_links":{"self":[{"href":"https:\/\/dev.darynchook.com\/fr\/wp-json\/wp\/v3\/product\/4639"}],"collection":[{"href":"https:\/\/dev.darynchook.com\/fr\/wp-json\/wp\/v3\/product"}],"about":[{"href":"https:\/\/dev.darynchook.com\/fr\/wp-json\/wp\/v2\/types\/product"}],"version-history":[{"count":2,"href":"https:\/\/dev.darynchook.com\/fr\/wp-json\/wp\/v3\/product\/4639\/revisions"}],"predecessor-version":[{"id":14653,"href":"https:\/\/dev.darynchook.com\/fr\/wp-json\/wp\/v3\/product\/4639\/revisions\/14653"}],"wp:featuredmedia":[{"embeddable":true,"href":"https:\/\/dev.darynchook.com\/fr\/wp-json\/wp\/v2\/media\/5995"}],"wp:attachment":[{"href":"https:\/\/dev.darynchook.com\/fr\/wp-json\/wp\/v2\/media?parent=4639"}],"wp:term":[{"taxonomy":"product_cat","embeddable":true,"href":"https:\/\/dev.darynchook.com\/fr\/wp-json\/wp\/v2\/product_cat?post=4639"},{"taxonomy":"product_tag","embeddable":true,"href":"https:\/\/dev.darynchook.com\/fr\/wp-json\/wp\/v2\/product_tag?post=4639"}],"curies":[{"name":"wp","href":"https:\/\/api.w.org\/{rel}","templated":true}]}}