{"id":4817,"date":"2021-10-10T23:05:10","date_gmt":"2021-10-10T21:05:10","guid":{"rendered":"https:\/\/dev.darynchook.com\/?post_type=product&#038;p=4817"},"modified":"2023-11-23T15:07:41","modified_gmt":"2023-11-23T14:07:41","slug":"lockeres-fahrradhemd-eukalyptus","status":"publish","type":"product","link":"https:\/\/dev.darynchook.com\/fr\/product\/lockeres-fahrradhemd-eukalyptus\/","title":{"rendered":"Chemise d\u00e9contract\u00e9e pour v\u00e9lo, eucalyptus"},"content":{"rendered":"","protected":false},"excerpt":{"rendered":"<p class=\"p1\">001.M.0306<\/p>\n<p class=\"p1\">La chemise ample pour cyclistes est fabriqu\u00e9e en tissu TENCEL\u2122 d'eucalyptus. Ce mat\u00e9riau, utilis\u00e9 pour toute notre gamme de chemises et de maillots, poss\u00e8de des propri\u00e9t\u00e9s antibact\u00e9riennes et anti-odeurs naturelles tout en offrant douceur et respirabilit\u00e9. Avec sa silhouette ample, cette chemise vous rafra\u00eechit lorsque vous faites du v\u00e9lo. Un look confortable et chic sur et en dehors du v\u00e9lo.<\/p>","protected":false},"featured_media":5329,"template":"","meta":[],"product_cat":[106,90,109,42,15],"product_tag":[244,250,240,229,237,243,264,248,254,73,265,247],"yoast_head":"<!-- This site is optimized with the Yoast SEO plugin v21.8.1 - https:\/\/yoast.com\/wordpress\/plugins\/seo\/ -->\n<title>Lockeres Fahrradhemd, Eukalyptus<\/title>\n<meta name=\"description\" content=\"Lockeres Fahrradhemd aus TENCEL\u2122. Hergestellt in Wien, \u00d6sterreich.\" \/>\n<meta name=\"robots\" content=\"index, follow, max-snippet:-1, max-image-preview:large, max-video-preview:-1\" \/>\n<link rel=\"canonical\" href=\"https:\/\/darynchook.com\/product\/lockeres-fahrradhemd-eukalyptus\/\" \/>\n<meta property=\"og:locale\" content=\"fr_FR\" \/>\n<meta property=\"og:type\" content=\"article\" \/>\n<meta property=\"og:title\" content=\"Lockeres Fahrradhemd, Eukalyptus\" \/>\n<meta property=\"og:description\" content=\"Lockeres Fahrradhemd aus TENCEL\u2122. Hergestellt in Wien, \u00d6sterreich.\" \/>\n<meta property=\"og:url\" content=\"https:\/\/darynchook.com\/product\/lockeres-fahrradhemd-eukalyptus\/\" \/>\n<meta property=\"og:site_name\" content=\"DARYN CHOOK | Made in Vienna\" \/>\n<meta property=\"article:publisher\" content=\"https:\/\/www.facebook.com\/darynchook\" \/>\n<meta property=\"article:modified_time\" content=\"2023-11-23T14:07:41+00:00\" \/>\n<meta property=\"og:image\" content=\"https:\/\/darynchook.com\/wordpress\/wp-content\/uploads\/2021\/10\/DARYNCHOOK-UNIFROM-001M0306-shirts-man-black26.jpg\" \/>\n\t<meta property=\"og:image:width\" content=\"590\" \/>\n\t<meta property=\"og:image:height\" content=\"885\" \/>\n\t<meta property=\"og:image:type\" content=\"image\/jpeg\" \/>\n<meta name=\"twitter:card\" content=\"summary_large_image\" \/>\n<script type=\"application\/ld+json\" class=\"yoast-schema-graph\">{\"@context\":\"https:\/\/schema.org\",\"@graph\":[{\"@type\":\"WebPage\",\"@id\":\"https:\/\/darynchook.com\/product\/lockeres-fahrradhemd-eukalyptus\/\",\"url\":\"https:\/\/darynchook.com\/product\/lockeres-fahrradhemd-eukalyptus\/\",\"name\":\"Lockeres Fahrradhemd, Eukalyptus\",\"isPartOf\":{\"@id\":\"https:\/\/darynchook.com\/#website\"},\"datePublished\":\"2021-10-10T21:05:10+00:00\",\"dateModified\":\"2023-11-23T14:07:41+00:00\",\"description\":\"Lockeres Fahrradhemd aus TENCEL\u2122. Hergestellt in Wien, \u00d6sterreich.\",\"breadcrumb\":{\"@id\":\"https:\/\/darynchook.com\/product\/lockeres-fahrradhemd-eukalyptus\/#breadcrumb\"},\"inLanguage\":\"fr-FR\",\"potentialAction\":[{\"@type\":\"ReadAction\",\"target\":[\"https:\/\/darynchook.com\/product\/lockeres-fahrradhemd-eukalyptus\/\"]}]},{\"@type\":\"BreadcrumbList\",\"@id\":\"https:\/\/darynchook.com\/product\/lockeres-fahrradhemd-eukalyptus\/#breadcrumb\",\"itemListElement\":[{\"@type\":\"ListItem\",\"position\":1,\"name\":\"Home\",\"item\":\"https:\/\/darynchook.com\/\"},{\"@type\":\"ListItem\",\"position\":2,\"name\":\"Shop\",\"item\":\"https:\/\/darynchook.com\/?page_id=6\"},{\"@type\":\"ListItem\",\"position\":3,\"name\":\"Lockeres Fahrradhemd, Eukalyptus\"}]},{\"@type\":\"WebSite\",\"@id\":\"https:\/\/darynchook.com\/#website\",\"url\":\"https:\/\/darynchook.com\/\",\"name\":\"DARYN CHOOK | Made in Vienna\",\"description\":\"DARYN CHOOK ist ein entschleunigtes, nachhaltiges und radikal transparentes Studio f\u00fcr Mode.\",\"publisher\":{\"@id\":\"https:\/\/darynchook.com\/#organization\"},\"potentialAction\":[{\"@type\":\"SearchAction\",\"target\":{\"@type\":\"EntryPoint\",\"urlTemplate\":\"https:\/\/darynchook.com\/?s={search_term_string}\"},\"query-input\":\"required name=search_term_string\"}],\"inLanguage\":\"fr-FR\"},{\"@type\":\"Organization\",\"@id\":\"https:\/\/darynchook.com\/#organization\",\"name\":\"DARYN CHOOK\",\"url\":\"https:\/\/darynchook.com\/\",\"logo\":{\"@type\":\"ImageObject\",\"inLanguage\":\"fr-FR\",\"@id\":\"https:\/\/darynchook.com\/#\/schema\/logo\/image\/\",\"url\":\"https:\/\/dev.darynchook.com\/wordpress\/wp-content\/uploads\/2021\/10\/DARYN-CHOOK-logo.png\",\"contentUrl\":\"https:\/\/dev.darynchook.com\/wordpress\/wp-content\/uploads\/2021\/10\/DARYN-CHOOK-logo.png\",\"width\":686,\"height\":171,\"caption\":\"DARYN CHOOK\"},\"image\":{\"@id\":\"https:\/\/darynchook.com\/#\/schema\/logo\/image\/\"},\"sameAs\":[\"https:\/\/www.facebook.com\/darynchook\",\"https:\/\/www.instagram.com\/darynchook\/\"]}]}<\/script>\n<!-- \/ Yoast SEO plugin. -->","yoast_head_json":{"title":"Lockeres Fahrradhemd, Eukalyptus","description":"Lockeres Fahrradhemd aus TENCEL\u2122. Hergestellt in Wien, \u00d6sterreich.","robots":{"index":"index","follow":"follow","max-snippet":"max-snippet:-1","max-image-preview":"max-image-preview:large","max-video-preview":"max-video-preview:-1"},"canonical":"https:\/\/darynchook.com\/product\/lockeres-fahrradhemd-eukalyptus\/","og_locale":"fr_FR","og_type":"article","og_title":"Lockeres Fahrradhemd, Eukalyptus","og_description":"Lockeres Fahrradhemd aus TENCEL\u2122. Hergestellt in Wien, \u00d6sterreich.","og_url":"https:\/\/darynchook.com\/product\/lockeres-fahrradhemd-eukalyptus\/","og_site_name":"DARYN CHOOK | Made in Vienna","article_publisher":"https:\/\/www.facebook.com\/darynchook","article_modified_time":"2023-11-23T14:07:41+00:00","og_image":[{"width":590,"height":885,"url":"https:\/\/darynchook.com\/wordpress\/wp-content\/uploads\/2021\/10\/DARYNCHOOK-UNIFROM-001M0306-shirts-man-black26.jpg","type":"image\/jpeg"}],"twitter_card":"summary_large_image","schema":{"@context":"https:\/\/schema.org","@graph":[{"@type":"WebPage","@id":"https:\/\/darynchook.com\/product\/lockeres-fahrradhemd-eukalyptus\/","url":"https:\/\/darynchook.com\/product\/lockeres-fahrradhemd-eukalyptus\/","name":"Lockeres Fahrradhemd, Eukalyptus","isPartOf":{"@id":"https:\/\/darynchook.com\/#website"},"datePublished":"2021-10-10T21:05:10+00:00","dateModified":"2023-11-23T14:07:41+00:00","description":"Lockeres Fahrradhemd aus TENCEL\u2122. Hergestellt in Wien, \u00d6sterreich.","breadcrumb":{"@id":"https:\/\/darynchook.com\/product\/lockeres-fahrradhemd-eukalyptus\/#breadcrumb"},"inLanguage":"fr-FR","potentialAction":[{"@type":"ReadAction","target":["https:\/\/darynchook.com\/product\/lockeres-fahrradhemd-eukalyptus\/"]}]},{"@type":"BreadcrumbList","@id":"https:\/\/darynchook.com\/product\/lockeres-fahrradhemd-eukalyptus\/#breadcrumb","itemListElement":[{"@type":"ListItem","position":1,"name":"Home","item":"https:\/\/darynchook.com\/"},{"@type":"ListItem","position":2,"name":"Shop","item":"https:\/\/darynchook.com\/?page_id=6"},{"@type":"ListItem","position":3,"name":"Lockeres Fahrradhemd, Eukalyptus"}]},{"@type":"WebSite","@id":"https:\/\/darynchook.com\/#website","url":"https:\/\/darynchook.com\/","name":"DARYN CHOOK | Made in Vienna","description":"DARYN CHOOK ist ein entschleunigtes, nachhaltiges und radikal transparentes Studio f\u00fcr Mode.","publisher":{"@id":"https:\/\/darynchook.com\/#organization"},"potentialAction":[{"@type":"SearchAction","target":{"@type":"EntryPoint","urlTemplate":"https:\/\/darynchook.com\/?s={search_term_string}"},"query-input":"required name=search_term_string"}],"inLanguage":"fr-FR"},{"@type":"Organization","@id":"https:\/\/darynchook.com\/#organization","name":"DARYN CHOOK","url":"https:\/\/darynchook.com\/","logo":{"@type":"ImageObject","inLanguage":"fr-FR","@id":"https:\/\/darynchook.com\/#\/schema\/logo\/image\/","url":"https:\/\/dev.darynchook.com\/wordpress\/wp-content\/uploads\/2021\/10\/DARYN-CHOOK-logo.png","contentUrl":"https:\/\/dev.darynchook.com\/wordpress\/wp-content\/uploads\/2021\/10\/DARYN-CHOOK-logo.png","width":686,"height":171,"caption":"DARYN CHOOK"},"image":{"@id":"https:\/\/darynchook.com\/#\/schema\/logo\/image\/"},"sameAs":["https:\/\/www.facebook.com\/darynchook","https:\/\/www.instagram.com\/darynchook\/"]}]}},"_links":{"self":[{"href":"https:\/\/dev.darynchook.com\/fr\/wp-json\/wp\/v3\/product\/4817"}],"collection":[{"href":"https:\/\/dev.darynchook.com\/fr\/wp-json\/wp\/v3\/product"}],"about":[{"href":"https:\/\/dev.darynchook.com\/fr\/wp-json\/wp\/v2\/types\/product"}],"version-history":[{"count":1,"href":"https:\/\/dev.darynchook.com\/fr\/wp-json\/wp\/v3\/product\/4817\/revisions"}],"predecessor-version":[{"id":14219,"href":"https:\/\/dev.darynchook.com\/fr\/wp-json\/wp\/v3\/product\/4817\/revisions\/14219"}],"wp:featuredmedia":[{"embeddable":true,"href":"https:\/\/dev.darynchook.com\/fr\/wp-json\/wp\/v2\/media\/5329"}],"wp:attachment":[{"href":"https:\/\/dev.darynchook.com\/fr\/wp-json\/wp\/v2\/media?parent=4817"}],"wp:term":[{"taxonomy":"product_cat","embeddable":true,"href":"https:\/\/dev.darynchook.com\/fr\/wp-json\/wp\/v2\/product_cat?post=4817"},{"taxonomy":"product_tag","embeddable":true,"href":"https:\/\/dev.darynchook.com\/fr\/wp-json\/wp\/v2\/product_tag?post=4817"}],"curies":[{"name":"wp","href":"https:\/\/api.w.org\/{rel}","templated":true}]}}