{"id":4841,"date":"2021-10-10T23:06:49","date_gmt":"2021-10-10T21:06:49","guid":{"rendered":"https:\/\/dev.darynchook.com\/?post_type=product&#038;p=4841"},"modified":"2023-11-23T15:18:44","modified_gmt":"2023-11-23T14:18:44","slug":"kragenloses-reisehemd-eukalyptus-men","status":"publish","type":"product","link":"https:\/\/dev.darynchook.com\/fr\/product\/kragenloses-reisehemd-eukalyptus-men\/","title":{"rendered":"Chemise de voyage sans col, eucalyptus"},"content":{"rendered":"","protected":false},"excerpt":{"rendered":"<p class=\"p1\">001.M.0307<\/p>\n<p class=\"p1\">La chemise de voyage d\u00e9contract\u00e9e et sans col offre une grande libert\u00e9 de mouvement pour toutes tes activit\u00e9s. Les caract\u00e9ristiques de conception fonctionnelles renforcent le look intelligent en voyage et \u00e0 la maison. Les manches ergonomiques 3D et la zone \u00e9largie des \u00e9paules sont sp\u00e9cialement con\u00e7ues pour les positions allong\u00e9es. La poche en biais dissimul\u00e9e permet de ranger tes billets. Le tissu structur\u00e9 en eucalyptus \u00e9vacue l'humidit\u00e9, est robuste et naturellement antibact\u00e9rien - id\u00e9al pour les voyages.<\/p>","protected":false},"featured_media":5356,"template":"","meta":[],"product_cat":[106,90,109,42,15],"product_tag":[244,250,253,240,229,237,243,264,248,254,73,265,247],"yoast_head":"<!-- This site is optimized with the Yoast SEO plugin v21.8.1 - https:\/\/yoast.com\/wordpress\/plugins\/seo\/ -->\n<title>Kragenloses Reisehemd, Eukalyptus<\/title>\n<meta name=\"description\" content=\"Kragenloses Reisehemd aus TENCEL\u2122. Hergestellt in Wien, \u00d6sterreich.\" \/>\n<meta name=\"robots\" content=\"index, follow, max-snippet:-1, max-image-preview:large, max-video-preview:-1\" \/>\n<link rel=\"canonical\" href=\"https:\/\/darynchook.com\/product\/kragenloses-reisehemd-eukalyptus-men\/\" \/>\n<meta property=\"og:locale\" content=\"fr_FR\" \/>\n<meta property=\"og:type\" content=\"article\" \/>\n<meta property=\"og:title\" content=\"Kragenloses Reisehemd, Eukalyptus\" \/>\n<meta property=\"og:description\" content=\"Kragenloses Reisehemd aus TENCEL\u2122. Hergestellt in Wien, \u00d6sterreich.\" \/>\n<meta property=\"og:url\" content=\"https:\/\/darynchook.com\/product\/kragenloses-reisehemd-eukalyptus-men\/\" \/>\n<meta property=\"og:site_name\" content=\"DARYN CHOOK | Made in Vienna\" \/>\n<meta property=\"article:publisher\" content=\"https:\/\/www.facebook.com\/darynchook\" \/>\n<meta property=\"article:modified_time\" content=\"2023-11-23T14:18:44+00:00\" \/>\n<meta property=\"og:image\" content=\"https:\/\/darynchook.com\/wordpress\/wp-content\/uploads\/2021\/10\/DARYNCHOOK-UNIFROM-001M0307-shirts-man-blue21.jpg\" \/>\n\t<meta property=\"og:image:width\" content=\"590\" \/>\n\t<meta property=\"og:image:height\" content=\"885\" \/>\n\t<meta property=\"og:image:type\" content=\"image\/jpeg\" \/>\n<meta name=\"twitter:card\" content=\"summary_large_image\" \/>\n<script type=\"application\/ld+json\" class=\"yoast-schema-graph\">{\"@context\":\"https:\/\/schema.org\",\"@graph\":[{\"@type\":\"WebPage\",\"@id\":\"https:\/\/darynchook.com\/product\/kragenloses-reisehemd-eukalyptus-men\/\",\"url\":\"https:\/\/darynchook.com\/product\/kragenloses-reisehemd-eukalyptus-men\/\",\"name\":\"Kragenloses Reisehemd, Eukalyptus\",\"isPartOf\":{\"@id\":\"https:\/\/darynchook.com\/#website\"},\"datePublished\":\"2021-10-10T21:06:49+00:00\",\"dateModified\":\"2023-11-23T14:18:44+00:00\",\"description\":\"Kragenloses Reisehemd aus TENCEL\u2122. Hergestellt in Wien, \u00d6sterreich.\",\"breadcrumb\":{\"@id\":\"https:\/\/darynchook.com\/product\/kragenloses-reisehemd-eukalyptus-men\/#breadcrumb\"},\"inLanguage\":\"fr-FR\",\"potentialAction\":[{\"@type\":\"ReadAction\",\"target\":[\"https:\/\/darynchook.com\/product\/kragenloses-reisehemd-eukalyptus-men\/\"]}]},{\"@type\":\"BreadcrumbList\",\"@id\":\"https:\/\/darynchook.com\/product\/kragenloses-reisehemd-eukalyptus-men\/#breadcrumb\",\"itemListElement\":[{\"@type\":\"ListItem\",\"position\":1,\"name\":\"Home\",\"item\":\"https:\/\/darynchook.com\/\"},{\"@type\":\"ListItem\",\"position\":2,\"name\":\"Shop\",\"item\":\"https:\/\/darynchook.com\/?page_id=6\"},{\"@type\":\"ListItem\",\"position\":3,\"name\":\"Kragenloses Reisehemd, Eukalyptus\"}]},{\"@type\":\"WebSite\",\"@id\":\"https:\/\/darynchook.com\/#website\",\"url\":\"https:\/\/darynchook.com\/\",\"name\":\"DARYN CHOOK | Made in Vienna\",\"description\":\"DARYN CHOOK ist ein entschleunigtes, nachhaltiges und radikal transparentes Studio f\u00fcr Mode.\",\"publisher\":{\"@id\":\"https:\/\/darynchook.com\/#organization\"},\"potentialAction\":[{\"@type\":\"SearchAction\",\"target\":{\"@type\":\"EntryPoint\",\"urlTemplate\":\"https:\/\/darynchook.com\/?s={search_term_string}\"},\"query-input\":\"required name=search_term_string\"}],\"inLanguage\":\"fr-FR\"},{\"@type\":\"Organization\",\"@id\":\"https:\/\/darynchook.com\/#organization\",\"name\":\"DARYN CHOOK\",\"url\":\"https:\/\/darynchook.com\/\",\"logo\":{\"@type\":\"ImageObject\",\"inLanguage\":\"fr-FR\",\"@id\":\"https:\/\/darynchook.com\/#\/schema\/logo\/image\/\",\"url\":\"https:\/\/dev.darynchook.com\/wordpress\/wp-content\/uploads\/2021\/10\/DARYN-CHOOK-logo.png\",\"contentUrl\":\"https:\/\/dev.darynchook.com\/wordpress\/wp-content\/uploads\/2021\/10\/DARYN-CHOOK-logo.png\",\"width\":686,\"height\":171,\"caption\":\"DARYN CHOOK\"},\"image\":{\"@id\":\"https:\/\/darynchook.com\/#\/schema\/logo\/image\/\"},\"sameAs\":[\"https:\/\/www.facebook.com\/darynchook\",\"https:\/\/www.instagram.com\/darynchook\/\"]}]}<\/script>\n<!-- \/ Yoast SEO plugin. -->","yoast_head_json":{"title":"Kragenloses Reisehemd, Eukalyptus","description":"Kragenloses Reisehemd aus TENCEL\u2122. Hergestellt in Wien, \u00d6sterreich.","robots":{"index":"index","follow":"follow","max-snippet":"max-snippet:-1","max-image-preview":"max-image-preview:large","max-video-preview":"max-video-preview:-1"},"canonical":"https:\/\/darynchook.com\/product\/kragenloses-reisehemd-eukalyptus-men\/","og_locale":"fr_FR","og_type":"article","og_title":"Kragenloses Reisehemd, Eukalyptus","og_description":"Kragenloses Reisehemd aus TENCEL\u2122. Hergestellt in Wien, \u00d6sterreich.","og_url":"https:\/\/darynchook.com\/product\/kragenloses-reisehemd-eukalyptus-men\/","og_site_name":"DARYN CHOOK | Made in Vienna","article_publisher":"https:\/\/www.facebook.com\/darynchook","article_modified_time":"2023-11-23T14:18:44+00:00","og_image":[{"width":590,"height":885,"url":"https:\/\/darynchook.com\/wordpress\/wp-content\/uploads\/2021\/10\/DARYNCHOOK-UNIFROM-001M0307-shirts-man-blue21.jpg","type":"image\/jpeg"}],"twitter_card":"summary_large_image","schema":{"@context":"https:\/\/schema.org","@graph":[{"@type":"WebPage","@id":"https:\/\/darynchook.com\/product\/kragenloses-reisehemd-eukalyptus-men\/","url":"https:\/\/darynchook.com\/product\/kragenloses-reisehemd-eukalyptus-men\/","name":"Kragenloses Reisehemd, Eukalyptus","isPartOf":{"@id":"https:\/\/darynchook.com\/#website"},"datePublished":"2021-10-10T21:06:49+00:00","dateModified":"2023-11-23T14:18:44+00:00","description":"Kragenloses Reisehemd aus TENCEL\u2122. Hergestellt in Wien, \u00d6sterreich.","breadcrumb":{"@id":"https:\/\/darynchook.com\/product\/kragenloses-reisehemd-eukalyptus-men\/#breadcrumb"},"inLanguage":"fr-FR","potentialAction":[{"@type":"ReadAction","target":["https:\/\/darynchook.com\/product\/kragenloses-reisehemd-eukalyptus-men\/"]}]},{"@type":"BreadcrumbList","@id":"https:\/\/darynchook.com\/product\/kragenloses-reisehemd-eukalyptus-men\/#breadcrumb","itemListElement":[{"@type":"ListItem","position":1,"name":"Home","item":"https:\/\/darynchook.com\/"},{"@type":"ListItem","position":2,"name":"Shop","item":"https:\/\/darynchook.com\/?page_id=6"},{"@type":"ListItem","position":3,"name":"Kragenloses Reisehemd, Eukalyptus"}]},{"@type":"WebSite","@id":"https:\/\/darynchook.com\/#website","url":"https:\/\/darynchook.com\/","name":"DARYN CHOOK | Made in Vienna","description":"DARYN CHOOK ist ein entschleunigtes, nachhaltiges und radikal transparentes Studio f\u00fcr Mode.","publisher":{"@id":"https:\/\/darynchook.com\/#organization"},"potentialAction":[{"@type":"SearchAction","target":{"@type":"EntryPoint","urlTemplate":"https:\/\/darynchook.com\/?s={search_term_string}"},"query-input":"required name=search_term_string"}],"inLanguage":"fr-FR"},{"@type":"Organization","@id":"https:\/\/darynchook.com\/#organization","name":"DARYN CHOOK","url":"https:\/\/darynchook.com\/","logo":{"@type":"ImageObject","inLanguage":"fr-FR","@id":"https:\/\/darynchook.com\/#\/schema\/logo\/image\/","url":"https:\/\/dev.darynchook.com\/wordpress\/wp-content\/uploads\/2021\/10\/DARYN-CHOOK-logo.png","contentUrl":"https:\/\/dev.darynchook.com\/wordpress\/wp-content\/uploads\/2021\/10\/DARYN-CHOOK-logo.png","width":686,"height":171,"caption":"DARYN CHOOK"},"image":{"@id":"https:\/\/darynchook.com\/#\/schema\/logo\/image\/"},"sameAs":["https:\/\/www.facebook.com\/darynchook","https:\/\/www.instagram.com\/darynchook\/"]}]}},"_links":{"self":[{"href":"https:\/\/dev.darynchook.com\/fr\/wp-json\/wp\/v3\/product\/4841"}],"collection":[{"href":"https:\/\/dev.darynchook.com\/fr\/wp-json\/wp\/v3\/product"}],"about":[{"href":"https:\/\/dev.darynchook.com\/fr\/wp-json\/wp\/v2\/types\/product"}],"version-history":[{"count":1,"href":"https:\/\/dev.darynchook.com\/fr\/wp-json\/wp\/v3\/product\/4841\/revisions"}],"predecessor-version":[{"id":14221,"href":"https:\/\/dev.darynchook.com\/fr\/wp-json\/wp\/v3\/product\/4841\/revisions\/14221"}],"wp:featuredmedia":[{"embeddable":true,"href":"https:\/\/dev.darynchook.com\/fr\/wp-json\/wp\/v2\/media\/5356"}],"wp:attachment":[{"href":"https:\/\/dev.darynchook.com\/fr\/wp-json\/wp\/v2\/media?parent=4841"}],"wp:term":[{"taxonomy":"product_cat","embeddable":true,"href":"https:\/\/dev.darynchook.com\/fr\/wp-json\/wp\/v2\/product_cat?post=4841"},{"taxonomy":"product_tag","embeddable":true,"href":"https:\/\/dev.darynchook.com\/fr\/wp-json\/wp\/v2\/product_tag?post=4841"}],"curies":[{"name":"wp","href":"https:\/\/api.w.org\/{rel}","templated":true}]}}