{"id":4964,"date":"2021-10-10T23:25:50","date_gmt":"2021-10-10T21:25:50","guid":{"rendered":"https:\/\/dev.darynchook.com\/?post_type=product&#038;p=4964"},"modified":"2023-11-23T16:02:17","modified_gmt":"2023-11-23T15:02:17","slug":"luftiges-oversize-t-shirt-eukalyptus-men","status":"publish","type":"product","link":"https:\/\/dev.darynchook.com\/fr\/product\/luftiges-oversize-t-shirt-eukalyptus-men\/","title":{"rendered":"T-shirt oversize a\u00e9r\u00e9, eucalyptus"},"content":{"rendered":"","protected":false},"excerpt":{"rendered":"<p class=\"p1\">001.M.0502<\/p>\n<p class=\"p1\">La libert\u00e9 est le deuxi\u00e8me nom du T-shirt oversize a\u00e9r\u00e9. \u00c0 peine perceptible sur la peau, pour une libert\u00e9 de mouvement comme jamais auparavant. Con\u00e7u pour les superpositions et les drap\u00e9s a\u00e9riens - que ce soit pour une nuit, une journ\u00e9e \u00e0 la plage ou une heure de transpiration \u00e0 la salle de sport. Avec les leggings taille basse Breezy et le short d\u00e9contract\u00e9 avec cordon de serrage par-dessus, tu obtiens ton ultime tenue d'athl\u00e9tisme.<\/p>","protected":false},"featured_media":5401,"template":"","meta":[],"product_cat":[106,90,86,87,107,42,50],"product_tag":[244,253,240,229,237,243,264,248,254,255,73,265,247],"yoast_head":"<!-- This site is optimized with the Yoast SEO plugin v21.8.1 - https:\/\/yoast.com\/wordpress\/plugins\/seo\/ -->\n<title>Luftiges oversize T-shirt, Eukalyptus<\/title>\n<meta name=\"description\" content=\"Luftiges oversize T-shirt aus TENCEL\u2122. Hergestellt in Wien, \u00d6sterreich. F\u00fcr hei\u00dfe Tage in der Stadt und unterwegs konzipiert.\" \/>\n<meta name=\"robots\" content=\"index, follow, max-snippet:-1, max-image-preview:large, max-video-preview:-1\" \/>\n<link rel=\"canonical\" href=\"https:\/\/darynchook.com\/product\/luftiges-oversize-t-shirt-eukalyptus-men\/\" \/>\n<meta property=\"og:locale\" content=\"fr_FR\" \/>\n<meta property=\"og:type\" content=\"article\" \/>\n<meta property=\"og:title\" content=\"Luftiges oversize T-shirt, Eukalyptus\" \/>\n<meta property=\"og:description\" content=\"Luftiges oversize T-shirt aus TENCEL\u2122. Hergestellt in Wien, \u00d6sterreich. F\u00fcr hei\u00dfe Tage in der Stadt und unterwegs konzipiert.\" \/>\n<meta property=\"og:url\" content=\"https:\/\/darynchook.com\/product\/luftiges-oversize-t-shirt-eukalyptus-men\/\" \/>\n<meta property=\"og:site_name\" content=\"DARYN CHOOK | Made in Vienna\" \/>\n<meta property=\"article:publisher\" content=\"https:\/\/www.facebook.com\/darynchook\" \/>\n<meta property=\"article:modified_time\" content=\"2023-11-23T15:02:17+00:00\" \/>\n<meta property=\"og:image\" content=\"https:\/\/darynchook.com\/wordpress\/wp-content\/uploads\/2021\/10\/DARYNCHOOK-UNIFROM-001M0502-tshirt-man-blue85.jpg\" \/>\n\t<meta property=\"og:image:width\" content=\"590\" \/>\n\t<meta property=\"og:image:height\" content=\"885\" \/>\n\t<meta property=\"og:image:type\" content=\"image\/jpeg\" \/>\n<meta name=\"twitter:card\" content=\"summary_large_image\" \/>\n<script type=\"application\/ld+json\" class=\"yoast-schema-graph\">{\"@context\":\"https:\/\/schema.org\",\"@graph\":[{\"@type\":\"WebPage\",\"@id\":\"https:\/\/darynchook.com\/product\/luftiges-oversize-t-shirt-eukalyptus-men\/\",\"url\":\"https:\/\/darynchook.com\/product\/luftiges-oversize-t-shirt-eukalyptus-men\/\",\"name\":\"Luftiges oversize T-shirt, Eukalyptus\",\"isPartOf\":{\"@id\":\"https:\/\/darynchook.com\/#website\"},\"datePublished\":\"2021-10-10T21:25:50+00:00\",\"dateModified\":\"2023-11-23T15:02:17+00:00\",\"description\":\"Luftiges oversize T-shirt aus TENCEL\u2122. Hergestellt in Wien, \u00d6sterreich. F\u00fcr hei\u00dfe Tage in der Stadt und unterwegs konzipiert.\",\"breadcrumb\":{\"@id\":\"https:\/\/darynchook.com\/product\/luftiges-oversize-t-shirt-eukalyptus-men\/#breadcrumb\"},\"inLanguage\":\"fr-FR\",\"potentialAction\":[{\"@type\":\"ReadAction\",\"target\":[\"https:\/\/darynchook.com\/product\/luftiges-oversize-t-shirt-eukalyptus-men\/\"]}]},{\"@type\":\"BreadcrumbList\",\"@id\":\"https:\/\/darynchook.com\/product\/luftiges-oversize-t-shirt-eukalyptus-men\/#breadcrumb\",\"itemListElement\":[{\"@type\":\"ListItem\",\"position\":1,\"name\":\"Home\",\"item\":\"https:\/\/darynchook.com\/\"},{\"@type\":\"ListItem\",\"position\":2,\"name\":\"Shop\",\"item\":\"https:\/\/darynchook.com\/?page_id=6\"},{\"@type\":\"ListItem\",\"position\":3,\"name\":\"Luftiges oversize T-shirt, Eukalyptus\"}]},{\"@type\":\"WebSite\",\"@id\":\"https:\/\/darynchook.com\/#website\",\"url\":\"https:\/\/darynchook.com\/\",\"name\":\"DARYN CHOOK | Made in Vienna\",\"description\":\"DARYN CHOOK ist ein entschleunigtes, nachhaltiges und radikal transparentes Studio f\u00fcr Mode.\",\"publisher\":{\"@id\":\"https:\/\/darynchook.com\/#organization\"},\"potentialAction\":[{\"@type\":\"SearchAction\",\"target\":{\"@type\":\"EntryPoint\",\"urlTemplate\":\"https:\/\/darynchook.com\/?s={search_term_string}\"},\"query-input\":\"required name=search_term_string\"}],\"inLanguage\":\"fr-FR\"},{\"@type\":\"Organization\",\"@id\":\"https:\/\/darynchook.com\/#organization\",\"name\":\"DARYN CHOOK\",\"url\":\"https:\/\/darynchook.com\/\",\"logo\":{\"@type\":\"ImageObject\",\"inLanguage\":\"fr-FR\",\"@id\":\"https:\/\/darynchook.com\/#\/schema\/logo\/image\/\",\"url\":\"https:\/\/dev.darynchook.com\/wordpress\/wp-content\/uploads\/2021\/10\/DARYN-CHOOK-logo.png\",\"contentUrl\":\"https:\/\/dev.darynchook.com\/wordpress\/wp-content\/uploads\/2021\/10\/DARYN-CHOOK-logo.png\",\"width\":686,\"height\":171,\"caption\":\"DARYN CHOOK\"},\"image\":{\"@id\":\"https:\/\/darynchook.com\/#\/schema\/logo\/image\/\"},\"sameAs\":[\"https:\/\/www.facebook.com\/darynchook\",\"https:\/\/www.instagram.com\/darynchook\/\"]}]}<\/script>\n<!-- \/ Yoast SEO plugin. -->","yoast_head_json":{"title":"Luftiges oversize T-shirt, Eukalyptus","description":"Luftiges oversize T-shirt aus TENCEL\u2122. Hergestellt in Wien, \u00d6sterreich. F\u00fcr hei\u00dfe Tage in der Stadt und unterwegs konzipiert.","robots":{"index":"index","follow":"follow","max-snippet":"max-snippet:-1","max-image-preview":"max-image-preview:large","max-video-preview":"max-video-preview:-1"},"canonical":"https:\/\/darynchook.com\/product\/luftiges-oversize-t-shirt-eukalyptus-men\/","og_locale":"fr_FR","og_type":"article","og_title":"Luftiges oversize T-shirt, Eukalyptus","og_description":"Luftiges oversize T-shirt aus TENCEL\u2122. Hergestellt in Wien, \u00d6sterreich. F\u00fcr hei\u00dfe Tage in der Stadt und unterwegs konzipiert.","og_url":"https:\/\/darynchook.com\/product\/luftiges-oversize-t-shirt-eukalyptus-men\/","og_site_name":"DARYN CHOOK | Made in Vienna","article_publisher":"https:\/\/www.facebook.com\/darynchook","article_modified_time":"2023-11-23T15:02:17+00:00","og_image":[{"width":590,"height":885,"url":"https:\/\/darynchook.com\/wordpress\/wp-content\/uploads\/2021\/10\/DARYNCHOOK-UNIFROM-001M0502-tshirt-man-blue85.jpg","type":"image\/jpeg"}],"twitter_card":"summary_large_image","schema":{"@context":"https:\/\/schema.org","@graph":[{"@type":"WebPage","@id":"https:\/\/darynchook.com\/product\/luftiges-oversize-t-shirt-eukalyptus-men\/","url":"https:\/\/darynchook.com\/product\/luftiges-oversize-t-shirt-eukalyptus-men\/","name":"Luftiges oversize T-shirt, Eukalyptus","isPartOf":{"@id":"https:\/\/darynchook.com\/#website"},"datePublished":"2021-10-10T21:25:50+00:00","dateModified":"2023-11-23T15:02:17+00:00","description":"Luftiges oversize T-shirt aus TENCEL\u2122. Hergestellt in Wien, \u00d6sterreich. F\u00fcr hei\u00dfe Tage in der Stadt und unterwegs konzipiert.","breadcrumb":{"@id":"https:\/\/darynchook.com\/product\/luftiges-oversize-t-shirt-eukalyptus-men\/#breadcrumb"},"inLanguage":"fr-FR","potentialAction":[{"@type":"ReadAction","target":["https:\/\/darynchook.com\/product\/luftiges-oversize-t-shirt-eukalyptus-men\/"]}]},{"@type":"BreadcrumbList","@id":"https:\/\/darynchook.com\/product\/luftiges-oversize-t-shirt-eukalyptus-men\/#breadcrumb","itemListElement":[{"@type":"ListItem","position":1,"name":"Home","item":"https:\/\/darynchook.com\/"},{"@type":"ListItem","position":2,"name":"Shop","item":"https:\/\/darynchook.com\/?page_id=6"},{"@type":"ListItem","position":3,"name":"Luftiges oversize T-shirt, Eukalyptus"}]},{"@type":"WebSite","@id":"https:\/\/darynchook.com\/#website","url":"https:\/\/darynchook.com\/","name":"DARYN CHOOK | Made in Vienna","description":"DARYN CHOOK ist ein entschleunigtes, nachhaltiges und radikal transparentes Studio f\u00fcr Mode.","publisher":{"@id":"https:\/\/darynchook.com\/#organization"},"potentialAction":[{"@type":"SearchAction","target":{"@type":"EntryPoint","urlTemplate":"https:\/\/darynchook.com\/?s={search_term_string}"},"query-input":"required name=search_term_string"}],"inLanguage":"fr-FR"},{"@type":"Organization","@id":"https:\/\/darynchook.com\/#organization","name":"DARYN CHOOK","url":"https:\/\/darynchook.com\/","logo":{"@type":"ImageObject","inLanguage":"fr-FR","@id":"https:\/\/darynchook.com\/#\/schema\/logo\/image\/","url":"https:\/\/dev.darynchook.com\/wordpress\/wp-content\/uploads\/2021\/10\/DARYN-CHOOK-logo.png","contentUrl":"https:\/\/dev.darynchook.com\/wordpress\/wp-content\/uploads\/2021\/10\/DARYN-CHOOK-logo.png","width":686,"height":171,"caption":"DARYN CHOOK"},"image":{"@id":"https:\/\/darynchook.com\/#\/schema\/logo\/image\/"},"sameAs":["https:\/\/www.facebook.com\/darynchook","https:\/\/www.instagram.com\/darynchook\/"]}]}},"_links":{"self":[{"href":"https:\/\/dev.darynchook.com\/fr\/wp-json\/wp\/v3\/product\/4964"}],"collection":[{"href":"https:\/\/dev.darynchook.com\/fr\/wp-json\/wp\/v3\/product"}],"about":[{"href":"https:\/\/dev.darynchook.com\/fr\/wp-json\/wp\/v2\/types\/product"}],"version-history":[{"count":1,"href":"https:\/\/dev.darynchook.com\/fr\/wp-json\/wp\/v3\/product\/4964\/revisions"}],"predecessor-version":[{"id":14227,"href":"https:\/\/dev.darynchook.com\/fr\/wp-json\/wp\/v3\/product\/4964\/revisions\/14227"}],"wp:featuredmedia":[{"embeddable":true,"href":"https:\/\/dev.darynchook.com\/fr\/wp-json\/wp\/v2\/media\/5401"}],"wp:attachment":[{"href":"https:\/\/dev.darynchook.com\/fr\/wp-json\/wp\/v2\/media?parent=4964"}],"wp:term":[{"taxonomy":"product_cat","embeddable":true,"href":"https:\/\/dev.darynchook.com\/fr\/wp-json\/wp\/v2\/product_cat?post=4964"},{"taxonomy":"product_tag","embeddable":true,"href":"https:\/\/dev.darynchook.com\/fr\/wp-json\/wp\/v2\/product_tag?post=4964"}],"curies":[{"name":"wp","href":"https:\/\/api.w.org\/{rel}","templated":true}]}}