{"id":5063,"date":"2021-10-11T00:03:16","date_gmt":"2021-10-10T22:03:16","guid":{"rendered":"https:\/\/dev.darynchook.com\/?post_type=product&#038;p=5063"},"modified":"2023-11-02T22:51:07","modified_gmt":"2023-11-02T21:51:07","slug":"kuscheliger-bio-wintermantel-mulesing-freie-wolle","status":"publish","type":"product","link":"https:\/\/dev.darynchook.com\/fr\/product\/kuscheliger-bio-wintermantel-mulesing-freie-wolle\/","title":{"rendered":"Manteau d'hiver bio et douillet, laine sans mulesing"},"content":{"rendered":"","protected":false},"excerpt":{"rendered":"<p class=\"p1\"><span class=\"s1\">001.M.0901<\/span><\/p>\n<p class=\"p1\">Le manteau d'hiver bio douillet a \u00e9t\u00e9 con\u00e7u pour voyager en toute insouciance vers l'inconnu, sur ou hors du v\u00e9lo, m\u00eame par temps froid. Avec sa couche ext\u00e9rieure en loden autrichien, le manteau est isol\u00e9 gr\u00e2ce \u00e0 de la laine anglaise de haute qualit\u00e9 et doubl\u00e9 d'un tissu en bambou. Ton fid\u00e8le compagnon avec une excellente protection contre les intemp\u00e9ries te garde au chaud et au sec m\u00eame dans les conditions les plus froides.<\/p>","protected":false},"featured_media":5421,"template":"","meta":[],"product_cat":[106,90,85,108,42],"product_tag":[250,98,256,240,241,229,252,242,233,264,232,248,254,265,247,246,97],"yoast_head":"<!-- This site is optimized with the Yoast SEO plugin v21.8.1 - https:\/\/yoast.com\/wordpress\/plugins\/seo\/ -->\n<title>Kuscheliger Bio Wintermantel, mulesing-freie Wolle<\/title>\n<meta name=\"description\" content=\"Kuscheliger Bio Wintermantel aus Tiroler kbT Schurwolle. Biologisch abbaubare Isolierung gegen K\u00e4lte und Feuchtigkeit.\" \/>\n<meta name=\"robots\" content=\"index, follow, max-snippet:-1, max-image-preview:large, max-video-preview:-1\" \/>\n<link rel=\"canonical\" href=\"https:\/\/darynchook.com\/product\/kuscheliger-bio-wintermantel-mulesing-freie-wolle\/\" \/>\n<meta property=\"og:locale\" content=\"fr_FR\" \/>\n<meta property=\"og:type\" content=\"article\" \/>\n<meta property=\"og:title\" content=\"Kuscheliger Bio Wintermantel, mulesing-freie Wolle\" \/>\n<meta property=\"og:description\" content=\"Kuscheliger Bio Wintermantel aus Tiroler kbT Schurwolle. Biologisch abbaubare Isolierung gegen K\u00e4lte und Feuchtigkeit.\" \/>\n<meta property=\"og:url\" content=\"https:\/\/darynchook.com\/product\/kuscheliger-bio-wintermantel-mulesing-freie-wolle\/\" \/>\n<meta property=\"og:site_name\" content=\"DARYN CHOOK | Made in Vienna\" \/>\n<meta property=\"article:publisher\" content=\"https:\/\/www.facebook.com\/darynchook\" \/>\n<meta property=\"article:modified_time\" content=\"2023-11-02T21:51:07+00:00\" \/>\n<meta property=\"og:image\" content=\"https:\/\/darynchook.com\/wordpress\/wp-content\/uploads\/2021\/10\/DARYNCHOOK-UNIFROM-001M0901-coat-men-blue5.jpg\" \/>\n\t<meta property=\"og:image:width\" content=\"590\" \/>\n\t<meta property=\"og:image:height\" content=\"885\" \/>\n\t<meta property=\"og:image:type\" content=\"image\/jpeg\" \/>\n<meta name=\"twitter:card\" content=\"summary_large_image\" \/>\n<script type=\"application\/ld+json\" class=\"yoast-schema-graph\">{\"@context\":\"https:\/\/schema.org\",\"@graph\":[{\"@type\":\"WebPage\",\"@id\":\"https:\/\/darynchook.com\/product\/kuscheliger-bio-wintermantel-mulesing-freie-wolle\/\",\"url\":\"https:\/\/darynchook.com\/product\/kuscheliger-bio-wintermantel-mulesing-freie-wolle\/\",\"name\":\"Kuscheliger Bio Wintermantel, mulesing-freie Wolle\",\"isPartOf\":{\"@id\":\"https:\/\/darynchook.com\/#website\"},\"datePublished\":\"2021-10-10T22:03:16+00:00\",\"dateModified\":\"2023-11-02T21:51:07+00:00\",\"description\":\"Kuscheliger Bio Wintermantel aus Tiroler kbT Schurwolle. Biologisch abbaubare Isolierung gegen K\u00e4lte und Feuchtigkeit.\",\"breadcrumb\":{\"@id\":\"https:\/\/darynchook.com\/product\/kuscheliger-bio-wintermantel-mulesing-freie-wolle\/#breadcrumb\"},\"inLanguage\":\"fr-FR\",\"potentialAction\":[{\"@type\":\"ReadAction\",\"target\":[\"https:\/\/darynchook.com\/product\/kuscheliger-bio-wintermantel-mulesing-freie-wolle\/\"]}]},{\"@type\":\"BreadcrumbList\",\"@id\":\"https:\/\/darynchook.com\/product\/kuscheliger-bio-wintermantel-mulesing-freie-wolle\/#breadcrumb\",\"itemListElement\":[{\"@type\":\"ListItem\",\"position\":1,\"name\":\"Home\",\"item\":\"https:\/\/darynchook.com\/\"},{\"@type\":\"ListItem\",\"position\":2,\"name\":\"Shop\",\"item\":\"https:\/\/darynchook.com\/?page_id=6\"},{\"@type\":\"ListItem\",\"position\":3,\"name\":\"Kuscheliger Bio Wintermantel, mulesing-freie Wolle\"}]},{\"@type\":\"WebSite\",\"@id\":\"https:\/\/darynchook.com\/#website\",\"url\":\"https:\/\/darynchook.com\/\",\"name\":\"DARYN CHOOK | Made in Vienna\",\"description\":\"DARYN CHOOK ist ein entschleunigtes, nachhaltiges und radikal transparentes Studio f\u00fcr Mode.\",\"publisher\":{\"@id\":\"https:\/\/darynchook.com\/#organization\"},\"potentialAction\":[{\"@type\":\"SearchAction\",\"target\":{\"@type\":\"EntryPoint\",\"urlTemplate\":\"https:\/\/darynchook.com\/?s={search_term_string}\"},\"query-input\":\"required name=search_term_string\"}],\"inLanguage\":\"fr-FR\"},{\"@type\":\"Organization\",\"@id\":\"https:\/\/darynchook.com\/#organization\",\"name\":\"DARYN CHOOK\",\"url\":\"https:\/\/darynchook.com\/\",\"logo\":{\"@type\":\"ImageObject\",\"inLanguage\":\"fr-FR\",\"@id\":\"https:\/\/darynchook.com\/#\/schema\/logo\/image\/\",\"url\":\"https:\/\/dev.darynchook.com\/wordpress\/wp-content\/uploads\/2021\/10\/DARYN-CHOOK-logo.png\",\"contentUrl\":\"https:\/\/dev.darynchook.com\/wordpress\/wp-content\/uploads\/2021\/10\/DARYN-CHOOK-logo.png\",\"width\":686,\"height\":171,\"caption\":\"DARYN CHOOK\"},\"image\":{\"@id\":\"https:\/\/darynchook.com\/#\/schema\/logo\/image\/\"},\"sameAs\":[\"https:\/\/www.facebook.com\/darynchook\",\"https:\/\/www.instagram.com\/darynchook\/\"]}]}<\/script>\n<!-- \/ Yoast SEO plugin. -->","yoast_head_json":{"title":"Kuscheliger Bio Wintermantel, mulesing-freie Wolle","description":"Kuscheliger Bio Wintermantel aus Tiroler kbT Schurwolle. Biologisch abbaubare Isolierung gegen K\u00e4lte und Feuchtigkeit.","robots":{"index":"index","follow":"follow","max-snippet":"max-snippet:-1","max-image-preview":"max-image-preview:large","max-video-preview":"max-video-preview:-1"},"canonical":"https:\/\/darynchook.com\/product\/kuscheliger-bio-wintermantel-mulesing-freie-wolle\/","og_locale":"fr_FR","og_type":"article","og_title":"Kuscheliger Bio Wintermantel, mulesing-freie Wolle","og_description":"Kuscheliger Bio Wintermantel aus Tiroler kbT Schurwolle. Biologisch abbaubare Isolierung gegen K\u00e4lte und Feuchtigkeit.","og_url":"https:\/\/darynchook.com\/product\/kuscheliger-bio-wintermantel-mulesing-freie-wolle\/","og_site_name":"DARYN CHOOK | Made in Vienna","article_publisher":"https:\/\/www.facebook.com\/darynchook","article_modified_time":"2023-11-02T21:51:07+00:00","og_image":[{"width":590,"height":885,"url":"https:\/\/darynchook.com\/wordpress\/wp-content\/uploads\/2021\/10\/DARYNCHOOK-UNIFROM-001M0901-coat-men-blue5.jpg","type":"image\/jpeg"}],"twitter_card":"summary_large_image","schema":{"@context":"https:\/\/schema.org","@graph":[{"@type":"WebPage","@id":"https:\/\/darynchook.com\/product\/kuscheliger-bio-wintermantel-mulesing-freie-wolle\/","url":"https:\/\/darynchook.com\/product\/kuscheliger-bio-wintermantel-mulesing-freie-wolle\/","name":"Kuscheliger Bio Wintermantel, mulesing-freie Wolle","isPartOf":{"@id":"https:\/\/darynchook.com\/#website"},"datePublished":"2021-10-10T22:03:16+00:00","dateModified":"2023-11-02T21:51:07+00:00","description":"Kuscheliger Bio Wintermantel aus Tiroler kbT Schurwolle. Biologisch abbaubare Isolierung gegen K\u00e4lte und Feuchtigkeit.","breadcrumb":{"@id":"https:\/\/darynchook.com\/product\/kuscheliger-bio-wintermantel-mulesing-freie-wolle\/#breadcrumb"},"inLanguage":"fr-FR","potentialAction":[{"@type":"ReadAction","target":["https:\/\/darynchook.com\/product\/kuscheliger-bio-wintermantel-mulesing-freie-wolle\/"]}]},{"@type":"BreadcrumbList","@id":"https:\/\/darynchook.com\/product\/kuscheliger-bio-wintermantel-mulesing-freie-wolle\/#breadcrumb","itemListElement":[{"@type":"ListItem","position":1,"name":"Home","item":"https:\/\/darynchook.com\/"},{"@type":"ListItem","position":2,"name":"Shop","item":"https:\/\/darynchook.com\/?page_id=6"},{"@type":"ListItem","position":3,"name":"Kuscheliger Bio Wintermantel, mulesing-freie Wolle"}]},{"@type":"WebSite","@id":"https:\/\/darynchook.com\/#website","url":"https:\/\/darynchook.com\/","name":"DARYN CHOOK | Made in Vienna","description":"DARYN CHOOK ist ein entschleunigtes, nachhaltiges und radikal transparentes Studio f\u00fcr Mode.","publisher":{"@id":"https:\/\/darynchook.com\/#organization"},"potentialAction":[{"@type":"SearchAction","target":{"@type":"EntryPoint","urlTemplate":"https:\/\/darynchook.com\/?s={search_term_string}"},"query-input":"required name=search_term_string"}],"inLanguage":"fr-FR"},{"@type":"Organization","@id":"https:\/\/darynchook.com\/#organization","name":"DARYN CHOOK","url":"https:\/\/darynchook.com\/","logo":{"@type":"ImageObject","inLanguage":"fr-FR","@id":"https:\/\/darynchook.com\/#\/schema\/logo\/image\/","url":"https:\/\/dev.darynchook.com\/wordpress\/wp-content\/uploads\/2021\/10\/DARYN-CHOOK-logo.png","contentUrl":"https:\/\/dev.darynchook.com\/wordpress\/wp-content\/uploads\/2021\/10\/DARYN-CHOOK-logo.png","width":686,"height":171,"caption":"DARYN CHOOK"},"image":{"@id":"https:\/\/darynchook.com\/#\/schema\/logo\/image\/"},"sameAs":["https:\/\/www.facebook.com\/darynchook","https:\/\/www.instagram.com\/darynchook\/"]}]}},"_links":{"self":[{"href":"https:\/\/dev.darynchook.com\/fr\/wp-json\/wp\/v3\/product\/5063"}],"collection":[{"href":"https:\/\/dev.darynchook.com\/fr\/wp-json\/wp\/v3\/product"}],"about":[{"href":"https:\/\/dev.darynchook.com\/fr\/wp-json\/wp\/v2\/types\/product"}],"version-history":[{"count":2,"href":"https:\/\/dev.darynchook.com\/fr\/wp-json\/wp\/v3\/product\/5063\/revisions"}],"predecessor-version":[{"id":14619,"href":"https:\/\/dev.darynchook.com\/fr\/wp-json\/wp\/v3\/product\/5063\/revisions\/14619"}],"wp:featuredmedia":[{"embeddable":true,"href":"https:\/\/dev.darynchook.com\/fr\/wp-json\/wp\/v2\/media\/5421"}],"wp:attachment":[{"href":"https:\/\/dev.darynchook.com\/fr\/wp-json\/wp\/v2\/media?parent=5063"}],"wp:term":[{"taxonomy":"product_cat","embeddable":true,"href":"https:\/\/dev.darynchook.com\/fr\/wp-json\/wp\/v2\/product_cat?post=5063"},{"taxonomy":"product_tag","embeddable":true,"href":"https:\/\/dev.darynchook.com\/fr\/wp-json\/wp\/v2\/product_tag?post=5063"}],"curies":[{"name":"wp","href":"https:\/\/api.w.org\/{rel}","templated":true}]}}