{"id":5272,"date":"2021-10-11T01:29:07","date_gmt":"2021-10-10T23:29:07","guid":{"rendered":"https:\/\/dev.darynchook.com\/?post_type=product&#038;p=5272"},"modified":"2023-11-23T19:46:57","modified_gmt":"2023-11-23T18:46:57","slug":"thermoaktive-regenkapuze-dead-stock-nylon","status":"publish","type":"product","link":"https:\/\/dev.darynchook.com\/fr\/product\/thermoaktive-regenkapuze-dead-stock-nylon\/","title":{"rendered":"Capuche anti-pluie, nylon thermoactif"},"content":{"rendered":"","protected":false},"excerpt":{"rendered":"<p class=\"p1\"><span class=\"s1\">001.U.1001<\/span><\/p>\n<p class=\"p1\">Capuche de pluie thermoactive ultral\u00e9g\u00e8re et compacte pour la ville, facile \u00e0 emporter partout. La capuche est une protection contre la pluie \u00e0 emporter avec soi et se range facilement dans une poche. Fix\u00e9e sous les bras \u00e0 l'aide de boutons-pression, elle reste bien en place sur le corps et prot\u00e8ge la t\u00eate et les \u00e9paules de la pluie l\u00e9g\u00e8re et du vent. Ton fid\u00e8le compagnon en cas de pluie inattendue.<\/p>","protected":false},"featured_media":5534,"template":"","meta":[],"product_cat":[90,85,108,111,42],"product_tag":[240,229,252,264,101,70,245,248,254,265,247,246],"yoast_head":"<!-- This site is optimized with the Yoast SEO plugin v21.8.1 - https:\/\/yoast.com\/wordpress\/plugins\/seo\/ -->\n<title>Regenkapuze, Thermoaktives Nylon<\/title>\n<meta name=\"description\" content=\"Thermoaktive Regenkapuze aus Dead-stock Nylon. Hergestellt in Wien, \u00d6sterreich.\" \/>\n<meta name=\"robots\" content=\"index, follow, max-snippet:-1, max-image-preview:large, max-video-preview:-1\" \/>\n<link rel=\"canonical\" href=\"https:\/\/darynchook.com\/product\/thermoaktive-regenkapuze-dead-stock-nylon\/\" \/>\n<meta property=\"og:locale\" content=\"fr_FR\" \/>\n<meta property=\"og:type\" content=\"article\" \/>\n<meta property=\"og:title\" content=\"Regenkapuze, Thermoaktives Nylon\" \/>\n<meta property=\"og:description\" content=\"Thermoaktive Regenkapuze aus Dead-stock Nylon. Hergestellt in Wien, \u00d6sterreich.\" \/>\n<meta property=\"og:url\" content=\"https:\/\/darynchook.com\/product\/thermoaktive-regenkapuze-dead-stock-nylon\/\" \/>\n<meta property=\"og:site_name\" content=\"DARYN CHOOK | Made in Vienna\" \/>\n<meta property=\"article:publisher\" content=\"https:\/\/www.facebook.com\/darynchook\" \/>\n<meta property=\"article:modified_time\" content=\"2023-11-23T18:46:57+00:00\" \/>\n<meta property=\"og:image\" content=\"https:\/\/darynchook.com\/wordpress\/wp-content\/uploads\/2021\/10\/DARYNCHOOK-UNIFROM-001U1001-rainhood-unisex-blue14.jpg\" \/>\n\t<meta property=\"og:image:width\" content=\"590\" \/>\n\t<meta property=\"og:image:height\" content=\"885\" \/>\n\t<meta property=\"og:image:type\" content=\"image\/jpeg\" \/>\n<meta name=\"twitter:card\" content=\"summary_large_image\" \/>\n<script type=\"application\/ld+json\" class=\"yoast-schema-graph\">{\"@context\":\"https:\/\/schema.org\",\"@graph\":[{\"@type\":\"WebPage\",\"@id\":\"https:\/\/darynchook.com\/product\/thermoaktive-regenkapuze-dead-stock-nylon\/\",\"url\":\"https:\/\/darynchook.com\/product\/thermoaktive-regenkapuze-dead-stock-nylon\/\",\"name\":\"Regenkapuze, Thermoaktives Nylon\",\"isPartOf\":{\"@id\":\"https:\/\/darynchook.com\/#website\"},\"datePublished\":\"2021-10-10T23:29:07+00:00\",\"dateModified\":\"2023-11-23T18:46:57+00:00\",\"description\":\"Thermoaktive Regenkapuze aus Dead-stock Nylon. Hergestellt in Wien, \u00d6sterreich.\",\"breadcrumb\":{\"@id\":\"https:\/\/darynchook.com\/product\/thermoaktive-regenkapuze-dead-stock-nylon\/#breadcrumb\"},\"inLanguage\":\"fr-FR\",\"potentialAction\":[{\"@type\":\"ReadAction\",\"target\":[\"https:\/\/darynchook.com\/product\/thermoaktive-regenkapuze-dead-stock-nylon\/\"]}]},{\"@type\":\"BreadcrumbList\",\"@id\":\"https:\/\/darynchook.com\/product\/thermoaktive-regenkapuze-dead-stock-nylon\/#breadcrumb\",\"itemListElement\":[{\"@type\":\"ListItem\",\"position\":1,\"name\":\"Home\",\"item\":\"https:\/\/darynchook.com\/\"},{\"@type\":\"ListItem\",\"position\":2,\"name\":\"Shop\",\"item\":\"https:\/\/darynchook.com\/?page_id=6\"},{\"@type\":\"ListItem\",\"position\":3,\"name\":\"Regenkapuze, Thermoaktives Nylon\"}]},{\"@type\":\"WebSite\",\"@id\":\"https:\/\/darynchook.com\/#website\",\"url\":\"https:\/\/darynchook.com\/\",\"name\":\"DARYN CHOOK | Made in Vienna\",\"description\":\"DARYN CHOOK ist ein entschleunigtes, nachhaltiges und radikal transparentes Studio f\u00fcr Mode.\",\"publisher\":{\"@id\":\"https:\/\/darynchook.com\/#organization\"},\"potentialAction\":[{\"@type\":\"SearchAction\",\"target\":{\"@type\":\"EntryPoint\",\"urlTemplate\":\"https:\/\/darynchook.com\/?s={search_term_string}\"},\"query-input\":\"required name=search_term_string\"}],\"inLanguage\":\"fr-FR\"},{\"@type\":\"Organization\",\"@id\":\"https:\/\/darynchook.com\/#organization\",\"name\":\"DARYN CHOOK\",\"url\":\"https:\/\/darynchook.com\/\",\"logo\":{\"@type\":\"ImageObject\",\"inLanguage\":\"fr-FR\",\"@id\":\"https:\/\/darynchook.com\/#\/schema\/logo\/image\/\",\"url\":\"https:\/\/dev.darynchook.com\/wordpress\/wp-content\/uploads\/2021\/10\/DARYN-CHOOK-logo.png\",\"contentUrl\":\"https:\/\/dev.darynchook.com\/wordpress\/wp-content\/uploads\/2021\/10\/DARYN-CHOOK-logo.png\",\"width\":686,\"height\":171,\"caption\":\"DARYN CHOOK\"},\"image\":{\"@id\":\"https:\/\/darynchook.com\/#\/schema\/logo\/image\/\"},\"sameAs\":[\"https:\/\/www.facebook.com\/darynchook\",\"https:\/\/www.instagram.com\/darynchook\/\"]}]}<\/script>\n<!-- \/ Yoast SEO plugin. -->","yoast_head_json":{"title":"Regenkapuze, Thermoaktives Nylon","description":"Thermoaktive Regenkapuze aus Dead-stock Nylon. Hergestellt in Wien, \u00d6sterreich.","robots":{"index":"index","follow":"follow","max-snippet":"max-snippet:-1","max-image-preview":"max-image-preview:large","max-video-preview":"max-video-preview:-1"},"canonical":"https:\/\/darynchook.com\/product\/thermoaktive-regenkapuze-dead-stock-nylon\/","og_locale":"fr_FR","og_type":"article","og_title":"Regenkapuze, Thermoaktives Nylon","og_description":"Thermoaktive Regenkapuze aus Dead-stock Nylon. Hergestellt in Wien, \u00d6sterreich.","og_url":"https:\/\/darynchook.com\/product\/thermoaktive-regenkapuze-dead-stock-nylon\/","og_site_name":"DARYN CHOOK | Made in Vienna","article_publisher":"https:\/\/www.facebook.com\/darynchook","article_modified_time":"2023-11-23T18:46:57+00:00","og_image":[{"width":590,"height":885,"url":"https:\/\/darynchook.com\/wordpress\/wp-content\/uploads\/2021\/10\/DARYNCHOOK-UNIFROM-001U1001-rainhood-unisex-blue14.jpg","type":"image\/jpeg"}],"twitter_card":"summary_large_image","schema":{"@context":"https:\/\/schema.org","@graph":[{"@type":"WebPage","@id":"https:\/\/darynchook.com\/product\/thermoaktive-regenkapuze-dead-stock-nylon\/","url":"https:\/\/darynchook.com\/product\/thermoaktive-regenkapuze-dead-stock-nylon\/","name":"Regenkapuze, Thermoaktives Nylon","isPartOf":{"@id":"https:\/\/darynchook.com\/#website"},"datePublished":"2021-10-10T23:29:07+00:00","dateModified":"2023-11-23T18:46:57+00:00","description":"Thermoaktive Regenkapuze aus Dead-stock Nylon. Hergestellt in Wien, \u00d6sterreich.","breadcrumb":{"@id":"https:\/\/darynchook.com\/product\/thermoaktive-regenkapuze-dead-stock-nylon\/#breadcrumb"},"inLanguage":"fr-FR","potentialAction":[{"@type":"ReadAction","target":["https:\/\/darynchook.com\/product\/thermoaktive-regenkapuze-dead-stock-nylon\/"]}]},{"@type":"BreadcrumbList","@id":"https:\/\/darynchook.com\/product\/thermoaktive-regenkapuze-dead-stock-nylon\/#breadcrumb","itemListElement":[{"@type":"ListItem","position":1,"name":"Home","item":"https:\/\/darynchook.com\/"},{"@type":"ListItem","position":2,"name":"Shop","item":"https:\/\/darynchook.com\/?page_id=6"},{"@type":"ListItem","position":3,"name":"Regenkapuze, Thermoaktives Nylon"}]},{"@type":"WebSite","@id":"https:\/\/darynchook.com\/#website","url":"https:\/\/darynchook.com\/","name":"DARYN CHOOK | Made in Vienna","description":"DARYN CHOOK ist ein entschleunigtes, nachhaltiges und radikal transparentes Studio f\u00fcr Mode.","publisher":{"@id":"https:\/\/darynchook.com\/#organization"},"potentialAction":[{"@type":"SearchAction","target":{"@type":"EntryPoint","urlTemplate":"https:\/\/darynchook.com\/?s={search_term_string}"},"query-input":"required name=search_term_string"}],"inLanguage":"fr-FR"},{"@type":"Organization","@id":"https:\/\/darynchook.com\/#organization","name":"DARYN CHOOK","url":"https:\/\/darynchook.com\/","logo":{"@type":"ImageObject","inLanguage":"fr-FR","@id":"https:\/\/darynchook.com\/#\/schema\/logo\/image\/","url":"https:\/\/dev.darynchook.com\/wordpress\/wp-content\/uploads\/2021\/10\/DARYN-CHOOK-logo.png","contentUrl":"https:\/\/dev.darynchook.com\/wordpress\/wp-content\/uploads\/2021\/10\/DARYN-CHOOK-logo.png","width":686,"height":171,"caption":"DARYN CHOOK"},"image":{"@id":"https:\/\/darynchook.com\/#\/schema\/logo\/image\/"},"sameAs":["https:\/\/www.facebook.com\/darynchook","https:\/\/www.instagram.com\/darynchook\/"]}]}},"_links":{"self":[{"href":"https:\/\/dev.darynchook.com\/fr\/wp-json\/wp\/v3\/product\/5272"}],"collection":[{"href":"https:\/\/dev.darynchook.com\/fr\/wp-json\/wp\/v3\/product"}],"about":[{"href":"https:\/\/dev.darynchook.com\/fr\/wp-json\/wp\/v2\/types\/product"}],"version-history":[{"count":2,"href":"https:\/\/dev.darynchook.com\/fr\/wp-json\/wp\/v3\/product\/5272\/revisions"}],"predecessor-version":[{"id":14384,"href":"https:\/\/dev.darynchook.com\/fr\/wp-json\/wp\/v3\/product\/5272\/revisions\/14384"}],"wp:featuredmedia":[{"embeddable":true,"href":"https:\/\/dev.darynchook.com\/fr\/wp-json\/wp\/v2\/media\/5534"}],"wp:attachment":[{"href":"https:\/\/dev.darynchook.com\/fr\/wp-json\/wp\/v2\/media?parent=5272"}],"wp:term":[{"taxonomy":"product_cat","embeddable":true,"href":"https:\/\/dev.darynchook.com\/fr\/wp-json\/wp\/v2\/product_cat?post=5272"},{"taxonomy":"product_tag","embeddable":true,"href":"https:\/\/dev.darynchook.com\/fr\/wp-json\/wp\/v2\/product_tag?post=5272"}],"curies":[{"name":"wp","href":"https:\/\/api.w.org\/{rel}","templated":true}]}}