{"id":5344,"date":"2021-10-11T01:44:01","date_gmt":"2021-10-10T23:44:01","guid":{"rendered":"https:\/\/dev.darynchook.com\/?post_type=product&#038;p=5344"},"modified":"2023-12-18T23:34:14","modified_gmt":"2023-12-18T22:34:14","slug":"handgestrickte-rippenmuetze-kbt-merinowolle-2","status":"publish","type":"product","link":"https:\/\/dev.darynchook.com\/fr\/product\/handgestrickte-rippenmuetze-kbt-merinowolle-2\/","title":{"rendered":"Bonnet c\u00f4tel\u00e9 tricot\u00e9 \u00e0 la main, laine m\u00e9rinos kbT"},"content":{"rendered":"","protected":false},"excerpt":{"rendered":"<p class=\"p1\">001.U.1002<\/p>\n<p class=\"p1\">Ce bonnet c\u00f4tel\u00e9 tricot\u00e9 \u00e0 la main est un essentiel de la garde-robe hivernale et un accessoire id\u00e9al pour les jours de grand froid. Fabriqu\u00e9 en pure laine m\u00e9rinos (kbT) provenant des Alpes autrichiennes, le bonnet \u00e0 c\u00f4tes tricot\u00e9 \u00e0 la main offre suffisamment de chaleur pour les d\u00e9placements en ville ou dans la nature. Le logo DARYN CHOOK discret lui conf\u00e8re un look d\u00e9contract\u00e9.<\/p>","protected":false},"featured_media":5776,"template":"","meta":[],"product_cat":[106,89,66,19,47],"product_tag":[250,240,229,242,232,248,254,265,247,246,97,263],"yoast_head":"<!-- This site is optimized with the Yoast SEO plugin v21.8.1 - https:\/\/yoast.com\/wordpress\/plugins\/seo\/ -->\n<title>Handgestrickte Rippenm\u00fctze, kbT Merinowolle<\/title>\n<meta name=\"description\" content=\"Handgestrickte Ripphaube aus pflanzlich gef\u00e4rbter kbT mulesingfreier Merinowolle f\u00fcr kalte Jahreszeiten.\" \/>\n<meta name=\"robots\" content=\"index, follow, max-snippet:-1, max-image-preview:large, max-video-preview:-1\" \/>\n<link rel=\"canonical\" href=\"https:\/\/darynchook.com\/product\/handgestrickte-rippenmuetze-kbt-merinowolle-2\/\" \/>\n<meta property=\"og:locale\" content=\"fr_FR\" \/>\n<meta property=\"og:type\" content=\"article\" \/>\n<meta property=\"og:title\" content=\"Handgestrickte Rippenm\u00fctze, kbT Merinowolle\" \/>\n<meta property=\"og:description\" content=\"Handgestrickte Ripphaube aus pflanzlich gef\u00e4rbter kbT mulesingfreier Merinowolle f\u00fcr kalte Jahreszeiten.\" \/>\n<meta property=\"og:url\" content=\"https:\/\/darynchook.com\/product\/handgestrickte-rippenmuetze-kbt-merinowolle-2\/\" \/>\n<meta property=\"og:site_name\" content=\"DARYN CHOOK | Made in Vienna\" \/>\n<meta property=\"article:publisher\" content=\"https:\/\/www.facebook.com\/darynchook\" \/>\n<meta property=\"article:modified_time\" content=\"2023-12-18T22:34:14+00:00\" \/>\n<meta property=\"og:image\" content=\"https:\/\/darynchook.com\/wordpress\/wp-content\/uploads\/2021\/10\/DARYNCHOOK-UNIFROM-001U1002-hat-unisex-chilired1-1.jpg\" \/>\n\t<meta property=\"og:image:width\" content=\"590\" \/>\n\t<meta property=\"og:image:height\" content=\"885\" \/>\n\t<meta property=\"og:image:type\" content=\"image\/jpeg\" \/>\n<meta name=\"twitter:card\" content=\"summary_large_image\" \/>\n<meta name=\"twitter:label1\" content=\"Dur\u00e9e de lecture estim\u00e9e\" \/>\n\t<meta name=\"twitter:data1\" content=\"1 minute\" \/>\n<script type=\"application\/ld+json\" class=\"yoast-schema-graph\">{\"@context\":\"https:\/\/schema.org\",\"@graph\":[{\"@type\":\"WebPage\",\"@id\":\"https:\/\/darynchook.com\/product\/handgestrickte-rippenmuetze-kbt-merinowolle-2\/\",\"url\":\"https:\/\/darynchook.com\/product\/handgestrickte-rippenmuetze-kbt-merinowolle-2\/\",\"name\":\"Handgestrickte Rippenm\u00fctze, kbT Merinowolle\",\"isPartOf\":{\"@id\":\"https:\/\/darynchook.com\/#website\"},\"datePublished\":\"2021-10-10T23:44:01+00:00\",\"dateModified\":\"2023-12-18T22:34:14+00:00\",\"description\":\"Handgestrickte Ripphaube aus pflanzlich gef\u00e4rbter kbT mulesingfreier Merinowolle f\u00fcr kalte Jahreszeiten.\",\"breadcrumb\":{\"@id\":\"https:\/\/darynchook.com\/product\/handgestrickte-rippenmuetze-kbt-merinowolle-2\/#breadcrumb\"},\"inLanguage\":\"fr-FR\",\"potentialAction\":[{\"@type\":\"ReadAction\",\"target\":[\"https:\/\/darynchook.com\/product\/handgestrickte-rippenmuetze-kbt-merinowolle-2\/\"]}]},{\"@type\":\"BreadcrumbList\",\"@id\":\"https:\/\/darynchook.com\/product\/handgestrickte-rippenmuetze-kbt-merinowolle-2\/#breadcrumb\",\"itemListElement\":[{\"@type\":\"ListItem\",\"position\":1,\"name\":\"Home\",\"item\":\"https:\/\/darynchook.com\/\"},{\"@type\":\"ListItem\",\"position\":2,\"name\":\"Shop\",\"item\":\"https:\/\/darynchook.com\/?page_id=6\"},{\"@type\":\"ListItem\",\"position\":3,\"name\":\"Handgestrickte Rippenm\u00fctze, kbT Merinowolle\"}]},{\"@type\":\"WebSite\",\"@id\":\"https:\/\/darynchook.com\/#website\",\"url\":\"https:\/\/darynchook.com\/\",\"name\":\"DARYN CHOOK | Made in Vienna\",\"description\":\"DARYN CHOOK ist ein entschleunigtes, nachhaltiges und radikal transparentes Studio f\u00fcr Mode.\",\"publisher\":{\"@id\":\"https:\/\/darynchook.com\/#organization\"},\"potentialAction\":[{\"@type\":\"SearchAction\",\"target\":{\"@type\":\"EntryPoint\",\"urlTemplate\":\"https:\/\/darynchook.com\/?s={search_term_string}\"},\"query-input\":\"required name=search_term_string\"}],\"inLanguage\":\"fr-FR\"},{\"@type\":\"Organization\",\"@id\":\"https:\/\/darynchook.com\/#organization\",\"name\":\"DARYN CHOOK\",\"url\":\"https:\/\/darynchook.com\/\",\"logo\":{\"@type\":\"ImageObject\",\"inLanguage\":\"fr-FR\",\"@id\":\"https:\/\/darynchook.com\/#\/schema\/logo\/image\/\",\"url\":\"https:\/\/dev.darynchook.com\/wordpress\/wp-content\/uploads\/2021\/10\/DARYN-CHOOK-logo.png\",\"contentUrl\":\"https:\/\/dev.darynchook.com\/wordpress\/wp-content\/uploads\/2021\/10\/DARYN-CHOOK-logo.png\",\"width\":686,\"height\":171,\"caption\":\"DARYN CHOOK\"},\"image\":{\"@id\":\"https:\/\/darynchook.com\/#\/schema\/logo\/image\/\"},\"sameAs\":[\"https:\/\/www.facebook.com\/darynchook\",\"https:\/\/www.instagram.com\/darynchook\/\"]}]}<\/script>\n<!-- \/ Yoast SEO plugin. -->","yoast_head_json":{"title":"Handgestrickte Rippenm\u00fctze, kbT Merinowolle","description":"Handgestrickte Ripphaube aus pflanzlich gef\u00e4rbter kbT mulesingfreier Merinowolle f\u00fcr kalte Jahreszeiten.","robots":{"index":"index","follow":"follow","max-snippet":"max-snippet:-1","max-image-preview":"max-image-preview:large","max-video-preview":"max-video-preview:-1"},"canonical":"https:\/\/darynchook.com\/product\/handgestrickte-rippenmuetze-kbt-merinowolle-2\/","og_locale":"fr_FR","og_type":"article","og_title":"Handgestrickte Rippenm\u00fctze, kbT Merinowolle","og_description":"Handgestrickte Ripphaube aus pflanzlich gef\u00e4rbter kbT mulesingfreier Merinowolle f\u00fcr kalte Jahreszeiten.","og_url":"https:\/\/darynchook.com\/product\/handgestrickte-rippenmuetze-kbt-merinowolle-2\/","og_site_name":"DARYN CHOOK | Made in Vienna","article_publisher":"https:\/\/www.facebook.com\/darynchook","article_modified_time":"2023-12-18T22:34:14+00:00","og_image":[{"width":590,"height":885,"url":"https:\/\/darynchook.com\/wordpress\/wp-content\/uploads\/2021\/10\/DARYNCHOOK-UNIFROM-001U1002-hat-unisex-chilired1-1.jpg","type":"image\/jpeg"}],"twitter_card":"summary_large_image","twitter_misc":{"Dur\u00e9e de lecture estim\u00e9e":"1 minute"},"schema":{"@context":"https:\/\/schema.org","@graph":[{"@type":"WebPage","@id":"https:\/\/darynchook.com\/product\/handgestrickte-rippenmuetze-kbt-merinowolle-2\/","url":"https:\/\/darynchook.com\/product\/handgestrickte-rippenmuetze-kbt-merinowolle-2\/","name":"Handgestrickte Rippenm\u00fctze, kbT Merinowolle","isPartOf":{"@id":"https:\/\/darynchook.com\/#website"},"datePublished":"2021-10-10T23:44:01+00:00","dateModified":"2023-12-18T22:34:14+00:00","description":"Handgestrickte Ripphaube aus pflanzlich gef\u00e4rbter kbT mulesingfreier Merinowolle f\u00fcr kalte Jahreszeiten.","breadcrumb":{"@id":"https:\/\/darynchook.com\/product\/handgestrickte-rippenmuetze-kbt-merinowolle-2\/#breadcrumb"},"inLanguage":"fr-FR","potentialAction":[{"@type":"ReadAction","target":["https:\/\/darynchook.com\/product\/handgestrickte-rippenmuetze-kbt-merinowolle-2\/"]}]},{"@type":"BreadcrumbList","@id":"https:\/\/darynchook.com\/product\/handgestrickte-rippenmuetze-kbt-merinowolle-2\/#breadcrumb","itemListElement":[{"@type":"ListItem","position":1,"name":"Home","item":"https:\/\/darynchook.com\/"},{"@type":"ListItem","position":2,"name":"Shop","item":"https:\/\/darynchook.com\/?page_id=6"},{"@type":"ListItem","position":3,"name":"Handgestrickte Rippenm\u00fctze, kbT Merinowolle"}]},{"@type":"WebSite","@id":"https:\/\/darynchook.com\/#website","url":"https:\/\/darynchook.com\/","name":"DARYN CHOOK | Made in Vienna","description":"DARYN CHOOK ist ein entschleunigtes, nachhaltiges und radikal transparentes Studio f\u00fcr Mode.","publisher":{"@id":"https:\/\/darynchook.com\/#organization"},"potentialAction":[{"@type":"SearchAction","target":{"@type":"EntryPoint","urlTemplate":"https:\/\/darynchook.com\/?s={search_term_string}"},"query-input":"required name=search_term_string"}],"inLanguage":"fr-FR"},{"@type":"Organization","@id":"https:\/\/darynchook.com\/#organization","name":"DARYN CHOOK","url":"https:\/\/darynchook.com\/","logo":{"@type":"ImageObject","inLanguage":"fr-FR","@id":"https:\/\/darynchook.com\/#\/schema\/logo\/image\/","url":"https:\/\/dev.darynchook.com\/wordpress\/wp-content\/uploads\/2021\/10\/DARYN-CHOOK-logo.png","contentUrl":"https:\/\/dev.darynchook.com\/wordpress\/wp-content\/uploads\/2021\/10\/DARYN-CHOOK-logo.png","width":686,"height":171,"caption":"DARYN CHOOK"},"image":{"@id":"https:\/\/darynchook.com\/#\/schema\/logo\/image\/"},"sameAs":["https:\/\/www.facebook.com\/darynchook","https:\/\/www.instagram.com\/darynchook\/"]}]}},"_links":{"self":[{"href":"https:\/\/dev.darynchook.com\/fr\/wp-json\/wp\/v3\/product\/5344"}],"collection":[{"href":"https:\/\/dev.darynchook.com\/fr\/wp-json\/wp\/v3\/product"}],"about":[{"href":"https:\/\/dev.darynchook.com\/fr\/wp-json\/wp\/v2\/types\/product"}],"version-history":[{"count":2,"href":"https:\/\/dev.darynchook.com\/fr\/wp-json\/wp\/v3\/product\/5344\/revisions"}],"predecessor-version":[{"id":15047,"href":"https:\/\/dev.darynchook.com\/fr\/wp-json\/wp\/v3\/product\/5344\/revisions\/15047"}],"wp:featuredmedia":[{"embeddable":true,"href":"https:\/\/dev.darynchook.com\/fr\/wp-json\/wp\/v2\/media\/5776"}],"wp:attachment":[{"href":"https:\/\/dev.darynchook.com\/fr\/wp-json\/wp\/v2\/media?parent=5344"}],"wp:term":[{"taxonomy":"product_cat","embeddable":true,"href":"https:\/\/dev.darynchook.com\/fr\/wp-json\/wp\/v2\/product_cat?post=5344"},{"taxonomy":"product_tag","embeddable":true,"href":"https:\/\/dev.darynchook.com\/fr\/wp-json\/wp\/v2\/product_tag?post=5344"}],"curies":[{"name":"wp","href":"https:\/\/api.w.org\/{rel}","templated":true}]}}