{"id":5488,"date":"2021-10-11T02:26:09","date_gmt":"2021-10-11T00:26:09","guid":{"rendered":"https:\/\/dev.darynchook.com\/?post_type=product&#038;p=5488"},"modified":"2023-11-23T19:58:58","modified_gmt":"2023-11-23T18:58:58","slug":"handgestrickte-pixelmuetze-kbt-merinowolle-2","status":"publish","type":"product","link":"https:\/\/dev.darynchook.com\/fr\/product\/handgestrickte-pixelmuetze-kbt-merinowolle-2\/","title":{"rendered":"Bonnet Pixel tricot\u00e9 \u00e0 la main, laine m\u00e9rinos kbT"},"content":{"rendered":"","protected":false},"excerpt":{"rendered":"<p class=\"p1\">001.U.1004<\/p>\n<p class=\"p1\">La propri\u00e9t\u00e9 d'\u00e9vacuation naturelle de l'humidit\u00e9 de la laine m\u00e9rinos fait de ce bonnet pixel tricot\u00e9 \u00e0 la main un bon choix pour toute l'ann\u00e9e. Malgr\u00e9 la version tricot\u00e9e courte, le bonnet te garde au chaud et \u00e9l\u00e9gant m\u00eame pendant les saisons les plus froides. Les fils teints naturellement garantissent que ta peau n'est pas en contact avec des substances toxiques.<\/p>\n<div id=\"gtx-trans\" style=\"position: absolute; left: 126px; top: 79px;\">\n<div class=\"gtx-trans-icon\"><\/div>\n<\/div>","protected":false},"featured_media":5772,"template":"","meta":[],"product_cat":[106,89,66,19,47],"product_tag":[250,240,229,242,232,248,254,265,247,246,97,263],"yoast_head":"<!-- This site is optimized with the Yoast SEO plugin v21.8.1 - https:\/\/yoast.com\/wordpress\/plugins\/seo\/ -->\n<title>Handgestrickte Pixelm\u00fctze, kbT Merinowolle<\/title>\n<meta name=\"description\" content=\"Handgestrickte Pixelhaube aus pflanzlich gef\u00e4rbter kbT mulesingfreier Merinowolle f\u00fcr kalte Jahreszeiten.\" \/>\n<meta name=\"robots\" content=\"index, follow, max-snippet:-1, max-image-preview:large, max-video-preview:-1\" \/>\n<link rel=\"canonical\" href=\"https:\/\/darynchook.com\/product\/handgestrickte-pixelmuetze-kbt-merinowolle-2\/\" \/>\n<meta property=\"og:locale\" content=\"fr_FR\" \/>\n<meta property=\"og:type\" content=\"article\" \/>\n<meta property=\"og:title\" content=\"Handgestrickte Pixelm\u00fctze, kbT Merinowolle\" \/>\n<meta property=\"og:description\" content=\"Handgestrickte Pixelhaube aus pflanzlich gef\u00e4rbter kbT mulesingfreier Merinowolle f\u00fcr kalte Jahreszeiten.\" \/>\n<meta property=\"og:url\" content=\"https:\/\/darynchook.com\/product\/handgestrickte-pixelmuetze-kbt-merinowolle-2\/\" \/>\n<meta property=\"og:site_name\" content=\"DARYN CHOOK | Made in Vienna\" \/>\n<meta property=\"article:publisher\" content=\"https:\/\/www.facebook.com\/darynchook\" \/>\n<meta property=\"article:modified_time\" content=\"2023-11-23T18:58:58+00:00\" \/>\n<meta property=\"og:image\" content=\"https:\/\/darynchook.com\/wordpress\/wp-content\/uploads\/2021\/10\/DARYNCHOOK-UNIFROM-001U1004-hat-unisex-chilired3-1.jpg\" \/>\n\t<meta property=\"og:image:width\" content=\"590\" \/>\n\t<meta property=\"og:image:height\" content=\"885\" \/>\n\t<meta property=\"og:image:type\" content=\"image\/jpeg\" \/>\n<meta name=\"twitter:card\" content=\"summary_large_image\" \/>\n<script type=\"application\/ld+json\" class=\"yoast-schema-graph\">{\"@context\":\"https:\/\/schema.org\",\"@graph\":[{\"@type\":\"WebPage\",\"@id\":\"https:\/\/darynchook.com\/product\/handgestrickte-pixelmuetze-kbt-merinowolle-2\/\",\"url\":\"https:\/\/darynchook.com\/product\/handgestrickte-pixelmuetze-kbt-merinowolle-2\/\",\"name\":\"Handgestrickte Pixelm\u00fctze, kbT Merinowolle\",\"isPartOf\":{\"@id\":\"https:\/\/darynchook.com\/#website\"},\"datePublished\":\"2021-10-11T00:26:09+00:00\",\"dateModified\":\"2023-11-23T18:58:58+00:00\",\"description\":\"Handgestrickte Pixelhaube aus pflanzlich gef\u00e4rbter kbT mulesingfreier Merinowolle f\u00fcr kalte Jahreszeiten.\",\"breadcrumb\":{\"@id\":\"https:\/\/darynchook.com\/product\/handgestrickte-pixelmuetze-kbt-merinowolle-2\/#breadcrumb\"},\"inLanguage\":\"fr-FR\",\"potentialAction\":[{\"@type\":\"ReadAction\",\"target\":[\"https:\/\/darynchook.com\/product\/handgestrickte-pixelmuetze-kbt-merinowolle-2\/\"]}]},{\"@type\":\"BreadcrumbList\",\"@id\":\"https:\/\/darynchook.com\/product\/handgestrickte-pixelmuetze-kbt-merinowolle-2\/#breadcrumb\",\"itemListElement\":[{\"@type\":\"ListItem\",\"position\":1,\"name\":\"Home\",\"item\":\"https:\/\/darynchook.com\/\"},{\"@type\":\"ListItem\",\"position\":2,\"name\":\"Shop\",\"item\":\"https:\/\/darynchook.com\/?page_id=6\"},{\"@type\":\"ListItem\",\"position\":3,\"name\":\"Handgestrickte Pixelm\u00fctze, kbT Merinowolle\"}]},{\"@type\":\"WebSite\",\"@id\":\"https:\/\/darynchook.com\/#website\",\"url\":\"https:\/\/darynchook.com\/\",\"name\":\"DARYN CHOOK | Made in Vienna\",\"description\":\"DARYN CHOOK ist ein entschleunigtes, nachhaltiges und radikal transparentes Studio f\u00fcr Mode.\",\"publisher\":{\"@id\":\"https:\/\/darynchook.com\/#organization\"},\"potentialAction\":[{\"@type\":\"SearchAction\",\"target\":{\"@type\":\"EntryPoint\",\"urlTemplate\":\"https:\/\/darynchook.com\/?s={search_term_string}\"},\"query-input\":\"required name=search_term_string\"}],\"inLanguage\":\"fr-FR\"},{\"@type\":\"Organization\",\"@id\":\"https:\/\/darynchook.com\/#organization\",\"name\":\"DARYN CHOOK\",\"url\":\"https:\/\/darynchook.com\/\",\"logo\":{\"@type\":\"ImageObject\",\"inLanguage\":\"fr-FR\",\"@id\":\"https:\/\/darynchook.com\/#\/schema\/logo\/image\/\",\"url\":\"https:\/\/dev.darynchook.com\/wordpress\/wp-content\/uploads\/2021\/10\/DARYN-CHOOK-logo.png\",\"contentUrl\":\"https:\/\/dev.darynchook.com\/wordpress\/wp-content\/uploads\/2021\/10\/DARYN-CHOOK-logo.png\",\"width\":686,\"height\":171,\"caption\":\"DARYN CHOOK\"},\"image\":{\"@id\":\"https:\/\/darynchook.com\/#\/schema\/logo\/image\/\"},\"sameAs\":[\"https:\/\/www.facebook.com\/darynchook\",\"https:\/\/www.instagram.com\/darynchook\/\"]}]}<\/script>\n<!-- \/ Yoast SEO plugin. -->","yoast_head_json":{"title":"Handgestrickte Pixelm\u00fctze, kbT Merinowolle","description":"Handgestrickte Pixelhaube aus pflanzlich gef\u00e4rbter kbT mulesingfreier Merinowolle f\u00fcr kalte Jahreszeiten.","robots":{"index":"index","follow":"follow","max-snippet":"max-snippet:-1","max-image-preview":"max-image-preview:large","max-video-preview":"max-video-preview:-1"},"canonical":"https:\/\/darynchook.com\/product\/handgestrickte-pixelmuetze-kbt-merinowolle-2\/","og_locale":"fr_FR","og_type":"article","og_title":"Handgestrickte Pixelm\u00fctze, kbT Merinowolle","og_description":"Handgestrickte Pixelhaube aus pflanzlich gef\u00e4rbter kbT mulesingfreier Merinowolle f\u00fcr kalte Jahreszeiten.","og_url":"https:\/\/darynchook.com\/product\/handgestrickte-pixelmuetze-kbt-merinowolle-2\/","og_site_name":"DARYN CHOOK | Made in Vienna","article_publisher":"https:\/\/www.facebook.com\/darynchook","article_modified_time":"2023-11-23T18:58:58+00:00","og_image":[{"width":590,"height":885,"url":"https:\/\/darynchook.com\/wordpress\/wp-content\/uploads\/2021\/10\/DARYNCHOOK-UNIFROM-001U1004-hat-unisex-chilired3-1.jpg","type":"image\/jpeg"}],"twitter_card":"summary_large_image","schema":{"@context":"https:\/\/schema.org","@graph":[{"@type":"WebPage","@id":"https:\/\/darynchook.com\/product\/handgestrickte-pixelmuetze-kbt-merinowolle-2\/","url":"https:\/\/darynchook.com\/product\/handgestrickte-pixelmuetze-kbt-merinowolle-2\/","name":"Handgestrickte Pixelm\u00fctze, kbT Merinowolle","isPartOf":{"@id":"https:\/\/darynchook.com\/#website"},"datePublished":"2021-10-11T00:26:09+00:00","dateModified":"2023-11-23T18:58:58+00:00","description":"Handgestrickte Pixelhaube aus pflanzlich gef\u00e4rbter kbT mulesingfreier Merinowolle f\u00fcr kalte Jahreszeiten.","breadcrumb":{"@id":"https:\/\/darynchook.com\/product\/handgestrickte-pixelmuetze-kbt-merinowolle-2\/#breadcrumb"},"inLanguage":"fr-FR","potentialAction":[{"@type":"ReadAction","target":["https:\/\/darynchook.com\/product\/handgestrickte-pixelmuetze-kbt-merinowolle-2\/"]}]},{"@type":"BreadcrumbList","@id":"https:\/\/darynchook.com\/product\/handgestrickte-pixelmuetze-kbt-merinowolle-2\/#breadcrumb","itemListElement":[{"@type":"ListItem","position":1,"name":"Home","item":"https:\/\/darynchook.com\/"},{"@type":"ListItem","position":2,"name":"Shop","item":"https:\/\/darynchook.com\/?page_id=6"},{"@type":"ListItem","position":3,"name":"Handgestrickte Pixelm\u00fctze, kbT Merinowolle"}]},{"@type":"WebSite","@id":"https:\/\/darynchook.com\/#website","url":"https:\/\/darynchook.com\/","name":"DARYN CHOOK | Made in Vienna","description":"DARYN CHOOK ist ein entschleunigtes, nachhaltiges und radikal transparentes Studio f\u00fcr Mode.","publisher":{"@id":"https:\/\/darynchook.com\/#organization"},"potentialAction":[{"@type":"SearchAction","target":{"@type":"EntryPoint","urlTemplate":"https:\/\/darynchook.com\/?s={search_term_string}"},"query-input":"required name=search_term_string"}],"inLanguage":"fr-FR"},{"@type":"Organization","@id":"https:\/\/darynchook.com\/#organization","name":"DARYN CHOOK","url":"https:\/\/darynchook.com\/","logo":{"@type":"ImageObject","inLanguage":"fr-FR","@id":"https:\/\/darynchook.com\/#\/schema\/logo\/image\/","url":"https:\/\/dev.darynchook.com\/wordpress\/wp-content\/uploads\/2021\/10\/DARYN-CHOOK-logo.png","contentUrl":"https:\/\/dev.darynchook.com\/wordpress\/wp-content\/uploads\/2021\/10\/DARYN-CHOOK-logo.png","width":686,"height":171,"caption":"DARYN CHOOK"},"image":{"@id":"https:\/\/darynchook.com\/#\/schema\/logo\/image\/"},"sameAs":["https:\/\/www.facebook.com\/darynchook","https:\/\/www.instagram.com\/darynchook\/"]}]}},"_links":{"self":[{"href":"https:\/\/dev.darynchook.com\/fr\/wp-json\/wp\/v3\/product\/5488"}],"collection":[{"href":"https:\/\/dev.darynchook.com\/fr\/wp-json\/wp\/v3\/product"}],"about":[{"href":"https:\/\/dev.darynchook.com\/fr\/wp-json\/wp\/v2\/types\/product"}],"version-history":[{"count":2,"href":"https:\/\/dev.darynchook.com\/fr\/wp-json\/wp\/v3\/product\/5488\/revisions"}],"predecessor-version":[{"id":14244,"href":"https:\/\/dev.darynchook.com\/fr\/wp-json\/wp\/v3\/product\/5488\/revisions\/14244"}],"wp:featuredmedia":[{"embeddable":true,"href":"https:\/\/dev.darynchook.com\/fr\/wp-json\/wp\/v2\/media\/5772"}],"wp:attachment":[{"href":"https:\/\/dev.darynchook.com\/fr\/wp-json\/wp\/v2\/media?parent=5488"}],"wp:term":[{"taxonomy":"product_cat","embeddable":true,"href":"https:\/\/dev.darynchook.com\/fr\/wp-json\/wp\/v2\/product_cat?post=5488"},{"taxonomy":"product_tag","embeddable":true,"href":"https:\/\/dev.darynchook.com\/fr\/wp-json\/wp\/v2\/product_tag?post=5488"}],"curies":[{"name":"wp","href":"https:\/\/api.w.org\/{rel}","templated":true}]}}