{"id":5645,"date":"2021-10-11T03:17:57","date_gmt":"2021-10-11T01:17:57","guid":{"rendered":"https:\/\/dev.darynchook.com\/?page_id=5645"},"modified":"2023-07-17T15:50:51","modified_gmt":"2023-07-17T13:50:51","slug":"ruecksendung-und-umtausch","status":"publish","type":"page","link":"https:\/\/dev.darynchook.com\/ua\/ruecksendung-und-umtausch\/","title":{"rendered":"\u041f\u043e\u0432\u0435\u0440\u043d\u0435\u043d\u043d\u044f \u0442\u0430 \u043e\u0431\u043c\u0456\u043d"},"content":{"rendered":"<div data-elementor-type=\"wp-page\" data-elementor-id=\"5645\" class=\"elementor elementor-5645\">\n\t\t\t\t\t\t\t\t\t<section class=\"elementor-section elementor-top-section elementor-element elementor-element-2d6f3e7b elementor-section-full_width elementor-section-height-default elementor-section-height-default\" data-id=\"2d6f3e7b\" data-element_type=\"section\">\n\t\t\t\t\t\t<div class=\"elementor-container elementor-column-gap-default\">\n\t\t\t\t\t<div class=\"elementor-column elementor-col-16 elementor-top-column elementor-element elementor-element-72ce1cbc\" data-id=\"72ce1cbc\" data-element_type=\"column\">\n\t\t\t<div class=\"elementor-widget-wrap elementor-element-populated\">\n\t\t\t\t\t\t\t\t<div class=\"elementor-element elementor-element-1c52d261 elementor-widget elementor-widget-text-editor\" data-id=\"1c52d261\" data-element_type=\"widget\" data-widget_type=\"text-editor.default\">\n\t\t\t\t<div class=\"elementor-widget-container\">\n\t\t\t\t\t\t\t<p>\u0417\u0432\u043e\u0440\u043e\u0442\u043d\u0430 \u0430\u0434\u0440\u0435\u0441\u0430: <br \/>\u0414\u0410\u0420\u0406\u041d \u0427\u0423\u041a<br \/>B\u00f6cklinstr. 100\/26<br \/>1020 \u0412\u0456\u0434\u0435\u043d\u044c<br \/>\u0410\u0432\u0441\u0442\u0440\u0456\u044f<\/p>\t\t\t\t\t\t<\/div>\n\t\t\t\t<\/div>\n\t\t\t\t\t<\/div>\n\t\t<\/div>\n\t\t\t\t<div class=\"elementor-column elementor-col-16 elementor-top-column elementor-element elementor-element-2a055a7d\" data-id=\"2a055a7d\" data-element_type=\"column\">\n\t\t\t<div class=\"elementor-widget-wrap elementor-element-populated\">\n\t\t\t\t\t\t\t\t<div class=\"elementor-element elementor-element-2ba61818 elementor-widget elementor-widget-text-editor\" data-id=\"2ba61818\" data-element_type=\"widget\" data-widget_type=\"text-editor.default\">\n\t\t\t\t<div class=\"elementor-widget-container\">\n\t\t\t\t\t\t\t\t\t\t\t\t\t<\/div>\n\t\t\t\t<\/div>\n\t\t\t\t\t<\/div>\n\t\t<\/div>\n\t\t\t\t<div class=\"elementor-column elementor-col-16 elementor-top-column elementor-element elementor-element-482a7e51\" data-id=\"482a7e51\" data-element_type=\"column\">\n\t\t\t<div class=\"elementor-widget-wrap elementor-element-populated\">\n\t\t\t\t\t\t\t\t<div class=\"elementor-element elementor-element-2ff74437 elementor-widget elementor-widget-text-editor\" data-id=\"2ff74437\" data-element_type=\"widget\" data-widget_type=\"text-editor.default\">\n\t\t\t\t<div class=\"elementor-widget-container\">\n\t\t\t\t\t\t\t<p>\u041f\u043e\u0432\u0435\u0440\u043d\u0435\u043d\u043d\u044f \u0442\u0430 \u043e\u0431\u043c\u0456\u043d<\/p>\t\t\t\t\t\t<\/div>\n\t\t\t\t<\/div>\n\t\t\t\t\t<\/div>\n\t\t<\/div>\n\t\t\t\t<div class=\"elementor-column elementor-col-16 elementor-top-column elementor-element elementor-element-74de030\" data-id=\"74de030\" data-element_type=\"column\">\n\t\t\t<div class=\"elementor-widget-wrap elementor-element-populated\">\n\t\t\t\t\t\t\t\t<div class=\"elementor-element elementor-element-48ee91ed elementor-widget elementor-widget-text-editor\" data-id=\"48ee91ed\" data-element_type=\"widget\" data-widget_type=\"text-editor.default\">\n\t\t\t\t<div class=\"elementor-widget-container\">\n\t\t\t\t\t\t\t<p>\u0414\u041e\u0421\u0422\u0410\u0412\u041a\u0410 \u0422\u0410 \u041f\u041e\u0412\u0415\u0420\u041d\u0415\u041d\u041d\u042f<\/p><p>\u0417\u0430 \u0443\u043f\u0430\u043a\u043e\u0432\u043a\u0443 \u0442\u0430 \u0434\u043e\u0441\u0442\u0430\u0432\u043a\u0443 \u043c\u0438 \u0441\u0442\u044f\u0433\u0443\u0454\u043c\u043e \u0444\u0456\u043a\u0441\u043e\u0432\u0430\u043d\u0443 \u0432\u0430\u0440\u0442\u0456\u0441\u0442\u044c \u0437\u0430 \u043a\u043e\u0436\u043d\u0435 \u0437\u0430\u043c\u043e\u0432\u043b\u0435\u043d\u043d\u044f:<br style=\"box-sizing: inherit;\" \/>\u0410\u0432\u0441\u0442\u0440\u0456\u044f 5,- \u0454\u0432\u0440\u043e<br style=\"box-sizing: inherit;\" \/>\u041d\u0456\u043c\u0435\u0447\u0447\u0438\u043d\u0430 10,- \u0454\u0432\u0440\u043e.<\/p><p>\u0411\u0443\u0434\u044c \u043b\u0430\u0441\u043a\u0430, \u043f\u043e\u0432\u0456\u0434\u043e\u043c\u0442\u0435 \u043f\u0440\u043e \u043f\u043e\u0432\u0435\u0440\u043d\u0435\u043d\u043d\u044f \u043d\u0430 \u043d\u0430\u0448\u0443 \u0435\u043b\u0435\u043a\u0442\u0440\u043e\u043d\u043d\u0443 \u0430\u0434\u0440\u0435\u0441\u0443: <span style=\"text-decoration: underline;\"><a href=\"mailto:help@darynchook.com\">help@darynchook.com.<\/a><\/span><\/p><p>\u041c\u0438 \u043f\u0440\u043e\u043f\u043e\u043d\u0443\u0454\u043c\u043e 14-\u0434\u0435\u043d\u043d\u0438\u0439 \u0442\u0435\u0440\u043c\u0456\u043d \u043f\u043e\u0432\u0435\u0440\u043d\u0435\u043d\u043d\u044f.<br style=\"box-sizing: inherit;\" \/>\u0411\u0443\u0434\u044c \u043b\u0430\u0441\u043a\u0430, \u043d\u0430\u0434\u0441\u0438\u043b\u0430\u0439\u0442\u0435 \u043d\u0435\u043d\u043e\u0448\u0435\u043d\u0456, \u043d\u0435\u043f\u0440\u0430\u043d\u0456 \u0442\u0430 \u0430\u043a\u0443\u0440\u0430\u0442\u043d\u043e \u0441\u043a\u043b\u0430\u0434\u0435\u043d\u0456 \u0442\u043e\u0432\u0430\u0440\u0438 \u0432 \u043e\u0440\u0438\u0433\u0456\u043d\u0430\u043b\u044c\u043d\u0456\u0439 \u0443\u043f\u0430\u043a\u043e\u0432\u0446\u0456 \u043d\u0430 \u043d\u0430\u0448\u0443 \u0437\u0432\u043e\u0440\u043e\u0442\u043d\u0443 \u0430\u0434\u0440\u0435\u0441\u0443.<\/p>\t\t\t\t\t\t<\/div>\n\t\t\t\t<\/div>\n\t\t\t\t\t<\/div>\n\t\t<\/div>\n\t\t\t\t<div class=\"elementor-column elementor-col-16 elementor-top-column elementor-element elementor-element-3e61b94a\" data-id=\"3e61b94a\" data-element_type=\"column\">\n\t\t\t<div class=\"elementor-widget-wrap elementor-element-populated\">\n\t\t\t\t\t\t\t\t<div class=\"elementor-element elementor-element-67d70641 elementor-widget elementor-widget-text-editor\" data-id=\"67d70641\" data-element_type=\"widget\" data-widget_type=\"text-editor.default\">\n\t\t\t\t<div class=\"elementor-widget-container\">\n\t\t\t\t\t\t\t<p>\u0412\u0438 \u043d\u0435\u0441\u0435\u0442\u0435 \u0432\u0441\u0456 \u0432\u0438\u0442\u0440\u0430\u0442\u0438 \u0442\u0430 \u0440\u0438\u0437\u0438\u043a\u0438, \u043f\u043e\u0432'\u044f\u0437\u0430\u043d\u0456 \u0437 \u043f\u043e\u0432\u0435\u0440\u043d\u0435\u043d\u043d\u044f\u043c. \u041f\u0456\u0441\u043b\u044f \u043e\u0442\u0440\u0438\u043c\u0430\u043d\u043d\u044f \u043f\u043e\u0432\u0435\u0440\u043d\u0435\u043d\u0438\u0445 \u0442\u043e\u0432\u0430\u0440\u0456\u0432 \u043c\u0438 \u0432\u0456\u0434\u0448\u043a\u043e\u0434\u0443\u0454\u043c\u043e \u0441\u0443\u043c\u0443 \u043d\u0430 \u043f\u043e\u0447\u0430\u0442\u043a\u043e\u0432\u0438\u0439 \u0441\u043f\u043e\u0441\u0456\u0431 \u043e\u043f\u043b\u0430\u0442\u0438, \u0437\u0430 \u0432\u0438\u0440\u0430\u0445\u0443\u0432\u0430\u043d\u043d\u044f\u043c \u0432\u0456\u0434\u0441\u043e\u0442\u043a\u0430 \u043f\u043b\u0430\u0442\u0456\u0436\u043d\u043e\u0457 \u0441\u0438\u0441\u0442\u0435\u043c\u0438. \u0417\u0432\u0435\u0440\u043d\u0456\u0442\u044c \u0443\u0432\u0430\u0433\u0443, \u0449\u043e \u043f\u043e\u0447\u0430\u0442\u043a\u043e\u0432\u0456 \u0432\u0438\u0442\u0440\u0430\u0442\u0438 \u043d\u0430 \u0434\u043e\u0441\u0442\u0430\u0432\u043a\u0443 \u043d\u0435 \u0432\u0456\u0434\u0448\u043a\u043e\u0434\u043e\u0432\u0443\u044e\u0442\u044c\u0441\u044f.<\/p><p>\u0411\u0456\u043b\u044c\u0448 \u0434\u0435\u0442\u0430\u043b\u044c\u043d\u0443 \u0456\u043d\u0444\u043e\u0440\u043c\u0430\u0446\u0456\u044e \u0432\u0438 \u043c\u043e\u0436\u0435\u0442\u0435 \u0437\u043d\u0430\u0439\u0442\u0438 \u0432 \u043d\u0430\u0448\u043e\u043c\u0443 <u style=\"box-sizing: inherit; margin: 0px; padding: 0px; border: 0px; font: inherit; vertical-align: baseline;\"><a style=\"box-sizing: inherit; color: inherit; margin: 0px; padding: 0px; border: 0px; font: inherit; vertical-align: baseline; transition: color 0.25s ease-in-out 0s;\" href=\"https:\/\/dev.darynchook.com\/ua\/agb\/\">\u0417\u0430\u0433\u0430\u043b\u044c\u043d\u0456 \u043f\u043e\u043b\u043e\u0436\u0435\u043d\u043d\u044f \u0442\u0430 \u0443\u043c\u043e\u0432\u0438<\/a><\/u>.<\/p>\t\t\t\t\t\t<\/div>\n\t\t\t\t<\/div>\n\t\t\t\t\t<\/div>\n\t\t<\/div>\n\t\t\t\t<div class=\"elementor-column elementor-col-16 elementor-top-column elementor-element elementor-element-15542f01\" data-id=\"15542f01\" data-element_type=\"column\">\n\t\t\t<div class=\"elementor-widget-wrap elementor-element-populated\">\n\t\t\t\t\t\t\t\t<div class=\"elementor-element elementor-element-3bcdc6a1 elementor-widget elementor-widget-text-editor\" data-id=\"3bcdc6a1\" data-element_type=\"widget\" data-widget_type=\"text-editor.default\">\n\t\t\t\t<div class=\"elementor-widget-container\">\n\t\t\t\t\t\t\t\t\t\t\t\t\t<\/div>\n\t\t\t\t<\/div>\n\t\t\t\t\t<\/div>\n\t\t<\/div>\n\t\t\t\t\t\t\t<\/div>\n\t\t<\/section>\n\t\t\t\t\t\t\t<\/div>","protected":false},"excerpt":{"rendered":"<p>R\u00fccksendeandresse: DARYN CHOOKB\u00f6cklinstr. 100\/261020 Wien\u00d6sterreich R\u00fccksendung und Umtausch VERSAND &amp; R\u00dcCKNAHME F\u00fcr Verpackung &amp; Versand berechnen wir folgende Versandkostenpauschale pro\u00a0Bestellung:\u00d6sterreich EUR 5,-Deutschland EUR 10,-. Bitte k\u00fcndige die R\u00fccksendung an unsere Emailadresse an: help@darynchook.com. Wir bieten ein 14 t\u00e4giges R\u00fcckgaberecht.Daf\u00fcr sende uns die ungetragene, ungewaschene und ordentlich zusammengefaltete Retourware in ihrer Originalverpackung bitte an unsere R\u00fccksendeadresse. [&hellip;]<\/p>","protected":false},"author":3,"featured_media":0,"parent":0,"menu_order":0,"comment_status":"closed","ping_status":"closed","template":"","meta":[],"acf":[],"yoast_head":"<!-- This site is optimized with the Yoast SEO plugin v21.8.1 - https:\/\/yoast.com\/wordpress\/plugins\/seo\/ -->\n<title>DARYN CHOOK | Made in Vienna R\u00fccksendung und Umtausch<\/title>\n<meta name=\"robots\" content=\"index, follow, max-snippet:-1, max-image-preview:large, max-video-preview:-1\" \/>\n<link rel=\"canonical\" href=\"https:\/\/darynchook.com\/ruecksendung-und-umtausch\/\" \/>\n<meta property=\"og:locale\" content=\"uk_UA\" \/>\n<meta property=\"og:type\" content=\"article\" \/>\n<meta property=\"og:title\" content=\"DARYN CHOOK | Made in Vienna R\u00fccksendung und Umtausch\" \/>\n<meta property=\"og:description\" content=\"R\u00fccksendeandresse: DARYN CHOOKB\u00f6cklinstr. 100\/261020 Wien\u00d6sterreich R\u00fccksendung und Umtausch VERSAND &amp; R\u00dcCKNAHME F\u00fcr Verpackung &amp; Versand berechnen wir folgende Versandkostenpauschale pro\u00a0Bestellung:\u00d6sterreich EUR 5,-Deutschland EUR 10,-. Bitte k\u00fcndige die R\u00fccksendung an unsere Emailadresse an: help@darynchook.com. Wir bieten ein 14 t\u00e4giges R\u00fcckgaberecht.Daf\u00fcr sende uns die ungetragene, ungewaschene und ordentlich zusammengefaltete Retourware in ihrer Originalverpackung bitte an unsere R\u00fccksendeadresse. [&hellip;]\" \/>\n<meta property=\"og:url\" content=\"https:\/\/darynchook.com\/ruecksendung-und-umtausch\/\" \/>\n<meta property=\"og:site_name\" content=\"DARYN CHOOK | Made in Vienna\" \/>\n<meta property=\"article:publisher\" content=\"https:\/\/www.facebook.com\/darynchook\" \/>\n<meta property=\"article:modified_time\" content=\"2023-07-17T13:50:51+00:00\" \/>\n<meta property=\"og:image\" content=\"https:\/\/dev.darynchook.com\/wordpress\/wp-content\/uploads\/2021\/10\/DARYNCHOOK_scoial.png\" \/>\n\t<meta property=\"og:image:width\" content=\"1200\" \/>\n\t<meta property=\"og:image:height\" content=\"628\" \/>\n\t<meta property=\"og:image:type\" content=\"image\/png\" \/>\n<meta name=\"twitter:card\" content=\"summary_large_image\" \/>\n<meta name=\"twitter:label1\" content=\"\u041f\u0440\u0438\u0431\u043b. \u0447\u0430\u0441 \u0447\u0438\u0442\u0430\u043d\u043d\u044f\" \/>\n\t<meta name=\"twitter:data1\" content=\"1 \u0445\u0432\u0438\u043b\u0438\u043d\u0430\" \/>\n<script type=\"application\/ld+json\" class=\"yoast-schema-graph\">{\"@context\":\"https:\/\/schema.org\",\"@graph\":[{\"@type\":\"WebPage\",\"@id\":\"https:\/\/darynchook.com\/ruecksendung-und-umtausch\/\",\"url\":\"https:\/\/darynchook.com\/ruecksendung-und-umtausch\/\",\"name\":\"DARYN CHOOK | Made in Vienna R\u00fccksendung und Umtausch\",\"isPartOf\":{\"@id\":\"https:\/\/darynchook.com\/#website\"},\"datePublished\":\"2021-10-11T01:17:57+00:00\",\"dateModified\":\"2023-07-17T13:50:51+00:00\",\"breadcrumb\":{\"@id\":\"https:\/\/darynchook.com\/ruecksendung-und-umtausch\/#breadcrumb\"},\"inLanguage\":\"uk\",\"potentialAction\":[{\"@type\":\"ReadAction\",\"target\":[\"https:\/\/darynchook.com\/ruecksendung-und-umtausch\/\"]}]},{\"@type\":\"BreadcrumbList\",\"@id\":\"https:\/\/darynchook.com\/ruecksendung-und-umtausch\/#breadcrumb\",\"itemListElement\":[{\"@type\":\"ListItem\",\"position\":1,\"name\":\"Home\",\"item\":\"https:\/\/darynchook.com\/\"},{\"@type\":\"ListItem\",\"position\":2,\"name\":\"R\u00fccksendung und Umtausch\"}]},{\"@type\":\"WebSite\",\"@id\":\"https:\/\/darynchook.com\/#website\",\"url\":\"https:\/\/darynchook.com\/\",\"name\":\"DARYN CHOOK | Made in Vienna\",\"description\":\"DARYN CHOOK ist ein entschleunigtes, nachhaltiges und radikal transparentes Studio f\u00fcr Mode.\",\"publisher\":{\"@id\":\"https:\/\/darynchook.com\/#organization\"},\"potentialAction\":[{\"@type\":\"SearchAction\",\"target\":{\"@type\":\"EntryPoint\",\"urlTemplate\":\"https:\/\/darynchook.com\/?s={search_term_string}\"},\"query-input\":\"required name=search_term_string\"}],\"inLanguage\":\"uk\"},{\"@type\":\"Organization\",\"@id\":\"https:\/\/darynchook.com\/#organization\",\"name\":\"DARYN CHOOK\",\"url\":\"https:\/\/darynchook.com\/\",\"logo\":{\"@type\":\"ImageObject\",\"inLanguage\":\"uk\",\"@id\":\"https:\/\/darynchook.com\/#\/schema\/logo\/image\/\",\"url\":\"https:\/\/dev.darynchook.com\/wordpress\/wp-content\/uploads\/2021\/10\/DARYN-CHOOK-logo.png\",\"contentUrl\":\"https:\/\/dev.darynchook.com\/wordpress\/wp-content\/uploads\/2021\/10\/DARYN-CHOOK-logo.png\",\"width\":686,\"height\":171,\"caption\":\"DARYN CHOOK\"},\"image\":{\"@id\":\"https:\/\/darynchook.com\/#\/schema\/logo\/image\/\"},\"sameAs\":[\"https:\/\/www.facebook.com\/darynchook\",\"https:\/\/www.instagram.com\/darynchook\/\"]}]}<\/script>\n<!-- \/ Yoast SEO plugin. -->","yoast_head_json":{"title":"DARYN CHOOK | Made in Vienna R\u00fccksendung und Umtausch","robots":{"index":"index","follow":"follow","max-snippet":"max-snippet:-1","max-image-preview":"max-image-preview:large","max-video-preview":"max-video-preview:-1"},"canonical":"https:\/\/darynchook.com\/ruecksendung-und-umtausch\/","og_locale":"uk_UA","og_type":"article","og_title":"DARYN CHOOK | Made in Vienna R\u00fccksendung und Umtausch","og_description":"R\u00fccksendeandresse: DARYN CHOOKB\u00f6cklinstr. 100\/261020 Wien\u00d6sterreich R\u00fccksendung und Umtausch VERSAND &amp; R\u00dcCKNAHME F\u00fcr Verpackung &amp; Versand berechnen wir folgende Versandkostenpauschale pro\u00a0Bestellung:\u00d6sterreich EUR 5,-Deutschland EUR 10,-. Bitte k\u00fcndige die R\u00fccksendung an unsere Emailadresse an: help@darynchook.com. Wir bieten ein 14 t\u00e4giges R\u00fcckgaberecht.Daf\u00fcr sende uns die ungetragene, ungewaschene und ordentlich zusammengefaltete Retourware in ihrer Originalverpackung bitte an unsere R\u00fccksendeadresse. [&hellip;]","og_url":"https:\/\/darynchook.com\/ruecksendung-und-umtausch\/","og_site_name":"DARYN CHOOK | Made in Vienna","article_publisher":"https:\/\/www.facebook.com\/darynchook","article_modified_time":"2023-07-17T13:50:51+00:00","og_image":[{"width":1200,"height":628,"url":"https:\/\/dev.darynchook.com\/wordpress\/wp-content\/uploads\/2021\/10\/DARYNCHOOK_scoial.png","type":"image\/png"}],"twitter_card":"summary_large_image","twitter_misc":{"\u041f\u0440\u0438\u0431\u043b. \u0447\u0430\u0441 \u0447\u0438\u0442\u0430\u043d\u043d\u044f":"1 \u0445\u0432\u0438\u043b\u0438\u043d\u0430"},"schema":{"@context":"https:\/\/schema.org","@graph":[{"@type":"WebPage","@id":"https:\/\/darynchook.com\/ruecksendung-und-umtausch\/","url":"https:\/\/darynchook.com\/ruecksendung-und-umtausch\/","name":"DARYN CHOOK | Made in Vienna R\u00fccksendung und Umtausch","isPartOf":{"@id":"https:\/\/darynchook.com\/#website"},"datePublished":"2021-10-11T01:17:57+00:00","dateModified":"2023-07-17T13:50:51+00:00","breadcrumb":{"@id":"https:\/\/darynchook.com\/ruecksendung-und-umtausch\/#breadcrumb"},"inLanguage":"uk","potentialAction":[{"@type":"ReadAction","target":["https:\/\/darynchook.com\/ruecksendung-und-umtausch\/"]}]},{"@type":"BreadcrumbList","@id":"https:\/\/darynchook.com\/ruecksendung-und-umtausch\/#breadcrumb","itemListElement":[{"@type":"ListItem","position":1,"name":"Home","item":"https:\/\/darynchook.com\/"},{"@type":"ListItem","position":2,"name":"R\u00fccksendung und Umtausch"}]},{"@type":"WebSite","@id":"https:\/\/darynchook.com\/#website","url":"https:\/\/darynchook.com\/","name":"DARYN CHOOK | Made in Vienna","description":"DARYN CHOOK ist ein entschleunigtes, nachhaltiges und radikal transparentes Studio f\u00fcr Mode.","publisher":{"@id":"https:\/\/darynchook.com\/#organization"},"potentialAction":[{"@type":"SearchAction","target":{"@type":"EntryPoint","urlTemplate":"https:\/\/darynchook.com\/?s={search_term_string}"},"query-input":"required name=search_term_string"}],"inLanguage":"uk"},{"@type":"Organization","@id":"https:\/\/darynchook.com\/#organization","name":"DARYN CHOOK","url":"https:\/\/darynchook.com\/","logo":{"@type":"ImageObject","inLanguage":"uk","@id":"https:\/\/darynchook.com\/#\/schema\/logo\/image\/","url":"https:\/\/dev.darynchook.com\/wordpress\/wp-content\/uploads\/2021\/10\/DARYN-CHOOK-logo.png","contentUrl":"https:\/\/dev.darynchook.com\/wordpress\/wp-content\/uploads\/2021\/10\/DARYN-CHOOK-logo.png","width":686,"height":171,"caption":"DARYN CHOOK"},"image":{"@id":"https:\/\/darynchook.com\/#\/schema\/logo\/image\/"},"sameAs":["https:\/\/www.facebook.com\/darynchook","https:\/\/www.instagram.com\/darynchook\/"]}]}},"_links":{"self":[{"href":"https:\/\/dev.darynchook.com\/ua\/wp-json\/wp\/v2\/pages\/5645"}],"collection":[{"href":"https:\/\/dev.darynchook.com\/ua\/wp-json\/wp\/v2\/pages"}],"about":[{"href":"https:\/\/dev.darynchook.com\/ua\/wp-json\/wp\/v2\/types\/page"}],"author":[{"embeddable":true,"href":"https:\/\/dev.darynchook.com\/ua\/wp-json\/wp\/v2\/users\/3"}],"replies":[{"embeddable":true,"href":"https:\/\/dev.darynchook.com\/ua\/wp-json\/wp\/v2\/comments?post=5645"}],"version-history":[{"count":3,"href":"https:\/\/dev.darynchook.com\/ua\/wp-json\/wp\/v2\/pages\/5645\/revisions"}],"predecessor-version":[{"id":14256,"href":"https:\/\/dev.darynchook.com\/ua\/wp-json\/wp\/v2\/pages\/5645\/revisions\/14256"}],"wp:attachment":[{"href":"https:\/\/dev.darynchook.com\/ua\/wp-json\/wp\/v2\/media?parent=5645"}],"curies":[{"name":"wp","href":"https:\/\/api.w.org\/{rel}","templated":true}]}}