{"id":5689,"date":"2021-10-11T03:28:25","date_gmt":"2021-10-11T01:28:25","guid":{"rendered":"https:\/\/dev.darynchook.com\/?page_id=5689"},"modified":"2023-07-17T16:07:41","modified_gmt":"2023-07-17T14:07:41","slug":"faq","status":"publish","type":"page","link":"https:\/\/dev.darynchook.com\/ua\/faq\/","title":{"rendered":"\u041f\u041e\u0428\u0418\u0420\u0415\u041d\u0406 \u0417\u0410\u041f\u0418\u0422\u0410\u041d\u041d\u042f"},"content":{"rendered":"<div data-elementor-type=\"wp-page\" data-elementor-id=\"5689\" class=\"elementor elementor-5689\">\n\t\t\t\t\t\t\t\t\t<section class=\"elementor-section elementor-top-section elementor-element elementor-element-b6444ff elementor-section-full_width elementor-section-height-default elementor-section-height-default\" data-id=\"b6444ff\" data-element_type=\"section\">\n\t\t\t\t\t\t<div class=\"elementor-container elementor-column-gap-default\">\n\t\t\t\t\t<div class=\"elementor-column elementor-col-16 elementor-top-column elementor-element elementor-element-425b3702\" data-id=\"425b3702\" data-element_type=\"column\">\n\t\t\t<div class=\"elementor-widget-wrap elementor-element-populated\">\n\t\t\t\t\t\t\t\t<div class=\"elementor-element elementor-element-7fda1f01 elementor-widget elementor-widget-text-editor\" data-id=\"7fda1f01\" data-element_type=\"widget\" data-widget_type=\"text-editor.default\">\n\t\t\t\t<div class=\"elementor-widget-container\">\n\t\t\t\t\t\t\t\t\t\t\t\t\t<\/div>\n\t\t\t\t<\/div>\n\t\t\t\t\t<\/div>\n\t\t<\/div>\n\t\t\t\t<div class=\"elementor-column elementor-col-16 elementor-top-column elementor-element elementor-element-574809de\" data-id=\"574809de\" data-element_type=\"column\">\n\t\t\t<div class=\"elementor-widget-wrap elementor-element-populated\">\n\t\t\t\t\t\t\t\t<div class=\"elementor-element elementor-element-5da7ba46 elementor-widget elementor-widget-text-editor\" data-id=\"5da7ba46\" data-element_type=\"widget\" data-widget_type=\"text-editor.default\">\n\t\t\t\t<div class=\"elementor-widget-container\">\n\t\t\t\t\t\t\t\t\t\t\t\t\t<\/div>\n\t\t\t\t<\/div>\n\t\t\t\t\t<\/div>\n\t\t<\/div>\n\t\t\t\t<div class=\"elementor-column elementor-col-16 elementor-top-column elementor-element elementor-element-5d31e836\" data-id=\"5d31e836\" data-element_type=\"column\">\n\t\t\t<div class=\"elementor-widget-wrap elementor-element-populated\">\n\t\t\t\t\t\t\t\t<div class=\"elementor-element elementor-element-16b56f94 elementor-widget elementor-widget-text-editor\" data-id=\"16b56f94\" data-element_type=\"widget\" data-widget_type=\"text-editor.default\">\n\t\t\t\t<div class=\"elementor-widget-container\">\n\t\t\t\t\t\t\t<p>\u041f\u041e\u0428\u0418\u0420\u0415\u041d\u0406 \u0417\u0410\u041f\u0418\u0422\u0410\u041d\u041d\u042f<\/p>\t\t\t\t\t\t<\/div>\n\t\t\t\t<\/div>\n\t\t\t\t\t<\/div>\n\t\t<\/div>\n\t\t\t\t<div class=\"elementor-column elementor-col-16 elementor-top-column elementor-element elementor-element-559cad25\" data-id=\"559cad25\" data-element_type=\"column\">\n\t\t\t<div class=\"elementor-widget-wrap elementor-element-populated\">\n\t\t\t\t\t\t\t\t<div class=\"elementor-element elementor-element-282637c2 elementor-widget elementor-widget-text-editor\" data-id=\"282637c2\" data-element_type=\"widget\" data-widget_type=\"text-editor.default\">\n\t\t\t\t<div class=\"elementor-widget-container\">\n\t\t\t\t\t\t\t<p>\u0427\u0418 \u0404 \u0413\u0410\u0420\u0410\u041d\u0422\u0406\u042f?<\/p><p>\u00a0<\/p><p>\u041c\u0438 \u043f\u0440\u0430\u0433\u043d\u0435\u043c\u043e \u0432\u0438\u0440\u043e\u0431\u043b\u044f\u0442\u0438 \u0432\u0438\u0441\u043e\u043a\u043e\u044f\u043a\u0456\u0441\u043d\u0443 \u043f\u0440\u043e\u0434\u0443\u043a\u0446\u0456\u044e \u0437\u0430 \u043d\u0430\u0439\u0432\u0438\u0449\u0438\u043c\u0438 \u0441\u043e\u0446\u0456\u0430\u043b\u044c\u043d\u0438\u043c\u0438 \u0442\u0430 \u0435\u043a\u043e\u043b\u043e\u0433\u0456\u0447\u043d\u0438\u043c\u0438 \u0441\u0442\u0430\u043d\u0434\u0430\u0440\u0442\u0430\u043c\u0438. \u041e\u0441\u043a\u0456\u043b\u044c\u043a\u0438 \u043a\u043e\u0436\u0435\u043d \u043d\u0430\u0448 \u0432\u0438\u0440\u0456\u0431 \u0432\u0438\u0433\u043e\u0442\u043e\u0432\u043b\u044f\u0454\u0442\u044c\u0441\u044f \u0432\u0440\u0443\u0447\u043d\u0443, \u043c\u043e\u0436\u0443\u0442\u044c \u0442\u0440\u0430\u043f\u043b\u044f\u0442\u0438\u0441\u044f \u043f\u043e\u043c\u0438\u043b\u043a\u0438. \u0422\u043e\u043c\u0443 \u0434\u043b\u044f \u043d\u0430\u0441 \u0434\u0443\u0436\u0435 \u0432\u0430\u0436\u043b\u0438\u0432\u043e \u0437\u043d\u0430\u0442\u0438 \u043f\u0440\u043e \u0432\u0441\u0456 \u043c\u043e\u0436\u043b\u0438\u0432\u0456 \u043f\u0440\u0438\u043c\u0445\u0438 \u0442\u0430 \u043d\u0435\u0437\u0430\u0434\u043e\u0432\u043e\u043b\u0435\u043d\u043d\u044f, \u0449\u043e\u0431 \u043c\u0430\u0442\u0438 \u0437\u043c\u043e\u0433\u0443 \u043f\u043e\u043a\u0440\u0430\u0449\u0438\u0442\u0438 \u043d\u0430\u0448\u0443 \u043f\u0440\u043e\u0434\u0443\u043a\u0446\u0456\u044e \u0442\u0430 \u043f\u0440\u043e\u0446\u0435\u0441\u0438. \u0422\u043e\u043c\u0443, \u044f\u043a\u0449\u043e \u0432\u0438 \u043a\u043e\u043b\u0438-\u043d\u0435\u0431\u0443\u0434\u044c \u0437\u043d\u0430\u0439\u0434\u0435\u0442\u0435 \u0434\u0435\u0444\u0435\u043a\u0442 \u0443 \u0432\u0438\u0440\u043e\u0431\u0456 \u0430\u0431\u043e \u0431\u0443\u0434\u0435\u0442\u0435 \u043d\u0435\u0437\u0430\u0434\u043e\u0432\u043e\u043b\u0435\u043d\u0456 \u044f\u043a\u0456\u0441\u0442\u044e, \u0431\u0443\u0434\u044c \u043b\u0430\u0441\u043a\u0430, \u043d\u0430\u0434\u0456\u0448\u043b\u0456\u0442\u044c \u043d\u0430\u043c \u0444\u043e\u0442\u043e\u0433\u0440\u0430\u0444\u0456\u0457 \u043d\u0430 \u0435\u043b\u0435\u043a\u0442\u0440\u043e\u043d\u043d\u0443 \u043f\u043e\u0448\u0442\u0443: <a href=\"mailto:help@darynchook.com\">help@darynchook.com<\/a><\/p><p>\u00a0<\/p><p>\u0411\u0430\u0433\u0430\u0442\u043e \u0437 \u043d\u0430\u0448\u0438\u0445 \u043f\u0440\u043e\u0434\u0443\u043a\u0442\u0456\u0432 \u0432\u043a\u043b\u044e\u0447\u0430\u044e\u0442\u044c \u0432 \u0441\u0435\u0431\u0435 \u0431\u0435\u0437\u043a\u043e\u0448\u0442\u043e\u0432\u043d\u0443 \u043f\u043e\u0441\u043b\u0443\u0433\u0443 \u0440\u0435\u043c\u043e\u043d\u0442\u0443 \u0432 \u043d\u0430\u0448\u0456\u0439 \u0441\u0442\u0443\u0434\u0456\u0457 \u0443 \u0412\u0456\u0434\u043d\u0456.<\/p>\t\t\t\t\t\t<\/div>\n\t\t\t\t<\/div>\n\t\t\t\t\t<\/div>\n\t\t<\/div>\n\t\t\t\t<div class=\"elementor-column elementor-col-16 elementor-top-column elementor-element elementor-element-2ba0604f\" data-id=\"2ba0604f\" data-element_type=\"column\">\n\t\t\t<div class=\"elementor-widget-wrap elementor-element-populated\">\n\t\t\t\t\t\t\t\t<div class=\"elementor-element elementor-element-70a5fe14 elementor-widget elementor-widget-text-editor\" data-id=\"70a5fe14\" data-element_type=\"widget\" data-widget_type=\"text-editor.default\">\n\t\t\t\t<div class=\"elementor-widget-container\">\n\t\t\t\t\t\t\t<p>\u0414\u0415 \u0412\u0418\u0420\u041e\u0411\u041b\u042f\u0404\u0422\u042c\u0421\u042f \u041f\u0420\u041e\u0414\u0423\u041a\u0426\u0406\u042f?<\/p><p>\u041c\u0438 \u0432\u0438\u0440\u043e\u0431\u043b\u044f\u0454\u043c\u043e \u043f\u0440\u043e\u0434\u0443\u043a\u0446\u0456\u044e \u0432\u0438\u043a\u043b\u044e\u0447\u043d\u043e \u0443 \u0441\u043f\u0456\u0432\u043f\u0440\u0430\u0446\u0456 \u0437 \u0441\u0456\u043c\u0435\u0439\u043d\u0438\u043c\u0438 \u043f\u0456\u0434\u043f\u0440\u0438\u0454\u043c\u0441\u0442\u0432\u0430\u043c\u0438 \u0432 \u0410\u0432\u0441\u0442\u0440\u0456\u0457, \u0421\u043b\u043e\u0432\u0430\u0447\u0447\u0438\u043d\u0456 \u0442\u0430 \u0423\u0433\u043e\u0440\u0449\u0438\u043d\u0456. \u0411\u0430\u0433\u0430\u0442\u043e\u0440\u0456\u0447\u043d\u0438\u0439 \u0434\u043e\u0441\u0432\u0456\u0434 \u0443 \u0441\u0432\u043e\u0457\u0439 \u0433\u0430\u043b\u0443\u0437\u0456 \u0442\u0430 \u043f\u0440\u0438\u0454\u043c\u043d\u0430 \u0440\u043e\u0431\u043e\u0447\u0430 \u0430\u0442\u043c\u043e\u0441\u0444\u0435\u0440\u0430 \u0454 \u0434\u043b\u044f \u043d\u0430\u0441 \u043e\u0441\u043e\u0431\u043b\u0438\u0432\u043e \u0432\u0430\u0436\u043b\u0438\u0432\u0438\u043c\u0438. \u041c\u0438 \u043f\u0456\u0434\u0442\u0440\u0438\u043c\u0443\u0454\u043c\u043e \u043e\u0441\u043e\u0431\u0438\u0441\u0442\u0438\u0439 \u043a\u043e\u043d\u0442\u0430\u043a\u0442 \u0437 \u043d\u0430\u0448\u0438\u043c\u0438 \u0432\u0438\u0440\u043e\u0431\u043d\u0438\u0447\u0438\u043c\u0438 \u043f\u0430\u0440\u0442\u043d\u0435\u0440\u0430\u043c\u0438 \u0456 \u0432\u0456\u0434\u0432\u0456\u0434\u0443\u0454\u043c\u043e \u043c\u0430\u0439\u0441\u0442\u0435\u0440\u043d\u0456 \u043a\u0456\u043b\u044c\u043a\u0430 \u0440\u0430\u0437\u0456\u0432 \u043d\u0430 \u0440\u0456\u043a.<\/p><p>\u041c\u0438 \u0442\u0430\u043a\u043e\u0436 \u043f\u043e\u0441\u0442\u0430\u0447\u0430\u0454\u043c\u043e \u043d\u0430\u0448\u0456 \u043c\u0430\u0442\u0435\u0440\u0456\u0430\u043b\u0438 \u044f\u043a\u043e\u043c\u043e\u0433\u0430 \u0440\u0435\u0433\u0456\u043e\u043d\u0430\u043b\u044c\u043d\u0456\u0448\u0435 \u0456 \u043f\u0440\u0430\u0446\u044e\u0454\u043c\u043e \u0437 \u043f\u0435\u0440\u0435\u0440\u043e\u0431\u043d\u0438\u043a\u0430\u043c\u0438 \u043f\u043e \u0432\u0441\u0456\u0439 \u0404\u0432\u0440\u043e\u043f\u0456. \u0414\u043b\u044f \u0434\u0435\u044f\u043a\u0438\u0445 \u0432\u0438\u0434\u0456\u0432 \u0441\u0438\u0440\u043e\u0432\u0438\u043d\u0438, \u0442\u0430\u043a\u0438\u0445 \u044f\u043a \u043e\u0440\u0433\u0430\u043d\u0456\u0447\u043d\u0430 \u0431\u0430\u0432\u043e\u0432\u043d\u0430 \u0430\u0431\u043e TENCEL, \u043c\u0438 \u043d\u0435 \u043c\u043e\u0436\u0435\u043c\u043e \u0437\u043d\u0430\u0439\u0442\u0438 \u0457\u0445 \u0443 \u0440\u0435\u0433\u0456\u043e\u043d\u0456. \u0423 \u0446\u0438\u0445 \u0432\u0438\u043f\u0430\u0434\u043a\u0430\u0445 \u043c\u0438 \u043f\u0440\u0430\u0446\u044e\u0454\u043c\u043e \u0437 \u043f\u043e\u0441\u0442\u0430\u0447\u0430\u043b\u044c\u043d\u0438\u043a\u0430\u043c\u0438, \u044f\u043a\u0456 \u0433\u0430\u0440\u0430\u043d\u0442\u0443\u044e\u0442\u044c \u043d\u0430\u043c \u043d\u0430\u0439\u0432\u0438\u0449\u0456 \u0441\u043e\u0446\u0456\u0430\u043b\u044c\u043d\u0456 \u0442\u0430 \u0435\u043a\u043e\u043b\u043e\u0433\u0456\u0447\u043d\u0456 \u0441\u0442\u0430\u043d\u0434\u0430\u0440\u0442\u0438 \u0432\u0438\u0440\u043e\u0449\u0443\u0432\u0430\u043d\u043d\u044f.<\/p>\t\t\t\t\t\t<\/div>\n\t\t\t\t<\/div>\n\t\t\t\t\t<\/div>\n\t\t<\/div>\n\t\t\t\t<div class=\"elementor-column elementor-col-16 elementor-top-column elementor-element elementor-element-67c73eba\" data-id=\"67c73eba\" data-element_type=\"column\">\n\t\t\t<div class=\"elementor-widget-wrap elementor-element-populated\">\n\t\t\t\t\t\t\t\t<div class=\"elementor-element elementor-element-8e66e6b elementor-widget elementor-widget-text-editor\" data-id=\"8e66e6b\" data-element_type=\"widget\" data-widget_type=\"text-editor.default\">\n\t\t\t\t<div class=\"elementor-widget-container\">\n\t\t\t\t\t\t\t\t\t\t\t\t\t<\/div>\n\t\t\t\t<\/div>\n\t\t\t\t\t<\/div>\n\t\t<\/div>\n\t\t\t\t\t\t\t<\/div>\n\t\t<\/section>\n\t\t\t\t\t\t\t<\/div>","protected":false},"excerpt":{"rendered":"<p>FAQ GIBT ES EINE GARANTIE? \u00a0 Wir haben den Anspruch hoch qualitative Produkte unter h\u00f6chsten sozialen und \u00f6kologischen Standards herzustellen. Da jedes unserer Produkte in Handarbeit hergestellt wird, kann mal ein Fehler unterlaufen. Deshalb ist es f\u00fcr uns sehr wichtig \u00fcber alle m\u00f6glichen Macken und Unzufriedenheiten Bescheid zu wissen um unsere Produkte und Prozesse immer [&hellip;]<\/p>","protected":false},"author":3,"featured_media":0,"parent":0,"menu_order":0,"comment_status":"closed","ping_status":"closed","template":"","meta":[],"acf":[],"yoast_head":"<!-- This site is optimized with the Yoast SEO plugin v21.8.1 - https:\/\/yoast.com\/wordpress\/plugins\/seo\/ -->\n<title>DARYN CHOOK | Made in Vienna | FAQ<\/title>\n<meta name=\"robots\" content=\"index, follow, max-snippet:-1, max-image-preview:large, max-video-preview:-1\" \/>\n<link rel=\"canonical\" href=\"https:\/\/darynchook.com\/faq\/\" \/>\n<meta property=\"og:locale\" content=\"uk_UA\" \/>\n<meta property=\"og:type\" content=\"article\" \/>\n<meta property=\"og:title\" content=\"DARYN CHOOK | Made in Vienna | FAQ\" \/>\n<meta property=\"og:description\" content=\"FAQ GIBT ES EINE GARANTIE? \u00a0 Wir haben den Anspruch hoch qualitative Produkte unter h\u00f6chsten sozialen und \u00f6kologischen Standards herzustellen. Da jedes unserer Produkte in Handarbeit hergestellt wird, kann mal ein Fehler unterlaufen. Deshalb ist es f\u00fcr uns sehr wichtig \u00fcber alle m\u00f6glichen Macken und Unzufriedenheiten Bescheid zu wissen um unsere Produkte und Prozesse immer [&hellip;]\" \/>\n<meta property=\"og:url\" content=\"https:\/\/darynchook.com\/faq\/\" \/>\n<meta property=\"og:site_name\" content=\"DARYN CHOOK | Made in Vienna\" \/>\n<meta property=\"article:publisher\" content=\"https:\/\/www.facebook.com\/darynchook\" \/>\n<meta property=\"article:modified_time\" content=\"2023-07-17T14:07:41+00:00\" \/>\n<meta property=\"og:image\" content=\"https:\/\/dev.darynchook.com\/wordpress\/wp-content\/uploads\/2021\/10\/DARYNCHOOK_scoial.png\" \/>\n\t<meta property=\"og:image:width\" content=\"1200\" \/>\n\t<meta property=\"og:image:height\" content=\"628\" \/>\n\t<meta property=\"og:image:type\" content=\"image\/png\" \/>\n<meta name=\"twitter:card\" content=\"summary_large_image\" \/>\n<meta name=\"twitter:label1\" content=\"\u041f\u0440\u0438\u0431\u043b. \u0447\u0430\u0441 \u0447\u0438\u0442\u0430\u043d\u043d\u044f\" \/>\n\t<meta name=\"twitter:data1\" content=\"2 \u0445\u0432\u0438\u043b\u0438\u043d\u0438\" \/>\n<script type=\"application\/ld+json\" class=\"yoast-schema-graph\">{\"@context\":\"https:\/\/schema.org\",\"@graph\":[{\"@type\":\"WebPage\",\"@id\":\"https:\/\/darynchook.com\/faq\/\",\"url\":\"https:\/\/darynchook.com\/faq\/\",\"name\":\"DARYN CHOOK | Made in Vienna | FAQ\",\"isPartOf\":{\"@id\":\"https:\/\/darynchook.com\/#website\"},\"datePublished\":\"2021-10-11T01:28:25+00:00\",\"dateModified\":\"2023-07-17T14:07:41+00:00\",\"breadcrumb\":{\"@id\":\"https:\/\/darynchook.com\/faq\/#breadcrumb\"},\"inLanguage\":\"uk\",\"potentialAction\":[{\"@type\":\"ReadAction\",\"target\":[\"https:\/\/darynchook.com\/faq\/\"]}]},{\"@type\":\"BreadcrumbList\",\"@id\":\"https:\/\/darynchook.com\/faq\/#breadcrumb\",\"itemListElement\":[{\"@type\":\"ListItem\",\"position\":1,\"name\":\"Home\",\"item\":\"https:\/\/darynchook.com\/\"},{\"@type\":\"ListItem\",\"position\":2,\"name\":\"FAQ\"}]},{\"@type\":\"WebSite\",\"@id\":\"https:\/\/darynchook.com\/#website\",\"url\":\"https:\/\/darynchook.com\/\",\"name\":\"DARYN CHOOK | Made in Vienna\",\"description\":\"DARYN CHOOK ist ein entschleunigtes, nachhaltiges und radikal transparentes Studio f\u00fcr Mode.\",\"publisher\":{\"@id\":\"https:\/\/darynchook.com\/#organization\"},\"potentialAction\":[{\"@type\":\"SearchAction\",\"target\":{\"@type\":\"EntryPoint\",\"urlTemplate\":\"https:\/\/darynchook.com\/?s={search_term_string}\"},\"query-input\":\"required name=search_term_string\"}],\"inLanguage\":\"uk\"},{\"@type\":\"Organization\",\"@id\":\"https:\/\/darynchook.com\/#organization\",\"name\":\"DARYN CHOOK\",\"url\":\"https:\/\/darynchook.com\/\",\"logo\":{\"@type\":\"ImageObject\",\"inLanguage\":\"uk\",\"@id\":\"https:\/\/darynchook.com\/#\/schema\/logo\/image\/\",\"url\":\"https:\/\/dev.darynchook.com\/wordpress\/wp-content\/uploads\/2021\/10\/DARYN-CHOOK-logo.png\",\"contentUrl\":\"https:\/\/dev.darynchook.com\/wordpress\/wp-content\/uploads\/2021\/10\/DARYN-CHOOK-logo.png\",\"width\":686,\"height\":171,\"caption\":\"DARYN CHOOK\"},\"image\":{\"@id\":\"https:\/\/darynchook.com\/#\/schema\/logo\/image\/\"},\"sameAs\":[\"https:\/\/www.facebook.com\/darynchook\",\"https:\/\/www.instagram.com\/darynchook\/\"]}]}<\/script>\n<!-- \/ Yoast SEO plugin. -->","yoast_head_json":{"title":"DARYN CHOOK | Made in Vienna | FAQ","robots":{"index":"index","follow":"follow","max-snippet":"max-snippet:-1","max-image-preview":"max-image-preview:large","max-video-preview":"max-video-preview:-1"},"canonical":"https:\/\/darynchook.com\/faq\/","og_locale":"uk_UA","og_type":"article","og_title":"DARYN CHOOK | Made in Vienna | FAQ","og_description":"FAQ GIBT ES EINE GARANTIE? \u00a0 Wir haben den Anspruch hoch qualitative Produkte unter h\u00f6chsten sozialen und \u00f6kologischen Standards herzustellen. Da jedes unserer Produkte in Handarbeit hergestellt wird, kann mal ein Fehler unterlaufen. Deshalb ist es f\u00fcr uns sehr wichtig \u00fcber alle m\u00f6glichen Macken und Unzufriedenheiten Bescheid zu wissen um unsere Produkte und Prozesse immer [&hellip;]","og_url":"https:\/\/darynchook.com\/faq\/","og_site_name":"DARYN CHOOK | Made in Vienna","article_publisher":"https:\/\/www.facebook.com\/darynchook","article_modified_time":"2023-07-17T14:07:41+00:00","og_image":[{"width":1200,"height":628,"url":"https:\/\/dev.darynchook.com\/wordpress\/wp-content\/uploads\/2021\/10\/DARYNCHOOK_scoial.png","type":"image\/png"}],"twitter_card":"summary_large_image","twitter_misc":{"\u041f\u0440\u0438\u0431\u043b. \u0447\u0430\u0441 \u0447\u0438\u0442\u0430\u043d\u043d\u044f":"2 \u0445\u0432\u0438\u043b\u0438\u043d\u0438"},"schema":{"@context":"https:\/\/schema.org","@graph":[{"@type":"WebPage","@id":"https:\/\/darynchook.com\/faq\/","url":"https:\/\/darynchook.com\/faq\/","name":"DARYN CHOOK | Made in Vienna | FAQ","isPartOf":{"@id":"https:\/\/darynchook.com\/#website"},"datePublished":"2021-10-11T01:28:25+00:00","dateModified":"2023-07-17T14:07:41+00:00","breadcrumb":{"@id":"https:\/\/darynchook.com\/faq\/#breadcrumb"},"inLanguage":"uk","potentialAction":[{"@type":"ReadAction","target":["https:\/\/darynchook.com\/faq\/"]}]},{"@type":"BreadcrumbList","@id":"https:\/\/darynchook.com\/faq\/#breadcrumb","itemListElement":[{"@type":"ListItem","position":1,"name":"Home","item":"https:\/\/darynchook.com\/"},{"@type":"ListItem","position":2,"name":"FAQ"}]},{"@type":"WebSite","@id":"https:\/\/darynchook.com\/#website","url":"https:\/\/darynchook.com\/","name":"DARYN CHOOK | Made in Vienna","description":"DARYN CHOOK ist ein entschleunigtes, nachhaltiges und radikal transparentes Studio f\u00fcr Mode.","publisher":{"@id":"https:\/\/darynchook.com\/#organization"},"potentialAction":[{"@type":"SearchAction","target":{"@type":"EntryPoint","urlTemplate":"https:\/\/darynchook.com\/?s={search_term_string}"},"query-input":"required name=search_term_string"}],"inLanguage":"uk"},{"@type":"Organization","@id":"https:\/\/darynchook.com\/#organization","name":"DARYN CHOOK","url":"https:\/\/darynchook.com\/","logo":{"@type":"ImageObject","inLanguage":"uk","@id":"https:\/\/darynchook.com\/#\/schema\/logo\/image\/","url":"https:\/\/dev.darynchook.com\/wordpress\/wp-content\/uploads\/2021\/10\/DARYN-CHOOK-logo.png","contentUrl":"https:\/\/dev.darynchook.com\/wordpress\/wp-content\/uploads\/2021\/10\/DARYN-CHOOK-logo.png","width":686,"height":171,"caption":"DARYN CHOOK"},"image":{"@id":"https:\/\/darynchook.com\/#\/schema\/logo\/image\/"},"sameAs":["https:\/\/www.facebook.com\/darynchook","https:\/\/www.instagram.com\/darynchook\/"]}]}},"_links":{"self":[{"href":"https:\/\/dev.darynchook.com\/ua\/wp-json\/wp\/v2\/pages\/5689"}],"collection":[{"href":"https:\/\/dev.darynchook.com\/ua\/wp-json\/wp\/v2\/pages"}],"about":[{"href":"https:\/\/dev.darynchook.com\/ua\/wp-json\/wp\/v2\/types\/page"}],"author":[{"embeddable":true,"href":"https:\/\/dev.darynchook.com\/ua\/wp-json\/wp\/v2\/users\/3"}],"replies":[{"embeddable":true,"href":"https:\/\/dev.darynchook.com\/ua\/wp-json\/wp\/v2\/comments?post=5689"}],"version-history":[{"count":3,"href":"https:\/\/dev.darynchook.com\/ua\/wp-json\/wp\/v2\/pages\/5689\/revisions"}],"predecessor-version":[{"id":14259,"href":"https:\/\/dev.darynchook.com\/ua\/wp-json\/wp\/v2\/pages\/5689\/revisions\/14259"}],"wp:attachment":[{"href":"https:\/\/dev.darynchook.com\/ua\/wp-json\/wp\/v2\/media?parent=5689"}],"curies":[{"name":"wp","href":"https:\/\/api.w.org\/{rel}","templated":true}]}}