{"id":5370,"date":"2021-10-11T01:53:23","date_gmt":"2021-10-10T23:53:23","guid":{"rendered":"https:\/\/dev.darynchook.com\/?post_type=product&#038;p=5370"},"modified":"2023-11-23T19:53:17","modified_gmt":"2023-11-23T18:53:17","slug":"handgestrickte-rippenmuetze-kbt-merinowolle","status":"publish","type":"product","link":"https:\/\/dev.darynchook.com\/ua\/product\/handgestrickte-rippenmuetze-kbt-merinowolle\/","title":{"rendered":"\u0420\u0435\u0431\u0440\u0438\u0441\u0442\u0430 \u0448\u0430\u043f\u043a\u0430 \u0440\u0443\u0447\u043d\u043e\u0457 \u0432'\u044f\u0437\u043a\u0438, \u043e\u0440\u0433\u0430\u043d\u0456\u0447\u043d\u0430 \u043c\u0435\u0440\u0438\u043d\u043e\u0441\u043e\u0432\u0430 \u0432\u043e\u0432\u043d\u0430"},"content":{"rendered":"","protected":false},"excerpt":{"rendered":"<p class=\"p1\">001.U.1002<\/p>\n<p class=\"p1\">\u0426\u044f \u0440\u0435\u0431\u0440\u0438\u0441\u0442\u0430 \u0448\u0430\u043f\u043a\u0430 \u0440\u0443\u0447\u043d\u043e\u0457 \u0432'\u044f\u0437\u043a\u0438 \u0441\u0442\u0430\u043d\u0435 \u043d\u0435\u0437\u0430\u043c\u0456\u043d\u043d\u0438\u043c \u0435\u043b\u0435\u043c\u0435\u043d\u0442\u043e\u043c \u0432\u0430\u0448\u043e\u0433\u043e \u0437\u0438\u043c\u043e\u0432\u043e\u0433\u043e \u0433\u0430\u0440\u0434\u0435\u0440\u043e\u0431\u0443 \u0442\u0430 \u0456\u0434\u0435\u0430\u043b\u044c\u043d\u0438\u043c \u0430\u043a\u0441\u0435\u0441\u0443\u0430\u0440\u043e\u043c \u0434\u043b\u044f \u0445\u043e\u043b\u043e\u0434\u043d\u0438\u0445 \u0434\u043d\u0456\u0432. \u0412\u0438\u0433\u043e\u0442\u043e\u0432\u043b\u0435\u043d\u0430 \u0437 \u0447\u0438\u0441\u0442\u043e\u0457 \u043c\u0435\u0440\u0438\u043d\u043e\u0441\u043e\u0432\u043e\u0457 \u0432\u043e\u0432\u043d\u0438 (kbT) \u0437 \u0430\u0432\u0441\u0442\u0440\u0456\u0439\u0441\u044c\u043a\u0438\u0445 \u0410\u043b\u044c\u043f, \u0446\u044f \u0440\u0435\u0431\u0440\u0438\u0441\u0442\u0430 \u0448\u0430\u043f\u043a\u0430 \u0440\u0443\u0447\u043d\u043e\u0457 \u0432'\u044f\u0437\u043a\u0438 \u0437\u0430\u0431\u0435\u0437\u043f\u0435\u0447\u0443\u0454 \u0434\u043e\u0441\u0442\u0430\u0442\u043d\u0454 \u0442\u0435\u043f\u043b\u043e \u0434\u043b\u044f \u043f\u043e\u0434\u043e\u0440\u043e\u0436\u0435\u0439 \u043c\u0456\u0441\u0442\u043e\u043c \u0430\u0431\u043e \u043d\u0430 \u043f\u0440\u0438\u0440\u043e\u0434\u0456. \u0412\u0438\u0442\u043e\u043d\u0447\u0435\u043d\u0438\u0439 \u043b\u043e\u0433\u043e\u0442\u0438\u043f DARYN CHOOK \u0441\u0442\u0432\u043e\u0440\u044e\u0454 \u043f\u043e\u0432\u0441\u044f\u043a\u0434\u0435\u043d\u043d\u0438\u0439 \u043e\u0431\u0440\u0430\u0437.<\/p>","protected":false},"featured_media":5558,"template":"","meta":[],"product_cat":[106,90,85,42,54],"product_tag":[250,240,229,242,264,232,248,254,265,247,246,97],"yoast_head":"<!-- This site is optimized with the Yoast SEO plugin v21.8.1 - https:\/\/yoast.com\/wordpress\/plugins\/seo\/ -->\n<title>Handgestrickte Rippenm\u00fctze, kbT Merinowolle<\/title>\n<meta name=\"description\" content=\"Handgestrickte Ripphaube aus pflanzlich gef\u00e4rbter kbT mulesingfreier Merinowolle f\u00fcr kalte Jahreszeiten.\" \/>\n<meta name=\"robots\" content=\"index, follow, max-snippet:-1, max-image-preview:large, max-video-preview:-1\" \/>\n<link rel=\"canonical\" href=\"https:\/\/darynchook.com\/product\/handgestrickte-rippenmuetze-kbt-merinowolle\/\" \/>\n<meta property=\"og:locale\" content=\"uk_UA\" \/>\n<meta property=\"og:type\" content=\"article\" \/>\n<meta property=\"og:title\" content=\"Handgestrickte Rippenm\u00fctze, kbT Merinowolle\" \/>\n<meta property=\"og:description\" content=\"Handgestrickte Ripphaube aus pflanzlich gef\u00e4rbter kbT mulesingfreier Merinowolle f\u00fcr kalte Jahreszeiten.\" \/>\n<meta property=\"og:url\" content=\"https:\/\/darynchook.com\/product\/handgestrickte-rippenmuetze-kbt-merinowolle\/\" \/>\n<meta property=\"og:site_name\" content=\"DARYN CHOOK | Made in Vienna\" \/>\n<meta property=\"article:publisher\" content=\"https:\/\/www.facebook.com\/darynchook\" \/>\n<meta property=\"article:modified_time\" content=\"2023-11-23T18:53:17+00:00\" \/>\n<meta property=\"og:image\" content=\"https:\/\/darynchook.com\/wordpress\/wp-content\/uploads\/2021\/10\/DARYNCHOOK-UNIFROM-001U1002-hat-unisex-chilired2.jpg\" \/>\n\t<meta property=\"og:image:width\" content=\"590\" \/>\n\t<meta property=\"og:image:height\" content=\"885\" \/>\n\t<meta property=\"og:image:type\" content=\"image\/jpeg\" \/>\n<meta name=\"twitter:card\" content=\"summary_large_image\" \/>\n<script type=\"application\/ld+json\" class=\"yoast-schema-graph\">{\"@context\":\"https:\/\/schema.org\",\"@graph\":[{\"@type\":\"WebPage\",\"@id\":\"https:\/\/darynchook.com\/product\/handgestrickte-rippenmuetze-kbt-merinowolle\/\",\"url\":\"https:\/\/darynchook.com\/product\/handgestrickte-rippenmuetze-kbt-merinowolle\/\",\"name\":\"Handgestrickte Rippenm\u00fctze, kbT Merinowolle\",\"isPartOf\":{\"@id\":\"https:\/\/darynchook.com\/#website\"},\"datePublished\":\"2021-10-10T23:53:23+00:00\",\"dateModified\":\"2023-11-23T18:53:17+00:00\",\"description\":\"Handgestrickte Ripphaube aus pflanzlich gef\u00e4rbter kbT mulesingfreier Merinowolle f\u00fcr kalte Jahreszeiten.\",\"breadcrumb\":{\"@id\":\"https:\/\/darynchook.com\/product\/handgestrickte-rippenmuetze-kbt-merinowolle\/#breadcrumb\"},\"inLanguage\":\"uk\",\"potentialAction\":[{\"@type\":\"ReadAction\",\"target\":[\"https:\/\/darynchook.com\/product\/handgestrickte-rippenmuetze-kbt-merinowolle\/\"]}]},{\"@type\":\"BreadcrumbList\",\"@id\":\"https:\/\/darynchook.com\/product\/handgestrickte-rippenmuetze-kbt-merinowolle\/#breadcrumb\",\"itemListElement\":[{\"@type\":\"ListItem\",\"position\":1,\"name\":\"Home\",\"item\":\"https:\/\/darynchook.com\/\"},{\"@type\":\"ListItem\",\"position\":2,\"name\":\"Shop\",\"item\":\"https:\/\/darynchook.com\/?page_id=6\"},{\"@type\":\"ListItem\",\"position\":3,\"name\":\"Handgestrickte Rippenm\u00fctze, kbT Merinowolle\"}]},{\"@type\":\"WebSite\",\"@id\":\"https:\/\/darynchook.com\/#website\",\"url\":\"https:\/\/darynchook.com\/\",\"name\":\"DARYN CHOOK | Made in Vienna\",\"description\":\"DARYN CHOOK ist ein entschleunigtes, nachhaltiges und radikal transparentes Studio f\u00fcr Mode.\",\"publisher\":{\"@id\":\"https:\/\/darynchook.com\/#organization\"},\"potentialAction\":[{\"@type\":\"SearchAction\",\"target\":{\"@type\":\"EntryPoint\",\"urlTemplate\":\"https:\/\/darynchook.com\/?s={search_term_string}\"},\"query-input\":\"required name=search_term_string\"}],\"inLanguage\":\"uk\"},{\"@type\":\"Organization\",\"@id\":\"https:\/\/darynchook.com\/#organization\",\"name\":\"DARYN CHOOK\",\"url\":\"https:\/\/darynchook.com\/\",\"logo\":{\"@type\":\"ImageObject\",\"inLanguage\":\"uk\",\"@id\":\"https:\/\/darynchook.com\/#\/schema\/logo\/image\/\",\"url\":\"https:\/\/dev.darynchook.com\/wordpress\/wp-content\/uploads\/2021\/10\/DARYN-CHOOK-logo.png\",\"contentUrl\":\"https:\/\/dev.darynchook.com\/wordpress\/wp-content\/uploads\/2021\/10\/DARYN-CHOOK-logo.png\",\"width\":686,\"height\":171,\"caption\":\"DARYN CHOOK\"},\"image\":{\"@id\":\"https:\/\/darynchook.com\/#\/schema\/logo\/image\/\"},\"sameAs\":[\"https:\/\/www.facebook.com\/darynchook\",\"https:\/\/www.instagram.com\/darynchook\/\"]}]}<\/script>\n<!-- \/ Yoast SEO plugin. -->","yoast_head_json":{"title":"Handgestrickte Rippenm\u00fctze, kbT Merinowolle","description":"Handgestrickte Ripphaube aus pflanzlich gef\u00e4rbter kbT mulesingfreier Merinowolle f\u00fcr kalte Jahreszeiten.","robots":{"index":"index","follow":"follow","max-snippet":"max-snippet:-1","max-image-preview":"max-image-preview:large","max-video-preview":"max-video-preview:-1"},"canonical":"https:\/\/darynchook.com\/product\/handgestrickte-rippenmuetze-kbt-merinowolle\/","og_locale":"uk_UA","og_type":"article","og_title":"Handgestrickte Rippenm\u00fctze, kbT Merinowolle","og_description":"Handgestrickte Ripphaube aus pflanzlich gef\u00e4rbter kbT mulesingfreier Merinowolle f\u00fcr kalte Jahreszeiten.","og_url":"https:\/\/darynchook.com\/product\/handgestrickte-rippenmuetze-kbt-merinowolle\/","og_site_name":"DARYN CHOOK | Made in Vienna","article_publisher":"https:\/\/www.facebook.com\/darynchook","article_modified_time":"2023-11-23T18:53:17+00:00","og_image":[{"width":590,"height":885,"url":"https:\/\/darynchook.com\/wordpress\/wp-content\/uploads\/2021\/10\/DARYNCHOOK-UNIFROM-001U1002-hat-unisex-chilired2.jpg","type":"image\/jpeg"}],"twitter_card":"summary_large_image","schema":{"@context":"https:\/\/schema.org","@graph":[{"@type":"WebPage","@id":"https:\/\/darynchook.com\/product\/handgestrickte-rippenmuetze-kbt-merinowolle\/","url":"https:\/\/darynchook.com\/product\/handgestrickte-rippenmuetze-kbt-merinowolle\/","name":"Handgestrickte Rippenm\u00fctze, kbT Merinowolle","isPartOf":{"@id":"https:\/\/darynchook.com\/#website"},"datePublished":"2021-10-10T23:53:23+00:00","dateModified":"2023-11-23T18:53:17+00:00","description":"Handgestrickte Ripphaube aus pflanzlich gef\u00e4rbter kbT mulesingfreier Merinowolle f\u00fcr kalte Jahreszeiten.","breadcrumb":{"@id":"https:\/\/darynchook.com\/product\/handgestrickte-rippenmuetze-kbt-merinowolle\/#breadcrumb"},"inLanguage":"uk","potentialAction":[{"@type":"ReadAction","target":["https:\/\/darynchook.com\/product\/handgestrickte-rippenmuetze-kbt-merinowolle\/"]}]},{"@type":"BreadcrumbList","@id":"https:\/\/darynchook.com\/product\/handgestrickte-rippenmuetze-kbt-merinowolle\/#breadcrumb","itemListElement":[{"@type":"ListItem","position":1,"name":"Home","item":"https:\/\/darynchook.com\/"},{"@type":"ListItem","position":2,"name":"Shop","item":"https:\/\/darynchook.com\/?page_id=6"},{"@type":"ListItem","position":3,"name":"Handgestrickte Rippenm\u00fctze, kbT Merinowolle"}]},{"@type":"WebSite","@id":"https:\/\/darynchook.com\/#website","url":"https:\/\/darynchook.com\/","name":"DARYN CHOOK | Made in Vienna","description":"DARYN CHOOK ist ein entschleunigtes, nachhaltiges und radikal transparentes Studio f\u00fcr Mode.","publisher":{"@id":"https:\/\/darynchook.com\/#organization"},"potentialAction":[{"@type":"SearchAction","target":{"@type":"EntryPoint","urlTemplate":"https:\/\/darynchook.com\/?s={search_term_string}"},"query-input":"required name=search_term_string"}],"inLanguage":"uk"},{"@type":"Organization","@id":"https:\/\/darynchook.com\/#organization","name":"DARYN CHOOK","url":"https:\/\/darynchook.com\/","logo":{"@type":"ImageObject","inLanguage":"uk","@id":"https:\/\/darynchook.com\/#\/schema\/logo\/image\/","url":"https:\/\/dev.darynchook.com\/wordpress\/wp-content\/uploads\/2021\/10\/DARYN-CHOOK-logo.png","contentUrl":"https:\/\/dev.darynchook.com\/wordpress\/wp-content\/uploads\/2021\/10\/DARYN-CHOOK-logo.png","width":686,"height":171,"caption":"DARYN CHOOK"},"image":{"@id":"https:\/\/darynchook.com\/#\/schema\/logo\/image\/"},"sameAs":["https:\/\/www.facebook.com\/darynchook","https:\/\/www.instagram.com\/darynchook\/"]}]}},"_links":{"self":[{"href":"https:\/\/dev.darynchook.com\/ua\/wp-json\/wp\/v3\/product\/5370"}],"collection":[{"href":"https:\/\/dev.darynchook.com\/ua\/wp-json\/wp\/v3\/product"}],"about":[{"href":"https:\/\/dev.darynchook.com\/ua\/wp-json\/wp\/v2\/types\/product"}],"version-history":[{"count":3,"href":"https:\/\/dev.darynchook.com\/ua\/wp-json\/wp\/v3\/product\/5370\/revisions"}],"predecessor-version":[{"id":14235,"href":"https:\/\/dev.darynchook.com\/ua\/wp-json\/wp\/v3\/product\/5370\/revisions\/14235"}],"wp:featuredmedia":[{"embeddable":true,"href":"https:\/\/dev.darynchook.com\/ua\/wp-json\/wp\/v2\/media\/5558"}],"wp:attachment":[{"href":"https:\/\/dev.darynchook.com\/ua\/wp-json\/wp\/v2\/media?parent=5370"}],"wp:term":[{"taxonomy":"product_cat","embeddable":true,"href":"https:\/\/dev.darynchook.com\/ua\/wp-json\/wp\/v2\/product_cat?post=5370"},{"taxonomy":"product_tag","embeddable":true,"href":"https:\/\/dev.darynchook.com\/ua\/wp-json\/wp\/v2\/product_tag?post=5370"}],"curies":[{"name":"wp","href":"https:\/\/api.w.org\/{rel}","templated":true}]}}